{"id":1398,"date":"2021-10-18T08:48:26","date_gmt":"2021-10-18T08:48:26","guid":{"rendered":"https:\/\/etnyre.com\/distribuidores-de-asfalto\/"},"modified":"2025-02-25T07:18:52","modified_gmt":"2025-02-25T07:18:52","slug":"distribuidores-de-asfalto","status":"publish","type":"page","link":"https:\/\/etnyre.com\/es\/distribuidores-de-asfalto\/","title":{"rendered":"Distribuidores de asfalto"},"content":{"rendered":"<div class=\"about_right\">\n<iframe loading=\"lazy\" title=\"Reproductor de v\u00eddeo de YouTube\" src=\"https:\/\/www.youtube.com\/embed\/RH9u-KsGEvQ?autoplay=1&amp;loop=1&amp;rel=0&amp;mute=1&amp;playlist=RH9u-KsGEvQ\" width=\"560\" height=\"315\" frameborder=\"0\" allowfullscreen=\"allowfullscreen\"><\/iframe>\n<\/div>\n<h3>Transporte y pulverizaci\u00f3n de asfalto de forma segura con los distribuidores de asfalto Etnyre<\/h3>\n<p>Los distribuidores de asfalto son una parte esencial de la pavimentaci\u00f3n de carreteras para los equipos de mantenimiento de carreteras. Los distribuidores de asfalto est\u00e1n dise\u00f1ados de forma exclusiva para rociar cuidadosamente entre 1.000 y 4.500 galones de asfalto l\u00edquido sobre cualquier superficie de carretera o terreno. A menudo encontrar\u00e1 contratistas que utilizan distribuidores de asfalto cuando gestionan el sellado, el sellado de virutas, la pulverizaci\u00f3n de emulsiones y otras aplicaciones diversas. Y con los distribuidores de asfalto Black-Topper\u00ae de Etnyre, puede asegurarse de que est\u00e1 obteniendo el mejor equipo de pavimentaci\u00f3n de carreteras disponible.<\/p>\n<h3>\u00bfPor qu\u00e9 elegir el asfalto?<\/h3>\n<p>El asfalto es la opci\u00f3n m\u00e1s clara para la mayor\u00eda de los contratistas cuando se trata de reparar o mantener las carreteras. El asfalto es un material incre\u00edblemente vers\u00e1til con una calidad y longevidad excepcionales. Algunas de las mejores caracter\u00edsticas del asfalto son:<\/p>\n<ul>\n<li><strong>R\u00e1pido y f\u00e1cil<\/strong> &#8211; Con la ayuda de distribuidores de asfalto y otros equipos de carretera, el asfalto puede aplicarse r\u00e1pidamente a cualquier superficie. Adem\u00e1s, el asfalto se seca r\u00e1pidamente, por lo que los cierres de carreteras durante o despu\u00e9s de la aplicaci\u00f3n del asfalto son m\u00ednimos.<\/li>\n<li><strong>Reciclable<\/strong> &#8211; El asfalto es un material f\u00e1cilmente reciclable. A menudo, la mayor\u00eda de los contratistas de superficies de carreteras pavimentan con asfalto previamente utilizado. El asfalto reciclado tambi\u00e9n reduce el coste de la producci\u00f3n de asfalto.<\/li>\n<li><strong>Seguridad<\/strong> &#8211; El pavimento de asfalto ofrece una gran resistencia al deslizamiento para los conductores. Esa resistencia al deslizamiento puede ir m\u00e1s all\u00e1 cuando se utiliza el asfalto junto con el proceso est\u00e1ndar de pavimentaci\u00f3n con chip. El pavimento de asfalto tambi\u00e9n permite una mejor visibilidad de las marcas viales en casi cualquier condici\u00f3n meteorol\u00f3gica.<\/li>\n<li><strong>Longevidad<\/strong> &#8211; El asfalto es un material duradero y resistente. Si se aplican correctamente, las superficies de asfalto pueden soportar la mayor parte del tr\u00e1fico pesado, las temperaturas extremas, las inclemencias del tiempo y los vertidos qu\u00edmicos. Con un mantenimiento peri\u00f3dico, las calzadas y los solares de asfalto pueden durar toda la vida.<\/li>\n<\/ul>\n<h3>Distribuidores de asfalto Black-Topper<\/h3>\n<p>Si busca equipos de mantenimiento de carreteras de alta calidad y fabricados a medida, los contratistas de todo Estados Unidos conf\u00edan en Etnyre. Y con nuestros distribuidores de asfalto Black-Topper\u00ae, establecemos el list\u00f3n de la precisi\u00f3n y la calidad de la aplicaci\u00f3n del asfalto. El dise\u00f1o aerodin\u00e1mico de nuestras unidades minimiza el mantenimiento a la vez que mejora el rendimiento y la productividad. Como todos los equipos de Etnyre, construimos cada unidad por encargo, para que usted obtenga las caracter\u00edsticas y el rendimiento que necesita para tener \u00e9xito. Algunas de las mejores caracter\u00edsticas del Black-Topper\u00ae son:<\/p>\n<ul>\n<li>Operaci\u00f3n de una persona con controles desde la cabina del cami\u00f3n o cerca de la parte trasera del distribuidor<\/li>\n<li>Controles electr\u00f3nicos de velocidad de la bomba de asfalto para un control m\u00e1s preciso<\/li>\n<li>Tama\u00f1os de tanques personalizados, con opciones de capacidad entre 1.000 y 4.500 galones<\/li>\n<li>Barra de pulverizaci\u00f3n de 12 pies de circulaci\u00f3n completa con alas plegables de cambio el\u00e9ctrico-hidr\u00e1ulico<\/li>\n<li>Flujo de asfalto equilibrado y de doble alimentaci\u00f3n para una aplicaci\u00f3n uniforme en toda la barra<\/li>\n<li>Cumple todas las normativas federales sobre productos calientes<\/li>\n<\/ul>\n<div class=\"about_left\">\n\t\t\t\t\t\t<img decoding=\"async\" src=\"https:\/\/etnyre.com\/wp-content\/uploads\/2023\/05\/S9129-500x350.png\" alt=\"Distribuidores de asfalto\" title=\"\">\n\t\t\t\t\t<\/div>\n<h3>Contacta con nosotros<\/h3>\n<p>A la hora de seleccionar el mejor equipo para la aplicaci\u00f3n de asfalto y el mantenimiento general de las carreteras, asegure los m\u00e1s altos niveles de simplicidad y precisi\u00f3n con los distribuidores de asfalto Black-Topper\u00ae de Etnyre. Para obtener m\u00e1s informaci\u00f3n sobre nuestros distribuidores de asfalto u otros equipos de pavimentaci\u00f3n de carreteras, p\u00f3ngase en contacto con Etnyre hoy en <a href=\"tel:8157322116\">815-732-2116<\/a>. Adem\u00e1s, estamos ubicados en 1333 South Daysville Rd, Oregon, IL 61061. Etnyre tiene su sede en Illinois y atiende a clientes de todo Estados Unidos.<\/p>\n","protected":false},"excerpt":{"rendered":"<p>Transporte y pulverizaci\u00f3n de asfalto de forma segura con los distribuidores de asfalto Etnyre Los distribuidores de asfalto son una parte esencial de la pavimentaci\u00f3n de carreteras para los equipos de mantenimiento de carreteras. Los distribuidores de asfalto est\u00e1n dise\u00f1ados de forma exclusiva para rociar cuidadosamente entre 1.000 y 4.500 galones de asfalto l\u00edquido sobre &hellip; <a href=\"https:\/\/etnyre.com\/es\/distribuidores-de-asfalto\/\" class=\"more-link\">Continue reading <span class=\"screen-reader-text\">Distribuidores de asfalto<\/span><\/a><\/p>\n","protected":false},"author":1,"featured_media":0,"parent":0,"menu_order":0,"comment_status":"closed","ping_status":"closed","template":"template\/product-sub-page.php","meta":{"_acf_changed":false,"footnotes":""},"class_list":["post-1398","page","type-page","status-publish","hentry"],"acf":[],"_links":{"self":[{"href":"https:\/\/etnyre.com\/es\/wp-json\/wp\/v2\/pages\/1398","targetHints":{"allow":["GET"]}}],"collection":[{"href":"https:\/\/etnyre.com\/es\/wp-json\/wp\/v2\/pages"}],"about":[{"href":"https:\/\/etnyre.com\/es\/wp-json\/wp\/v2\/types\/page"}],"author":[{"embeddable":true,"href":"https:\/\/etnyre.com\/es\/wp-json\/wp\/v2\/users\/1"}],"replies":[{"embeddable":true,"href":"https:\/\/etnyre.com\/es\/wp-json\/wp\/v2\/comments?post=1398"}],"version-history":[{"count":8,"href":"https:\/\/etnyre.com\/es\/wp-json\/wp\/v2\/pages\/1398\/revisions"}],"predecessor-version":[{"id":12174,"href":"https:\/\/etnyre.com\/es\/wp-json\/wp\/v2\/pages\/1398\/revisions\/12174"}],"wp:attachment":[{"href":"https:\/\/etnyre.com\/es\/wp-json\/wp\/v2\/media?parent=1398"}],"curies":[{"name":"wp","href":"https:\/\/api.w.org\/{rel}","templated":true}]}}