{"id":1400,"date":"2021-10-18T08:48:26","date_gmt":"2021-10-18T08:48:26","guid":{"rendered":"https:\/\/etnyre.com\/jeeps-dollies\/"},"modified":"2025-07-22T19:38:14","modified_gmt":"2025-07-22T19:38:14","slug":"jeeps-dollies","status":"publish","type":"page","link":"https:\/\/etnyre.com\/es\/jeeps-dollies\/","title":{"rendered":"carros de jeep"},"content":{"rendered":"<p>Remolque una variedad de equipos comerciales y de construcci\u00f3n con facilidad con la serie de plataformas rodantes para jeep de Etnyre. Nuestras plataformas rodantes para jeeps tienen una capacidad de 60 toneladas o m\u00e1s y rinden bien incluso en los entornos de trabajo m\u00e1s agresivos. Compatibilidad excepcional con otros remolques Etnyre. Admite opciones de personalizaci\u00f3n limitadas.  <\/p>\n<h3>Contacta con nosotros<\/h3>\n<p>Utiliza un Jeep Dollie de 2, 3 o incluso 4 ejes para remolcar esas cargas pesadas. Personalizaci\u00f3n limitada. Para hablar de las opciones de los Jeep Dollies Etnyre, ponte en contacto con Etnyre hoy mismo en <a href=\"tel:8157322116\">el 815-732-2116<\/a>.   Adem\u00e1s, estamos ubicados en 1333 South Daysville Rd, Oregon, IL 61061. Etnyre tiene su sede en Illinois y atiende a clientes de todo Estados Unidos.<\/p>\n","protected":false},"excerpt":{"rendered":"<p>Remolque una variedad de equipos comerciales y de construcci\u00f3n con facilidad con la serie de plataformas rodantes para jeep de Etnyre. Nuestras plataformas rodantes para jeeps tienen una capacidad de 60 toneladas o m\u00e1s y rinden bien incluso en los entornos de trabajo m\u00e1s agresivos. Compatibilidad excepcional con otros remolques Etnyre. Admite opciones de personalizaci\u00f3n &hellip; <a href=\"https:\/\/etnyre.com\/es\/jeeps-dollies\/\" class=\"more-link\">Continue reading <span class=\"screen-reader-text\">carros de jeep<\/span><\/a><\/p>\n","protected":false},"author":1,"featured_media":1031,"parent":0,"menu_order":0,"comment_status":"closed","ping_status":"closed","template":"template\/product-sub-page.php","meta":{"_acf_changed":false,"footnotes":""},"class_list":["post-1400","page","type-page","status-publish","has-post-thumbnail","hentry"],"acf":[],"_links":{"self":[{"href":"https:\/\/etnyre.com\/es\/wp-json\/wp\/v2\/pages\/1400","targetHints":{"allow":["GET"]}}],"collection":[{"href":"https:\/\/etnyre.com\/es\/wp-json\/wp\/v2\/pages"}],"about":[{"href":"https:\/\/etnyre.com\/es\/wp-json\/wp\/v2\/types\/page"}],"author":[{"embeddable":true,"href":"https:\/\/etnyre.com\/es\/wp-json\/wp\/v2\/users\/1"}],"replies":[{"embeddable":true,"href":"https:\/\/etnyre.com\/es\/wp-json\/wp\/v2\/comments?post=1400"}],"version-history":[{"count":4,"href":"https:\/\/etnyre.com\/es\/wp-json\/wp\/v2\/pages\/1400\/revisions"}],"predecessor-version":[{"id":14455,"href":"https:\/\/etnyre.com\/es\/wp-json\/wp\/v2\/pages\/1400\/revisions\/14455"}],"wp:featuredmedia":[{"embeddable":true,"href":"https:\/\/etnyre.com\/es\/wp-json\/wp\/v2\/media\/1031"}],"wp:attachment":[{"href":"https:\/\/etnyre.com\/es\/wp-json\/wp\/v2\/media?parent=1400"}],"curies":[{"name":"wp","href":"https:\/\/api.w.org\/{rel}","templated":true}]}}