{"id":1402,"date":"2021-10-18T08:48:26","date_gmt":"2021-10-18T08:48:26","guid":{"rendered":"https:\/\/etnyre.com\/fondos-en-vivo\/"},"modified":"2025-09-16T16:14:48","modified_gmt":"2025-09-16T16:14:48","slug":"fondos-en-vivo","status":"publish","type":"page","link":"https:\/\/etnyre.com\/es\/fondos-en-vivo\/","title":{"rendered":"Remolques inferiores vivos"},"content":{"rendered":"<div class=\"about_right\"><img loading=\"lazy\" decoding=\"async\" class=\"alignnone\" src=\"https:\/\/etnyre.com\/wp-content\/uploads\/2024\/07\/ENTYRE-INFOGRAPHICLIVE_BOTTOM-240627-V1.0.png\" alt=\"Una infograf\u00eda sobre las ventajas de utilizar remolques Falcon de fondo vivo, uno de los mejores productos de Etnyre para remolques. Desde una construcci\u00f3n duradera hasta la reducci\u00f3n de los costes de mano de obra, los remolques de fondo vivo ofrecen incre\u00edbles ventajas a los contratistas de asfalto de Illinois, Arizona, Tennessee, Texas y de todo Estados Unidos.\" width=\"500\" height=\"1502\" title=\"\"><\/div>\n<h3>Transporta f\u00e1cilmente el material con los remolques de fondo vivo Etnyre<\/h3>\n<p><a href=\"https:\/\/etnyre.com\/es\/remolques-de-fondo-vivo-frente-a-volquetes\/\">Olv\u00eddate de los volquetes<\/a>: \u00a1hay un transporte de materiales m\u00e1s f\u00e1cil en la ciudad! Desde su creaci\u00f3n, los remolques de fondo vivo se han convertido en una opci\u00f3n popular para contratistas, agricultores y empresas que buscan transportar grandes cargas de materias primas. Aunque los camiones volquetes siguen siendo eficaces para resolver esta tarea, los remolques de fondo vivo tienen ventajas \u00fanicas que el cami\u00f3n medio no puede superar. Y cuando se trata de ofrecer remolques de fondo vivo <a href=\"https:\/\/etnyre.com\/es\/remolques-de-fondo-vivo-mejor-valorados\/\">de alta calidad para cualquier contratista o empresa<\/a>, Etnyre cuenta con nuestros remolques de fondo vivo Falcon\u00ae.<\/p>\n<h3>Las ventajas de los remolques de fondo vivo<\/h3>\n<p>Durante a\u00f1os, los camiones basculantes han sido el est\u00e1ndar de la industria para transportar y descargar grandes cantidades de materias primas. Sin embargo, en los \u00faltimos a\u00f1os ha aumentado la popularidad de <a href=\"https:\/\/etnyre.com\/es\/los-mejores-remolques-de-fondo-vivo-illinois\/\">los remolques de fondo vivo<\/a>, \u00a1y no es dif\u00edcil imaginar por qu\u00e9! Los remolques de fondo vivo ofrecen numerosas ventajas \u00fanicas que otros camiones no pueden ofrecer. Consulta nuestra infograf\u00eda para conocer algunas de las principales ventajas de utilizar remolques de fondo vivo, entre ellas:<\/p>\n<ul>\n<li><strong>No hay vuelco del remolque<\/strong> &#8211; Debido a la colocaci\u00f3n de la caja de descarga de un cami\u00f3n, su centro de gravedad es mucho m\u00e1s alto que el de un cami\u00f3n est\u00e1ndar. Lamentablemente, este centro de gravedad m\u00e1s alto aumenta el riesgo de posibles accidentes por vuelco al descargar. Por el contrario, los remolques de fondo vivo mantienen su centro de gravedad bajo, eliminando la causa de la mayor\u00eda de los accidentes por vuelco.<\/li>\n<li><strong>Vaciados limpios<\/strong> &#8211; Cuando la contaminaci\u00f3n cruzada de materiales puede llegar a ser problem\u00e1tica, los camiones de volteo no proporcionan una descarga suficientemente eficaz. Dependiendo de lo que lleve su cami\u00f3n, su caja de descarga debe limpiarse a fondo entre cada carga. Sin embargo, los remolques de fondo vivo no tienen ese problema. Los fondos vivos se descargan de forma suave y controlada, lo que facilita la limpieza.<\/li>\n<li><strong>Descarga precisa<\/strong> &#8211; Los volquetes vac\u00edan sus cajas de descarga levantando la parte trasera del cami\u00f3n y permitiendo que su contenido se deslice hacia fuera. Sin embargo, este m\u00e9todo de descarga puede resultar inseguro e impreciso. En cambio, los remolques de fondo vivo descargan utilizando cintas transportadoras para sacar los materiales por la parte trasera. Esto permite un mayor control de los materiales que se descargan.<\/li>\n<\/ul>\n<h3>Remolques y camiones Falcon\u00ae con fondo m\u00f3vil<\/h3>\n<p>La nueva generaci\u00f3n de remolques y camiones <sup>Falcon\u00ae <\/sup>Live Bottom de Etnyre son algunas de las unidades m\u00e1s r\u00e1pidas y ligeras del sector. Nuestro confiable sistema de transporte descarga el material en la parte trasera del remolque sin levantar la caja para volcar, evitando el riesgo de peligros por encima de la cabeza. Un sistema tan excelente que no s\u00f3lo lo ofrecemos para remolques, sino tambi\u00e9n para opciones montadas en camiones. Tanto si transporta mezclas bituminosas en caliente, grava, materiales reciclados o arena, dispondr\u00e1 de las velocidades \u00f3ptimas de carga y descarga, todo ello con un solo remolque o un solo cami\u00f3n. Algunas de las mejores caracter\u00edsticas de nuestro fondo vivo son:<\/p>\n<div class=\"about_right\"><\/div>\n<ul>\n<li>El fiable sistema de transporte patentado minimiza el mantenimiento y el tiempo de inactividad para ahorrar dinero<\/li>\n<li>La cinta de 106 cm (42 pulgadas) de ancho elimina los listones y minimiza los puentes de material<\/li>\n<li>Entre los m\u00e1s ligeros del sector para un consumo m\u00ednimo de combustible y una mayor carga \u00fatil<\/li>\n<li>Variedad de puertas traseras, incluidas las dobles, de hormig\u00f3n, de gran elevaci\u00f3n y abatibles de gran elevaci\u00f3n, para proporcionar una descarga eficaz para cualquier material y aplicaci\u00f3n<\/li>\n<li>Las paredes laterales empinadas evitan la formaci\u00f3n de puentes y descargan f\u00e1cilmente una amplia gama de materiales, como mezclas bituminosas en caliente, \u00e1ridos peque\u00f1os y grandes, arena, grava, materiales de reciclaje y hormig\u00f3n de bajo asentamiento<\/li>\n<li>Media revoluci\u00f3n de la cinta descarga el material de forma r\u00e1pida y eficaz<\/li>\n<li>Opci\u00f3n de cama montada en cualquier chasis de cami\u00f3n del cliente, \u00a1sin remolque!<\/li>\n<\/ul>\n","protected":false},"excerpt":{"rendered":"<p>Transporta f\u00e1cilmente el material con los remolques de fondo vivo Etnyre Olv\u00eddate de los volquetes: \u00a1hay un transporte de materiales m\u00e1s f\u00e1cil en la ciudad! Desde su creaci\u00f3n, los remolques de fondo vivo se han convertido en una opci\u00f3n popular para contratistas, agricultores y empresas que buscan transportar grandes cargas de materias primas. Aunque los &hellip; <a href=\"https:\/\/etnyre.com\/es\/fondos-en-vivo\/\" class=\"more-link\">Continue reading <span class=\"screen-reader-text\">Remolques inferiores vivos<\/span><\/a><\/p>\n","protected":false},"author":1,"featured_media":0,"parent":0,"menu_order":0,"comment_status":"closed","ping_status":"closed","template":"template\/product-sub-page.php","meta":{"_acf_changed":false,"footnotes":""},"class_list":["post-1402","page","type-page","status-publish","hentry"],"acf":[],"_links":{"self":[{"href":"https:\/\/etnyre.com\/es\/wp-json\/wp\/v2\/pages\/1402","targetHints":{"allow":["GET"]}}],"collection":[{"href":"https:\/\/etnyre.com\/es\/wp-json\/wp\/v2\/pages"}],"about":[{"href":"https:\/\/etnyre.com\/es\/wp-json\/wp\/v2\/types\/page"}],"author":[{"embeddable":true,"href":"https:\/\/etnyre.com\/es\/wp-json\/wp\/v2\/users\/1"}],"replies":[{"embeddable":true,"href":"https:\/\/etnyre.com\/es\/wp-json\/wp\/v2\/comments?post=1402"}],"version-history":[{"count":10,"href":"https:\/\/etnyre.com\/es\/wp-json\/wp\/v2\/pages\/1402\/revisions"}],"predecessor-version":[{"id":13201,"href":"https:\/\/etnyre.com\/es\/wp-json\/wp\/v2\/pages\/1402\/revisions\/13201"}],"wp:attachment":[{"href":"https:\/\/etnyre.com\/es\/wp-json\/wp\/v2\/media?parent=1402"}],"curies":[{"name":"wp","href":"https:\/\/api.w.org\/{rel}","templated":true}]}}