{"id":1408,"date":"2021-10-18T08:48:27","date_gmt":"2021-10-18T08:48:27","guid":{"rendered":"https:\/\/etnyre.com\/selladores-de-grietas\/"},"modified":"2022-08-12T10:32:33","modified_gmt":"2022-08-12T10:32:33","slug":"selladores-de-grietas","status":"publish","type":"page","link":"https:\/\/etnyre.com\/es\/selladores-de-grietas\/","title":{"rendered":"Selladores de grietas"},"content":{"rendered":"<h3>Mantenga sus carreteras con los selladores de grietas Etnyre<\/h3>\n<p>Mantenerse al d\u00eda con el mantenimiento y la reparaci\u00f3n de las carreteras puede ser un reto para los contratistas de todo el pa\u00eds. Tras varios a\u00f1os de uso, ya sea en una carretera secundaria o en una autopista, es probable que aparezcan grietas en el asfalto. Si no se controlan, estas grietas pueden dar lugar a reparaciones m\u00e1s graves. Afortunadamente, con equipos como las selladoras de grietas, las cuadrillas de mantenimiento de carreteras pueden satisfacer f\u00e1cilmente las demandas de reparaci\u00f3n de las carreteras locales. Y si busca los mejores selladores de grietas y equipos de mantenimiento de carreteras disponibles, no busque m\u00e1s que Etnyre.<\/p>\n<h3>Por qu\u00e9 es esencial la reparaci\u00f3n de grietas<\/h3>\n<p>Como se ha mencionado anteriormente, las grietas en el pavimento pueden conducir a problemas de carretera potencialmente peores. Por lo tanto, es crucial estar al tanto del mantenimiento y la reparaci\u00f3n de las carreteras con los selladores de grietas Etnyre. Estas son algunas de las principales razones por las que la reparaci\u00f3n y el sellado de grietas son esenciales:<\/p>\n<ul>\n<li><strong>Hace que las carreteras sean m\u00e1s seguras<\/strong> &#8211; A medida que se van formando grietas en el pavimento, pueden desprenderse trozos de asfalto, lo que provoca baches y el deterioro general de la carretera. Tener calzadas con asfalto suelto y baches es antiest\u00e9tico y puede ser peligroso para caminar y conducir. Sin embargo, con un sellado eficaz de grietas realizado a medida que \u00e9stas aparecen, puede mantener su pavimento en una sola pieza, evitando as\u00ed los problemas de deterioro.<\/li>\n<li><strong>Ampl\u00eda la vida \u00fatil de su carretera<\/strong> &#8211; Aunque la mayor\u00eda de los pavimentos y asfaltos tienen una vida \u00fatil impresionante, el tr\u00e1fico intenso, el clima, los productos qu\u00edmicos y las temperaturas extremas siguen pasando factura a las carreteras. Incluso con los materiales de carretera m\u00e1s duraderos, las autopistas y los aparcamientos pueden caer en saco roto. Si se deja que se infecte, acabar\u00e1 sustituyendo el pavimento mucho antes de lo que imagina. Pero si los contratistas est\u00e1n al tanto del mantenimiento de las carreteras con equipos como los selladores de grietas, la vida \u00fatil del pavimento puede prolongarse mucho m\u00e1s de lo esperado.<\/li>\n<li><strong>Reduce los costes<\/strong> &#8211; El mantenimiento general de las carreteras, como la reparaci\u00f3n de grietas, no cuesta mucho en t\u00e9rminos de materiales y mano de obra. Por el contrario, la sustituci\u00f3n del asfalto deteriorado en largos tramos de carretera puede suponer un gasto considerable. Las empresas o los ayuntamientos que deseen evitar costosas sustituciones de carreteras se mantendr\u00e1n al d\u00eda con un mantenimiento de carreteras asequible. Y gracias a los selladores de grietas y otros productos de Etnyre, el mantenimiento de las carreteras es m\u00e1s f\u00e1cil.<\/li>\n<\/ul>\n<h3>Selladores de grietas Etnyre<\/h3>\n<p>Etnyre Crack Sealer es una de las m\u00e1quinas de sellado de grietas m\u00e1s eficientes disponibles en la actualidad. La velocidad de los sistemas de calentamiento y circulaci\u00f3n se traduce en menos tiempo de inactividad del personal, mayor producci\u00f3n y menor coste por turno en cada trabajo de sellado de grietas. Algunas de las mejores caracter\u00edsticas de nuestros selladores de grietas incluyen:<\/p>\n<ul class=\"col-2\">\n<li>Controles vers\u00e1tiles que permiten el funcionamiento autom\u00e1tico o manual<\/li>\n<li>Dos puertas de carga de sellantes para facilitar el acceso<\/li>\n<li>Quemador cerrado de gas\u00f3leo de alta presi\u00f3n con encendido autom\u00e1tico<\/li>\n<li>Sistema de calefacci\u00f3n de aceite caliente de circuito cerrado y con control de caudal<\/li>\n<li>Sistema ecol\u00f3gico sin descarga<\/li>\n<li>Capacidad del tanque de sellado de 250 o 400 galones<\/li>\n<\/ul>\n<h3>Ll\u00e1menos<\/h3>\n<p>La reparaci\u00f3n de grietas en el asfalto es un servicio imprescindible para cualquier contratista de asfalto o equipo de mantenimiento de carreteras. Para asegurarse de que puede satisfacer las necesidades de las empresas y los municipios de todo Estados Unidos, invierta en las siempre vers\u00e1tiles y eficaces selladoras de grietas de Etnyre. Para obtener m\u00e1s informaci\u00f3n sobre nuestros selladores de grietas o maquinaria adicional para el mantenimiento de carreteras, <a href=\"https:\/\/etnyre.com\/contact-us\/\">p\u00f3ngase en contacto con nosotros<\/a> hoy mismo en el <a href=\"tel:8157322116\">815-732-2116<\/a>. Estamos ubicados en 1333 Daysville Rd, Oregon, IL 61061. Etnyre tiene su sede en Illinois y atiende a clientes de todo Estados Unidos.<\/p>\n","protected":false},"excerpt":{"rendered":"<p>Mantenga sus carreteras con los selladores de grietas Etnyre Mantenerse al d\u00eda con el mantenimiento y la reparaci\u00f3n de las carreteras puede ser un reto para los contratistas de todo el pa\u00eds. Tras varios a\u00f1os de uso, ya sea en una carretera secundaria o en una autopista, es probable que aparezcan grietas en el asfalto. &hellip; <a href=\"https:\/\/etnyre.com\/es\/selladores-de-grietas\/\" class=\"more-link\">Continue reading <span class=\"screen-reader-text\">Selladores de grietas<\/span><\/a><\/p>\n","protected":false},"author":1,"featured_media":1346,"parent":0,"menu_order":0,"comment_status":"closed","ping_status":"closed","template":"template\/product-sub-page.php","meta":{"_acf_changed":false,"footnotes":""},"class_list":["post-1408","page","type-page","status-publish","has-post-thumbnail","hentry"],"acf":[],"_links":{"self":[{"href":"https:\/\/etnyre.com\/es\/wp-json\/wp\/v2\/pages\/1408","targetHints":{"allow":["GET"]}}],"collection":[{"href":"https:\/\/etnyre.com\/es\/wp-json\/wp\/v2\/pages"}],"about":[{"href":"https:\/\/etnyre.com\/es\/wp-json\/wp\/v2\/types\/page"}],"author":[{"embeddable":true,"href":"https:\/\/etnyre.com\/es\/wp-json\/wp\/v2\/users\/1"}],"replies":[{"embeddable":true,"href":"https:\/\/etnyre.com\/es\/wp-json\/wp\/v2\/comments?post=1408"}],"version-history":[{"count":3,"href":"https:\/\/etnyre.com\/es\/wp-json\/wp\/v2\/pages\/1408\/revisions"}],"predecessor-version":[{"id":5802,"href":"https:\/\/etnyre.com\/es\/wp-json\/wp\/v2\/pages\/1408\/revisions\/5802"}],"wp:featuredmedia":[{"embeddable":true,"href":"https:\/\/etnyre.com\/es\/wp-json\/wp\/v2\/media\/1346"}],"wp:attachment":[{"href":"https:\/\/etnyre.com\/es\/wp-json\/wp\/v2\/media?parent=1408"}],"curies":[{"name":"wp","href":"https:\/\/api.w.org\/{rel}","templated":true}]}}