{"id":1409,"date":"2021-10-18T08:48:27","date_gmt":"2021-10-18T08:48:27","guid":{"rendered":"https:\/\/etnyre.com\/remolques-lowboy\/cuello-de-cisne-desmontable-mecanico\/"},"modified":"2022-08-12T10:19:38","modified_gmt":"2022-08-12T10:19:38","slug":"cuello-de-cisne-desmontable-mecanico","status":"publish","type":"page","link":"https:\/\/etnyre.com\/es\/cuello-de-cisne-desmontable-mecanico\/","title":{"rendered":"Cuello de cisne desmontable mec\u00e1nico"},"content":{"rendered":"<p>Los remolques de cuello de cisne desmontables mec\u00e1nicos Blackhawk\u00ae de servicio pesado de Etnyre ofrecen de 25 a 55 toneladas de capacidad para el transporte seguro y confiable de equipos. Cada unidad est\u00e1 dise\u00f1ada para una durabilidad \u00f3ptima y construida a medida para adaptarse a sus aplicaciones.<\/p>\n","protected":false},"excerpt":{"rendered":"<p>Los remolques de cuello de cisne desmontables mec\u00e1nicos Blackhawk\u00ae de servicio pesado de Etnyre ofrecen de 25 a 55 toneladas de capacidad para el transporte seguro y confiable de equipos. Cada unidad est\u00e1 dise\u00f1ada para una durabilidad \u00f3ptima y construida a medida para adaptarse a sus aplicaciones.<\/p>\n","protected":false},"author":1,"featured_media":1029,"parent":0,"menu_order":0,"comment_status":"closed","ping_status":"closed","template":"template\/product-sub-page.php","meta":{"_acf_changed":false,"footnotes":""},"class_list":["post-1409","page","type-page","status-publish","has-post-thumbnail","hentry"],"acf":[],"_links":{"self":[{"href":"https:\/\/etnyre.com\/es\/wp-json\/wp\/v2\/pages\/1409","targetHints":{"allow":["GET"]}}],"collection":[{"href":"https:\/\/etnyre.com\/es\/wp-json\/wp\/v2\/pages"}],"about":[{"href":"https:\/\/etnyre.com\/es\/wp-json\/wp\/v2\/types\/page"}],"author":[{"embeddable":true,"href":"https:\/\/etnyre.com\/es\/wp-json\/wp\/v2\/users\/1"}],"replies":[{"embeddable":true,"href":"https:\/\/etnyre.com\/es\/wp-json\/wp\/v2\/comments?post=1409"}],"version-history":[{"count":1,"href":"https:\/\/etnyre.com\/es\/wp-json\/wp\/v2\/pages\/1409\/revisions"}],"predecessor-version":[{"id":1428,"href":"https:\/\/etnyre.com\/es\/wp-json\/wp\/v2\/pages\/1409\/revisions\/1428"}],"wp:featuredmedia":[{"embeddable":true,"href":"https:\/\/etnyre.com\/es\/wp-json\/wp\/v2\/media\/1029"}],"wp:attachment":[{"href":"https:\/\/etnyre.com\/es\/wp-json\/wp\/v2\/media?parent=1409"}],"curies":[{"name":"wp","href":"https:\/\/api.w.org\/{rel}","templated":true}]}}