{"id":1411,"date":"2021-10-18T08:48:27","date_gmt":"2021-10-18T08:48:27","guid":{"rendered":"https:\/\/etnyre.com\/transportes-de-asfalto\/"},"modified":"2025-05-28T06:04:58","modified_gmt":"2025-05-28T06:04:58","slug":"transportes-de-asfalto","status":"publish","type":"page","link":"https:\/\/etnyre.com\/es\/transportes-de-asfalto\/","title":{"rendered":"Transporte de asfalto"},"content":{"rendered":"<h3>Transporte asfalto l\u00edquido de forma segura con las cisternas de transporte y carga de asfalto Etnyre<\/h3>\n<p>El asfalto es un componente crucial para la reparaci\u00f3n y el mantenimiento anual de carreteras para contratistas, empresas de pavimentaci\u00f3n y obras p\u00fablicas. Y si vive en un estado con carreteras muy transitadas o climatolog\u00eda adversa, la necesidad de mantenimiento de las carreteras es acuciante. Afortunadamente, Etnyre puede suministrar a las empresas las herramientas y equipos que necesitan para transportar y aplicar asfalto a las carreteras de forma segura. Por ejemplo, Etnyre suministra cisternas de transporte y carga de asfalto seguras y fiables para quienes mueven grandes cantidades de asfalto. Vea qu\u00e9 camiones cisterna de asfalto est\u00e1n disponibles.<\/p>\n<h3>\u00bfEn qu\u00e9 se diferencian los remolques cisterna de asfalto?<\/h3>\n<p>Es probable que haya visto docenas de tipos diferentes de remolques en la carretera. Sin embargo, no todos los camiones cisterna est\u00e1n equipados para el transporte de asfalto. Se necesita un dise\u00f1o y unos componentes especializados para desplazar el asfalto por la ciudad con seguridad y \u00e9xito. Por ejemplo, los remolques cisterna para asfalto son \u00fanicos debido a:<\/p>\n<ul>\n<li><strong>Capacidad de calefacci\u00f3n &#8211; <\/strong>A diferencia de otras opciones de remolques cisterna, construimos transportes de asfalto con quemadores internos para ayudar a mantener el asfalto caliente. Adem\u00e1s, cada cami\u00f3n cisterna est\u00e1 incre\u00edblemente bien aislado y es resistente al calor, lo que garantiza que el asfalto no da\u00f1e el interior y pueda mantenerse a temperaturas adecuadas para su uso.<\/li>\n<li><strong>Gran capacidad &#8211; <\/strong>Ning\u00fan otro remolque cisterna puede transportar la cantidad de asfalto l\u00edquido que puede transportar un transporte de asfalto. Dependiendo del tama\u00f1o de la cisterna adquirida, los camiones cisterna Etnyre pueden contener entre 4.000 y 14.000 galones de asfalto caliente.<\/li>\n<li><strong>Seguridad de uso &#8211; <\/strong>Por encima de todo, los camiones cisterna para transporte de asfalto de Etnyre son seguros y f\u00e1ciles de usar. Se puede acceder f\u00e1cilmente al asfalto mediante una tapa de alcantarilla o un sistema de bombeo, con m\u00e9todos sencillos de carga y descarga. Adem\u00e1s, los controles para calentar el dep\u00f3sito son precisos y sencillos de aplicar.<\/li>\n<\/ul>\n<h3>Nuestros transportes de asfalto<\/h3>\n<p>Conf\u00ede sus necesidades de transporte de asfalto, alquitr\u00e1n de hulla, brea y aceite lubricante a Etnyre y a nuestros m\u00e1s de 70 a\u00f1os de experiencia en ingenier\u00eda de cisternas de carga por carretera. Desde una construcci\u00f3n de alta calidad hasta un funcionamiento fiable, dispondr\u00e1 de la eficacia que necesita para entregar el producto con rapidez. Nuestros tanques de asfalto y carga incluyen numerosas caracter\u00edsticas \u00fanicas, como:<\/p>\n<ul>\n<li>Cisternas de aluminio y acero construidas seg\u00fan sus necesidades espec\u00edficas de transporte para garantizar un transporte de materiales seguro y eficaz<\/li>\n<li>El exclusivo sistema de revestimiento reduce las costuras circunferenciales para una expansi\u00f3n y contracci\u00f3n adecuadas y una mayor retenci\u00f3n del calor.<\/li>\n<li>Trenes multieje, de eje extendido y personalizados para diversas aplicaciones<br \/>\nBombas opcionales para una descarga m\u00e1s r\u00e1pida<\/li>\n<li>Construcci\u00f3n de aluminio para mayor ligereza y durabilidad.<\/li>\n<li>Boca de acceso r\u00e1pido de 20 pulgadas, conforme al Departamento de Transporte de EE.UU.<\/li>\n<\/ul>\n<div class=\"about_left\"><img loading=\"lazy\" decoding=\"async\" class=\"wp-image-7426 alignnone\" src=\"https:\/\/etnyre.com\/wp-content\/uploads\/2023\/05\/02203992-300x169.jpg\" alt=\"\" width=\"400\" height=\"216\" title=\"\"><\/div>\n<h3>Contacte con nosotros hoy mismo<\/h3>\n<p>Transporte asfalto l\u00edquido de forma segura y eficaz a cualquier lugar con la ayuda de las cisternas de transporte y carga de asfalto Etnyre. Para obtener m\u00e1s informaci\u00f3n sobre nuestras opciones de personalizaci\u00f3n de camiones cisterna o maquinaria adicional de mantenimiento de carreteras, p\u00f3ngase en contacto con <a href=\"https:\/\/etnyre.com\/es\/\">Etnyre<\/a> hoy mismo en el <a href=\"tel:8157322116\">815-732-2116<\/a>. Adem\u00e1s, estamos ubicados en 1333 South Daysville Rd, Oregon, IL 61061. Etnyre tiene su sede en Illinois y atiende a clientes de todo Estados Unidos.<\/p>\n","protected":false},"excerpt":{"rendered":"<p>Transporte asfalto l\u00edquido de forma segura con las cisternas de transporte y carga de asfalto Etnyre El asfalto es un componente crucial para la reparaci\u00f3n y el mantenimiento anual de carreteras para contratistas, empresas de pavimentaci\u00f3n y obras p\u00fablicas. Y si vive en un estado con carreteras muy transitadas o climatolog\u00eda adversa, la necesidad de &hellip; <a href=\"https:\/\/etnyre.com\/es\/transportes-de-asfalto\/\" class=\"more-link\">Continue reading <span class=\"screen-reader-text\">Transporte de asfalto<\/span><\/a><\/p>\n","protected":false},"author":1,"featured_media":7431,"parent":0,"menu_order":0,"comment_status":"closed","ping_status":"closed","template":"template\/product-sub-page.php","meta":{"_acf_changed":false,"footnotes":""},"class_list":["post-1411","page","type-page","status-publish","has-post-thumbnail","hentry"],"acf":[],"_links":{"self":[{"href":"https:\/\/etnyre.com\/es\/wp-json\/wp\/v2\/pages\/1411","targetHints":{"allow":["GET"]}}],"collection":[{"href":"https:\/\/etnyre.com\/es\/wp-json\/wp\/v2\/pages"}],"about":[{"href":"https:\/\/etnyre.com\/es\/wp-json\/wp\/v2\/types\/page"}],"author":[{"embeddable":true,"href":"https:\/\/etnyre.com\/es\/wp-json\/wp\/v2\/users\/1"}],"replies":[{"embeddable":true,"href":"https:\/\/etnyre.com\/es\/wp-json\/wp\/v2\/comments?post=1411"}],"version-history":[{"count":3,"href":"https:\/\/etnyre.com\/es\/wp-json\/wp\/v2\/pages\/1411\/revisions"}],"predecessor-version":[{"id":11421,"href":"https:\/\/etnyre.com\/es\/wp-json\/wp\/v2\/pages\/1411\/revisions\/11421"}],"wp:featuredmedia":[{"embeddable":true,"href":"https:\/\/etnyre.com\/es\/wp-json\/wp\/v2\/media\/7431"}],"wp:attachment":[{"href":"https:\/\/etnyre.com\/es\/wp-json\/wp\/v2\/media?parent=1411"}],"curies":[{"name":"wp","href":"https:\/\/api.w.org\/{rel}","templated":true}]}}