{"id":14127,"date":"2025-04-18T09:17:22","date_gmt":"2025-04-18T09:17:22","guid":{"rendered":"https:\/\/etnyre.com\/equipos-de-mantenimiento-de-carreteras-iowa\/"},"modified":"2025-05-28T06:13:36","modified_gmt":"2025-05-28T06:13:36","slug":"equipos-de-mantenimiento-de-carreteras-iowa","status":"publish","type":"page","link":"https:\/\/etnyre.com\/es\/equipos-de-mantenimiento-de-carreteras-iowa\/","title":{"rendered":"Equipos de mantenimiento de carreteras Iowa"},"content":{"rendered":"<h3>Etnyre ofrece la mejor selecci\u00f3n de equipos de mantenimiento de carreteras en Iowa<\/h3>\n<p>ED Etnyre &amp; Company puede suministrar a tu empresa una amplia gama de equipos de mantenimiento de carreteras fabricados a medida en Iowa. Dise\u00f1amos m\u00e1quinas respaldadas por un compromiso de calidad y una profunda implicaci\u00f3n con el cliente. Adem\u00e1s, ofrecemos una gama completa de caracter\u00edsticas opcionales para garantizar que recibas una soluci\u00f3n que cumpla exactamente tus especificaciones y expectativas. Y lo que es m\u00e1s importante, te proporcionamos soluciones tambi\u00e9n despu\u00e9s de la venta, con protecci\u00f3n de <a href=\"https:\/\/etnyre.com\/wp-content\/uploads\/2024\/02\/2024-Etnyre-Intl-Warranty-Policy.pdf\">garant\u00eda<\/a>, <a href=\"https:\/\/etnyre.com\/es\/capacitacion\/\">formaci\u00f3n sobre equipos<\/a> y un <a href=\"https:\/\/store.etnyre.com\/ecommerce\/default.aspx?appname=Store&amp;tabname=Login&amp;RequestTab=Products\">departamento de servicio con piezas de repuesto<\/a>. Por tanto, debes contar con nosotros cuando necesites comprar o alquilar cualquiera de los siguientes equipos:    <\/p>\n<ul class=\"col-3\">\n<li><a href=\"https:\/\/etnyre.com\/live-bottom-trailers\/\">Remolques inferiores vivos<\/a><\/li>\n<li><a href=\"https:\/\/etnyre.com\/lowboy-trailers\/\">Remolques Lowboy<\/a><\/li>\n<li><a href=\"https:\/\/etnyre.com\/es\/transportes-de-asfalto\/\">Cisternas de transporte de asfalto<\/a><\/li>\n<li><a href=\"https:\/\/etnyre.com\/es\/tanques-de-almacenamiento\/\">Tanques de almacenamiento<\/a><\/li>\n<li><a href=\"https:\/\/etnyre.com\/es\/selladores-de-grietas\/\">Selladores de grietas asf\u00e1lticas<\/a><\/li>\n<li><a href=\"https:\/\/etnyre.com\/es\/selladoras-de-lodos\/\">Selladoras de lodos<\/a><\/li>\n<li><a href=\"https:\/\/etnyre.com\/es\/cisternas-y-camiones-cisterna\/\">Cisternas de asfalto<\/a><\/li>\n<li><a href=\"https:\/\/etnyre.com\/es\/caja-de-escobas-scrub-seal\/\">Cajas para escobas Scrub Seal<\/a><\/li>\n<li><a href=\"https:\/\/etnyre.com\/es\/distribuidores-de-asfalto\/\">Distribuidores de asfalto<\/a><\/li>\n<li><a href=\"https:\/\/etnyre.com\/es\/concesionarios-de-mantenimiento\/\">Distribuidores de mantenimiento<\/a><\/li>\n<li><a href=\"https:\/\/etnyre.com\/es\/cisternas-y-camiones-cisterna\/\">Cisternas de asfalto<\/a><\/li>\n<li><a href=\"https:\/\/etnyre.com\/es\/equipos-de-sellado\/\">Equipos de sellado<\/a><\/li>\n<\/ul>\n<p>Tanto si est\u00e1s manteniendo una carretera en Des Moines como una calzada en Davenport, Etnyre puede proporcionar a tu empresa contratista de asfalto el mejor equipo para el trabajo. <a href=\"https:\/\/etnyre.com\/es\/contactenos\/\">Ponte en contacto con Etnyre<\/a> para informarte sobre las opciones disponibles o solicitar un presupuesto gratuito sobre nuestros equipos de mantenimiento de carreteras en Iowa.<\/p>\n<h3>\u00bfBuscas un Equipo de Sellado de Grietas de Asfalto?<\/h3>\n<p>Etnyre ofrece algunos de los equipos de mantenimiento de carreteras <a href=\"https:\/\/etnyre.com\/es\/selladores-de-grietas-iowa\/\">con sellador de grietas<\/a> m\u00e1s eficaces de Iowa. Nuestras m\u00e1quinas pueden reducir el tiempo de inactividad, disminuir los costes y aumentar la productividad en los proyectos de sellado de grietas, gracias a la velocidad de nuestros innovadores sistemas de calefacci\u00f3n y circulaci\u00f3n. Algunas de las caracter\u00edsticas m\u00e1s atractivas de nuestras selladoras de grietas de asfalto son:  <\/p>\n<ul>\n<li>La versatilidad de manejar la m\u00e1quina en modo manual o autom\u00e1tico.<\/li>\n<li>F\u00e1cil acceso para los materiales con 2 puertas de carga selladas.<\/li>\n<li>Puedes elegir entre m\u00e1quinas con dep\u00f3sitos de 250 \u00f3 400 galones de capacidad.<\/li>\n<li>Un sistema sin cisternas y respetuoso con el medio ambiente.<\/li>\n<li>Quemador de gas\u00f3leo cerrado de alta presi\u00f3n con encendido autom\u00e1tico.<\/li>\n<li>Un sistema de calefacci\u00f3n de circuito cerrado y caudal controlado para aceite caliente.<\/li>\n<\/ul>\n<h3>\u00bfBuscas camiones distribuidores de asfalto?<\/h3>\n<p>Nuestra l\u00ednea de <a href=\"https:\/\/etnyre.com\/wp-content\/uploads\/2023\/05\/A-142-22R1.pdf\">distribuidores de asfalto Black-Topper<\/a> establece la norma del sector en cuanto a calidad y precisi\u00f3n de la aplicaci\u00f3n de asfalto. Dise\u00f1amos las m\u00e1quinas con un dise\u00f1o aerodin\u00e1mico que minimiza el mantenimiento necesario de la m\u00e1quina a la vez que ofrece un rendimiento y una producci\u00f3n m\u00e1ximos. Fabricamos cada m\u00e1quina bajo pedido, proporcion\u00e1ndote una adaptaci\u00f3n exacta a tus necesidades. Cuando busques equipos de mantenimiento de carreteras en Iowa, elige Etnyre para <a href=\"https:\/\/etnyre.com\/es\/distribuidores-de-asfalto-iowa\/\">distribuidores de asfalto<\/a> con las siguientes ventajas:   <\/p>\n<ul>\n<li>Mandos que permiten a un solo operador manejar la m\u00e1quina desde la cabina del cami\u00f3n o en la parte trasera del cami\u00f3n distribuidor.<\/li>\n<li>Control preciso de los materiales con controles electr\u00f3nicos de velocidad de la bomba de asfalto.<\/li>\n<li>Tama\u00f1os de dep\u00f3sito personalizados, con opciones de capacidad de 1.000 \u00f3 4.500 galones<\/li>\n<li>Una barra de pulverizaci\u00f3n completa y circulante de 12 pies con alas plegables y cambio electrohidr\u00e1ulico<\/li>\n<li>Capacidad de aplicaci\u00f3n uniforme con un flujo de asfalto equilibrado de doble alimentaci\u00f3n en toda la barra.<\/li>\n<li>Modelos de m\u00e1quinas seguras que cumplen todas las normativas federales sobre productos calientes.<\/li>\n<\/ul>\n<h3>\u00bfEst\u00e1s buscando equipos de mantenimiento de carreteras Sealcoat en Iowa?<\/h3>\n<p>Tambi\u00e9n vendemos o alquilamos una l\u00ednea completa de equipos de mantenimiento de carreteras <a href=\"https:\/\/etnyre.com\/es\/sealcoat-camiones-illinois\/\">sealcoat<\/a>. Nuestros equipos de sellado ofrecen una de las mejores calidades y versatilidad del sector. Adem\u00e1s, dise\u00f1amos diferentes opciones que te permiten encontrar la que mejor se adapta al tama\u00f1o del proyecto de impermeabilizaci\u00f3n en el que est\u00e1s trabajando. Aqu\u00ed tienes un resumen de nuestros productos de recubrimiento:   <\/p>\n<ul class=\"overflow\">\n<li><a href=\"https:\/\/etnyre.com\/es\/pavementsaver\/\"><strong>Salvapavimentos<\/strong><\/a> &#8211; <strong> Este <\/strong>modelo funciona perfectamente para proyectos m\u00e1s peque\u00f1os y detallados. Estos buggies personalizables proporcionan una precisi\u00f3n de entrega de materiales y una eficacia sin igual. <\/li>\n<li><a href=\"https:\/\/etnyre.com\/bc502sc\/\"><strong>BC502SC<\/strong><\/a> &#8211; <strong> Estas <\/strong>m\u00e1quinas funcionan bien para grandes lotes comerciales o trabajos en tramos largos de carreteras o calles, una soluci\u00f3n ideal para trabajos a gran escala.<\/li>\n<li><a href=\"https:\/\/etnyre.com\/es\/raynpro-serie-t\/\"><strong>RaynPro<\/strong><\/a> &#8211; <strong> Este <\/strong>modelo te ofrece la versatilidad del tipo de rendimiento que obtienes del BC502SC empaquetado en un c\u00f3modo remolque, lo que permite una f\u00e1cil movilidad entre las \u00e1reas de trabajo.<\/li>\n<\/ul>\n<div class=\"left-img\"><img loading=\"lazy\" decoding=\"async\" class=\"alignnone\" src=\"https:\/\/etnyre.com\/wp-content\/uploads\/2024\/03\/PSIIIarchrear-500x350.jpg\" alt=\"Equipos de mantenimiento de carreteras Rhode Island\" width=\"500\" height=\"350\" title=\"\"><\/div>\n<h3>Contacta con nosotros<\/h3>\n<p>Etnyre quiere saber c\u00f3mo podemos construir equipos de mantenimiento de carreteras a medida en Iowa para tu empresa. As\u00ed que ll\u00e1manos al <a href=\"tel:8157322116\">815-732-2116<\/a> para contarnos tus especificaciones. Adem\u00e1s, puedes ponerte en contacto con nosotros en l\u00ednea en cualquier momento envi\u00e1ndonos un mensaje a trav\u00e9s de nuestro r\u00e1pido y sencillo <a href=\"https:\/\/etnyre.com\/es\/contactenos\/\">formulario de contacto en l\u00ednea.<\/a>  <\/p>\n","protected":false},"excerpt":{"rendered":"<p>Etnyre ofrece la mejor selecci\u00f3n de equipos de mantenimiento de carreteras en Iowa ED Etnyre &amp; Company puede suministrar a tu empresa una amplia gama de equipos de mantenimiento de carreteras fabricados a medida en Iowa. Dise\u00f1amos m\u00e1quinas respaldadas por un compromiso de calidad y una profunda implicaci\u00f3n con el cliente. Adem\u00e1s, ofrecemos una gama &hellip; <a href=\"https:\/\/etnyre.com\/es\/equipos-de-mantenimiento-de-carreteras-iowa\/\" class=\"more-link\">Continue reading <span class=\"screen-reader-text\">Equipos de mantenimiento de carreteras Iowa<\/span><\/a><\/p>\n","protected":false},"author":1,"featured_media":7451,"parent":0,"menu_order":0,"comment_status":"closed","ping_status":"closed","template":"","meta":{"_acf_changed":false,"footnotes":""},"class_list":["post-14127","page","type-page","status-publish","has-post-thumbnail","hentry"],"acf":[],"_links":{"self":[{"href":"https:\/\/etnyre.com\/es\/wp-json\/wp\/v2\/pages\/14127","targetHints":{"allow":["GET"]}}],"collection":[{"href":"https:\/\/etnyre.com\/es\/wp-json\/wp\/v2\/pages"}],"about":[{"href":"https:\/\/etnyre.com\/es\/wp-json\/wp\/v2\/types\/page"}],"author":[{"embeddable":true,"href":"https:\/\/etnyre.com\/es\/wp-json\/wp\/v2\/users\/1"}],"replies":[{"embeddable":true,"href":"https:\/\/etnyre.com\/es\/wp-json\/wp\/v2\/comments?post=14127"}],"version-history":[{"count":4,"href":"https:\/\/etnyre.com\/es\/wp-json\/wp\/v2\/pages\/14127\/revisions"}],"predecessor-version":[{"id":14136,"href":"https:\/\/etnyre.com\/es\/wp-json\/wp\/v2\/pages\/14127\/revisions\/14136"}],"wp:featuredmedia":[{"embeddable":true,"href":"https:\/\/etnyre.com\/es\/wp-json\/wp\/v2\/media\/7451"}],"wp:attachment":[{"href":"https:\/\/etnyre.com\/es\/wp-json\/wp\/v2\/media?parent=14127"}],"curies":[{"name":"wp","href":"https:\/\/api.w.org\/{rel}","templated":true}]}}