{"id":1413,"date":"2021-10-18T08:48:27","date_gmt":"2021-10-18T08:48:27","guid":{"rendered":"https:\/\/etnyre.com\/sobre-nosotros\/"},"modified":"2025-07-16T12:29:08","modified_gmt":"2025-07-16T12:29:08","slug":"sobre-nosotros","status":"publish","type":"page","link":"https:\/\/etnyre.com\/es\/sobre-nosotros\/","title":{"rendered":"Sobre nosotros"},"content":{"rendered":"<h2>Sobre Etnyre<\/h2>\n<p>ED Etnyre &amp; Co. se enorgullece de fabricar una amplia gama de equipos para la industria de la construcci\u00f3n de carreteras de asfalto, desde esparcidores de <a href=\"https:\/\/etnyre.com\/es\/distribuidores-de-asfalto\/\">asfalto<\/a> <a href=\"https:\/\/etnyre.com\/es\/esparcidores-de-chips\/\">hasta esparcidores de gravilla<\/a> y <a href=\"https:\/\/etnyre.com\/es\/tanques-de-almacenamiento\/\">tanques de almacenamiento<\/a> hasta <a href=\"https:\/\/etnyre.com\/lowboy-trailers\/specialty-trailers\/\">remolques<\/a> . Desde 1898, hemos establecido continuamente el est\u00e1ndar de rendimiento y confiabilidad y allanado el camino para el \u00e9xito del cliente. Ese \u00e9xito es el resultado de la forma en que construimos cada unidad a pedido y brindamos un soporte incomparable, desde la selecci\u00f3n de productos hasta las piezas y el servicio.<\/p>\n<div class=\"clr\">\n<div class=\"about_center\">\n<h4>Historia de la Compa\u00f1\u00eda<\/h4>\n<p>Edward D. Etnyre era un hombre ingenioso y trabajador con un gran inter\u00e9s en el bienestar de sus semejantes. Dise\u00f1\u00f3 y fabric\u00f3 productos para otros con tanto cuidado como lo har\u00eda para su propio uso. Esto requer\u00eda un compromiso profundo y personal junto con una profunda participaci\u00f3n del cliente. Transmiti\u00f3 esa promesa en \u201cThe Etnyre Road\u201d como la tradici\u00f3n que m\u00e1s nos enorgullece de nuestra empresa.<\/p>\n<p>Etnyre contin\u00faa liderando la industria con su legendario compromiso con el mercado. Nuestros productos combinan m\u00e1s de 125 a\u00f1os de experiencia con los \u00faltimos avances tecnol\u00f3gicos para ofrecer a los clientes el m\u00e1ximo rendimiento y fiabilidad. Nos enorgullecemos de fabricar excelentes equipos que contribuyen a la calidad de las carreteras del mundo y benefician a todos los que viajan por ellas.<\/p>\n<\/div>\n<h4>Feed de Facebook<\/h4>\n<p><iframe loading=\"lazy\" style=\"border: none; overflow: hidden;\" src=\"https:\/\/www.facebook.com\/plugins\/page.php?href=https%3A%2F%2Fwww.facebook.com%2Fetnyreinternational%2F&amp;tabs=timeline&amp;width=340&amp;height=500&amp;small_header=false&amp;adapt_container_width=true&amp;hide_cover=false&amp;show_facepile=true&amp;appId\" width=\"340\" height=\"500\" frameborder=\"0\" scrolling=\"no\" allowfullscreen=\"allowfullscreen\"><\/iframe><\/p>\n<h4>Instagram Feed<\/h4>\n<blockquote class=\"instagram-media\" style=\"background: #FFF; border: 0; border-radius: 3px; box-shadow: 0 0 1px 0 rgba(0,0,0,0.5),0 1px 10px 0 rgba(0,0,0,0.15); margin: 1px; max-width: 540px; min-width: 326px; padding: 0; width: calc(100% - 2px);\" data-instgrm-permalink=\"https:\/\/www.instagram.com\/etnyre_co\/?utm_source=ig_embed&amp;utm_campaign=loading\" data-instgrm-version=\"14\">\n<div style=\"padding: 16px;\">\n<div class=\"clr\">\n<div class=\"about_right\"><\/div>\n<p>&nbsp;<\/p>\n<div style=\"display: flex; flex-direction: row; align-items: center;\">\n<div style=\"background-color: #f4f4f4; border-radius: 50%; flex-grow: 0; height: 40px; margin-right: 14px; width: 40px;\"><\/div>\n<div style=\"display: flex; flex-direction: column; flex-grow: 1; justify-content: center;\">\n<div style=\"background-color: #f4f4f4; border-radius: 4px; flex-grow: 0; height: 14px; margin-bottom: 6px; width: 100px;\"><\/div>\n<div style=\"background-color: #f4f4f4; border-radius: 4px; flex-grow: 0; height: 14px; width: 60px;\"><\/div>\n<\/div>\n<\/div>\n<div style=\"padding: 19% 0;\"><\/div>\n<div style=\"display: block; height: 50px; margin: 0 auto 12px; width: 50px;\"><\/div>\n<div style=\"padding-top: 8px;\">\n<div style=\"color: #3897f0; font-family: Arial,sans-serif; font-size: 14px; font-style: normal; font-weight: 550; line-height: 18px;\">Ver este perfil en Instagram<\/div>\n<\/div>\n<div style=\"padding: 12.5% 0;\"><\/div>\n<div style=\"display: flex; flex-direction: row; margin-bottom: 14px; align-items: center;\">\n<div>\n<div style=\"background-color: #f4f4f4; border-radius: 50%; height: 12.5px; width: 12.5px; transform: translateX(0px) translateY(7px);\"><\/div>\n<div style=\"background-color: #f4f4f4; height: 12.5px; transform: rotate(-45deg) translateX(3px) translateY(1px); width: 12.5px; flex-grow: 0; margin-right: 14px; margin-left: 2px;\"><\/div>\n<div style=\"background-color: #f4f4f4; border-radius: 50%; height: 12.5px; width: 12.5px; transform: translateX(9px) translateY(-18px);\"><\/div>\n<\/div>\n<div style=\"margin-left: 8px;\">\n<div style=\"background-color: #f4f4f4; border-radius: 50%; flex-grow: 0; height: 20px; width: 20px;\"><\/div>\n<div style=\"width: 0; height: 0; border-top: 2px solid transparent; border-left: 6px solid #f4f4f4; border-bottom: 2px solid transparent; transform: translateX(16px) translateY(-4px) rotate(30deg);\"><\/div>\n<\/div>\n<div style=\"margin-left: auto;\">\n<div style=\"width: 0px; border-top: 8px solid #F4F4F4; border-right: 8px solid transparent; transform: translateY(16px);\"><\/div>\n<div style=\"background-color: #f4f4f4; flex-grow: 0; height: 12px; width: 16px; transform: translateY(-4px);\"><\/div>\n<div style=\"width: 0; height: 0; border-top: 8px solid #F4F4F4; border-left: 8px solid transparent; transform: translateY(-4px) translateX(8px);\"><\/div>\n<\/div>\n<\/div>\n<div style=\"display: flex; flex-direction: column; flex-grow: 1; justify-content: center; margin-bottom: 24px;\">\n<div style=\"background-color: #f4f4f4; border-radius: 4px; flex-grow: 0; height: 14px; margin-bottom: 6px; width: 224px;\"><\/div>\n<div style=\"background-color: #f4f4f4; border-radius: 4px; flex-grow: 0; height: 14px; width: 144px;\"><\/div>\n<\/div>\n<p>&nbsp;<\/p>\n<p style=\"color: #c9c8cd; font-family: Arial,sans-serif; font-size: 14px; line-height: 17px; margin-bottom: 0; margin-top: 8px; overflow: hidden; padding: 8px 0 7px; text-align: center; text-overflow: ellipsis; white-space: nowrap;\"><a style=\"color: #c9c8cd; font-family: Arial,sans-serif; font-size: 14px; font-style: normal; font-weight: normal; line-height: 17px;\" href=\"https:\/\/www.instagram.com\/etnyre_co\/\" target=\"_blank\" rel=\"noopener nofollow\">E.D. Etnyre &amp; Co.<\/a> (<a style=\"color: #c9c8cd; font-family: Arial,sans-serif; font-size: 14px; font-style: normal; font-weight: normal; line-height: 17px;\" href=\"https:\/\/www.instagram.com\/etnyre_co\/\" target=\"_blank\" rel=\"noopener nofollow\">@etnyre_co<\/a>) &#8211; Fotos y v\u00eddeos de Instagram<\/p>\n<\/div>\n<\/div>\n<\/blockquote>\n<p><script async=\"\" src=\"\/\/www.instagram.com\/embed.js\"><\/script><\/p>\n<\/div>\n","protected":false},"excerpt":{"rendered":"<p>Sobre Etnyre ED Etnyre &amp; Co. se enorgullece de fabricar una amplia gama de equipos para la industria de la construcci\u00f3n de carreteras de asfalto, desde esparcidores de asfalto hasta esparcidores de gravilla y tanques de almacenamiento hasta remolques . Desde 1898, hemos establecido continuamente el est\u00e1ndar de rendimiento y confiabilidad y allanado el camino &hellip; <a href=\"https:\/\/etnyre.com\/es\/sobre-nosotros\/\" class=\"more-link\">Continue reading <span class=\"screen-reader-text\">Sobre nosotros<\/span><\/a><\/p>\n","protected":false},"author":1,"featured_media":1087,"parent":0,"menu_order":0,"comment_status":"closed","ping_status":"closed","template":"template\/about-us.php","meta":{"_acf_changed":false,"footnotes":""},"class_list":["post-1413","page","type-page","status-publish","has-post-thumbnail","hentry"],"acf":[],"_links":{"self":[{"href":"https:\/\/etnyre.com\/es\/wp-json\/wp\/v2\/pages\/1413","targetHints":{"allow":["GET"]}}],"collection":[{"href":"https:\/\/etnyre.com\/es\/wp-json\/wp\/v2\/pages"}],"about":[{"href":"https:\/\/etnyre.com\/es\/wp-json\/wp\/v2\/types\/page"}],"author":[{"embeddable":true,"href":"https:\/\/etnyre.com\/es\/wp-json\/wp\/v2\/users\/1"}],"replies":[{"embeddable":true,"href":"https:\/\/etnyre.com\/es\/wp-json\/wp\/v2\/comments?post=1413"}],"version-history":[{"count":7,"href":"https:\/\/etnyre.com\/es\/wp-json\/wp\/v2\/pages\/1413\/revisions"}],"predecessor-version":[{"id":14436,"href":"https:\/\/etnyre.com\/es\/wp-json\/wp\/v2\/pages\/1413\/revisions\/14436"}],"wp:featuredmedia":[{"embeddable":true,"href":"https:\/\/etnyre.com\/es\/wp-json\/wp\/v2\/media\/1087"}],"wp:attachment":[{"href":"https:\/\/etnyre.com\/es\/wp-json\/wp\/v2\/media?parent=1413"}],"curies":[{"name":"wp","href":"https:\/\/api.w.org\/{rel}","templated":true}]}}