{"id":14139,"date":"2025-04-18T09:23:26","date_gmt":"2025-04-18T09:23:26","guid":{"rendered":"https:\/\/etnyre.com\/equipos-de-mantenimiento-de-carreteras-kansas\/"},"modified":"2025-05-28T06:13:35","modified_gmt":"2025-05-28T06:13:35","slug":"equipos-de-mantenimiento-de-carreteras-kansas","status":"publish","type":"page","link":"https:\/\/etnyre.com\/es\/equipos-de-mantenimiento-de-carreteras-kansas\/","title":{"rendered":"Equipos de mantenimiento de carreteras Kansas"},"content":{"rendered":"<h3>Etnyre suministra los mejores equipos de mantenimiento de carreteras en Kansas<\/h3>\n<p>ED Etnyre &amp; Company sube el list\u00f3n del rendimiento y la versatilidad con nuestra l\u00ednea de equipos de mantenimiento de carreteras en Kansas. Durante m\u00e1s de un siglo, hemos asumido un compromiso personal que incluye una profunda implicaci\u00f3n con el cliente con soluciones que construimos a medida para nuestros clientes. Creemos que fabricar cada m\u00e1quina a medida es la mejor manera de proporcionar a nuestros clientes exactamente lo que necesitan. Adem\u00e1s, seguimos proporcionando soluciones despu\u00e9s de la venta con <a href=\"https:\/\/etnyre.com\/es\/capacitacion\/\">formaci\u00f3n sobre<\/a> el producto, <a href=\"https:\/\/store.etnyre.com\/ecommerce\/default.aspx?appname=Store&amp;tabname=Login&amp;RequestTab=Products\">piezas de repuesto de nuestro departamento de servicio<\/a> y una excelente <a href=\"https:\/\/etnyre.com\/wp-content\/uploads\/2024\/02\/2024-Etnyre-Intl-Warranty-Policy.pdf\">garant\u00eda<\/a> para los productos. As\u00ed pues, Etnyre es la mejor opci\u00f3n cuando quieras comprar o alquilar lo siguiente:    <\/p>\n<ul class=\"col-3\">\n<li><a href=\"https:\/\/etnyre.com\/es\/tanques-de-almacenamiento\/\">Tanques de almacenamiento<\/a><\/li>\n<li><a href=\"https:\/\/etnyre.com\/es\/transportes-de-asfalto\/\">Cisternas de transporte de asfalto<\/a><\/li>\n<li><a href=\"https:\/\/etnyre.com\/es\/equipos-de-sellado\/\">Equipos de sellado<\/a><\/li>\n<li><a href=\"https:\/\/etnyre.com\/es\/cisternas-y-camiones-cisterna\/\">Cisternas de asfalto<\/a><\/li>\n<li><a href=\"https:\/\/etnyre.com\/es\/concesionarios-de-mantenimiento\/\">Distribuidores de mantenimiento<\/a><\/li>\n<li><a href=\"https:\/\/etnyre.com\/es\/distribuidores-de-asfalto\/\">Distribuidores de asfalto<\/a><\/li>\n<li><a href=\"https:\/\/etnyre.com\/es\/selladoras-de-lodos\/\">Selladoras de lodos<\/a><\/li>\n<li><a href=\"https:\/\/etnyre.com\/es\/esparcidores-de-chips\/\">Esparcidores de virutas Chip and Seal<\/a><\/li>\n<li><a href=\"https:\/\/etnyre.com\/es\/caja-de-escobas-scrub-seal\/\">Cajas para escobas Scrub Seal<\/a><\/li>\n<li><a href=\"https:\/\/etnyre.com\/es\/selladores-de-grietas\/\">Selladores de grietas asf\u00e1lticas<\/a><\/li>\n<li><a href=\"https:\/\/etnyre.com\/lowboy-trailers\/\">Remolques Lowboy<\/a><\/li>\n<li><a href=\"https:\/\/etnyre.com\/live-bottom-trailers\/\">Remolques inferiores vivos<\/a><\/li>\n<\/ul>\n<p>Nuestra marca es sin\u00f3nimo de calidad, fiabilidad y rendimiento duradero. Tanto si est\u00e1s manteniendo una autopista en Wichita como trabajando en un aparcamiento en Overland Park, podemos proporcionarte el mejor equipo para el trabajo. <a href=\"https:\/\/etnyre.com\/es\/contactenos\/\">Ponte en contacto con nosotros<\/a> para obtener un presupuesto gratuito. <\/p>\n<h3>\u00bfNecesitas camiones distribuidores de asfalto?<\/h3>\n<p>Etnyre te cubre con algunos de los mejores equipos de mantenimiento de carreteras con distribuidores de asfalto de Kansas. Tu cuadrilla disfrutar\u00e1 de la incre\u00edble durabilidad y la precisa entrega de material que proporcionan nuestros <a href=\"https:\/\/etnyre.com\/wp-content\/uploads\/2023\/05\/A-142-22R1.pdf\">distribuidores de asfalto Black-Topper<\/a>. Son f\u00e1ciles de manejar por un solo operador, con los mandos disponibles en la cabina del cami\u00f3n o cerca de la parte trasera del mismo. Adem\u00e1s, el material va donde t\u00fa quieres, gracias a nuestros innovadores controles electr\u00f3nicos de la bomba de velocidad del asfalto. Adem\u00e1s, puedes elegir entre capacidades de dep\u00f3sito de sellante de 1.000 galones o de 4.500 galones. Aseg\u00farate de elegir Etnyre si buscas en Internet lo siguiente:     <\/p>\n<ul class=\"col-2\">\n<li><a href=\"https:\/\/etnyre.com\/wp-content\/asphalt-distributors-kansas\">Venta de distribuidores de asfalto en Kansas<\/a><\/li>\n<li><a href=\"https:\/\/etnyre.com\/asphalt-equipment-kansas\/\">Maquinaria de asfalto en venta cerca de m\u00ed<\/a><\/li>\n<li><a href=\"https:\/\/etnyre.com\/es\/mejor-equipo-de-asfalto\/\">La mejor maquinaria para asfalto en Kansas<\/a><\/li>\n<li><a href=\"https:\/\/etnyre.com\/es\/las-mejores-maquinas-de-asfalto\/\">Las mejores m\u00e1quinas de asfalto en venta cerca de m\u00ed<\/a><\/li>\n<\/ul>\n<h3>\u00bfBuscas equipos de mantenimiento de carreteras Sealcoat en Kansas?<\/h3>\n<p>Nuestra empresa ofrece una completa selecci\u00f3n de opciones en cuanto a equipos de mantenimiento de carreteras <a href=\"https:\/\/etnyre.com\/es\/sealcoat-camiones-illinois\/\">con revestimiento de sellado<\/a>. Dise\u00f1amos m\u00e1quinas conocidas por ofrecer una calidad y versatilidad superiores a las de otras alternativas. Adem\u00e1s, fabricamos equipos dise\u00f1ados espec\u00edficamente para proyectos a peque\u00f1a o gran escala. Aqu\u00ed tienes un resumen de nuestros modelos disponibles de productos de recubrimiento:   <\/p>\n<ul>\n<li><a href=\"https:\/\/etnyre.com\/bc502sc\/\"><strong>BC502SC<\/strong><\/a> &#8211; <strong> Este <\/strong>modelo funciona bien para trabajos a gran escala en proyectos como tramos largos de carreteras o pavimento en grandes propiedades comerciales.<\/li>\n<li><a href=\"https:\/\/etnyre.com\/es\/raynpro-serie-t\/\"><strong>RaynPro<\/strong><\/a> &#8211; <strong> Estas <\/strong>m\u00e1quinas ofrecen las prestaciones de la BC502SC con la comodidad de venir en forma de remolque. As\u00ed, puedes transportar f\u00e1cilmente este modelo a distintas zonas del mismo proyecto o a proyectos diferentes con rapidez. <\/li>\n<li><a href=\"https:\/\/etnyre.com\/es\/pavementsaver\/\"><strong>Salvapavimentos<\/strong><\/a> &#8211; <strong> Hemos <\/strong>dise\u00f1ado este modelo espec\u00edficamente para proyectos m\u00e1s peque\u00f1os que requieren m\u00e1s detalle. Son buggies personalizables que ofrecen un suministro muy preciso de materiales selladores y una productividad eficiente. <\/li>\n<\/ul>\n<div class=\"left-img\"><img loading=\"lazy\" decoding=\"async\" class=\"alignnone\" src=\"https:\/\/etnyre.com\/wp-content\/uploads\/2023\/05\/S9129-500x350.png\" alt=\"Equipos de mantenimiento de carreteras Kansas\" width=\"500\" height=\"350\" title=\"\"><\/div>\n<h3>\u00bfBuscas esparcidores de asfalto para proyectos de asfaltado?<\/h3>\n<p>Etnyre tambi\u00e9n ofrece soluciones ideales para trabajos de asfaltado con nuestros equipos de mantenimiento de carreteras <a href=\"https:\/\/etnyre.com\/wp-content\/uploads\/2025\/10\/A-208-24.pdf\">ChipSpreader<\/a> en Kansas. Nuestros <a href=\"http:\/\/www.etnyre.com\/chip-spreaders-kansas\">ChipSpreaders<\/a> ofrecen sistemas de tracci\u00f3n delantera o a las cuatro ruedas. Adem\u00e1s, todas nuestras m\u00e1quinas vienen con un duradero motor diesel turboalimentado de 260 CV. Adem\u00e1s, puedes elegir entre tolvas de esparcido de 12 a 24 pies con un sistema de rodillos de esparcido de accionamiento hidrost\u00e1tico. Adem\u00e1s, puedes equipar tu m\u00e1quina con alerones abatibles, que permiten una manipulaci\u00f3n m\u00e1s precisa del material.    <\/p>\n<h3 class=\"clr\">Contacta con nosotros<\/h3>\n<p>Con ED Etnyre &amp; Company, t\u00fa nos dices c\u00f3mo construir el mejor equipo de mantenimiento de carreteras de Kansas. Fabricamos cada m\u00e1quina seg\u00fan las especificaciones elegidas por nuestros clientes. As\u00ed que ll\u00e1manos ahora al <a href=\"tel:8157322116\">815-732-2116<\/a> para decirnos qu\u00e9 caracter\u00edsticas opcionales te gustar\u00eda tener en tu equipo de asfalto. Adem\u00e1s, puedes ponerte en contacto con nosotros en l\u00ednea envi\u00e1ndonos un mensaje a trav\u00e9s de nuestra <a href=\"https:\/\/etnyre.com\/es\/contactenos\/\">p\u00e1gina de contacto del sitio web<\/a>, r\u00e1pida y sencilla.   <\/p>\n","protected":false},"excerpt":{"rendered":"<p>Etnyre suministra los mejores equipos de mantenimiento de carreteras en Kansas ED Etnyre &amp; Company sube el list\u00f3n del rendimiento y la versatilidad con nuestra l\u00ednea de equipos de mantenimiento de carreteras en Kansas. Durante m\u00e1s de un siglo, hemos asumido un compromiso personal que incluye una profunda implicaci\u00f3n con el cliente con soluciones que &hellip; <a href=\"https:\/\/etnyre.com\/es\/equipos-de-mantenimiento-de-carreteras-kansas\/\" class=\"more-link\">Continue reading <span class=\"screen-reader-text\">Equipos de mantenimiento de carreteras Kansas<\/span><\/a><\/p>\n","protected":false},"author":1,"featured_media":5383,"parent":0,"menu_order":0,"comment_status":"closed","ping_status":"closed","template":"","meta":{"_acf_changed":false,"footnotes":""},"class_list":["post-14139","page","type-page","status-publish","has-post-thumbnail","hentry"],"acf":[],"_links":{"self":[{"href":"https:\/\/etnyre.com\/es\/wp-json\/wp\/v2\/pages\/14139","targetHints":{"allow":["GET"]}}],"collection":[{"href":"https:\/\/etnyre.com\/es\/wp-json\/wp\/v2\/pages"}],"about":[{"href":"https:\/\/etnyre.com\/es\/wp-json\/wp\/v2\/types\/page"}],"author":[{"embeddable":true,"href":"https:\/\/etnyre.com\/es\/wp-json\/wp\/v2\/users\/1"}],"replies":[{"embeddable":true,"href":"https:\/\/etnyre.com\/es\/wp-json\/wp\/v2\/comments?post=14139"}],"version-history":[{"count":3,"href":"https:\/\/etnyre.com\/es\/wp-json\/wp\/v2\/pages\/14139\/revisions"}],"predecessor-version":[{"id":14146,"href":"https:\/\/etnyre.com\/es\/wp-json\/wp\/v2\/pages\/14139\/revisions\/14146"}],"wp:featuredmedia":[{"embeddable":true,"href":"https:\/\/etnyre.com\/es\/wp-json\/wp\/v2\/media\/5383"}],"wp:attachment":[{"href":"https:\/\/etnyre.com\/es\/wp-json\/wp\/v2\/media?parent=14139"}],"curies":[{"name":"wp","href":"https:\/\/api.w.org\/{rel}","templated":true}]}}