{"id":1414,"date":"2021-10-18T08:48:27","date_gmt":"2021-10-18T08:48:27","guid":{"rendered":"https:\/\/etnyre.com\/transportes-de-crudo\/"},"modified":"2025-07-16T12:38:44","modified_gmt":"2025-07-16T12:38:44","slug":"transportes-de-crudo","status":"publish","type":"page","link":"https:\/\/etnyre.com\/es\/transportes-de-crudo\/","title":{"rendered":"Transportes de crudo"},"content":{"rendered":"<p>Conf\u00ede sus necesidades de transporte de asfalto, petr\u00f3leo crudo y aceite lubricante a Etnyre y a nuestros m\u00e1s de 70 a\u00f1os de experiencia en ingenier\u00eda de tanques de carga en carretera. Desde una construcci\u00f3n de alta calidad hasta un funcionamiento confiable, tendr\u00e1 la eficiencia que necesita para entregar el producto r\u00e1pidamente. Llame a Etnyre hoy al<a href=\"tel:8157322116\"> 815-732-2116<\/a> o<a href=\"https:\/\/etnyre.com\/es\/contactenos\/\"> cont\u00e1ctenos en l\u00ednea<\/a> aprender m\u00e1s.<\/p>\n","protected":false},"excerpt":{"rendered":"<p>Conf\u00ede sus necesidades de transporte de asfalto, petr\u00f3leo crudo y aceite lubricante a Etnyre y a nuestros m\u00e1s de 70 a\u00f1os de experiencia en ingenier\u00eda de tanques de carga en carretera. Desde una construcci\u00f3n de alta calidad hasta un funcionamiento confiable, tendr\u00e1 la eficiencia que necesita para entregar el producto r\u00e1pidamente. Llame a Etnyre hoy &hellip; <a href=\"https:\/\/etnyre.com\/es\/transportes-de-crudo\/\" class=\"more-link\">Continue reading <span class=\"screen-reader-text\">Transportes de crudo<\/span><\/a><\/p>\n","protected":false},"author":1,"featured_media":1033,"parent":0,"menu_order":0,"comment_status":"closed","ping_status":"closed","template":"template\/product-sub-page.php","meta":{"_acf_changed":false,"footnotes":""},"class_list":["post-1414","page","type-page","status-publish","has-post-thumbnail","hentry"],"acf":[],"_links":{"self":[{"href":"https:\/\/etnyre.com\/es\/wp-json\/wp\/v2\/pages\/1414","targetHints":{"allow":["GET"]}}],"collection":[{"href":"https:\/\/etnyre.com\/es\/wp-json\/wp\/v2\/pages"}],"about":[{"href":"https:\/\/etnyre.com\/es\/wp-json\/wp\/v2\/types\/page"}],"author":[{"embeddable":true,"href":"https:\/\/etnyre.com\/es\/wp-json\/wp\/v2\/users\/1"}],"replies":[{"embeddable":true,"href":"https:\/\/etnyre.com\/es\/wp-json\/wp\/v2\/comments?post=1414"}],"version-history":[{"count":2,"href":"https:\/\/etnyre.com\/es\/wp-json\/wp\/v2\/pages\/1414\/revisions"}],"predecessor-version":[{"id":1466,"href":"https:\/\/etnyre.com\/es\/wp-json\/wp\/v2\/pages\/1414\/revisions\/1466"}],"wp:featuredmedia":[{"embeddable":true,"href":"https:\/\/etnyre.com\/es\/wp-json\/wp\/v2\/media\/1033"}],"wp:attachment":[{"href":"https:\/\/etnyre.com\/es\/wp-json\/wp\/v2\/media?parent=1414"}],"curies":[{"name":"wp","href":"https:\/\/api.w.org\/{rel}","templated":true}]}}