{"id":14149,"date":"2025-04-18T09:28:07","date_gmt":"2025-04-18T09:28:07","guid":{"rendered":"https:\/\/etnyre.com\/equipos-de-mantenimiento-de-carreteras-nevada\/"},"modified":"2025-05-28T06:13:33","modified_gmt":"2025-05-28T06:13:33","slug":"equipos-de-mantenimiento-de-carreteras-nevada","status":"publish","type":"page","link":"https:\/\/etnyre.com\/es\/equipos-de-mantenimiento-de-carreteras-nevada\/","title":{"rendered":"Equipos de mantenimiento de carreteras Nevada"},"content":{"rendered":"<h3>Elige Etnyre para el mejor equipo de mantenimiento de carreteras en Nevada<\/h3>\n<p>ED Etnyre &amp; Company marca el list\u00f3n de la calidad cuando se trata de equipos de mantenimiento de carreteras de alto rendimiento en Nevada. Desde 1898, nuestra empresa ha asumido un compromiso personal respaldado por una profunda implicaci\u00f3n con las m\u00e1quinas que dise\u00f1amos para nuestros clientes. De hecho, construimos cada m\u00e1quina seg\u00fan las especificaciones personalizadas proporcionadas por nuestros clientes. De ese modo, proporcionamos soluciones construidas exclusivamente para satisfacer las necesidades individuales de cada uno de nuestros clientes. Adem\u00e1s, apoyamos a los clientes en cada paso del camino con <a href=\"https:\/\/etnyre.com\/es\/capacitacion\/\">formaci\u00f3n<\/a>, un <a href=\"https:\/\/store.etnyre.com\/ecommerce\/default.aspx?appname=Store&amp;tabname=Login&amp;RequestTab=Products\">departamento de piezas de recambio y servicio<\/a>, y protecci\u00f3n de <a href=\"https:\/\/etnyre.com\/wp-content\/uploads\/2024\/02\/2024-Etnyre-Intl-Warranty-Policy.pdf\">garant\u00eda<\/a>. Eso hace que Etnyre sea la mejor opci\u00f3n cuando necesites cualquiera de las siguientes cosas:     <\/p>\n<ul class=\"col-3\">\n<li><a href=\"https:\/\/etnyre.com\/es\/transportes-de-asfalto\/\">Cisternas de transporte de asfalto<\/a><\/li>\n<li><a href=\"https:\/\/etnyre.com\/es\/tanques-de-almacenamiento\/\">Tanques de almacenamiento<\/a><\/li>\n<li><a href=\"https:\/\/etnyre.com\/es\/cisternas-y-camiones-cisterna\/\">Cisternas de asfalto<\/a><\/li>\n<li><a href=\"https:\/\/etnyre.com\/es\/equipos-de-sellado\/\">Equipos de sellado<\/a><\/li>\n<li><a href=\"https:\/\/etnyre.com\/es\/distribuidores-de-asfalto\/\">Distribuidores de asfalto<\/a><\/li>\n<li><a href=\"https:\/\/etnyre.com\/es\/concesionarios-de-mantenimiento\/\">Distribuidores de mantenimiento<\/a><\/li>\n<li><a href=\"https:\/\/etnyre.com\/es\/esparcidores-de-chips\/\">Esparcidores de virutas Chip and Seal<\/a><\/li>\n<li><a href=\"https:\/\/etnyre.com\/es\/selladoras-de-lodos\/\">Selladoras de lodos<\/a><\/li>\n<li><a href=\"https:\/\/etnyre.com\/es\/selladores-de-grietas\/\">Selladores de grietas asf\u00e1lticas<\/a><\/li>\n<li><a href=\"https:\/\/etnyre.com\/es\/caja-de-escobas-scrub-seal\/\">Cajas para escobas Scrub Seal<\/a><\/li>\n<li><a href=\"https:\/\/etnyre.com\/live-bottom-trailers\/\">Remolques inferiores vivos<\/a><\/li>\n<li><a href=\"https:\/\/etnyre.com\/lowboy-trailers\/\">Remolques Lowboy<\/a><\/li>\n<\/ul>\n<p>La marca ED Etnyre es sin\u00f3nimo de calidad, fiabilidad y longevidad desde hace m\u00e1s de un siglo. Podemos fabricar equipos a medida para tu operaci\u00f3n de mantenimiento de carreteras, sea cual sea el tama\u00f1o y el alcance de tu empresa. <a href=\"https:\/\/etnyre.com\/es\/contactenos\/\">Ponte en contacto con nosotros<\/a> hoy mismo para preguntar por nuestras caracter\u00edsticas opcionales. <\/p>\n<h3>\u00bfEst\u00e1s interesado en equipos de asfaltado y sellado?<\/h3>\n<p><a href=\"https:\/\/etnyre.com\/wp-content\/uploads\/2025\/10\/A-208-24.pdf\">Nuestras esparcidoras de gravilla<\/a> te ofrecen una soluci\u00f3n a medida cuando necesites equipos de mantenimiento de carreteras de gravilla y sellado en Nevada. Estas m\u00e1quinas vienen con sistemas opcionales de tracci\u00f3n delantera o a las cuatro ruedas. Adem\u00e1s, todas nuestras ChipSpreaders incorporan un potente motor diesel turboalimentado de 260 CV. Adem\u00e1s, tambi\u00e9n puedes elegir entre tolvas de esparcido de 12 a 24 pies con un sistema de rodillos de esparcido de accionamiento hidrost\u00e1tico. Y lo que es a\u00fan m\u00e1s tentador, puedes equipar tu ChipSpreader con aletas plegables para manipular mejor el material durante su uso. As\u00ed pues, elige los productos Etnyre cuando busques en Internet los siguientes art\u00edculos:     <\/p>\n<ul class=\"col-2\">\n<li>Venta de maquinaria para asfaltado en Nevada<\/li>\n<li>Alquiler de esparcidores de gravilla cerca de m\u00ed<\/li>\n<li><a href=\"https:\/\/etnyre.com\/es\/los-mejores-equipos-de-asfaltado-en-venta\/\">Se vende la mejor maquinaria de asfaltado de Nevada<\/a><\/li>\n<li>Equipos usados de asfaltado y sellado en venta<\/li>\n<li><a href=\"https:\/\/etnyre.com\/es\/equipo-de-asfaltado-nevada\/\">Venta de la mejor maquinaria de asfaltado de Nevada<\/a><\/li>\n<\/ul>\n<h3><a href=\"https:\/\/etnyre.com\/es\/equipo-de-sellado-nevada\/\">\u00bfBuscas el mejor equipo de sellado?<\/a><\/h3>\n<p>Etnyre ofrece una l\u00ednea completa de productos si est\u00e1s interesado en comprar o alquilar equipos de mantenimiento de carreteras en Nevada. Nuestros equipos se han ganado el reconocimiento por su versatilidad y rendimiento. Dise\u00f1amos nuestras m\u00e1quinas para que se adapten a tus necesidades, tanto si vas a sellar un peque\u00f1o camino privado como un gran aparcamiento comercial. Nuestras opciones incluyen lo siguiente:   <\/p>\n<ul>\n<li><a href=\"https:\/\/etnyre.com\/es\/pavementsaver\/\"><strong>Pavimentadoras<\/strong><\/a> &#8211; <strong> Estas <\/strong>m\u00e1quinas son perfectas para manejar proyectos m\u00e1s peque\u00f1os y orientados a los detalles. Son buggies personalizables que ofrecen una eficacia y precisi\u00f3n inigualables. <\/li>\n<li><a href=\"https:\/\/etnyre.com\/bc502sc\/\"><strong>BC502SC<\/strong><\/a> &#8211; <strong> Este <\/strong>modelo maneja con facilidad amplios aparcamientos o largos tramos de carretera, por lo que es una opci\u00f3n perfecta para proyectos de mayor envergadura.<\/li>\n<li><a href=\"https:\/\/etnyre.com\/es\/raynpro-serie-t\/\"><strong>RaynPro<\/strong><\/a> &#8211; <strong> Esta <\/strong>opci\u00f3n te ofrece la funcionalidad de la BC502SC en un c\u00f3modo remolque, lo que facilita su transporte a diferentes lugares de trabajo.<\/li>\n<\/ul>\n<h3>\u00bfBuscas distribuidores de asfalto?<\/h3>\n<p><a href=\"https:\/\/etnyre.com\/wp-content\/uploads\/2023\/05\/A-142-22R1.pdf\">Nuestros distribuidores de asfalto Black-Topper<\/a> proporcionan un suministro de material preciso y una mayor durabilidad que otros equipos de mantenimiento de carreteras en Nevada. Dise\u00f1amos nuestros <a href=\"https:\/\/etnyre.com\/es\/distribuidores-de-asfalto-nevada\/\">distribuidores de<\/a> asfalto para que puedan ser manejados f\u00e1cilmente por un solo usuario desde la parte trasera de la m\u00e1quina o desde la cabina del cami\u00f3n. Adem\u00e1s, los controles electr\u00f3nicos de la bomba de velocidad del asfalto permiten un control preciso del material durante el funcionamiento. Adem\u00e1s, puedes personalizar el equipo para adaptarlo a tus necesidades con capacidades de dep\u00f3sito disponibles de 1.000 galones y 4.500 galones. As\u00ed pues, echa un vistazo a nuestros productos si est\u00e1s buscando en Internet lo siguiente:    <\/p>\n<ul class=\"col-2\">\n<li>Venta de distribuidores de asfalto en Nevada<\/li>\n<li>Distribuidores de asfalto en alquiler cerca de m\u00ed<\/li>\n<li>Venta de camiones distribuidores de asfalto en Nevada<\/li>\n<li>Distribuidores de asfalto usados en alquiler cerca de m\u00ed<\/li>\n<li>El mejor equipo distribuidor de asfalto de Nevada<\/li>\n<\/ul>\n<div class=\"left-img\"><img loading=\"lazy\" decoding=\"async\" class=\"alignnone\" src=\"https:\/\/etnyre.com\/wp-content\/uploads\/2023\/05\/S9129-500x350.png\" alt=\"Equipos de mantenimiento de carreteras Nevada\" width=\"500\" height=\"350\" title=\"\"><\/div>\n<h3>Pregunta por nuestros equipos de mantenimiento de carreteras en Nevada<\/h3>\n<p>Nuestros representantes est\u00e1n a tu disposici\u00f3n, listos para responder a cualquier pregunta que puedas tener sobre nuestra maquinaria de mantenimiento de carreteras. <a href=\"https:\/\/etnyre.com\/es\/contactenos\/\">Ponte en contacto con nosotros online<\/a> hoy mismo para preguntar por las caracter\u00edsticas opcionales o solicitar un presupuesto. Si lo prefieres, tambi\u00e9n puedes ponerte en contacto con uno de nuestros representantes llamando a nuestro equipo al <a href=\"tel:8157322116\">815-732-2116<\/a>.  <\/p>\n","protected":false},"excerpt":{"rendered":"<p>Elige Etnyre para el mejor equipo de mantenimiento de carreteras en Nevada ED Etnyre &amp; Company marca el list\u00f3n de la calidad cuando se trata de equipos de mantenimiento de carreteras de alto rendimiento en Nevada. Desde 1898, nuestra empresa ha asumido un compromiso personal respaldado por una profunda implicaci\u00f3n con las m\u00e1quinas que dise\u00f1amos &hellip; <a href=\"https:\/\/etnyre.com\/es\/equipos-de-mantenimiento-de-carreteras-nevada\/\" class=\"more-link\">Continue reading <span class=\"screen-reader-text\">Equipos de mantenimiento de carreteras Nevada<\/span><\/a><\/p>\n","protected":false},"author":1,"featured_media":7369,"parent":0,"menu_order":0,"comment_status":"closed","ping_status":"closed","template":"","meta":{"_acf_changed":false,"footnotes":""},"class_list":["post-14149","page","type-page","status-publish","has-post-thumbnail","hentry"],"acf":[],"_links":{"self":[{"href":"https:\/\/etnyre.com\/es\/wp-json\/wp\/v2\/pages\/14149","targetHints":{"allow":["GET"]}}],"collection":[{"href":"https:\/\/etnyre.com\/es\/wp-json\/wp\/v2\/pages"}],"about":[{"href":"https:\/\/etnyre.com\/es\/wp-json\/wp\/v2\/types\/page"}],"author":[{"embeddable":true,"href":"https:\/\/etnyre.com\/es\/wp-json\/wp\/v2\/users\/1"}],"replies":[{"embeddable":true,"href":"https:\/\/etnyre.com\/es\/wp-json\/wp\/v2\/comments?post=14149"}],"version-history":[{"count":2,"href":"https:\/\/etnyre.com\/es\/wp-json\/wp\/v2\/pages\/14149\/revisions"}],"predecessor-version":[{"id":14153,"href":"https:\/\/etnyre.com\/es\/wp-json\/wp\/v2\/pages\/14149\/revisions\/14153"}],"wp:featuredmedia":[{"embeddable":true,"href":"https:\/\/etnyre.com\/es\/wp-json\/wp\/v2\/media\/7369"}],"wp:attachment":[{"href":"https:\/\/etnyre.com\/es\/wp-json\/wp\/v2\/media?parent=14149"}],"curies":[{"name":"wp","href":"https:\/\/api.w.org\/{rel}","templated":true}]}}