{"id":1416,"date":"2021-10-18T08:48:28","date_gmt":"2021-10-18T08:48:28","guid":{"rendered":"https:\/\/etnyre.com\/lavadores-aspersores\/"},"modified":"2022-08-12T10:32:33","modified_gmt":"2022-08-12T10:32:33","slug":"lavadores-aspersores","status":"publish","type":"page","link":"https:\/\/etnyre.com\/es\/lavadores-aspersores\/","title":{"rendered":"Lavadores \/ aspersores"},"content":{"rendered":"<h3>Mantenga sus carreteras limpias con los baldeadores y aspersores de Etnyre<\/h3>\n<p>Adem\u00e1s del mantenimiento y las reparaciones que se realizan en las carreteras cada temporada, es igual de importante asegurarse de que las calles, los aparcamientos y las carreteras de la ciudad permanezcan limpios. Sin embargo, sin el equipo adecuado, puede ser una tarea dif\u00edcil. Afortunadamente, Etnyre fabrica y vende algunos de los m\u00e1s eficientes limpiadores y rociadores de calles disponibles en los EE.UU. Con grandes capacidades, rociadores de alta resistencia y materiales de alta calidad, usted puede mantener sus calles perfectamente limpias con la ayuda de la maquinaria industrial de Etnyre.<\/p>\n<h3>\u00bfPor qu\u00e9 hay que limpiar las calles?<\/h3>\n<p>Desde los escaparates hasta las fachadas y los jardines, mantener el aspecto exterior de las propiedades requiere un trabajo considerable. Teniendo en cuenta todo lo dem\u00e1s, la limpieza y el mantenimiento de las calles podr\u00eda parecer la menor de sus preocupaciones. Sin embargo, una calle sucia conlleva riesgos para la salud y la seguridad de los residentes. Adem\u00e1s, las calles sucias pueden afectar al valor de la propiedad y a su cuenta de resultados. He aqu\u00ed algunas razones por las que es necesario mantener las calles limpias:<\/p>\n<ul>\n<li><strong>Residentes sanos<\/strong> &#8211; Con el tiempo, las carreteras y autopistas acumulan una cantidad importante de suciedad, residuos y productos qu\u00edmicos en su superficie. Estos contaminantes no s\u00f3lo son perjudiciales para sus carreteras, sino tambi\u00e9n para las personas que puedan cruzarlas o pasar por ellas. Mantener las calles limpias garantiza la eliminaci\u00f3n de materiales nocivos y la preservaci\u00f3n de la salud de los transe\u00fantes.<\/li>\n<li><strong>Mantener la seguridad<\/strong> &#8211; La suciedad en las carreteras no s\u00f3lo es un peligro para los que caminan por ellas, sino especialmente para los conductores que las utilizan. La acumulaci\u00f3n de barro, suciedad y residuos puede reducir significativamente la tracci\u00f3n de sus calles, haci\u00e9ndolas m\u00e1s peligrosas para los conductores. Adem\u00e1s, las piedras, el asfalto suelto y otros residuos pueden da\u00f1ar los veh\u00edculos o provocar posibles accidentes. Los rociadores y los aspersores garantizan que las carreteras permanezcan despejadas para la seguridad de los conductores y los peatones.<\/li>\n<li><strong>Respetuoso con el medio<\/strong> ambiente &#8211; Las barredoras de calles y los aspersores, junto con las barredoras de calles, hacen su parte para proteger el medio ambiente. A medida que la suciedad y los productos qu\u00edmicos se acumulan en las carreteras, las tormentas pueden arrastrar toxinas nocivas al sistema de drenaje de la ciudad y al suministro de agua local. Mediante el uso de limpiadores de calles, se pueden eliminar los contaminantes antes de que impacten en el medio ambiente.<\/li>\n<li><strong>Est\u00e9ticamente agradable<\/strong> &#8211; Ya sea en el interior de su casa o en el exterior de su vecino, a nadie le gusta ver la suciedad, la mugre y la suciedad. Esto no es diferente de sus carreteras. Las limpiezas regulares de las calles mejoran la est\u00e9tica de las mismas y ayudan al valor general de la propiedad de los hogares y negocios locales.<\/li>\n<\/ul>\n<h3>Lavadoras y aspersores Etnyre<\/h3>\n<p>Controle el polvo y limpie r\u00e1pidamente las calzadas con las potentes barredoras y aspersores de calles de Etnyre. Desde la carga \u00fatil \u00f3ptima hasta los ajustes f\u00e1ciles sobre la marcha, tendr\u00e1 una unidad eficiente y fiable para casi cualquier lugar, incluidos los aeropuertos, las f\u00e1bricas, las obras de construcci\u00f3n de carreteras y los circuitos de carreras. Y despu\u00e9s de utilizar una de las muchas m\u00e1quinas de mantenimiento de carreteras de Etnyre, puede limpiar adecuadamente despu\u00e9s con nuestras lavadoras y aspersores. Algunas de las mejores caracter\u00edsticas de nuestros limpiadores de calles son:<\/p>\n<ul>\n<li>Sistema patentado de control de la presi\u00f3n del agua que proporciona siempre un chorro uniforme<\/li>\n<li>Bomba de agua de accionamiento hidrost\u00e1tico con menos piezas que la transmisi\u00f3n general<\/li>\n<li>Dep\u00f3sito de auto-llenado para completar el trabajo m\u00e1s r\u00e1pidamente<\/li>\n<li>Dep\u00f3sito de acero de calibre 10 de alta resistencia<\/li>\n<li>Fabricado con materiales ligeros<\/li>\n<\/ul>\n<h3>Ll\u00e1menos<\/h3>\n<p>Ya sea un peque\u00f1o contratista, un equipo de mantenimiento de carreteras o un municipio, Etnyre puede suministrarle las mejores barredoras y rociadores de calles disponibles en los EE.UU. O, para el equipo de mantenimiento de carreteras de la m\u00e1s alta calidad a precios asequibles, p\u00f3ngase en contacto con Etnyre hoy en el <a href=\"tel:8157322116\">815-732-2116<\/a>. Estamos ubicados en 1333 Daysville Rd, Oregon, IL 61061. Etnyre tiene su sede en Illinois y atiende a clientes de todo Estados Unidos.<\/p>\n","protected":false},"excerpt":{"rendered":"<p>Mantenga sus carreteras limpias con los baldeadores y aspersores de Etnyre Adem\u00e1s del mantenimiento y las reparaciones que se realizan en las carreteras cada temporada, es igual de importante asegurarse de que las calles, los aparcamientos y las carreteras de la ciudad permanezcan limpios. Sin embargo, sin el equipo adecuado, puede ser una tarea dif\u00edcil. &hellip; <a href=\"https:\/\/etnyre.com\/es\/lavadores-aspersores\/\" class=\"more-link\">Continue reading <span class=\"screen-reader-text\">Lavadores \/ aspersores<\/span><\/a><\/p>\n","protected":false},"author":1,"featured_media":1035,"parent":0,"menu_order":0,"comment_status":"closed","ping_status":"closed","template":"template\/product-sub-page.php","meta":{"_acf_changed":false,"footnotes":""},"class_list":["post-1416","page","type-page","status-publish","has-post-thumbnail","hentry"],"acf":[],"_links":{"self":[{"href":"https:\/\/etnyre.com\/es\/wp-json\/wp\/v2\/pages\/1416","targetHints":{"allow":["GET"]}}],"collection":[{"href":"https:\/\/etnyre.com\/es\/wp-json\/wp\/v2\/pages"}],"about":[{"href":"https:\/\/etnyre.com\/es\/wp-json\/wp\/v2\/types\/page"}],"author":[{"embeddable":true,"href":"https:\/\/etnyre.com\/es\/wp-json\/wp\/v2\/users\/1"}],"replies":[{"embeddable":true,"href":"https:\/\/etnyre.com\/es\/wp-json\/wp\/v2\/comments?post=1416"}],"version-history":[{"count":2,"href":"https:\/\/etnyre.com\/es\/wp-json\/wp\/v2\/pages\/1416\/revisions"}],"predecessor-version":[{"id":5803,"href":"https:\/\/etnyre.com\/es\/wp-json\/wp\/v2\/pages\/1416\/revisions\/5803"}],"wp:featuredmedia":[{"embeddable":true,"href":"https:\/\/etnyre.com\/es\/wp-json\/wp\/v2\/media\/1035"}],"wp:attachment":[{"href":"https:\/\/etnyre.com\/es\/wp-json\/wp\/v2\/media?parent=1416"}],"curies":[{"name":"wp","href":"https:\/\/api.w.org\/{rel}","templated":true}]}}