{"id":14271,"date":"2025-05-28T06:10:31","date_gmt":"2025-05-28T06:10:31","guid":{"rendered":"https:\/\/etnyre.com\/maquina-selladora-de-grietas-engomada-ecs-250\/"},"modified":"2025-12-17T19:20:18","modified_gmt":"2025-12-17T19:20:18","slug":"maquina-selladora-de-grietas-engomada-ecs-250","status":"publish","type":"page","link":"https:\/\/etnyre.com\/es\/maquina-selladora-de-grietas-engomada-ecs-250\/","title":{"rendered":"M\u00e1quina selladora de grietas ECS-250"},"content":{"rendered":"<p>El ECS-250 es un dise\u00f1o cl\u00e1sico y probado de 250 galones. Funciona con un solo combustible diesel para garantizar la seguridad y ofrecer la m\u00e1xima comodidad. El motor es fiable y puede alimentar los sistemas hidr\u00e1ulicos y el\u00e9ctricos ECS. Tambi\u00e9n disfrutar\u00e1s de una variedad de caracter\u00edsticas de seguridad y eficiencia, entre las que se incluyen:   <\/p>\n<ul>\n<li>Dos puertas de carga selladas<\/li>\n<li>Pestillos de seguridad para puertas que cumplen la normativa DOT<\/li>\n<li>Controles de funcionamiento situados en el centro<\/li>\n<li>Brazo de manguera para minimizar el desgaste del suelo<\/li>\n<li>Panel de control de temperatura f\u00e1cil de usar<\/li>\n<\/ul>\n<p class=\"clr\">Para m\u00e1s detalles, haz clic en el enlace para ver el <a href=\"http:\/\/etnyre.com\/wp-content\/uploads\/2021\/10\/L-ECS-24.pdf\" target=\"_blank\" rel=\"noopener\">folleto completo del ECS-250.<\/a><\/p>\n<p>Para ver la versi\u00f3n ampliada de 400 galones, haz clic en este enlace:  <a href=\"https:\/\/etnyre.com\/ecs-400-rubber-crack-sealing-machine\/\">ECS-400 Gal\u00f3n<\/a><\/p>\n<p>Para pedir la Selladora de Grietas Engomada ECS-250 o solicitar informaci\u00f3n adicional, llama <a href=\"tel:9286847851\">al 928.684.7851<\/a> o rellena el <a href=\"https:\/\/etnyre.com\/contact-us\/\" target=\"_blank\" rel=\"noopener\">formulario<\/a> y nuestro equipo se pondr\u00e1 en contacto contigo en breve.<\/p>\n","protected":false},"excerpt":{"rendered":"<p>El ECS-250 es un dise\u00f1o cl\u00e1sico y probado de 250 galones. Funciona con un solo combustible diesel para garantizar la seguridad y ofrecer la m\u00e1xima comodidad. El motor es fiable y puede alimentar los sistemas hidr\u00e1ulicos y el\u00e9ctricos ECS. Tambi\u00e9n disfrutar\u00e1s de una variedad de caracter\u00edsticas de seguridad y eficiencia, entre las que se incluyen: &hellip; <a href=\"https:\/\/etnyre.com\/es\/maquina-selladora-de-grietas-engomada-ecs-250\/\" class=\"more-link\">Continue reading <span class=\"screen-reader-text\">M\u00e1quina selladora de grietas ECS-250<\/span><\/a><\/p>\n","protected":false},"author":1,"featured_media":0,"parent":0,"menu_order":0,"comment_status":"closed","ping_status":"closed","template":"template\/product-detail-page.php","meta":{"_acf_changed":false,"footnotes":""},"class_list":["post-14271","page","type-page","status-publish","hentry"],"acf":[],"_links":{"self":[{"href":"https:\/\/etnyre.com\/es\/wp-json\/wp\/v2\/pages\/14271","targetHints":{"allow":["GET"]}}],"collection":[{"href":"https:\/\/etnyre.com\/es\/wp-json\/wp\/v2\/pages"}],"about":[{"href":"https:\/\/etnyre.com\/es\/wp-json\/wp\/v2\/types\/page"}],"author":[{"embeddable":true,"href":"https:\/\/etnyre.com\/es\/wp-json\/wp\/v2\/users\/1"}],"replies":[{"embeddable":true,"href":"https:\/\/etnyre.com\/es\/wp-json\/wp\/v2\/comments?post=14271"}],"version-history":[{"count":8,"href":"https:\/\/etnyre.com\/es\/wp-json\/wp\/v2\/pages\/14271\/revisions"}],"predecessor-version":[{"id":14946,"href":"https:\/\/etnyre.com\/es\/wp-json\/wp\/v2\/pages\/14271\/revisions\/14946"}],"wp:attachment":[{"href":"https:\/\/etnyre.com\/es\/wp-json\/wp\/v2\/media?parent=14271"}],"curies":[{"name":"wp","href":"https:\/\/api.w.org\/{rel}","templated":true}]}}