{"id":14323,"date":"2025-05-28T06:48:10","date_gmt":"2025-05-28T06:48:10","guid":{"rendered":"https:\/\/etnyre.com\/maquina-selladora-de-grietas-de-caucho-ecs-400\/"},"modified":"2025-12-17T19:21:29","modified_gmt":"2025-12-17T19:21:29","slug":"maquina-selladora-de-grietas-de-caucho-ecs-400","status":"publish","type":"page","link":"https:\/\/etnyre.com\/es\/maquina-selladora-de-grietas-de-caucho-ecs-400\/","title":{"rendered":"Selladora de grietas ECS-400"},"content":{"rendered":"<p>La ECS-400 es una selladora de grietas totalmente di\u00e9sel de 400 galones con un motor di\u00e9sel de 27 CV. Este dise\u00f1o de eficacia probada es potente y fiable. Ofrece un arranque r\u00e1pido y una mayor capacidad de calentamiento, por lo que hay menos tiempo de inactividad para el personal. Este modelo tambi\u00e9n incluye:   <\/p>\n<ul>\n<li>Dos puertas de carga selladas<\/li>\n<li>Pestillos de seguridad para puertas que cumplen la normativa DOT<\/li>\n<li>Controles de funcionamiento situados en el centro<\/li>\n<li>Brazo de manguera para minimizar el desgaste por arrastre en el suelo<\/li>\n<li>Sistema sin aclarado<\/li>\n<li>Panel de control de temperatura f\u00e1cil de usar<\/li>\n<\/ul>\n<p class=\"clr\">Para m\u00e1s detalles, haz clic en este enlace para ver el <a href=\"http:\/\/etnyre.com\/wp-content\/uploads\/2021\/10\/L-ECS-24.pdf\" target=\"_blank\" rel=\"noopener\">folleto completo de la ECS-400<\/a>.<\/p>\n<p>Para ver la versi\u00f3n m\u00e1s peque\u00f1a de 250 galones, haz clic en este enlace:  <a href=\"https:\/\/etnyre.com\/ecs-250-rubberized-crack-seal-machine\/\">ECS-250<\/a>.<\/p>\n<p>Para pedir la Selladora de Grietas de Caucho ECS-400 o solicitar informaci\u00f3n adicional, llama <a href=\"tel:9286847851\">al 928.684.7851<\/a> o rellena el <a href=\"https:\/\/etnyre.com\/contact-us\/\" target=\"_blank\" rel=\"noopener\">formulario<\/a> y nuestro equipo se pondr\u00e1 en contacto contigo en breve.<\/p>\n","protected":false},"excerpt":{"rendered":"<p>La ECS-400 es una selladora de grietas totalmente di\u00e9sel de 400 galones con un motor di\u00e9sel de 27 CV. Este dise\u00f1o de eficacia probada es potente y fiable. Ofrece un arranque r\u00e1pido y una mayor capacidad de calentamiento, por lo que hay menos tiempo de inactividad para el personal. Este modelo tambi\u00e9n incluye: Dos puertas &hellip; <a href=\"https:\/\/etnyre.com\/es\/maquina-selladora-de-grietas-de-caucho-ecs-400\/\" class=\"more-link\">Continue reading <span class=\"screen-reader-text\">Selladora de grietas ECS-400<\/span><\/a><\/p>\n","protected":false},"author":1,"featured_media":0,"parent":0,"menu_order":0,"comment_status":"closed","ping_status":"closed","template":"template\/product-detail-page.php","meta":{"_acf_changed":false,"footnotes":""},"class_list":["post-14323","page","type-page","status-publish","hentry"],"acf":[],"_links":{"self":[{"href":"https:\/\/etnyre.com\/es\/wp-json\/wp\/v2\/pages\/14323","targetHints":{"allow":["GET"]}}],"collection":[{"href":"https:\/\/etnyre.com\/es\/wp-json\/wp\/v2\/pages"}],"about":[{"href":"https:\/\/etnyre.com\/es\/wp-json\/wp\/v2\/types\/page"}],"author":[{"embeddable":true,"href":"https:\/\/etnyre.com\/es\/wp-json\/wp\/v2\/users\/1"}],"replies":[{"embeddable":true,"href":"https:\/\/etnyre.com\/es\/wp-json\/wp\/v2\/comments?post=14323"}],"version-history":[{"count":7,"href":"https:\/\/etnyre.com\/es\/wp-json\/wp\/v2\/pages\/14323\/revisions"}],"predecessor-version":[{"id":14948,"href":"https:\/\/etnyre.com\/es\/wp-json\/wp\/v2\/pages\/14323\/revisions\/14948"}],"wp:attachment":[{"href":"https:\/\/etnyre.com\/es\/wp-json\/wp\/v2\/media?parent=14323"}],"curies":[{"name":"wp","href":"https:\/\/api.w.org\/{rel}","templated":true}]}}