{"id":14985,"date":"2026-02-06T05:31:02","date_gmt":"2026-02-06T05:31:02","guid":{"rendered":"https:\/\/etnyre.com\/remolques-de-eje-deslizante\/"},"modified":"2026-04-09T18:19:17","modified_gmt":"2026-04-09T18:19:17","slug":"remolques-de-eje-deslizante","status":"publish","type":"page","link":"https:\/\/etnyre.com\/es\/remolques-de-eje-deslizante\/","title":{"rendered":"Remolques de eje deslizante"},"content":{"rendered":"<h2>Construido para cargas pesadas. Dise\u00f1ado para el control. <\/h2>\n<p>Los remolques de eje deslizante est\u00e1n dise\u00f1ados para contratistas que necesitan mayor flexibilidad y control al transportar equipos pesados. Las configuraciones de eje deslizante ayudan a mejorar la distribuci\u00f3n del peso, la maniobrabilidad y el cumplimiento en una amplia gama de escenarios de transporte. <\/p>\n<p>Los remolques de eje deslizante Etnyre est\u00e1n fabricados para aplicaciones industriales, de servicios p\u00fablicos y de construcci\u00f3n de carreteras exigentes, en las que la estabilidad, la eficacia y el rendimiento predecible son importantes en cada movimiento.<\/p>\n<h3>Por qu\u00e9 elegir un remolque de plataforma baja con eje deslizante<\/h3>\n<p>Un remolque de plataforma baja con eje deslizante proporciona un equilibrio excepcional en comparaci\u00f3n con las configuraciones de eje fijo. La exclusiva configuraci\u00f3n de eje deslizante ayuda a los operadores a cargar por detr\u00e1s con seguridad sin desmontar el cami\u00f3n, cumplir los requisitos de peso por eje y manejar distintos tipos de equipo sin sacrificar la estabilidad. <\/p>\n<p>Los contratistas eligen los remolques de eje deslizante cuando lo necesitan:<\/p>\n<ul class=\"col-2\">\n<li>Mejor distribuci\u00f3n del peso en las distintas cargas \u00fatiles<\/li>\n<li>Mayor flexibilidad operativa para diferentes tama\u00f1os de equipos<\/li>\n<li>Maniobrabilidad mejorada manteniendo un \u00e1ngulo de carga bajo<\/li>\n<li>Apoyo al cumplimiento legal en diferentes condiciones de transporte<\/li>\n<\/ul>\n<div class=\"about_left\"><img decoding=\"async\" src=\"http:\/\/etnyre.com\/wp-content\/uploads\/2026\/02\/slide-axle-trailer-img2-500x350.jpg\" alt=\"Remolques de eje deslizante\" title=\"\"><\/div>\n<h4>El Remolque de Eje Deslizante Etnyre 55TL3-SA<\/h4>\n<p>El Remolque de Eje Deslizante Etnyre 55TL3-SA est\u00e1 especialmente dise\u00f1ado para transportar equipos pesados con confianza, estabilidad y eficacia. Dise\u00f1ado con una capacidad de carga distribuida de 55 toneladas y un robusto dise\u00f1o de perfil bajo, este remolque ofrece un rendimiento fiable para las exigentes aplicaciones de transporte en la construcci\u00f3n, los servicios p\u00fablicos y la industria. <\/p>\n<p>Con un cuello de cisne fijo de ancho completo, suspensi\u00f3n neum\u00e1tica y un sistema de eje deslizante, la 55TL3-SA proporciona una distribuci\u00f3n del peso y una maniobrabilidad \u00f3ptimas, al tiempo que mantiene un \u00e1ngulo de carga bajo para cargar el equipo de forma m\u00e1s segura y sencilla.<\/p>\n<h3>Beneficios clave<\/h3>\n<ul>\n<li><strong>Capacidad distribuida de 55 toneladas<\/strong>: maneja equipos pesados con confianza, incluyendo hasta 35 toneladas en cualquier secci\u00f3n de 3 metros.<\/li>\n<li><strong>Dise\u00f1o de eje deslizante<\/strong> &#8211; Mejora el equilibrio de la carga, el cumplimiento de la legislaci\u00f3n y la flexibilidad operativa con cargas \u00fatiles variables, permitiendo la carga trasera sin mover el cami\u00f3n.<\/li>\n<li>Tarima de apitong de <strong>bajo \u00e1ngulo de carga<\/strong> &#8211; La tarima de apitong de 1\u00bd\u00bb de ancho proporciona durabilidad, tracci\u00f3n y menor tensi\u00f3n de carga.<\/li>\n<li><strong>Suspensi\u00f3n neum\u00e1tica<\/strong> &#8211; Mejora la calidad de la conducci\u00f3n, protege los equipos y mejora la estabilidad durante el transporte.<\/li>\n<li><strong>Controles inteligentes integrados<\/strong>: el cabrestante hidr\u00e1ulico con Bluetooth y el mando a distancia para remolque completo mejoran la seguridad y la facilidad de manejo.<\/li>\n<\/ul>\n<h3>Dise\u00f1ado para aplicaciones exigentes<\/h3>\n<p>El Remolque de Eje Deslizante Etnyre 55TL3-SA es ideal para transportar:<\/p>\n<ul class=\"col-2\">\n<li>Adoquines y maquinaria para la construcci\u00f3n de carreteras<\/li>\n<li>Maquinaria de construcci\u00f3n y movimiento de tierras<\/li>\n<li>Equipamiento de servicios p\u00fablicos e infraestructuras<\/li>\n<li>Activos de flotas industriales y municipales<\/li>\n<\/ul>\n<p>Construida pensando en la durabilidad, la seguridad y la eficiencia del operario, la 55TL3-SA ofrece un rendimiento fiable all\u00ed donde el tiempo de actividad es m\u00e1s importante.<\/p>\n<h3>Consigue precios y disponibilidad para Etnyre Remolques de Eje Deslizante<\/h3>\n<p>Transporta equipos pesados de forma segura y eficaz con los remolques de eje deslizante Etnyre, dise\u00f1ados para cargas equilibradas y un control seguro. Para obtener m\u00e1s informaci\u00f3n sobre las configuraciones disponibles o la l\u00ednea completa de equipos de construcci\u00f3n de carreteras de Etnyre, ponte en contacto con E.D. Etnyre &amp; Co. hoy mismo en el <a href=\"tel:8157322116\"><strong>815-732-2116<\/strong><\/a>. <\/p>\n<p><strong>E.D. Etnyre &amp; Co.<\/strong><br \/>\n1333 South Daysville Road<br \/>\nOregon, Illinois 61061<\/p>\n<p>Etnyre tiene su sede en Illinois y presta servicio a contratistas, empresas de construcci\u00f3n y municipios de todo Estados Unidos. Visita nuestra p\u00e1gina de Contacto para solicitar informaci\u00f3n adicional o hablar con un miembro experimentado del equipo. <\/p>\n","protected":false},"excerpt":{"rendered":"<p>Construido para cargas pesadas. Dise\u00f1ado para el control. Los remolques de eje deslizante est\u00e1n dise\u00f1ados para contratistas que necesitan mayor flexibilidad y control al transportar equipos pesados. Las configuraciones de eje deslizante ayudan a mejorar la distribuci\u00f3n del peso, la maniobrabilidad y el cumplimiento en una amplia gama de escenarios de transporte. Los remolques de &hellip; <a href=\"https:\/\/etnyre.com\/es\/remolques-de-eje-deslizante\/\" class=\"more-link\">Continue reading <span class=\"screen-reader-text\">Remolques de eje deslizante<\/span><\/a><\/p>\n","protected":false},"author":1,"featured_media":14987,"parent":0,"menu_order":0,"comment_status":"closed","ping_status":"closed","template":"template\/product-sub-page.php","meta":{"_acf_changed":false,"footnotes":""},"class_list":["post-14985","page","type-page","status-publish","has-post-thumbnail","hentry"],"acf":[],"_links":{"self":[{"href":"https:\/\/etnyre.com\/es\/wp-json\/wp\/v2\/pages\/14985","targetHints":{"allow":["GET"]}}],"collection":[{"href":"https:\/\/etnyre.com\/es\/wp-json\/wp\/v2\/pages"}],"about":[{"href":"https:\/\/etnyre.com\/es\/wp-json\/wp\/v2\/types\/page"}],"author":[{"embeddable":true,"href":"https:\/\/etnyre.com\/es\/wp-json\/wp\/v2\/users\/1"}],"replies":[{"embeddable":true,"href":"https:\/\/etnyre.com\/es\/wp-json\/wp\/v2\/comments?post=14985"}],"version-history":[{"count":9,"href":"https:\/\/etnyre.com\/es\/wp-json\/wp\/v2\/pages\/14985\/revisions"}],"predecessor-version":[{"id":15102,"href":"https:\/\/etnyre.com\/es\/wp-json\/wp\/v2\/pages\/14985\/revisions\/15102"}],"wp:featuredmedia":[{"embeddable":true,"href":"https:\/\/etnyre.com\/es\/wp-json\/wp\/v2\/media\/14987"}],"wp:attachment":[{"href":"https:\/\/etnyre.com\/es\/wp-json\/wp\/v2\/media?parent=14985"}],"curies":[{"name":"wp","href":"https:\/\/api.w.org\/{rel}","templated":true}]}}