{"id":14998,"date":"2026-02-06T05:40:45","date_gmt":"2026-02-06T05:40:45","guid":{"rendered":"https:\/\/etnyre.com\/etnyre-link-telematica\/"},"modified":"2026-03-09T13:08:57","modified_gmt":"2026-03-09T13:08:57","slug":"etnyre-link-telematica","status":"publish","type":"page","link":"https:\/\/etnyre.com\/es\/etnyre-link-telematica\/","title":{"rendered":"Etnyre Link\u2122 Telem\u00e1tica"},"content":{"rendered":"<h2>Inteligencia en tiempo real para una gesti\u00f3n m\u00e1s inteligente de la flota<\/h2>\n<p>La gesti\u00f3n de las flotas de equipos modernos requiere algo m\u00e1s que un mantenimiento programado y llamadas de servicio reactivas. El tiempo de inactividad es costoso, las ventanas de servicio son ajustadas y la visibilidad limitada de las m\u00e1quinas puede dificultar la planificaci\u00f3n, la priorizaci\u00f3n y la respuesta con confianza. <\/p>\n<p>La telem\u00e1tica Etnyre Link\u2122 proporciona inteligencia de m\u00e1quina en tiempo real que ayuda a los propietarios y operadores de flotas a reducir el tiempo de inactividad, mejorar la eficiencia del servicio y tomar decisiones informadas, tanto si gestionan una sola m\u00e1quina como una flota entera.<\/p>\n<h3>El reto de gestionar las flotas de equipos actuales<\/h3>\n<p>Los operadores de flotas se enfrentan a una presi\u00f3n cada vez mayor para mantener la productividad de los equipos, controlando al mismo tiempo los costes operativos. Muchos problemas de mantenimiento pasan desapercibidos hasta que disminuye el rendimiento o se producen aver\u00edas, lo que provoca paradas imprevistas y reparaciones precipitadas. <\/p>\n<p>Sin una visibilidad clara del uso, el estado y la ubicaci\u00f3n de las m\u00e1quinas, las decisiones de la flota suelen ser reactivas en lugar de proactivas. Etnyre Link est\u00e1 dise\u00f1ado para cerrar esa brecha proporcionando datos oportunos y procesables directamente desde tus equipos. <\/p>\n<div class=\"about_left\"><img decoding=\"async\" src=\"http:\/\/etnyre.com\/wp-content\/uploads\/2026\/02\/construction-worker-multitasking.jpg\" alt=\"Etnyre Link\u2122 Telem\u00e1tica\" title=\"\"><\/div>\n<h3>\u00bfQu\u00e9 es el sistema telem\u00e1tico Etnyre Link\u2122?<\/h3>\n<p>Etnyre Link Telematics combina la tecnolog\u00eda a bordo de las m\u00e1quinas con el an\u00e1lisis seguro de datos basado en la nube para ayudar a las flotas a controlar, gestionar y optimizar el rendimiento de los equipos. Los datos en tiempo real se transmiten desde cada m\u00e1quina a un portal en la nube alojado en AWS, donde pueden acceder a ellos los gestores de flotas, los operadores y los equipos de servicio. <\/p>\n<p>Este sistema conectado permite a los usuarios hacer un seguimiento del estado de la m\u00e1quina, diagnosticar problemas a distancia y desplegar actualizaciones sin poner el equipo fuera de servicio, lo que permite una planificaci\u00f3n m\u00e1s inteligente del mantenimiento y un mayor tiempo de actividad.<\/p>\n<h3 class=\"clr\">Qu\u00e9 significa esto para tu empresa<\/h3>\n<p>Etnyre Link Telematics ayuda a los propietarios y operadores de flotas:<\/p>\n<ul class=\"col-2\">\n<li>Reduce el tiempo de inactividad y los costes generales del servicio<\/li>\n<li>Mejorar la satisfacci\u00f3n del cliente mediante tiempos de respuesta m\u00e1s r\u00e1pidos<\/li>\n<li>Anticipar las necesidades de servicio antes de que se produzcan fallos<\/li>\n<li>Accede a datos precisos sobre el uso y el rendimiento de la m\u00e1quina<\/li>\n<li>Racionalizar las operaciones de servicio y mantenimiento de la flota<\/li>\n<\/ul>\n<h3>C\u00f3mo funciona el sistema Etnyre Link<\/h3>\n<p class=\"FirstParagraph\">Etnyre Link es un sistema integrado dise\u00f1ado espec\u00edficamente para los equipos Etnyre. Cada componente trabaja conjuntamente para ofrecer datos fiables y perspectivas significativas. <\/p>\n<h4>Pantalla IFM<\/h4>\n<p class=\"FirstParagraph\">La pantalla IFM proporciona a los operadores datos de la m\u00e1quina en tiempo real y el estado del sistema directamente en la cabina, lo que permite un funcionamiento informado y un conocimiento inmediato de las condiciones de la m\u00e1quina.<\/p>\n<h4>Unidad de Control Telem\u00e1tico (RCU)<\/h4>\n<p class=\"FirstParagraph\">La Unidad de Control Telem\u00e1tico sirve como pasarela segura a bordo que recopila y transmite los datos de la m\u00e1quina de forma fiable, garantizando una comunicaci\u00f3n coherente entre el equipo y la plataforma en la nube.<\/p>\n<h4>Plataforma en la nube y portal de flotas<\/h4>\n<p class=\"FirstParagraph\">Una infraestructura en la nube alojada en AWS, combinada con un portal de flotas basado en web, permite a los usuarios autorizados supervisar el estado de los equipos, revisar los datos de rendimiento y gestionar las flotas desde cualquier lugar.<\/p>\n<h4>Capacidades del Portal de Flotas y Servicios<\/h4>\n<p>A trav\u00e9s del portal Etnyre Link, los propietarios y operadores de flotas pueden acceder a herramientas de apoyo a la gesti\u00f3n proactiva de flotas:<\/p>\n<ul class=\"col-2\">\n<li>Seguimiento hist\u00f3rico y en tiempo real de los datos de la m\u00e1quina y la ubicaci\u00f3n GPS<\/li>\n<li>Informes de uso diarios, semanales y mensuales<\/li>\n<li>Diagn\u00f3stico a distancia para reducir las llamadas innecesarias al servicio t\u00e9cnico<\/li>\n<li>Actualizaciones de software por aire<\/li>\n<li>Herramientas de programaci\u00f3n del mantenimiento y seguimiento del servicio<\/li>\n<\/ul>\n<h3>Disponibilidad y compatibilidad de equipos<\/h3>\n<p class=\"FirstParagraph\">Etnyre Link\u2122 Telematics est\u00e1 disponible en las nuevas unidades Etnyre y es retroadaptable a m\u00e1quinas equipadas con pantalla t\u00e1ctil. El sistema est\u00e1 disponible actualmente para los distribuidores, y pronto ser\u00e1 compatible con los esparcidores de virutas. <\/p>\n<h3>Construido para el futuro de la inteligencia vial<\/h3>\n<p class=\"FirstParagraph\">Etnyre Link est\u00e1 dise\u00f1ado para evolucionar junto a tu flota. Se espera que las capacidades futuras incluyan el mantenimiento predictivo, la optimizaci\u00f3n de rutas, la automatizaci\u00f3n inteligente de la pulverizaci\u00f3n, el comercio electr\u00f3nico integrado de piezas y la inteligencia de m\u00e1quinas centrada en la sostenibilidad. <\/p>\n<h3>Preguntas frecuentes sobre Etnyre Link\u2122 Telematics<\/h3>\n<p><strong>\u00bfPara qui\u00e9n est\u00e1 dise\u00f1ado el sistema telem\u00e1tico Etnyre Link?<\/strong><\/p>\n<p>Etnyre Link est\u00e1 dise\u00f1ado para propietarios de flotas, operadores y gestores de servicios responsables de mantener el tiempo de actividad y gestionar el rendimiento de los equipos en varias m\u00e1quinas.<\/p>\n<p><strong>\u00bfSe puede a\u00f1adir Etnyre Link a los equipos existentes?<\/strong><\/p>\n<p>S\u00ed. Etnyre Link es retroadaptable a las m\u00e1quinas Etnyre equipadas con pantalla t\u00e1ctil, lo que permite a las flotas a\u00f1adir capacidades telem\u00e1ticas sin sustituir los equipos. <\/p>\n<p><strong>\u00bfQui\u00e9n puede acceder a los datos de Etnyre Link?<\/strong><\/p>\n<p>Los permisos de acceso pueden configurarse para gestores de flotas, operadores y equipos de servicio, garantizando que las personas adecuadas tengan la informaci\u00f3n que necesitan.<\/p>\n<p><strong>\u00bfEs seguro Etnyre Link?<\/strong><\/p>\n<p>Etnyre Link utiliza una transmisi\u00f3n de datos segura y una plataforma en la nube alojada en AWS para proteger los datos de las m\u00e1quinas y el acceso al sistema.<\/p>\n<h3>M\u00e1s informaci\u00f3n sobre Etnyre Link\u2122 Telematics<\/h3>\n<p>Mejora la visibilidad de la flota, reduce el tiempo de inactividad y apoya decisiones m\u00e1s inteligentes sobre los equipos con Etnyre Link\u2122 Telematics. Para obtener m\u00e1s informaci\u00f3n sobre disponibilidad, compatibilidad e implantaci\u00f3n, ponte en contacto con E.D. Etnyre &amp; Co. en el tel\u00e9fono <a href=\"tel:8157322116\"><strong>815-732-2116<\/strong><\/a>. <\/p>\n<p><strong>E.D. Etnyre &amp; Co.<\/strong><br \/>\n1333 South Daysville Road<br \/>\nOregon, Illinois 61061<\/p>\n<p>Etnyre tiene su sede en Illinois y presta servicio a contratistas, operadores de flotas y municipios de todo Estados Unidos. Visita nuestra p\u00e1gina Contacta con nosotros para hablar con un miembro experimentado del equipo. <\/p>\n","protected":false},"excerpt":{"rendered":"<p>Inteligencia en tiempo real para una gesti\u00f3n m\u00e1s inteligente de la flota La gesti\u00f3n de las flotas de equipos modernos requiere algo m\u00e1s que un mantenimiento programado y llamadas de servicio reactivas. El tiempo de inactividad es costoso, las ventanas de servicio son ajustadas y la visibilidad limitada de las m\u00e1quinas puede dificultar la planificaci\u00f3n, &hellip; <a href=\"https:\/\/etnyre.com\/es\/etnyre-link-telematica\/\" class=\"more-link\">Continue reading <span class=\"screen-reader-text\">Etnyre Link\u2122 Telem\u00e1tica<\/span><\/a><\/p>\n","protected":false},"author":1,"featured_media":15004,"parent":0,"menu_order":0,"comment_status":"closed","ping_status":"closed","template":"template\/product-sub-page.php","meta":{"_acf_changed":false,"footnotes":""},"class_list":["post-14998","page","type-page","status-publish","has-post-thumbnail","hentry"],"acf":[],"_links":{"self":[{"href":"https:\/\/etnyre.com\/es\/wp-json\/wp\/v2\/pages\/14998","targetHints":{"allow":["GET"]}}],"collection":[{"href":"https:\/\/etnyre.com\/es\/wp-json\/wp\/v2\/pages"}],"about":[{"href":"https:\/\/etnyre.com\/es\/wp-json\/wp\/v2\/types\/page"}],"author":[{"embeddable":true,"href":"https:\/\/etnyre.com\/es\/wp-json\/wp\/v2\/users\/1"}],"replies":[{"embeddable":true,"href":"https:\/\/etnyre.com\/es\/wp-json\/wp\/v2\/comments?post=14998"}],"version-history":[{"count":6,"href":"https:\/\/etnyre.com\/es\/wp-json\/wp\/v2\/pages\/14998\/revisions"}],"predecessor-version":[{"id":15052,"href":"https:\/\/etnyre.com\/es\/wp-json\/wp\/v2\/pages\/14998\/revisions\/15052"}],"wp:featuredmedia":[{"embeddable":true,"href":"https:\/\/etnyre.com\/es\/wp-json\/wp\/v2\/media\/15004"}],"wp:attachment":[{"href":"https:\/\/etnyre.com\/es\/wp-json\/wp\/v2\/media?parent=14998"}],"curies":[{"name":"wp","href":"https:\/\/api.w.org\/{rel}","templated":true}]}}