{"id":15077,"date":"2026-03-23T08:46:45","date_gmt":"2026-03-23T08:46:45","guid":{"rendered":"https:\/\/etnyre.com\/pagina-del-pilar-primario\/"},"modified":"2026-05-06T18:30:17","modified_gmt":"2026-05-06T18:30:17","slug":"pagina-del-pilar-primario","status":"publish","type":"page","link":"https:\/\/etnyre.com\/es\/pagina-del-pilar-primario\/","title":{"rendered":"Equipo de construcci\u00f3n de carreteras"},"content":{"rendered":"<h2>Construido para el trabajo que mantiene las carreteras en movimiento<\/h2>\n<p>Para los contratistas de asfalto y los equipos de construcci\u00f3n de carreteras, la diferencia entre un proyecto sin contratiempos y un costoso retraso a menudo se reduce a una sola cosa: un equipo de construcci\u00f3n de carreteras fiable. Todas las operaciones de construcci\u00f3n de carreteras dependen de equipos capaces de aplicar el material con precisi\u00f3n, transportarlo con seguridad y funcionar continuamente en condiciones exigentes. <\/p>\n<p>Desde el momento en que los materiales salen de la planta hasta su colocaci\u00f3n final en la calzada, los contratistas deben equilibrar precisi\u00f3n, seguridad, eficiencia y escala. Los fallos del equipo, la aplicaci\u00f3n incoherente o la p\u00e9rdida de material no s\u00f3lo ralentizan los proyectos, sino que afectan a la calidad, la seguridad de las cuadrillas y el rendimiento a largo plazo. Por eso los equipos de construcci\u00f3n de carreteras deben funcionar de forma constante, segura y eficiente, d\u00eda tras d\u00eda, trabajo tras trabajo.  <\/p>\n<div class=\"common_color_box\">\n<p><strong>Ah\u00ed es donde entra E.D. Etnyre &amp; Co.<\/strong><\/p>\n<\/div>\n<p>Fundada en 1898, Etnyre lleva m\u00e1s de 125 a\u00f1os \u00aballanando el camino\u00bb. Lo hemos hecho construyendo equipos de construcci\u00f3n de carreteras orientados a los profesionales del asfalto en todo Estados Unidos y en todo el mundo. Nuestros equipos combinan un siglo de principios de dise\u00f1o probados con tecnolog\u00eda moderna para ofrecer un rendimiento, una durabilidad y un valor a largo plazo inigualables.  <\/p>\n<p>Tanto si est\u00e1s repavimentando autopistas en Texas, manteniendo carreteras municipales en Illinois o conservando el pavimento en California, los equipos Etnyre est\u00e1n dise\u00f1ados para que tu operaci\u00f3n siga avanzando.<\/p>\n","protected":false},"excerpt":{"rendered":"<p>Construido para el trabajo que mantiene las carreteras en movimiento Para los contratistas de asfalto y los equipos de construcci\u00f3n de carreteras, la diferencia entre un proyecto sin contratiempos y un costoso retraso a menudo se reduce a una sola cosa: un equipo de construcci\u00f3n de carreteras fiable. Todas las operaciones de construcci\u00f3n de carreteras &hellip; <a href=\"https:\/\/etnyre.com\/es\/pagina-del-pilar-primario\/\" class=\"more-link\">Continue reading <span class=\"screen-reader-text\">Equipo de construcci\u00f3n de carreteras<\/span><\/a><\/p>\n","protected":false},"author":1,"featured_media":15124,"parent":0,"menu_order":0,"comment_status":"closed","ping_status":"closed","template":"template\/primary-pillar-page.php","meta":{"_acf_changed":false,"footnotes":""},"class_list":["post-15077","page","type-page","status-publish","has-post-thumbnail","hentry"],"acf":[],"_links":{"self":[{"href":"https:\/\/etnyre.com\/es\/wp-json\/wp\/v2\/pages\/15077","targetHints":{"allow":["GET"]}}],"collection":[{"href":"https:\/\/etnyre.com\/es\/wp-json\/wp\/v2\/pages"}],"about":[{"href":"https:\/\/etnyre.com\/es\/wp-json\/wp\/v2\/types\/page"}],"author":[{"embeddable":true,"href":"https:\/\/etnyre.com\/es\/wp-json\/wp\/v2\/users\/1"}],"replies":[{"embeddable":true,"href":"https:\/\/etnyre.com\/es\/wp-json\/wp\/v2\/comments?post=15077"}],"version-history":[{"count":8,"href":"https:\/\/etnyre.com\/es\/wp-json\/wp\/v2\/pages\/15077\/revisions"}],"predecessor-version":[{"id":15121,"href":"https:\/\/etnyre.com\/es\/wp-json\/wp\/v2\/pages\/15077\/revisions\/15121"}],"wp:featuredmedia":[{"embeddable":true,"href":"https:\/\/etnyre.com\/es\/wp-json\/wp\/v2\/media\/15124"}],"wp:attachment":[{"href":"https:\/\/etnyre.com\/es\/wp-json\/wp\/v2\/media?parent=15077"}],"curies":[{"name":"wp","href":"https:\/\/api.w.org\/{rel}","templated":true}]}}