{"id":15080,"date":"2026-03-23T08:51:28","date_gmt":"2026-03-23T08:51:28","guid":{"rendered":"https:\/\/etnyre.com\/pagina-del-pilar-secundario\/"},"modified":"2026-05-06T18:28:18","modified_gmt":"2026-05-06T18:28:18","slug":"pagina-del-pilar-secundario","status":"publish","type":"page","link":"https:\/\/etnyre.com\/es\/pagina-del-pilar-secundario\/","title":{"rendered":"Distribuidores de asfalto"},"content":{"rendered":"<p>Un distribuidor de asfalto es la columna vertebral del \u00e9xito de cualquier operaci\u00f3n de tratamiento o pavimentaci\u00f3n de superficies. Estas m\u00e1quinas est\u00e1n dise\u00f1adas para calentar, transportar y aplicar con precisi\u00f3n asfalto l\u00edquido o emulsi\u00f3n a velocidades y temperaturas controladas. Cuando la aplicaci\u00f3n por pulverizaci\u00f3n es inconsistente o el equipo no est\u00e1 bien adaptado al trabajo, el resultado es material desperdiciado, fallos prematuros del pavimento y costosas repeticiones.  <\/p>\n<p>M\u00e1s all\u00e1 de la colocaci\u00f3n b\u00e1sica del material, los distribuidores de asfalto influyen directamente en el rendimiento del firme. Una aplicaci\u00f3n uniforme favorece una uni\u00f3n adecuada entre capas, una incrustaci\u00f3n consistente de la gravilla durante las operaciones de sellado con gravilla, y un sellado eficaz contra la intrusi\u00f3n de agua. <\/p>\n<div class=\"common_color_box\">\n<p><strong>Durante m\u00e1s de 125 a\u00f1os, E.D. Etnyre &amp; Co. ha ayudado a contratistas, municipios y DOT a aplicar el asfalto de forma uniforme, segura y eficaz como parte de una gama m\u00e1s amplia de equipos de construcci\u00f3n y mantenimiento de carreteras.<\/strong><\/p>\n<\/div>\n","protected":false},"excerpt":{"rendered":"<p>Un distribuidor de asfalto es la columna vertebral del \u00e9xito de cualquier operaci\u00f3n de tratamiento o pavimentaci\u00f3n de superficies. Estas m\u00e1quinas est\u00e1n dise\u00f1adas para calentar, transportar y aplicar con precisi\u00f3n asfalto l\u00edquido o emulsi\u00f3n a velocidades y temperaturas controladas. Cuando la aplicaci\u00f3n por pulverizaci\u00f3n es inconsistente o el equipo no est\u00e1 bien adaptado al trabajo, &hellip; <a href=\"https:\/\/etnyre.com\/es\/pagina-del-pilar-secundario\/\" class=\"more-link\">Continue reading <span class=\"screen-reader-text\">Distribuidores de asfalto<\/span><\/a><\/p>\n","protected":false},"author":1,"featured_media":7371,"parent":0,"menu_order":0,"comment_status":"closed","ping_status":"closed","template":"template\/secondary-pillar-page.php","meta":{"_acf_changed":false,"footnotes":""},"class_list":["post-15080","page","type-page","status-publish","has-post-thumbnail","hentry"],"acf":[],"_links":{"self":[{"href":"https:\/\/etnyre.com\/es\/wp-json\/wp\/v2\/pages\/15080","targetHints":{"allow":["GET"]}}],"collection":[{"href":"https:\/\/etnyre.com\/es\/wp-json\/wp\/v2\/pages"}],"about":[{"href":"https:\/\/etnyre.com\/es\/wp-json\/wp\/v2\/types\/page"}],"author":[{"embeddable":true,"href":"https:\/\/etnyre.com\/es\/wp-json\/wp\/v2\/users\/1"}],"replies":[{"embeddable":true,"href":"https:\/\/etnyre.com\/es\/wp-json\/wp\/v2\/comments?post=15080"}],"version-history":[{"count":6,"href":"https:\/\/etnyre.com\/es\/wp-json\/wp\/v2\/pages\/15080\/revisions"}],"predecessor-version":[{"id":15240,"href":"https:\/\/etnyre.com\/es\/wp-json\/wp\/v2\/pages\/15080\/revisions\/15240"}],"wp:featuredmedia":[{"embeddable":true,"href":"https:\/\/etnyre.com\/es\/wp-json\/wp\/v2\/media\/7371"}],"wp:attachment":[{"href":"https:\/\/etnyre.com\/es\/wp-json\/wp\/v2\/media?parent=15080"}],"curies":[{"name":"wp","href":"https:\/\/api.w.org\/{rel}","templated":true}]}}