{"id":15276,"date":"2026-04-16T10:40:48","date_gmt":"2026-04-16T10:40:48","guid":{"rendered":"https:\/\/etnyre.com\/selladores-de-grietas-2\/"},"modified":"2026-05-06T18:26:45","modified_gmt":"2026-05-06T18:26:45","slug":"selladores-de-grietas-2","status":"publish","type":"page","link":"https:\/\/etnyre.com\/es\/selladores-de-grietas-2\/","title":{"rendered":"Selladores de grietas"},"content":{"rendered":"<p>Las selladoras de grietas son una de las herramientas m\u00e1s cr\u00edticas en la conservaci\u00f3n moderna de pavimentos. Dise\u00f1adas para calentar, hacer circular y aplicar sellador de grietas engomado, estas m\u00e1quinas detienen la infiltraci\u00f3n de agua antes de que las grietas se extiendan, las bases fallen y sea inevitable realizar reparaciones a fondo. Aunque las grietas puedan parecer menores al principio, a menudo son los primeros indicios de deterioro estructural bajo la superficie.  <\/p>\n<p>Para los contratistas de asfalto, los municipios y los equipos de mantenimiento de carreteras, el sellado de grietas es una estrategia proactiva y rentable, no s\u00f3lo un mantenimiento rutinario. Un sellado adecuado de las grietas impide que el agua, los productos qu\u00edmicos y los residuos aceleren los da\u00f1os por congelaci\u00f3n y descongelaci\u00f3n, la oxidaci\u00f3n y la erosi\u00f3n de la base, y ayuda a retrasar los baches, los desprendimientos y las grietas de cocodrilo. <\/p>\n<div class=\"common_color_box\">\n<p><strong>Durante m\u00e1s de 125 a\u00f1os, E.D. Etnyre &amp; Co. ha fabricado selladoras de grietas dise\u00f1adas para ofrecer durabilidad, precisi\u00f3n y un rendimiento constante en el mundo real, como parte de nuestra gama de equipos de mantenimiento de carreteras.<\/strong><\/p>\n<\/div>\n","protected":false},"excerpt":{"rendered":"<p>Las selladoras de grietas son una de las herramientas m\u00e1s cr\u00edticas en la conservaci\u00f3n moderna de pavimentos. Dise\u00f1adas para calentar, hacer circular y aplicar sellador de grietas engomado, estas m\u00e1quinas detienen la infiltraci\u00f3n de agua antes de que las grietas se extiendan, las bases fallen y sea inevitable realizar reparaciones a fondo. Aunque las grietas &hellip; <a href=\"https:\/\/etnyre.com\/es\/selladores-de-grietas-2\/\" class=\"more-link\">Continue reading <span class=\"screen-reader-text\">Selladores de grietas<\/span><\/a><\/p>\n","protected":false},"author":1,"featured_media":14531,"parent":0,"menu_order":0,"comment_status":"closed","ping_status":"closed","template":"template\/secondary-pillar-page.php","meta":{"_acf_changed":false,"footnotes":""},"class_list":["post-15276","page","type-page","status-publish","has-post-thumbnail","hentry"],"acf":[],"_links":{"self":[{"href":"https:\/\/etnyre.com\/es\/wp-json\/wp\/v2\/pages\/15276","targetHints":{"allow":["GET"]}}],"collection":[{"href":"https:\/\/etnyre.com\/es\/wp-json\/wp\/v2\/pages"}],"about":[{"href":"https:\/\/etnyre.com\/es\/wp-json\/wp\/v2\/types\/page"}],"author":[{"embeddable":true,"href":"https:\/\/etnyre.com\/es\/wp-json\/wp\/v2\/users\/1"}],"replies":[{"embeddable":true,"href":"https:\/\/etnyre.com\/es\/wp-json\/wp\/v2\/comments?post=15276"}],"version-history":[{"count":3,"href":"https:\/\/etnyre.com\/es\/wp-json\/wp\/v2\/pages\/15276\/revisions"}],"predecessor-version":[{"id":15285,"href":"https:\/\/etnyre.com\/es\/wp-json\/wp\/v2\/pages\/15276\/revisions\/15285"}],"wp:featuredmedia":[{"embeddable":true,"href":"https:\/\/etnyre.com\/es\/wp-json\/wp\/v2\/media\/14531"}],"wp:attachment":[{"href":"https:\/\/etnyre.com\/es\/wp-json\/wp\/v2\/media?parent=15276"}],"curies":[{"name":"wp","href":"https:\/\/api.w.org\/{rel}","templated":true}]}}