{"id":5808,"date":"2022-08-12T12:27:43","date_gmt":"2022-08-12T12:27:43","guid":{"rendered":"https:\/\/etnyre.com\/concesionarios-de-mantenimiento\/"},"modified":"2024-12-17T11:50:35","modified_gmt":"2024-12-17T11:50:35","slug":"concesionarios-de-mantenimiento","status":"publish","type":"page","link":"https:\/\/etnyre.com\/es\/concesionarios-de-mantenimiento\/","title":{"rendered":"Distribuidores de mantenimiento"},"content":{"rendered":"<h3>Gestione peque\u00f1os proyectos de sellado y asfaltado con los distribuidores de mantenimiento de Etnyre<\/h3>\n<p>No todos los proyectos de sellado de carreteras o colocaci\u00f3n de asfalto requieren grandes camiones, equipos y maquinaria. Especialmente para trabajos en lotes o carreteras m\u00e1s peque\u00f1os, los equipos compactos garantizan una aplicaci\u00f3n m\u00e1s r\u00e1pida del asfalto l\u00edquido u otros materiales. Por ello, Etnyre fabrica y vende distribuidores de mantenimiento que pueden acoplarse f\u00e1cilmente a la parte trasera de un cami\u00f3n o remolque. Si busca equipos para realizar sus trabajos de pavimentaci\u00f3n m\u00e1s precisos, los distribuidores de mantenimiento Etnyre son la opci\u00f3n perfecta.<\/p>\n<h3>Caracter\u00edsticas del distribuidor de mantenimiento<\/h3>\n<p>Optimice la velocidad y la precisi\u00f3n de las aplicaciones de asfalto l\u00edquido de aplicaci\u00f3n \u00fanica y de resellado con los distribuidores de mantenimiento de Etnyre. La unidad cuenta con el exclusivo sistema de control de circulaci\u00f3n de Etnyre para una aplicaci\u00f3n r\u00e1pida y fiable en cualquier proyecto. En Etnyre, fabricamos cada unidad con especificaciones exactas para garantizar su productividad y retorno de la inversi\u00f3n. Algunas de las mejores caracter\u00edsticas de nuestros distribuidores de mantenimiento son:<\/p>\n<ul>\n<li>Remolque con ojo de buey ajustable de 2 \u00bd\u00bb, ejes t\u00e1ndem con suspensi\u00f3n de muelle<\/li>\n<li>Tanque construido con carcasa de acero y placas de sobrecarga de secci\u00f3n completa con aislamiento de fibra de vidrio de 2&#8243;.<\/li>\n<li>Sistema de circulaci\u00f3n por aire con un dep\u00f3sito de aceite de lavado de 20 galones<\/li>\n<li>Chimenea de calefacci\u00f3n equipada con un quemador de gasoil, encendido autom\u00e1tico, 500.000 BTU<\/li>\n<li>Barra de pulverizaci\u00f3n de circulaci\u00f3n completa de 8&#8242;.<\/li>\n<li>Bomba de asfalto de accionamiento hidr\u00e1ulico<\/li>\n<li>Tama\u00f1os de capacidad de los dep\u00f3sitos que van de 600 a 1.000 galones<\/li>\n<\/ul>\n<h3>Llama hoy<\/h3>\n<p>La aplicaci\u00f3n de asfalto y el sellado por pulverizaci\u00f3n nunca han sido tan f\u00e1ciles con la ayuda de Etnyre Maintenance Distributors. A la hora de seleccionar nuevos camiones y maquinaria para apoyar a sus equipos de mantenimiento de carreteras, conf\u00ede en Etnyre para todas sus necesidades de equipos de pavimentaci\u00f3n\/reparaci\u00f3n de asfalto. Conozca nuestros productos llamando <a href=\"tel:8157322116\">al 815-732-2116<\/a>. Estamos en 1333 South Daysville Rd, Oregon, IL 61061. Etnyre tiene su sede en Illinois y atiende a clientes de todo Estados Unidos.<\/p>\n","protected":false},"excerpt":{"rendered":"<p>Gestione peque\u00f1os proyectos de sellado y asfaltado con los distribuidores de mantenimiento de Etnyre No todos los proyectos de sellado de carreteras o colocaci\u00f3n de asfalto requieren grandes camiones, equipos y maquinaria. Especialmente para trabajos en lotes o carreteras m\u00e1s peque\u00f1os, los equipos compactos garantizan una aplicaci\u00f3n m\u00e1s r\u00e1pida del asfalto l\u00edquido u otros materiales. &hellip; <a href=\"https:\/\/etnyre.com\/es\/concesionarios-de-mantenimiento\/\" class=\"more-link\">Continue reading <span class=\"screen-reader-text\">Distribuidores de mantenimiento<\/span><\/a><\/p>\n","protected":false},"author":1,"featured_media":1036,"parent":0,"menu_order":0,"comment_status":"closed","ping_status":"closed","template":"template\/product-sub-page.php","meta":{"_acf_changed":false,"footnotes":""},"class_list":["post-5808","page","type-page","status-publish","has-post-thumbnail","hentry"],"acf":[],"_links":{"self":[{"href":"https:\/\/etnyre.com\/es\/wp-json\/wp\/v2\/pages\/5808","targetHints":{"allow":["GET"]}}],"collection":[{"href":"https:\/\/etnyre.com\/es\/wp-json\/wp\/v2\/pages"}],"about":[{"href":"https:\/\/etnyre.com\/es\/wp-json\/wp\/v2\/types\/page"}],"author":[{"embeddable":true,"href":"https:\/\/etnyre.com\/es\/wp-json\/wp\/v2\/users\/1"}],"replies":[{"embeddable":true,"href":"https:\/\/etnyre.com\/es\/wp-json\/wp\/v2\/comments?post=5808"}],"version-history":[{"count":3,"href":"https:\/\/etnyre.com\/es\/wp-json\/wp\/v2\/pages\/5808\/revisions"}],"predecessor-version":[{"id":13202,"href":"https:\/\/etnyre.com\/es\/wp-json\/wp\/v2\/pages\/5808\/revisions\/13202"}],"wp:featuredmedia":[{"embeddable":true,"href":"https:\/\/etnyre.com\/es\/wp-json\/wp\/v2\/media\/1036"}],"wp:attachment":[{"href":"https:\/\/etnyre.com\/es\/wp-json\/wp\/v2\/media?parent=5808"}],"curies":[{"name":"wp","href":"https:\/\/api.w.org\/{rel}","templated":true}]}}