{"id":6289,"date":"2022-09-15T10:29:32","date_gmt":"2022-09-15T10:29:32","guid":{"rendered":"https:\/\/etnyre.com\/asfaltado-y-sellado\/"},"modified":"2023-03-30T11:04:50","modified_gmt":"2023-03-30T11:04:50","slug":"asfaltado-y-sellado","status":"publish","type":"page","link":"https:\/\/etnyre.com\/es\/asfaltado-y-sellado\/","title":{"rendered":"Asfaltado y sellado"},"content":{"rendered":"<h3>Los servicios de asfaltado y sellado son m\u00e1s f\u00e1ciles con el equipo de Etnyre<\/h3>\n<p>Las necesidades de los contratistas de asfalto en todo Estados Unidos son grandes. Con un importante impulso a las infraestructuras y al mantenimiento de las carreteras, las empresas de pavimentaci\u00f3n de asfalto est\u00e1n buscando el equipo adecuado que les ayude a mantener el ritmo de la demanda. Afortunadamente, para los servicios esenciales de pavimentaci\u00f3n, como el astillado y el sellado, Etnyre tiene las m\u00e1quinas que necesita para realizar el trabajo. P\u00f3ngase en contacto con Etnyre hoy mismo para preguntar por cualquiera de nuestras m\u00e1quinas de pavimentaci\u00f3n de asfalto.<\/p>\n<h3>Por qu\u00e9 los clientes prefieren Chip and Seal<\/h3>\n<p>La pavimentaci\u00f3n con sello de virutas se ha convertido en una opci\u00f3n de asfalto muy popular para muchas empresas y municipios. Por ello, Etnyre se esfuerza por proporcionar el equipo y la maquinaria necesarios para un servicio de sellado de virutas r\u00e1pido y eficaz. Algunas de las cosas que puede esperar de las carreteras con sello de virutas son:<\/p>\n<ul>\n<li><strong>Mayor longevidad de la calzada<\/strong>\n<ul>\n<li>El mantenimiento de las calzadas de una ciudad puede parecer una tarea casi imposible. Afortunadamente, no tiene que preocuparse tanto por el mantenimiento continuo con las calzadas de asfalto. Al distribuir e incrustar uniformemente el agregado asf\u00e1ltico en las carreteras, se reducen significativamente las posibilidades de que se produzcan grietas y desmoronamientos. As\u00ed, puede esperar una mayor vida \u00fatil del pavimento de hasta 12 a\u00f1os.<\/li>\n<\/ul>\n<\/li>\n<li><strong>Aumento de la seguridad del conductor<\/strong>\n<ul>\n<li>Las carreteras de asfalto no s\u00f3lo son apreciadas por su longevidad, sino tambi\u00e9n por su seguridad. Por ejemplo, las carreteras de asfalto est\u00e1ndar no hacen mucho para combatir el hielo y la lluvia, lo que hace que la conducci\u00f3n sea insegura durante esas condiciones meteorol\u00f3gicas. Por el contrario, las carreteras asfaltadas y selladas son resistentes al deslizamiento, lo que reduce el n\u00famero de accidentes que se producen durante las inclemencias del tiempo. Adem\u00e1s, las carreteras de asfalto son antideslumbrantes, lo que ayuda a los conductores a circular con seguridad en los d\u00edas soleados.<\/li>\n<\/ul>\n<\/li>\n<li><strong>Opci\u00f3n de pavimentaci\u00f3n asequible<\/strong>\n<ul>\n<li>Sustituir el asfalto viejo puede llevar mucho tiempo y dinero, pero el proceso de sellado de virutas es m\u00e1s sencillo. El uso de agregados asf\u00e1lticos fabricados a partir de asfalto reciclado hace que el coste del material para el sellado de virutas se mantenga considerablemente bajo. Adem\u00e1s, el proceso es relativamente r\u00e1pido y la mano de obra necesaria para completar un proyecto es m\u00ednima. Al fin y al cabo, el sellado de virutas cuesta menos tiempo y dinero que la pavimentaci\u00f3n de asfalto est\u00e1ndar.<\/li>\n<\/ul>\n<\/li>\n<\/ul>\n<h3>El mejor equipo para el trabajo<\/h3>\n<p>Etnyre produce los mejores <a href=\"https:\/\/etnyre.com\/chip-spreaders\/\">esparcidores de virutas<\/a>, <a href=\"https:\/\/etnyre.com\/best-asphalt-distributors\/\">distribuidores de asfalto<\/a>, <a href=\"https:\/\/etnyre.com\/live-bottom-trailers\/\">remolques de fondo<\/a> vivo y <a href=\"https:\/\/etnyre.com\/asphalt-machines\/\">equipos de asfalto<\/a>. Hemos ayudado a innumerables contratistas de todo Estados Unidos a conseguir un servicio de sellado de virutas superior utilizando nuestra maquinaria. Estas son algunas de las m\u00e1quinas que ofrecemos:<\/p>\n<ul>\n<li><strong>Esparcidores de virutas<\/strong> &#8211; El <a href=\"https:\/\/etnyre.com\/chipspreaders\/\">esparcidor de virutas Etnyre<\/a> es un equipo de primera categor\u00eda y altamente personalizable para servicios de pavimentaci\u00f3n, asfalto y mantenimiento de carreteras. Nuestras m\u00e1quinas cuentan con tolvas de distribuci\u00f3n frontal de 10 a 15 pies, cintas transportadoras de 24 pulgadas de ancho con accionamiento hidrost\u00e1tico, control de la tasa de aplicaci\u00f3n y de la velocidad por ordenador, \u00a1y mucho m\u00e1s!<\/li>\n<li><strong>Distribuidores de asfalto<\/strong> &#8211; El asfalto fresco debe aplicarse a una calzada antes de poder esparcir las virutas de los \u00e1ridos. Afortunadamente, nuestros <a href=\"https:\/\/etnyre.com\/asphalt-distributors\/\">distribuidores de asfalto<\/a> est\u00e1n a la altura. Con un volumen de entre 1.000 y 4.500 galones de asfalto l\u00edquido, nuestros distribuidores de asfalto ayudan a extender el asfalto de forma r\u00e1pida, segura y sencilla sobre cualquier superficie de la carretera.<\/li>\n<li><strong>Transportes de asfalto y remolques de fondo vivo<\/strong> &#8211; Para los trabajos grandes, se necesita una forma de transportar las materias primas a cualquier sitio de trabajo de manera eficaz. Por ello, Etnyre suministra nuestras l\u00edneas de <a href=\"https:\/\/etnyre.com\/asphalt-transport\/\">transportes de asfalto<\/a> de alta calidad y los <a href=\"https:\/\/etnyre.com\/live-bottom-trailers\/\">remolques de fondo vivo Falcon<\/a>. Los transportes de asfalto simplifican el transporte y el calentamiento del asfalto l\u00edquido, mientras que nuestros remolques Falcon facilitan el traslado y la descarga de los \u00e1ridos de asfalto reciclado.<\/li>\n<\/ul>\n<div class=\"left-img\"><img loading=\"lazy\" decoding=\"async\" class=\"alignnone\" src=\"https:\/\/etnyre.com\/wp-content\/uploads\/2021\/09\/etnyre-aspahlt-distributors-1-500x350.png\" alt=\"La parte trasera de un distribuidor de asfalto, utilizada en el proceso para el servicio de astillado y sellado\" width=\"500\" height=\"350\" title=\"\"><\/div>\n<h3>Hable con nuestro equipo<\/h3>\n<p>Si sus clientes est\u00e1n interesados en servicios de astillado y sellado para sus carreteras, aseg\u00farese de que puede satisfacer sus necesidades de pavimentaci\u00f3n utilizando los equipos de asfalto de primera categor\u00eda de Etnyre. Para obtener m\u00e1s informaci\u00f3n sobre nuestras m\u00e1quinas de sellado de virutas u otros equipos de pavimentaci\u00f3n de carreteras, p\u00f3ngase en contacto con Etnyre hoy en <a href=\"tel:8157322166\">815-732-2166<\/a>. Estamos ubicados en 1333 Daysville Rd, Oregon, IL 61061. Adem\u00e1s, Etnyre tiene su sede en Illinois y atiende a clientes de todo Estados Unidos.<\/p>\n","protected":false},"excerpt":{"rendered":"<p>Los servicios de asfaltado y sellado son m\u00e1s f\u00e1ciles con el equipo de Etnyre Las necesidades de los contratistas de asfalto en todo Estados Unidos son grandes. Con un importante impulso a las infraestructuras y al mantenimiento de las carreteras, las empresas de pavimentaci\u00f3n de asfalto est\u00e1n buscando el equipo adecuado que les ayude a &hellip; <a href=\"https:\/\/etnyre.com\/es\/asfaltado-y-sellado\/\" class=\"more-link\">Continue reading <span class=\"screen-reader-text\">Asfaltado y sellado<\/span><\/a><\/p>\n","protected":false},"author":1,"featured_media":5383,"parent":0,"menu_order":0,"comment_status":"closed","ping_status":"closed","template":"","meta":{"_acf_changed":false,"footnotes":""},"class_list":["post-6289","page","type-page","status-publish","has-post-thumbnail","hentry"],"acf":[],"_links":{"self":[{"href":"https:\/\/etnyre.com\/es\/wp-json\/wp\/v2\/pages\/6289","targetHints":{"allow":["GET"]}}],"collection":[{"href":"https:\/\/etnyre.com\/es\/wp-json\/wp\/v2\/pages"}],"about":[{"href":"https:\/\/etnyre.com\/es\/wp-json\/wp\/v2\/types\/page"}],"author":[{"embeddable":true,"href":"https:\/\/etnyre.com\/es\/wp-json\/wp\/v2\/users\/1"}],"replies":[{"embeddable":true,"href":"https:\/\/etnyre.com\/es\/wp-json\/wp\/v2\/comments?post=6289"}],"version-history":[{"count":2,"href":"https:\/\/etnyre.com\/es\/wp-json\/wp\/v2\/pages\/6289\/revisions"}],"predecessor-version":[{"id":6322,"href":"https:\/\/etnyre.com\/es\/wp-json\/wp\/v2\/pages\/6289\/revisions\/6322"}],"wp:featuredmedia":[{"embeddable":true,"href":"https:\/\/etnyre.com\/es\/wp-json\/wp\/v2\/media\/5383"}],"wp:attachment":[{"href":"https:\/\/etnyre.com\/es\/wp-json\/wp\/v2\/media?parent=6289"}],"curies":[{"name":"wp","href":"https:\/\/api.w.org\/{rel}","templated":true}]}}