{"id":6292,"date":"2022-09-15T10:31:48","date_gmt":"2022-09-15T10:31:48","guid":{"rendered":"https:\/\/etnyre.com\/esparcidores-de-virutas\/"},"modified":"2023-03-30T11:04:50","modified_gmt":"2023-03-30T11:04:50","slug":"esparcidores-de-virutas","status":"publish","type":"page","link":"https:\/\/etnyre.com\/es\/esparcidores-de-virutas\/","title":{"rendered":"Esparcidores de virutas"},"content":{"rendered":"<h3>Asegure los mejores esparcidores de virutas para su pr\u00f3ximo proyecto de sellado de virutas<\/h3>\n<p>El asfaltado ha demostrado ser una alternativa r\u00e1pida y asequible a la pavimentaci\u00f3n tradicional de asfalto. Muchas empresas y ayuntamientos han solicitado <a href=\"https:\/\/etnyre.com\/chip-and-seal\/\">servicios de sellado de virutas<\/a> para mantener sus carreteras locales. Como contratista de asfalto que busca satisfacer las necesidades de sellado de virutas de su zona, necesita el equipo adecuado. Afortunadamente, Etnyre puede suministrar la maquinaria m\u00e1s esencial para el astillado y el sellado: los esparcidores de virutas. Ll\u00e1menos hoy para saber m\u00e1s sobre esparcidores de virutas y otra <a href=\"https:\/\/etnyre.com\/asphalt-machines\/\">maquinaria de asfalto<\/a>.<\/p>\n<h3>Las ventajas \u00fanicas del Chip Seal<\/h3>\n<p>El proceso de sellado de virutas consiste en extender asfalto fresco, colocar virutas de asfalto reciclado y rodar la combinaci\u00f3n en la superficie de las carreteras existentes. Este procedimiento permite obtener algunas de las ventajas m\u00e1s singulares de la tecnolog\u00eda chip and seal, como por ejemplo<\/p>\n<ul>\n<li>Al utilizar materiales reciclados y una mano de obra m\u00ednima, los proyectos de astillado y sellado son mucho m\u00e1s r\u00e1pidos y asequibles que la pavimentaci\u00f3n de asfalto est\u00e1ndar.<\/li>\n<li>El sellado de asfalto prolonga la vida \u00fatil de la superficie de su carretera, ahorrando as\u00ed el coste inmediato de la reparaci\u00f3n y sustituci\u00f3n de la misma.<\/li>\n<li>La combinaci\u00f3n de asfalto y gravilla hace que las carreteras asfaltadas sean incre\u00edblemente resistentes al deslizamiento. As\u00ed, los accidentes causados por el hielo o el hidroplaneo se reducen en las superficies de astillado y sellado.<\/li>\n<li>El sellado de virutas previene el deterioro de las superficies de asfalto, prolongando la vida \u00fatil de sus carreteras al retrasar los efectos del envejecimiento del asfalto.<\/li>\n<li>Los servicios de sellado de grietas ya no son necesarios para sus carreteras con un recubrimiento de astillado y sellado.<\/li>\n<li>Una carretera de asfalto es antideslumbrante, lo que significa que los conductores no experimentan tanta fatiga visual en la carretera en los d\u00edas soleados.<\/li>\n<li>Las carreteras asfaltadas son semiautom\u00e1ticas. En los d\u00edas calurosos, el chip seal vuelve a sellar las grietas al fluir de nuevo.<\/li>\n<li>El sellado de virutas act\u00faa como barrera para la mayor parte del agua, la humedad y los productos qu\u00edmicos. As\u00ed, las fuertes lluvias y el aumento del tr\u00e1fico no afectan tan gravemente a sus carreteras.<\/li>\n<\/ul>\n<h3>El ChipSpreader de Etnyre<\/h3>\n<p>Dise\u00f1ar y fabricar equipos y maquinaria de pavimentaci\u00f3n de asfalto de alta calidad es lo que mejor sabe hacer Etnyre, \u00a1y nuestros esparcidores de gravilla no son una excepci\u00f3n! El <a href=\"https:\/\/etnyre.com\/chipspreaders\/\">ChipSpreader de Etnyre<\/a> aplica de forma precisa y eficiente cantidades controladas de \u00e1ridos a las carreteras durante el proceso de sellado de virutas. Las ChipSpreaders consiguen resultados precisos mediante un sistema de accionamiento hidrost\u00e1tico y una tolva de distribuci\u00f3n de ancho variable. Nuestras m\u00e1quinas aplican m\u00faltiples tama\u00f1os de \u00e1ridos y tasas de aplicaci\u00f3n a trav\u00e9s de una gama completa de velocidades de desplazamiento y anchos de esparcimiento. Las caracter\u00edsticas adicionales de los ChipSpreaders de Etnyre incluyen:<\/p>\n<ul class=\"col-2\">\n<li>Motor di\u00e9sel turboalimentado de 260 H.P.<\/li>\n<li>Tracci\u00f3n delantera o a las cuatro ruedas<\/li>\n<li>Cintas transportadoras de 24 pulgadas de ancho con accionamiento hidrost\u00e1tico<\/li>\n<li>Tolva de distribuci\u00f3n fija o variable con rodillo de distribuci\u00f3n de accionamiento hidrost\u00e1tico<\/li>\n<li>Aletas plegables para un mejor aprovechamiento del material<\/li>\n<li>Control por ordenador de la tasa de aplicaci\u00f3n y de la velocidad<\/li>\n<li>Puertas individuales para esquinas de radio sin esfuerzo<\/li>\n<li>Conjunto de consola\/asiento deslizante manual<\/li>\n<\/ul>\n<h3>Discuta los esparcidores de virutas con nuestro equipo<\/h3>\n<p>Aseg\u00farese de que dispone de todo el equipo necesario para conseguir los mejores servicios de astillado y sellado. P\u00f3ngase en contacto con Etnyre hoy mismo si tiene preguntas sobre nuestros esparcidores de gravilla y otra maquinaria de pavimentaci\u00f3n de asfalto. Puede llamar <a href=\"tel:8157322166\">al 815-732-2166<\/a>. Estamos ubicados en 1333 Daysville Rd, Oregon, IL 61061. Etnyre tiene su sede en Illinois y atiende a clientes de todo Estados Unidos.<\/p>\n","protected":false},"excerpt":{"rendered":"<p>Asegure los mejores esparcidores de virutas para su pr\u00f3ximo proyecto de sellado de virutas El asfaltado ha demostrado ser una alternativa r\u00e1pida y asequible a la pavimentaci\u00f3n tradicional de asfalto. Muchas empresas y ayuntamientos han solicitado servicios de sellado de virutas para mantener sus carreteras locales. Como contratista de asfalto que busca satisfacer las necesidades &hellip; <a href=\"https:\/\/etnyre.com\/es\/esparcidores-de-virutas\/\" class=\"more-link\">Continue reading <span class=\"screen-reader-text\">Esparcidores de virutas<\/span><\/a><\/p>\n","protected":false},"author":1,"featured_media":5383,"parent":0,"menu_order":0,"comment_status":"closed","ping_status":"closed","template":"","meta":{"_acf_changed":false,"footnotes":""},"class_list":["post-6292","page","type-page","status-publish","has-post-thumbnail","hentry"],"acf":[],"_links":{"self":[{"href":"https:\/\/etnyre.com\/es\/wp-json\/wp\/v2\/pages\/6292","targetHints":{"allow":["GET"]}}],"collection":[{"href":"https:\/\/etnyre.com\/es\/wp-json\/wp\/v2\/pages"}],"about":[{"href":"https:\/\/etnyre.com\/es\/wp-json\/wp\/v2\/types\/page"}],"author":[{"embeddable":true,"href":"https:\/\/etnyre.com\/es\/wp-json\/wp\/v2\/users\/1"}],"replies":[{"embeddable":true,"href":"https:\/\/etnyre.com\/es\/wp-json\/wp\/v2\/comments?post=6292"}],"version-history":[{"count":3,"href":"https:\/\/etnyre.com\/es\/wp-json\/wp\/v2\/pages\/6292\/revisions"}],"predecessor-version":[{"id":6325,"href":"https:\/\/etnyre.com\/es\/wp-json\/wp\/v2\/pages\/6292\/revisions\/6325"}],"wp:featuredmedia":[{"embeddable":true,"href":"https:\/\/etnyre.com\/es\/wp-json\/wp\/v2\/media\/5383"}],"wp:attachment":[{"href":"https:\/\/etnyre.com\/es\/wp-json\/wp\/v2\/media?parent=6292"}],"curies":[{"name":"wp","href":"https:\/\/api.w.org\/{rel}","templated":true}]}}