{"id":6298,"date":"2022-09-15T10:34:13","date_gmt":"2022-09-15T10:34:13","guid":{"rendered":"https:\/\/etnyre.com\/los-mejores-distribuidores-de-asfalto\/"},"modified":"2023-03-30T11:04:51","modified_gmt":"2023-03-30T11:04:51","slug":"los-mejores-distribuidores-de-asfalto","status":"publish","type":"page","link":"https:\/\/etnyre.com\/es\/los-mejores-distribuidores-de-asfalto\/","title":{"rendered":"Los mejores distribuidores de asfalto"},"content":{"rendered":"<h3>Comience el sellado de virutas correctamente con los mejores distribuidores de asfalto<\/h3>\n<p>En todo Estados Unidos, el mantenimiento y la conservaci\u00f3n de las carreteras son algunas de las preocupaciones m\u00e1s persistentes de municipios y empresas. Por lo tanto, la demanda de contratistas de mantenimiento de carreteras cualificados y equipados es grande. Sin embargo, como empresa de pavimentaci\u00f3n de asfalto, \u00bftiene el equipo necesario para satisfacer las necesidades de pavimentaci\u00f3n de asfalto de su zona? Con Etnyre, s\u00ed. Ofrecemos los mejores equipos de asfalto para casi cualquier trabajo, incluyendo los mejores distribuidores de asfalto de la industria. Llame hoy a Etnyre para saber m\u00e1s.<\/p>\n<h3>\u00bfPor qu\u00e9 necesita un distribuidor de asfalto?<\/h3>\n<p>Aplicar el asfalto a las superficies de las carreteras no es una tarea sencilla. Aunque es probable que su personal de mantenimiento tenga la experiencia y la capacidad de esparcir manualmente el asfalto l\u00edquido, el proceso puede ser largo y laborioso. Afortunadamente, este no tiene por qu\u00e9 ser el caso de los distribuidores de asfalto de Etnyre. He aqu\u00ed algunas razones por las que su empresa deber\u00eda invertir en uno o varios distribuidores de asfalto:<\/p>\n<ul>\n<li><strong>Simplifica el transporte de asfalto<\/strong>\n<ul>\n<li>Al igual que nuestros transportes de asfalto, un distribuidor de asfalto est\u00e1 dise\u00f1ado y fabricado para transportar grandes cantidades de asfalto l\u00edquido a trav\u00e9s de distancias significativas. Nuestras m\u00e1quinas est\u00e1n equipadas con dep\u00f3sitos que soportan cargas de entre 1.000 y 4.500 galones de asfalto l\u00edquido. Ahora puede encargarse de cualquier trabajo de pavimentaci\u00f3n de asfalto o de <a href=\"https:\/\/etnyre.com\/chip-and-seal\/\">sellado de virutas<\/a> sin tener que hacer viajes adicionales para rellenar el asfalto.<\/li>\n<\/ul>\n<\/li>\n<li><strong>Elimina la mayor parte del trabajo<\/strong>\n<ul>\n<li>Como se ha mencionado anteriormente, el trabajo de colocaci\u00f3n y extendido del asfalto puede ser intenso para los implicados. Por el contrario, un distribuidor de asfalto puede realizar este servicio sin necesidad de mano de obra adicional. Las barras de pulverizaci\u00f3n distribuyen uniformemente el asfalto l\u00edquido caliente sobre cualquier superficie de la carretera. Adem\u00e1s, s\u00f3lo necesita uno o dos operarios para utilizar nuestros distribuidores de asfalto de forma eficiente.<\/li>\n<\/ul>\n<\/li>\n<li><strong>Acorta la duraci\u00f3n del proyecto<\/strong>\n<ul>\n<li>Gracias a la eficacia de los distribuidores de asfalto, el tiempo de inactividad del proyecto se reduce significativamente en los trabajos de sellado de virutas o de pavimentaci\u00f3n con asfalto. Los distribuidores de asfalto pueden aplicar una capa consistente de asfalto l\u00edquido a una tasa o velocidad ajustable. En \u00faltima instancia, su proyecto de pavimentaci\u00f3n se completar\u00e1 m\u00e1s r\u00e1pidamente gracias a la facilidad de uso y la automatizaci\u00f3n de nuestros equipos.<\/li>\n<\/ul>\n<\/li>\n<\/ul>\n<h3>El distribuidor de asfalto Black-Topper<\/h3>\n<p>La alta calidad y fiabilidad de nuestros equipos han llevado a Etnyre a ser el fabricante de equipos de mantenimiento de carreteras m\u00e1s fiable en todo Estados Unidos. Y puede esperar la misma alta calidad y fiabilidad de los mejores <a href=\"https:\/\/etnyre.com\/asphalt-distributors\/\">distribuidores de asfalto<\/a>: el Etnyre Black-Topper. Las caracter\u00edsticas de nuestros distribuidores de asfalto Black-Topper incluyen:<\/p>\n<ul>\n<li>Controles electr\u00f3nicos de velocidad de la bomba de asfalto para un control preciso<\/li>\n<li>Operaci\u00f3n de una persona con controles desde la cabina del cami\u00f3n o cerca de la parte trasera del distribuidor<\/li>\n<li>Tama\u00f1os de tanques personalizados con opciones de capacidad entre 1.000 y 4.500 galones<\/li>\n<li>Flujo de asfalto equilibrado y de doble alimentaci\u00f3n para una aplicaci\u00f3n uniforme en toda la barra<\/li>\n<li>Barra de pulverizaci\u00f3n de 12 pies de circulaci\u00f3n completa con alas plegables y cambio electrohidr\u00e1ulico<\/li>\n<li>Cumple todas las normativas federales sobre productos calientes<\/li>\n<\/ul>\n<h3>Llame hoy mismo<\/h3>\n<p>Cuando atienda las necesidades de asfalto de sus clientes, aseg\u00farese de utilizar los mejores distribuidores de asfalto y equipos de pavimentaci\u00f3n disponibles. P\u00f3ngase en contacto con los expertos en <a href=\"https:\/\/etnyre.com\/asphalt-machines\/\">m\u00e1quinas de asfalto<\/a> de Etnyre hoy mismo. Puede contactar con nosotros en <a href=\"tel:8157322166\">el 815-732-2166<\/a>. Estamos ubicados en 1333 Daysville Rd, Oregon, IL 61061. Etnyre tiene su sede en Illinois y atiende a clientes de todo Estados Unidos.<\/p>\n","protected":false},"excerpt":{"rendered":"<p>Comience el sellado de virutas correctamente con los mejores distribuidores de asfalto En todo Estados Unidos, el mantenimiento y la conservaci\u00f3n de las carreteras son algunas de las preocupaciones m\u00e1s persistentes de municipios y empresas. Por lo tanto, la demanda de contratistas de mantenimiento de carreteras cualificados y equipados es grande. Sin embargo, como empresa &hellip; <a href=\"https:\/\/etnyre.com\/es\/los-mejores-distribuidores-de-asfalto\/\" class=\"more-link\">Continue reading <span class=\"screen-reader-text\">Los mejores distribuidores de asfalto<\/span><\/a><\/p>\n","protected":false},"author":1,"featured_media":1038,"parent":0,"menu_order":0,"comment_status":"closed","ping_status":"closed","template":"","meta":{"_acf_changed":false,"footnotes":""},"class_list":["post-6298","page","type-page","status-publish","has-post-thumbnail","hentry"],"acf":[],"_links":{"self":[{"href":"https:\/\/etnyre.com\/es\/wp-json\/wp\/v2\/pages\/6298","targetHints":{"allow":["GET"]}}],"collection":[{"href":"https:\/\/etnyre.com\/es\/wp-json\/wp\/v2\/pages"}],"about":[{"href":"https:\/\/etnyre.com\/es\/wp-json\/wp\/v2\/types\/page"}],"author":[{"embeddable":true,"href":"https:\/\/etnyre.com\/es\/wp-json\/wp\/v2\/users\/1"}],"replies":[{"embeddable":true,"href":"https:\/\/etnyre.com\/es\/wp-json\/wp\/v2\/comments?post=6298"}],"version-history":[{"count":1,"href":"https:\/\/etnyre.com\/es\/wp-json\/wp\/v2\/pages\/6298\/revisions"}],"predecessor-version":[{"id":6328,"href":"https:\/\/etnyre.com\/es\/wp-json\/wp\/v2\/pages\/6298\/revisions\/6328"}],"wp:featuredmedia":[{"embeddable":true,"href":"https:\/\/etnyre.com\/es\/wp-json\/wp\/v2\/media\/1038"}],"wp:attachment":[{"href":"https:\/\/etnyre.com\/es\/wp-json\/wp\/v2\/media?parent=6298"}],"curies":[{"name":"wp","href":"https:\/\/api.w.org\/{rel}","templated":true}]}}