{"id":6303,"date":"2022-09-15T10:36:58","date_gmt":"2022-09-15T10:36:58","guid":{"rendered":"https:\/\/etnyre.com\/maquinas-de-asfalto\/"},"modified":"2023-03-30T11:04:53","modified_gmt":"2023-03-30T11:04:53","slug":"maquinas-de-asfalto","status":"publish","type":"page","link":"https:\/\/etnyre.com\/es\/maquinas-de-asfalto\/","title":{"rendered":"M\u00e1quinas de asfalto"},"content":{"rendered":"<h3>Equipe su negocio con las mejores m\u00e1quinas de asfalto<\/h3>\n<p>Tanto si est\u00e1 empezando su propia empresa de contrataci\u00f3n de asfalto como si quiere aumentar la capacidad actual de su empresa, necesita las m\u00e1quinas de asfalto adecuadas. Afortunadamente, Etnyre puede suministrar a su negocio el equipo que le lleve al \u00e9xito. Etnyre es conocida por nuestras m\u00e1quinas de asfalto de alta calidad y de primera categor\u00eda. Tenemos precisamente lo que necesita si desea ofrecer servicios como el sellado de grietas, el <a href=\"https:\/\/etnyre.com\/chip-and-seal\/\">sellado de virutas<\/a>, la pavimentaci\u00f3n de asfalto, etc.<\/p>\n<h3>Ver nuestros productos<\/h3>\n<p>Etnyre ofrece una amplia gama de productos de asfalto para satisfacer las necesidades de su empresa y sus clientes, desde esparcidores de virutas hasta selladores de grietas. Algunos de nuestros equipos m\u00e1s populares incluyen:<\/p>\n<ul>\n<li><strong>Distribuidores de asfalto<\/strong> &#8211; La mayor\u00eda de los proyectos de pavimentaci\u00f3n comienzan con la aplicaci\u00f3n de asfalto a la superficie de una carretera. Sin embargo, la aplicaci\u00f3n manual del asfalto requiere un tiempo y un esfuerzo considerables. Afortunadamente, con la ayuda de los <a href=\"https:\/\/etnyre.com\/best-asphalt-distributors\/\">distribuidores de asfalto<\/a> <a href=\"https:\/\/etnyre.com\/asphalt-distributors\/\">Black-Topper de Etnyre<\/a>, la aplicaci\u00f3n de asfalto en las carreteras nunca ha sido tan f\u00e1cil. Nuestros distribuidores de asfalto utilizan barras de pulverizaci\u00f3n ajustables, controles precisos y una capacidad de dep\u00f3sito ampliada para aplicar asfalto l\u00edquido a cualquier superficie de pavimento de manera uniforme.<\/li>\n<li><strong>Esparcidores de virutas<\/strong> &#8211; El paso m\u00e1s importante para el sellado de virutas es la aplicaci\u00f3n del agregado de asfalto reciclado a la superficie del pavimento. Como tal, <a href=\"https:\/\/etnyre.com\/chipspreaders\/\">los ChipSpreaders de Etnyre<\/a> distribuyen uniformemente las virutas de asfalto sobre las superficies de las carreteras. Nuestros <a href=\"https:\/\/etnyre.com\/chip-spreaders\/\">esparcidores de virutas<\/a> utilizan caracter\u00edsticas como cintas transportadoras hidrost\u00e1ticas, tolvas de esparcimiento de 15 pies y aplicaciones de control inform\u00e1tico para que la aplicaci\u00f3n de los \u00e1ridos sea lo m\u00e1s sencilla posible.<\/li>\n<li><strong>Transportes de asfalto<\/strong> &#8211; El transporte de asfalto l\u00edquido de un lugar a otro requiere un equipo muy duradero y de temperatura controlada. Por ejemplo, los <a href=\"https:\/\/etnyre.com\/asphalt-transport\/\">transportes de cisternas de asfalto<\/a> de Etnyre hacen que el transporte de asfalto sea sencillo. Cada remolque cisterna se engancha f\u00e1cilmente a un cami\u00f3n y utiliza controles informatizados para gestionar los ajustes de calor internos.<\/li>\n<li><strong>Remolques<\/strong> de <a href=\"https:\/\/etnyre.com\/live-bottom-trailers\/\">fondo<\/a> vivo &#8211; Aunque nuestros <a href=\"https:\/\/etnyre.com\/live-bottom-trailers\/\">remolques de fondo<\/a> vivo no son exclusivos para servicios de asfalto, son \u00fatiles para transportar grandes cargas de materias primas como \u00e1ridos asf\u00e1lticos. Los fondos vivos permiten una descarga segura, limpia y precisa del contenido, a diferencia de su contraparte: <a href=\"https:\/\/etnyre.com\/live-bottom-trailers-versus-dump-trucks\/\">los camiones volcadores<\/a>.<\/li>\n<li><strong>Selladores de grietas<\/strong> &#8211; Toda empresa de pavimentaci\u00f3n de asfalto debe disponer de equipos para el mantenimiento y la reparaci\u00f3n de las carreteras. Por ello, Etnyre fabrica distintos tama\u00f1os de <a href=\"https:\/\/etnyre.com\/crack-sealers\/\">selladores de grietas<\/a> para nuestros clientes. Nuestros selladores de grietas se pueden acoplar a la parte trasera de veh\u00edculos m\u00e1s grandes y son perfectos para trabajos de reparaci\u00f3n de grietas en carreteras, aparcamientos, entradas de veh\u00edculos y mucho m\u00e1s.<\/li>\n<\/ul>\n<div class=\"left-img\"><img loading=\"lazy\" decoding=\"async\" class=\"alignnone\" src=\"https:\/\/etnyre.com\/wp-content\/uploads\/2022\/07\/ChipSpreaders_img.jpg\" alt=\"El ChipSpreader de Etnyre, parte de las m\u00e1quinas de asfalto de Etnyre\" width=\"500\" height=\"350\" title=\"\"><\/div>\n<h3>Llame para saber m\u00e1s<\/h3>\n<p>Etnyre se esfuerza por ser el mejor fabricante de equipos de asfalto para los contratistas de todo Estados Unidos. Para ello, trabajamos con nuestros clientes para desarrollar continuamente nuevos avances y caracter\u00edsticas para nuestras \u00faltimas l\u00edneas de productos. Establecemos continuamente el est\u00e1ndar de rendimiento y fiabilidad para todos los equipos de pavimentaci\u00f3n de asfalto, dando a los operadores una forma m\u00e1s f\u00e1cil de completar sus tareas. Si usted est\u00e1 interesado en la l\u00ednea de m\u00e1quinas de asfalto de Etnyre y lo que ofrecen, p\u00f3ngase en contacto con nosotros hoy en <a href=\"tel:8157322166\">815-732-2166<\/a>. Estamos ubicados en 1333 Daysville Rd, Oregon, IL 61061. Etnyre tiene su sede en Illinois y atiende a clientes de todo Estados Unidos.<\/p>\n","protected":false},"excerpt":{"rendered":"<p>Equipe su negocio con las mejores m\u00e1quinas de asfalto Tanto si est\u00e1 empezando su propia empresa de contrataci\u00f3n de asfalto como si quiere aumentar la capacidad actual de su empresa, necesita las m\u00e1quinas de asfalto adecuadas. Afortunadamente, Etnyre puede suministrar a su negocio el equipo que le lleve al \u00e9xito. Etnyre es conocida por nuestras &hellip; <a href=\"https:\/\/etnyre.com\/es\/maquinas-de-asfalto\/\" class=\"more-link\">Continue reading <span class=\"screen-reader-text\">M\u00e1quinas de asfalto<\/span><\/a><\/p>\n","protected":false},"author":1,"featured_media":6301,"parent":0,"menu_order":0,"comment_status":"closed","ping_status":"closed","template":"","meta":{"_acf_changed":false,"footnotes":""},"class_list":["post-6303","page","type-page","status-publish","has-post-thumbnail","hentry"],"acf":[],"_links":{"self":[{"href":"https:\/\/etnyre.com\/es\/wp-json\/wp\/v2\/pages\/6303","targetHints":{"allow":["GET"]}}],"collection":[{"href":"https:\/\/etnyre.com\/es\/wp-json\/wp\/v2\/pages"}],"about":[{"href":"https:\/\/etnyre.com\/es\/wp-json\/wp\/v2\/types\/page"}],"author":[{"embeddable":true,"href":"https:\/\/etnyre.com\/es\/wp-json\/wp\/v2\/users\/1"}],"replies":[{"embeddable":true,"href":"https:\/\/etnyre.com\/es\/wp-json\/wp\/v2\/comments?post=6303"}],"version-history":[{"count":3,"href":"https:\/\/etnyre.com\/es\/wp-json\/wp\/v2\/pages\/6303\/revisions"}],"predecessor-version":[{"id":7008,"href":"https:\/\/etnyre.com\/es\/wp-json\/wp\/v2\/pages\/6303\/revisions\/7008"}],"wp:featuredmedia":[{"embeddable":true,"href":"https:\/\/etnyre.com\/es\/wp-json\/wp\/v2\/media\/6301"}],"wp:attachment":[{"href":"https:\/\/etnyre.com\/es\/wp-json\/wp\/v2\/media?parent=6303"}],"curies":[{"name":"wp","href":"https:\/\/api.w.org\/{rel}","templated":true}]}}