{"id":6311,"date":"2022-09-15T10:41:30","date_gmt":"2022-09-15T10:41:30","guid":{"rendered":"https:\/\/etnyre.com\/remolques-de-fondo-vivo-frente-a-volquetes\/"},"modified":"2023-03-30T11:04:52","modified_gmt":"2023-03-30T11:04:52","slug":"remolques-de-fondo-vivo-frente-a-volquetes","status":"publish","type":"page","link":"https:\/\/etnyre.com\/es\/remolques-de-fondo-vivo-frente-a-volquetes\/","title":{"rendered":"Remolques de fondo vivo frente a volquetes"},"content":{"rendered":"<h3>Remolques de fondo vivo frente a volquetes: \u00bfCu\u00e1l es el mejor para su empresa?<\/h3>\n<p>Los contratistas de todo Estados Unidos conf\u00edan en la maquinaria de alta calidad y f\u00e1cil manejo para simplificar aspectos del proceso de construcci\u00f3n. Y a la hora de seleccionar equipos industriales esenciales, como los volquetes, muchos empresarios eligen lo que entienden. Sin embargo, los volquetes han demostrado con el tiempo ser menos seguros y fiables de lo que deber\u00eda ser la norma del sector. En su lugar, los remolques de fondo vivo han tomado por asalto la industria de la contrataci\u00f3n como la alternativa m\u00e1s segura, limpia y fiable a los camiones volquete. Si est\u00e1 interesado en saber c\u00f3mo los fondos vivos ganan a los volquetes, hable con los expertos en equipos industriales de Etnyre.<\/p>\n<h3>Ventajas de los remolques de fondo vivo<\/h3>\n<p>Los camiones basculantes, concretamente los \u00abremolques basculantes de extremo\u00bb, se utilizan habitualmente en la industria de la construcci\u00f3n en los Estados Unidos. Sin embargo, cada vez m\u00e1s contratistas han comenzado a abandonar los remolques de descarga final, optando en su lugar por los remolques de fondo vivo. Gran parte de la adopci\u00f3n de los fondos vivos se debe a la eficacia, limpieza y comodidad que ofrece esta alternativa de remolque de descarga final. Algunas de las ventajas del remolque de fondo vivo son:<\/p>\n<ul>\n<li><strong>Estabilidad<\/strong> &#8211; Los remolques basculantes de extremos suelen tener problemas de estabilidad. Como estos tipos de remolques son pesados para la espalda, pueden ser m\u00e1s dif\u00edciles de maniobrar. Los fondos vivos, en cambio, pueden distribuir m\u00e1s uniformemente su contenido. As\u00ed, los fondos vivos son m\u00e1s f\u00e1ciles de manejar para los operadores.<\/li>\n<li><strong>Seguridad<\/strong> &#8211; Debido a que los volquetes deben levantar su carrocer\u00eda para descargar, corren un mayor riesgo de engancharse a las l\u00edneas el\u00e9ctricas, a los pasos subterr\u00e1neos, etc. Adem\u00e1s, el peso de la espalda no s\u00f3lo afecta a la maniobrabilidad, sino que puede aumentar las posibilidades de que el veh\u00edculo vuelque. Los remolques de fondo vivo no experimentan estos problemas de seguridad, ya que se descargan mediante un sistema de cinta transportadora.<\/li>\n<li><strong>Limpieza<\/strong> &#8211; Si desea utilizar camiones de volteo para diferentes cargas de materias primas, debe limpiar continuamente la plataforma de su cami\u00f3n. Dado que los remolques basculantes dependen de la gravedad para la descarga, a menudo quedan restos de material tras el vertido. Por el contrario, los remolques de fondo vivo pueden extraer cada cent\u00edmetro cuadrado de su contenido mediante un sistema de cinta transportadora, lo que requiere poca limpieza posterior.<\/li>\n<li><strong>Comodidad<\/strong> &#8211; Al descargar un cami\u00f3n volquete, todo su contenido sale en una sola carga. Si bien esto puede servir para sus prop\u00f3sitos, tener los materiales apilados en un solo lugar puede ser contraproducente para algunos proyectos de contrataci\u00f3n. Por ejemplo, la pavimentaci\u00f3n con asfalto puede requerir la descarga de material a lo largo de toda una carretera. Afortunadamente, los remolques de fondo vivo pueden descargar su carga a un ritmo constante o vaciar cargas parciales en varios lugares.<\/li>\n<\/ul>\n<h3>Seleccione entre los mejores<\/h3>\n<p>Aunque los remolques de fondo vivo suponen una mayor inversi\u00f3n que los volquetes est\u00e1ndar, las ventajas de los fondos vivos merecen la pena. Los fondos vivos ayudan a evitar el desperdicio de material, requieren menos mano de obra y simplifican los aspectos de la construcci\u00f3n, con lo que se ahorra tiempo y dinero a largo plazo. Y si est\u00e1 considerando las mejores opciones\/alternativas para todo su equipo industrial, Etnyre le tiene cubierto. Ofrecemos una gama de productos para la construcci\u00f3n comercial, la mayor\u00eda centrados en la contrataci\u00f3n de asfalto y el mantenimiento de carreteras. Estos productos incluyen:<\/p>\n<ul class=\"col-2\">\n<li><a href=\"https:\/\/etnyre.com\/chipspreaders\/\">Esparcidores de virutas<\/a><\/li>\n<li><a href=\"https:\/\/etnyre.com\/asphalt-distributors\/\">Distribuidores de asfalto<\/a><\/li>\n<li><a href=\"https:\/\/etnyre.com\/lowboy-trailers\/\">Remolques Lowboy<\/a><\/li>\n<li><a href=\"https:\/\/etnyre.com\/asphalt-transport\/\">Transportes de asfalto<\/a><\/li>\n<li><a href=\"https:\/\/etnyre.com\/crack-sealers\/\">Selladores de grietas<\/a><\/li>\n<li><a href=\"https:\/\/etnyre.com\/flushers-sprinklers\/\">Lavadores \/ aspersores<\/a><\/li>\n<li><a href=\"https:\/\/etnyre.com\/storage-tanks\/\">Tanques de almacenamiento<\/a><\/li>\n<\/ul>\n<div class=\"left-img\"><img loading=\"lazy\" decoding=\"async\" class=\"alignnone\" src=\"https:\/\/etnyre.com\/wp-content\/uploads\/2022\/09\/Live-Bottom-2-500x350.jpg\" alt=\"Un cami\u00f3n basculante atrapado bajo un paso subterr\u00e1neo, lo que demuestra que el debate sobre los remolques de fondo vivo frente a los camiones basculantes est\u00e1 a favor de los remolques de fondo vivo\" width=\"500\" height=\"350\" title=\"\"><\/div>\n<h3>Llame hoy mismo<\/h3>\n<p>En el caso de los remolques de fondo vivo frente a los volquetes, hay un claro ganador entre los dos. Los remolques de fondo vivo son los que m\u00e1s ventajas ofrecen en comparaci\u00f3n con los remolques basculantes en t\u00e9rminos de seguridad, comodidad y fiabilidad. Si est\u00e1 interesado en los remolques de fondo vivo para su negocio, llame hoy mismo a los expertos en equipamiento industrial de Etnyre. Puede contactar con nosotros en <a href=\"tel:8157322166\">el 815-732-2166<\/a>. Estamos ubicados en 1333 Daysville Rd, Oregon, IL 61061. Etnyre tiene su sede en Illinois y atiende a clientes de todo Estados Unidos.<\/p>\n","protected":false},"excerpt":{"rendered":"<p>Remolques de fondo vivo frente a volquetes: \u00bfCu\u00e1l es el mejor para su empresa? Los contratistas de todo Estados Unidos conf\u00edan en la maquinaria de alta calidad y f\u00e1cil manejo para simplificar aspectos del proceso de construcci\u00f3n. Y a la hora de seleccionar equipos industriales esenciales, como los volquetes, muchos empresarios eligen lo que entienden. &hellip; <a href=\"https:\/\/etnyre.com\/es\/remolques-de-fondo-vivo-frente-a-volquetes\/\" class=\"more-link\">Continue reading <span class=\"screen-reader-text\">Remolques de fondo vivo frente a volquetes<\/span><\/a><\/p>\n","protected":false},"author":1,"featured_media":6307,"parent":0,"menu_order":0,"comment_status":"closed","ping_status":"closed","template":"","meta":{"_acf_changed":false,"footnotes":""},"class_list":["post-6311","page","type-page","status-publish","has-post-thumbnail","hentry"],"acf":[],"_links":{"self":[{"href":"https:\/\/etnyre.com\/es\/wp-json\/wp\/v2\/pages\/6311","targetHints":{"allow":["GET"]}}],"collection":[{"href":"https:\/\/etnyre.com\/es\/wp-json\/wp\/v2\/pages"}],"about":[{"href":"https:\/\/etnyre.com\/es\/wp-json\/wp\/v2\/types\/page"}],"author":[{"embeddable":true,"href":"https:\/\/etnyre.com\/es\/wp-json\/wp\/v2\/users\/1"}],"replies":[{"embeddable":true,"href":"https:\/\/etnyre.com\/es\/wp-json\/wp\/v2\/comments?post=6311"}],"version-history":[{"count":3,"href":"https:\/\/etnyre.com\/es\/wp-json\/wp\/v2\/pages\/6311\/revisions"}],"predecessor-version":[{"id":6335,"href":"https:\/\/etnyre.com\/es\/wp-json\/wp\/v2\/pages\/6311\/revisions\/6335"}],"wp:featuredmedia":[{"embeddable":true,"href":"https:\/\/etnyre.com\/es\/wp-json\/wp\/v2\/media\/6307"}],"wp:attachment":[{"href":"https:\/\/etnyre.com\/es\/wp-json\/wp\/v2\/media?parent=6311"}],"curies":[{"name":"wp","href":"https:\/\/api.w.org\/{rel}","templated":true}]}}