{"id":6379,"date":"2022-10-14T06:48:29","date_gmt":"2022-10-14T06:48:29","guid":{"rendered":"https:\/\/etnyre.com\/los-mejores-remolques-de-fondo-vivo\/"},"modified":"2023-03-30T11:04:53","modified_gmt":"2023-03-30T11:04:53","slug":"los-mejores-remolques-de-fondo-vivo","status":"publish","type":"page","link":"https:\/\/etnyre.com\/es\/los-mejores-remolques-de-fondo-vivo\/","title":{"rendered":"Los mejores remolques de fondo vivo"},"content":{"rendered":"<h3>Facilidad de carga y descarga con los mejores remolques de fondo vivo<\/h3>\n<p>El transporte de materias primas requiere camiones, equipos y remolques de gran tonelaje para su aplicaci\u00f3n segura. Durante las \u00faltimas d\u00e9cadas, los camiones de volteo han dominado la industria como el est\u00e1ndar para la mayor\u00eda de los contratistas. Sin embargo, <a href=\"https:\/\/etnyre.com\/live-bottom-trailers-versus-dump-trucks\/\">los volquetes ya no son la opci\u00f3n m\u00e1s \u00f3ptima<\/a> para el transporte de materias primas. \u00daltimamente, los remolques con fondo vivo han tomado por asalto la industria de la construcci\u00f3n, introduciendo una carga y descarga m\u00e1s segura y pr\u00e1ctica. Y gracias a Etnyre, \u00a1puedes encontrar los mejores remolques de fondo vivo en Estados Unidos!<\/p>\n<h3>\u00bfPor qu\u00e9 elegir los remolques de fondo vivo?<\/h3>\n<p>Si ha pasado alg\u00fan tiempo en el negocio de la construcci\u00f3n y el mantenimiento de carreteras, es probable que est\u00e9 familiarizado con la popularizaci\u00f3n de los <a href=\"https:\/\/etnyre.com\/live-bottom-trailers\/\">remolques de fondo vivo<\/a>. Los agricultores, las empresas y los contratistas no s\u00f3lo pueden transportar f\u00e1cilmente los materiales a trav\u00e9s de los fondos vivos, sino que pueden hacerlo de forma m\u00e1s segura y precisa.<\/p>\n<ul>\n<li><strong>Descarga flexible y precisa<\/strong>\n<ul>\n<li>Los volquetes est\u00e1ndar vac\u00edan su carga levantando la parte trasera del cami\u00f3n y dejando que su contenido se vac\u00ede, por cortes\u00eda de la gravedad. Aunque este m\u00e9todo de descarga es eficaz, la pila de material resultante debe trasladarse manualmente al lugar donde se necesita. Por el contrario, un remolque de fondo vivo no tiene que liberar su carga de una sola vez. Los fondos vivos utilizan cintas transportadoras para distribuir el material de manera uniforme en una gran superficie y en varios lugares.<\/li>\n<\/ul>\n<\/li>\n<li><strong>Movimiento seguro<\/strong>\n<ul>\n<li>El dise\u00f1o de un cami\u00f3n volquete no ha mejorado mucho a lo largo de los a\u00f1os. Desgraciadamente, los volquetes siguen siendo pesados en la parte superior y corren el riesgo de volcar el remolque debido a su alto centro de gravedad. Por otro lado, un remolque con fondo vivo est\u00e1 m\u00e1s bajo en el suelo y tiene m\u00e1s superficie de carga que un cami\u00f3n volquete. Ambas caracter\u00edsticas reducen el riesgo de vuelco cuando se utiliza un remolque con fondo vivo.<\/li>\n<\/ul>\n<\/li>\n<li><strong>Descarga eficiente<\/strong>\n<ul>\n<li>Como se ha mencionado, los remolques de fondo vivo cuentan con sistemas de cintas transportadoras que empujan las materias primas hacia fuera. Este m\u00e9todo de descarga garantiza que se vac\u00ede la mayor parte del contenido de un remolque y que quede poco. Esto contrasta con los volquetes, que a menudo requieren un trabajo manual para limpiar a fondo. Adem\u00e1s, el riesgo de contaminaci\u00f3n cruzada es mayor con los camiones volquetes, a diferencia de los remolques con fondo vivo.<\/li>\n<\/ul>\n<\/li>\n<\/ul>\n<h3>Remolques de alta calidad de Etnyre<\/h3>\n<p>Etnyre es l\u00edder en el dise\u00f1o y la fabricaci\u00f3n de los mejores remolques de fondo vivo en los Estados Unidos. Nuestros remolques Falcon\u00ae Live Bottom son algunas de las unidades m\u00e1s r\u00e1pidas y ligeras del sector de la construcci\u00f3n y el <a href=\"https:\/\/etnyre.com\/road-construction-equipment\/\">mantenimiento de carreteras<\/a>. Independientemente de la carga que lleve, siempre alcanzar\u00e1 velocidades \u00f3ptimas de carga y descarga. Las mejores caracter\u00edsticas de los remolques Falcon\u00ae Live Bottom incluyen:<\/p>\n<ul>\n<li>El sistema transportador confiable patentado minimiza el mantenimiento y el tiempo de inactividad para ahorrar dinero<\/li>\n<li>El cintur\u00f3n de 42 pulgadas de ancho (106 cm) elimina las tablillas y minimiza los puentes de material<\/li>\n<li>Entre los m\u00e1s ligeros de la industria por un consumo m\u00ednimo de combustible y mayores cargas \u00fatiles<\/li>\n<li>Variedad de puertas traseras, incluidas las gemelas, de hormig\u00f3n, de gran elevaci\u00f3n y plegables de gran elevaci\u00f3n, para proporcionar una descarga eficiente para cualquier material y aplicaci\u00f3n<\/li>\n<li>Las paredes laterales empinadas evitan la formaci\u00f3n de puentes y descargan con facilidad una amplia variedad de materiales, incluidos mezclas asf\u00e1lticas en caliente, agregados peque\u00f1os y grandes, arena, grava, materiales reciclados y concreto de bajo asentamiento.<\/li>\n<li>Media revoluci\u00f3n de la correa descarga material de manera r\u00e1pida y eficiente<\/li>\n<\/ul>\n<div class=\"left-img\"><img loading=\"lazy\" decoding=\"async\" class=\"alignnone\" src=\"https:\/\/etnyre.com\/wp-content\/uploads\/2022\/10\/Best-Live-Bottom-Trailers-2.jpg\" alt=\"Los mejores remolques de fondo vivo fabricados por Etnyre\" width=\"500\" height=\"350\" title=\"\"><\/div>\n<h3>Ll\u00e1menos<\/h3>\n<p>\u00a1Deje los camiones de volteo en el polvo! Invierta en los mejores remolques de fondo vivo para su negocio, suministrados por los expertos en equipamiento industrial de Etnyre. Para saber m\u00e1s sobre Etnyre y nuestros <a href=\"https:\/\/etnyre.com\/lowboy-trailers\/\">remolques<\/a> y maquinaria de mantenimiento de carreteras adicionales, p\u00f3ngase en contacto con nosotros en <a href=\"tel:815-732-2166\">el 815-732-2166<\/a>. Estamos ubicados en 1333 Daysville Rd, Oregon, IL 61061. Etnyre tiene su sede en Illinois y atiende a clientes de todo Estados Unidos.<\/p>\n","protected":false},"excerpt":{"rendered":"<p>Facilidad de carga y descarga con los mejores remolques de fondo vivo El transporte de materias primas requiere camiones, equipos y remolques de gran tonelaje para su aplicaci\u00f3n segura. Durante las \u00faltimas d\u00e9cadas, los camiones de volteo han dominado la industria como el est\u00e1ndar para la mayor\u00eda de los contratistas. Sin embargo, los volquetes ya &hellip; <a href=\"https:\/\/etnyre.com\/es\/los-mejores-remolques-de-fondo-vivo\/\" class=\"more-link\">Continue reading <span class=\"screen-reader-text\">Los mejores remolques de fondo vivo<\/span><\/a><\/p>\n","protected":false},"author":1,"featured_media":6375,"parent":0,"menu_order":0,"comment_status":"closed","ping_status":"closed","template":"","meta":{"_acf_changed":false,"footnotes":""},"class_list":["post-6379","page","type-page","status-publish","has-post-thumbnail","hentry"],"acf":[],"_links":{"self":[{"href":"https:\/\/etnyre.com\/es\/wp-json\/wp\/v2\/pages\/6379","targetHints":{"allow":["GET"]}}],"collection":[{"href":"https:\/\/etnyre.com\/es\/wp-json\/wp\/v2\/pages"}],"about":[{"href":"https:\/\/etnyre.com\/es\/wp-json\/wp\/v2\/types\/page"}],"author":[{"embeddable":true,"href":"https:\/\/etnyre.com\/es\/wp-json\/wp\/v2\/users\/1"}],"replies":[{"embeddable":true,"href":"https:\/\/etnyre.com\/es\/wp-json\/wp\/v2\/comments?post=6379"}],"version-history":[{"count":2,"href":"https:\/\/etnyre.com\/es\/wp-json\/wp\/v2\/pages\/6379\/revisions"}],"predecessor-version":[{"id":6417,"href":"https:\/\/etnyre.com\/es\/wp-json\/wp\/v2\/pages\/6379\/revisions\/6417"}],"wp:featuredmedia":[{"embeddable":true,"href":"https:\/\/etnyre.com\/es\/wp-json\/wp\/v2\/media\/6375"}],"wp:attachment":[{"href":"https:\/\/etnyre.com\/es\/wp-json\/wp\/v2\/media?parent=6379"}],"curies":[{"name":"wp","href":"https:\/\/api.w.org\/{rel}","templated":true}]}}