{"id":6387,"date":"2022-10-14T06:51:00","date_gmt":"2022-10-14T06:51:00","guid":{"rendered":"https:\/\/etnyre.com\/equipo-para-el-sellado-de-virutas\/"},"modified":"2023-03-30T11:05:02","modified_gmt":"2023-03-30T11:05:02","slug":"equipo-para-el-sellado-de-virutas","status":"publish","type":"page","link":"https:\/\/etnyre.com\/es\/equipo-para-el-sellado-de-virutas\/","title":{"rendered":"Equipo para el sellado de virutas"},"content":{"rendered":"<h3>El mantenimiento de las carreteras es m\u00e1s f\u00e1cil con el equipo de asfaltado de Etnyre<\/h3>\n<p>Las infraestructuras de todo Estados Unidos siempre necesitan mantenimiento y actualizaci\u00f3n. Por ello, es crucial que los equipos de mantenimiento de carreteras y los ayuntamientos est\u00e9n al d\u00eda con las demandas de infraestructura de su zona. Y gracias a Etnyre, los contratistas de asfalto pueden tener m\u00e1s confianza en la velocidad y la calidad de su trabajo. Con los equipos de sellado de virutas suministrados por Etnyre, podr\u00e1 ofrecer <a href=\"https:\/\/etnyre.com\/chip-and-seal\/\">servicios de sellado de virutas<\/a> altamente eficientes y fiables a clientes de todo el pa\u00eds.<\/p>\n<h3>La maquinaria que necesita<\/h3>\n<p>Etnyre fabrica m\u00e1quinas de sellado de virutas de primera calidad, dise\u00f1adas para maximizar la eficacia del proceso de sellado de virutas y ofrecer a los operadores la mayor comodidad posible. Para casi todos los pasos del sellado de virutas, el equipo de Etnyre le tiene cubierto.<\/p>\n<ul>\n<li><strong>Distribuidores de asfalto<\/strong>\n<ul>\n<li>El primer paso para el sellado de virutas es la aplicaci\u00f3n de asfalto l\u00edquido a la superficie de la carretera. El asfalto no s\u00f3lo ayuda a sellar la superficie inferior, sino que tambi\u00e9n proporciona una capa de aplicaci\u00f3n para que se adhieran las virutas de los \u00e1ridos. Para garantizar una cobertura uniforme de asfalto l\u00edquido, los <a href=\"https:\/\/etnyre.com\/best-asphalt-distributors\/\">distribuidores de asfalto<\/a> de Etnyre est\u00e1n listos para la acci\u00f3n. Nuestros <a href=\"https:\/\/etnyre.com\/asphalt-distributors\/\">distribuidores<\/a> pueden transportar entre 1.000 y 4.500 galones de asfalto l\u00edquido, que se puede pulverizar de forma r\u00e1pida y segura sobre cualquier superficie de la carretera.<\/li>\n<\/ul>\n<\/li>\n<li><strong>Esparcidores de virutas<\/strong>\n<ul>\n<li>Una vez que se ha extendido el asfalto, el siguiente paso del proceso de asfaltado es la distribuci\u00f3n de las virutas de los \u00e1ridos. La combinaci\u00f3n de virutas y asfalto l\u00edquido ayuda a proteger las calzadas de futuros da\u00f1os y garantiza una superficie antideslizante y antirreglamentaria para los conductores. Para simplificar la aplicaci\u00f3n de chips, los contratistas utilizan <a href=\"https:\/\/etnyre.com\/chipspreaders\/\">los ChipSpreaders<\/a> de \u00faltima generaci\u00f3n de Etnyre. Esta maquinaria cuenta con tolvas de esparcimiento frontal de 10 a 15 pies, cintas transportadoras de 24 pulgadas de ancho y aplicaci\u00f3n controlada por ordenador para un esparcimiento r\u00e1pido y fiable de las virutas.<\/li>\n<\/ul>\n<\/li>\n<li><strong>Remolques inferiores vivos<\/strong>\n<ul>\n<li>Adem\u00e1s del equipo de sellado de virutas, los contratistas de asfalto deben tener camiones y remolques para transportar las materias primas, como las virutas de los \u00e1ridos. Para satisfacer las necesidades de carga y descarga de los contratistas, Etnyre produce los <a href=\"https:\/\/etnyre.com\/best-live-bottom-trailers\/\">remolques de fondo vivo<\/a> m\u00e1s ligeros y r\u00e1pidos del sector. Nuestros remolques Falcon\u00ae Live Bottom garantizan que la descarga y el transporte de materias primas sean r\u00e1pidos y sin riesgos. Mediante un sistema de transporte, los fondos vivos pueden ser precisos en la forma de liberar su contenido.<\/li>\n<\/ul>\n<\/li>\n<\/ul>\n<h3>M\u00e1s de Etnyre<\/h3>\n<p>ED Etnyre &amp; Co. se enorgullece de haber fabricado una amplia gama de equipos al servicio de la industria de la construcci\u00f3n de carreteras de asfalto desde 1898. Nuestras m\u00e1quinas no tienen parang\u00f3n en cuanto a niveles de calidad y asistencia, ya que utilizan piezas de la m\u00e1s alta calidad y cuentan con tecnolog\u00eda avanzada. Adem\u00e1s de nuestros equipos de sellado de virutas, tambi\u00e9n suministramos productos para la reparaci\u00f3n y el transporte de asfalto, entre ellos:<\/p>\n<ul class=\"col-2\">\n<li><a href=\"https:\/\/etnyre.com\/asphalt-transport\/\">Transportes de asfalto<\/a><\/li>\n<li><a href=\"https:\/\/etnyre.com\/live-bottom-trailers\/\">Remolques inferiores vivos<\/a><\/li>\n<li><a href=\"https:\/\/etnyre.com\/crack-sealers\/\">Selladores de grietas<\/a><\/li>\n<li><a href=\"https:\/\/etnyre.com\/lowboy-trailers\/\">Remolques Lowboy<\/a><\/li>\n<li><a href=\"https:\/\/etnyre.com\/storage-tanks\/\">Tanques de almacenamiento<\/a><\/li>\n<li><a href=\"https:\/\/etnyre.com\/flushers-sprinklers\/\">Lavadores \/ aspersores<\/a><\/li>\n<\/ul>\n<div class=\"left-img\"><img decoding=\"async\" src=\"https:\/\/etnyre.com\/wp-content\/uploads\/2022\/07\/ChipSpreaders_img.jpg\" alt=\"Equipo para el sellado de virutas\" title=\"\"><\/div>\n<h3>Llame hoy mismo<\/h3>\n<p>Aseg\u00farese de que su empresa de asfalto puede suministrar un servicio de astillado y sellado r\u00e1pido y eficaz con el mejor equipo de astillado disponible. Llame hoy mismo a los expertos en mantenimiento de carreteras de Etnyre para obtener m\u00e1s informaci\u00f3n. Puede contactar con nosotros en <a href=\"tel:8157322166\">el 815-732-2166<\/a>. Estamos ubicados en 1333 Daysville Rd, Oregon, IL 61061. Etnyre tiene su sede en Illinois y atiende a clientes de todo Estados Unidos.<\/p>\n","protected":false},"excerpt":{"rendered":"<p>El mantenimiento de las carreteras es m\u00e1s f\u00e1cil con el equipo de asfaltado de Etnyre Las infraestructuras de todo Estados Unidos siempre necesitan mantenimiento y actualizaci\u00f3n. Por ello, es crucial que los equipos de mantenimiento de carreteras y los ayuntamientos est\u00e9n al d\u00eda con las demandas de infraestructura de su zona. Y gracias a Etnyre, &hellip; <a href=\"https:\/\/etnyre.com\/es\/equipo-para-el-sellado-de-virutas\/\" class=\"more-link\">Continue reading <span class=\"screen-reader-text\">Equipo para el sellado de virutas<\/span><\/a><\/p>\n","protected":false},"author":1,"featured_media":6385,"parent":0,"menu_order":0,"comment_status":"closed","ping_status":"closed","template":"","meta":{"_acf_changed":false,"footnotes":""},"class_list":["post-6387","page","type-page","status-publish","has-post-thumbnail","hentry"],"acf":[],"_links":{"self":[{"href":"https:\/\/etnyre.com\/es\/wp-json\/wp\/v2\/pages\/6387","targetHints":{"allow":["GET"]}}],"collection":[{"href":"https:\/\/etnyre.com\/es\/wp-json\/wp\/v2\/pages"}],"about":[{"href":"https:\/\/etnyre.com\/es\/wp-json\/wp\/v2\/types\/page"}],"author":[{"embeddable":true,"href":"https:\/\/etnyre.com\/es\/wp-json\/wp\/v2\/users\/1"}],"replies":[{"embeddable":true,"href":"https:\/\/etnyre.com\/es\/wp-json\/wp\/v2\/comments?post=6387"}],"version-history":[{"count":4,"href":"https:\/\/etnyre.com\/es\/wp-json\/wp\/v2\/pages\/6387\/revisions"}],"predecessor-version":[{"id":6421,"href":"https:\/\/etnyre.com\/es\/wp-json\/wp\/v2\/pages\/6387\/revisions\/6421"}],"wp:featuredmedia":[{"embeddable":true,"href":"https:\/\/etnyre.com\/es\/wp-json\/wp\/v2\/media\/6385"}],"wp:attachment":[{"href":"https:\/\/etnyre.com\/es\/wp-json\/wp\/v2\/media?parent=6387"}],"curies":[{"name":"wp","href":"https:\/\/api.w.org\/{rel}","templated":true}]}}