{"id":6397,"date":"2022-10-14T06:53:37","date_gmt":"2022-10-14T06:53:37","guid":{"rendered":"https:\/\/etnyre.com\/venta-de-equipos-de-asfaltado\/"},"modified":"2023-03-30T11:05:04","modified_gmt":"2023-03-30T11:05:04","slug":"venta-de-equipos-de-asfaltado","status":"publish","type":"page","link":"https:\/\/etnyre.com\/es\/venta-de-equipos-de-asfaltado\/","title":{"rendered":"Venta de equipos de asfaltado"},"content":{"rendered":"<h3>Seleccione entre los mejores equipos de sellado de virutas a la venta<\/h3>\n<p>Tanto si desea ampliar su flota de equipos de mantenimiento de carreteras como si desea ofrecer un nuevo servicio de pavimentaci\u00f3n de asfalto, Etnyre le tiene cubierto. Dise\u00f1amos y fabricamos algunos de los mejores equipos de sellado de virutas a la venta en los Estados Unidos. Etnyre fabrica su maquinaria de forma experta, utilizando los materiales, las piezas y la tecnolog\u00eda de mayor calidad disponibles para los contratistas de asfalto. Hable con Etnyre hoy mismo para encontrar el <a href=\"https:\/\/etnyre.com\/chip-seal-equipment\/\">equipo<\/a> que mejor se adapte a su negocio.<\/p>\n<h3>Por d\u00f3nde empezar<\/h3>\n<p>Etnyre suministra m\u00e1quinas esenciales para el <a href=\"https:\/\/etnyre.com\/chip-and-seal\/\">proceso de sellado de virutas<\/a>. Puede encontrar todo lo que necesita para ofrecer servicios completos de asfaltado y sellado, desde <a href=\"https:\/\/etnyre.com\/best-asphalt-distributors\/\">distribuidores de asfalto<\/a> hasta <a href=\"https:\/\/etnyre.com\/chip-spreaders\/\">esparcidores de virutas<\/a>. Desde el principio hasta el final de un proyecto de sellado de virutas, las m\u00e1quinas de Etnyre hacen el trabajo.<\/p>\n<ul>\n<li><strong>Distribuidores de asfalto<\/strong>\n<ul>\n<li>El sellado de virutas comienza aplicando una capa de asfalto l\u00edquido a la superficie de la carretera. Este asfalto no s\u00f3lo act\u00faa como adhesivo para las virutas de los \u00e1ridos, sino que tambi\u00e9n puede ayudar a sellar cualquier grieta o fisura en la superficie de una calle. Con los distribuidores de asfalto de Etnyre, la aplicaci\u00f3n del asfalto es r\u00e1pida y sencilla. Nuestros camiones tienen una capacidad de entre 1.000 y 4.500 galones y est\u00e1n equipados con una barra de pulverizaci\u00f3n de 12 pies de circulaci\u00f3n completa.<\/li>\n<\/ul>\n<\/li>\n<li><strong>Esparcidores de virutas<\/strong>\n<ul>\n<li>Despu\u00e9s de la aplicaci\u00f3n del asfalto, las virutas de los \u00e1ridos se extienden por la superficie de la carretera. Estas virutas aportan resistencia y durabilidad a su calle con sello de viruta, adem\u00e1s de hacerla m\u00e1s segura para transitar en condiciones de sol o hielo. Con el <a href=\"https:\/\/etnyre.com\/chipspreaders\/\">ChipSpreader de Etnyre<\/a>, esparce virutas de \u00e1ridos sobre el asfalto reci\u00e9n colocado mediante un sistema de transmisi\u00f3n hidrost\u00e1tica y una tolva de esparcimiento de anchura variable. Los operadores pueden controlar los tama\u00f1os de los agregados de velocidad a trav\u00e9s de los controles computarizados de su esparcidor de virutas.<\/li>\n<\/ul>\n<\/li>\n<li><strong>Remolques inferiores vivos<\/strong>\n<ul>\n<li>El asfaltado y otros servicios de pavimentaci\u00f3n con asfalto requieren grandes vol\u00famenes de materia prima. Por ello, disponer de un equipo de transporte adecuado es esencial para cualquier contratista de asfalto. Por ello, <a href=\"https:\/\/etnyre.com\/best-live-bottom-trailers\/\">los remolques<\/a> Falcon\u00ae <a href=\"https:\/\/etnyre.com\/best-live-bottom-trailers\/\">Live Bottom<\/a> de Etnyre son su mejor opci\u00f3n para el transporte fiable de materiales. Los remolques de fondo vivo utilizan grandes camas de cami\u00f3n y un sistema de cinta transportadora para una descarga precisa y flexible del contenido.<\/li>\n<\/ul>\n<\/li>\n<\/ul>\n<h3>S\u00f3lo lo mejor de Etnyre<\/h3>\n<p>Etnyre sigue innovando en el sector de la pavimentaci\u00f3n de asfalto. Desde 1898, hemos desarrollado una amplia gama de m\u00e1quinas y equipos industriales para diversos fines de mantenimiento y construcci\u00f3n de carreteras. No s\u00f3lo construimos nuestras m\u00e1quinas con los mejores materiales y piezas, sino que proporcionamos una asistencia al cliente sin igual a todos nuestros clientes. Adem\u00e1s de nuestro equipo de sellado de virutas para la venta, tambi\u00e9n proporcionamos:<\/p>\n<ul class=\"col-2\">\n<li><a href=\"https:\/\/etnyre.com\/asphalt-transport\/\">Transportes de asfalto<\/a><\/li>\n<li><a href=\"https:\/\/etnyre.com\/live-bottom-trailers\/\">Remolques inferiores vivos<\/a><\/li>\n<li><a href=\"https:\/\/etnyre.com\/crack-sealers\/\">Selladores de grietas<\/a><\/li>\n<li><a href=\"https:\/\/etnyre.com\/lowboy-trailers\/\">Remolques Lowboy<\/a><\/li>\n<li><a href=\"https:\/\/etnyre.com\/storage-tanks\/\">Tanques de almacenamiento<\/a><\/li>\n<li><a href=\"https:\/\/etnyre.com\/flushers-sprinklers\/\">Lavadores \/ aspersores<\/a><\/li>\n<\/ul>\n<div class=\"left-img\"><img loading=\"lazy\" decoding=\"async\" class=\"alignnone\" src=\"https:\/\/etnyre.com\/wp-content\/uploads\/2022\/10\/seal-coating-and-chip-sealing-asphalt-pavement-street-picture-id508510455.jpg\" alt=\"Venta de equipos de asfaltado, que realizan el servicio de asfaltado y sellado de carreteras antiguas\" width=\"500\" height=\"350\" title=\"\"><\/div>\n<h3>Hable con nuestro equipo<\/h3>\n<p>Para garantizar que su empresa pueda ofrecer los mejores servicios de sellado de virutas, lo \u00fanico que necesita es el mejor equipo. Seleccione el mejor equipo de asfalto en venta con la ayuda de Etnyre. Para saber m\u00e1s sobre nuestros productos y maquinaria, p\u00f3ngase en contacto con nosotros hoy mismo en <a href=\"tel:8157322166\">el 815-732-2166<\/a>. Estamos ubicados en 1333 Daysville Rd, Oregon, IL 61061. Etnyre tiene su sede en Illinois y atiende a clientes de todo Estados Unidos.<\/p>\n","protected":false},"excerpt":{"rendered":"<p>Seleccione entre los mejores equipos de sellado de virutas a la venta Tanto si desea ampliar su flota de equipos de mantenimiento de carreteras como si desea ofrecer un nuevo servicio de pavimentaci\u00f3n de asfalto, Etnyre le tiene cubierto. Dise\u00f1amos y fabricamos algunos de los mejores equipos de sellado de virutas a la venta en &hellip; <a href=\"https:\/\/etnyre.com\/es\/venta-de-equipos-de-asfaltado\/\" class=\"more-link\">Continue reading <span class=\"screen-reader-text\">Venta de equipos de asfaltado<\/span><\/a><\/p>\n","protected":false},"author":1,"featured_media":6395,"parent":0,"menu_order":0,"comment_status":"closed","ping_status":"closed","template":"","meta":{"_acf_changed":false,"footnotes":""},"class_list":["post-6397","page","type-page","status-publish","has-post-thumbnail","hentry"],"acf":[],"_links":{"self":[{"href":"https:\/\/etnyre.com\/es\/wp-json\/wp\/v2\/pages\/6397","targetHints":{"allow":["GET"]}}],"collection":[{"href":"https:\/\/etnyre.com\/es\/wp-json\/wp\/v2\/pages"}],"about":[{"href":"https:\/\/etnyre.com\/es\/wp-json\/wp\/v2\/types\/page"}],"author":[{"embeddable":true,"href":"https:\/\/etnyre.com\/es\/wp-json\/wp\/v2\/users\/1"}],"replies":[{"embeddable":true,"href":"https:\/\/etnyre.com\/es\/wp-json\/wp\/v2\/comments?post=6397"}],"version-history":[{"count":2,"href":"https:\/\/etnyre.com\/es\/wp-json\/wp\/v2\/pages\/6397\/revisions"}],"predecessor-version":[{"id":7009,"href":"https:\/\/etnyre.com\/es\/wp-json\/wp\/v2\/pages\/6397\/revisions\/7009"}],"wp:featuredmedia":[{"embeddable":true,"href":"https:\/\/etnyre.com\/es\/wp-json\/wp\/v2\/media\/6395"}],"wp:attachment":[{"href":"https:\/\/etnyre.com\/es\/wp-json\/wp\/v2\/media?parent=6397"}],"curies":[{"name":"wp","href":"https:\/\/api.w.org\/{rel}","templated":true}]}}