{"id":6404,"date":"2022-10-14T06:56:46","date_gmt":"2022-10-14T06:56:46","guid":{"rendered":"https:\/\/etnyre.com\/esparcidores-de-gravilla\/"},"modified":"2025-07-16T09:22:38","modified_gmt":"2025-07-16T09:22:38","slug":"esparcidores-de-gravilla","status":"publish","type":"page","link":"https:\/\/etnyre.com\/es\/esparcidores-de-gravilla\/","title":{"rendered":"Esparcidores de gravilla"},"content":{"rendered":"<h3>Consiga un sellado de virutas de alta calidad con los esparcidores de virutas de \u00e1ridos adecuados<\/h3>\n<p>El sellado de virutas es un servicio popular de mantenimiento de carreteras que ofrecen la mayor\u00eda de los contratistas de asfalto. El proceso de sellado de virutas incluye la aplicaci\u00f3n de asfalto l\u00edquido y virutas de \u00e1ridos a la superficie de una carretera, creando un sello duradero y resistente a la intemperie para su asfalto. Sin embargo, es necesario contar con el equipo adecuado para proporcionar un <a href=\"https:\/\/etnyre.com\/es\/asfaltado-y-sellado\/\">servicio de sellado de virutas<\/a> de alta calidad. Con Etnyre, usted puede encontrar la maquinaria que necesita, incluyendo nuestros <a href=\"https:\/\/etnyre.com\/es\/esparcidores-de-virutas\/\">esparcidores de virutas de<\/a> agregados de primera categor\u00eda.<\/p>\n<h3>La importancia de los esparcidores de virutas<\/h3>\n<p>Un esparcidor de virutas es crucial para implementar con \u00e9xito los servicios de sellado de virutas. Debido a la eficacia del sellado de virutas en la reparaci\u00f3n y el mantenimiento de las carreteras, se requiere <a href=\"https:\/\/etnyre.com\/es\/equipo-para-el-sellado-de-virutas\/\">un equipo<\/a> que garantice la alta calidad de cada trabajo. Gracias a los esparcidores de virutas, los contratistas de asfalto pueden:<\/p>\n<ul>\n<li><strong>Realizar grandes trabajos de sellado de virutas<\/strong>\n<ul>\n<li>Cuando un cliente solicita el servicio de sellado de virutas, nunca es para una calzada o un terreno peque\u00f1o. El sellado de virutas se utiliza principalmente para el mantenimiento y la conservaci\u00f3n de carreteras comerciales, p\u00fablicas y privadas. Por lo tanto, se necesita maquinaria que pueda gestionar grandes proyectos de asfalto. Afortunadamente, los esparcidores de gravilla est\u00e1n dise\u00f1ados para gestionar distintos tama\u00f1os de pavimento y pueden transportar grandes cargas de \u00e1ridos.<\/li>\n<\/ul>\n<\/li>\n<li><strong>Tener un control preciso de los agregados<\/strong>\n<ul>\n<li>El tama\u00f1o de los \u00e1ridos y la tasa de aplicaci\u00f3n son importantes para las condiciones que experimentar\u00e1n sus carreteras. Algunos ejemplos de condiciones que requieren un control preciso de la aplicaci\u00f3n son las superficies de la calzada que son absorbentes, erosionadas o enjuagadas. Adem\u00e1s, el tama\u00f1o adecuado de los \u00e1ridos es importante cuando se tiene en cuenta la cantidad de tr\u00e1fico que soporta una carretera. Un esparcidor de virutas, como el ChipSpreader de Etnyre, tiene funciones computarizadas que permiten el control preciso de las virutas agregadas.<\/li>\n<\/ul>\n<\/li>\n<li><strong>Reduzca el tiempo y la mano de obra para completar el trabajo<\/strong>\n<ul>\n<li>La gesti\u00f3n de las carreteras y autopistas de todo Estados Unidos requiere mucho tiempo y esfuerzo. Para el sellado de virutas, el proceso ser\u00eda casi imposible sin la inclusi\u00f3n de un esparcidor de virutas. Cualquier esparcidor de virutas ayuda a reducir significativamente la mano de obra necesaria para el sellado de virutas. Adem\u00e1s, los esparcidores de virutas ayudan a agilizar el sellado de virutas, lo que permite a los contratistas completar los trabajos r\u00e1pidamente y pasar al siguiente.<\/li>\n<\/ul>\n<\/li>\n<\/ul>\n<h3>Las mejores caracter\u00edsticas de Etnyre ChipSpreaders<\/h3>\n<p>Etnyre se esfuerza por ofrecer equipos de asfalto de alta calidad para cualquier trabajo de pavimentaci\u00f3n. Para el sellado de virutas, nuestros esparcidores de virutas agregadas no tienen rival. El <a href=\"https:\/\/etnyre.com\/es\/esparcidores-de-chips\/\">ChipSpreader de Etnyre<\/a> consigue una aplicaci\u00f3n precisa y eficiente de los \u00e1ridos utilizando un sistema de accionamiento hidrost\u00e1tico y una tolva de distribuci\u00f3n de ancho variable. Otras caracter\u00edsticas que los operadores consideran \u00fatiles son:<\/p>\n<ul class=\"col-2\">\n<li>Tracci\u00f3n delantera o a las cuatro ruedas<\/li>\n<li>Motor diesel turboalimentado de 260 CV<\/li>\n<li>Control de velocidad y tasa de aplicaci\u00f3n por ordenador<\/li>\n<li>Cintas transportadoras hidrost\u00e1ticas de 24 pulgadas de ancho<\/li>\n<li>Tolva de dispersi\u00f3n frontal de 10 a 15 pies con rodillo de dispersi\u00f3n de accionamiento hidrost\u00e1tico<\/li>\n<li>Tolva fija o variable<\/li>\n<li>Calibres individuales para esquinas de radio sin esfuerzo<\/li>\n<li>Aletas plegables para un mejor uso del material<\/li>\n<li>Conjunto consola\/asiento deslizante manual<\/li>\n<\/ul>\n<div class=\"left-img\"><img loading=\"lazy\" decoding=\"async\" class=\"alignnone\" src=\"https:\/\/etnyre.com\/wp-content\/uploads\/2022\/10\/seal-coating-and-chip-sealing-asphalt-pavement-street-picture-id509704489.jpg\" alt=\"Sellado de virutas fresco en una calzada gracias a los esparcidores de virutas de \u00e1ridos\" width=\"500\" height=\"350\" title=\"\"><\/div>\n<h3>Contactar con Etnyre<\/h3>\n<p>Implementar un sellado de virutas r\u00e1pido y eficaz nunca ha sido tan f\u00e1cil para los contratistas de asfalto. Aseg\u00farese de que puede proporcionar el mejor servicio de sellado de virutas con el mejor sellador de virutas agregado del sector. Llame a los expertos en maquinaria de asfalto de Etnyre. Puede contactar con nosotros en <a href=\"tel:8157322166\">el 815-732-2166<\/a>. Estamos ubicados en 1333 Daysville Rd, Oregon, IL 61061. Etnyre tiene su sede en Illinois y atiende a clientes de todo Estados Unidos.<\/p>\n","protected":false},"excerpt":{"rendered":"<p>Consiga un sellado de virutas de alta calidad con los esparcidores de virutas de \u00e1ridos adecuados El sellado de virutas es un servicio popular de mantenimiento de carreteras que ofrecen la mayor\u00eda de los contratistas de asfalto. El proceso de sellado de virutas incluye la aplicaci\u00f3n de asfalto l\u00edquido y virutas de \u00e1ridos a la &hellip; <a href=\"https:\/\/etnyre.com\/es\/esparcidores-de-gravilla\/\" class=\"more-link\">Continue reading <span class=\"screen-reader-text\">Esparcidores de gravilla<\/span><\/a><\/p>\n","protected":false},"author":1,"featured_media":6400,"parent":0,"menu_order":0,"comment_status":"closed","ping_status":"closed","template":"","meta":{"_acf_changed":false,"footnotes":""},"class_list":["post-6404","page","type-page","status-publish","has-post-thumbnail","hentry"],"acf":[],"_links":{"self":[{"href":"https:\/\/etnyre.com\/es\/wp-json\/wp\/v2\/pages\/6404","targetHints":{"allow":["GET"]}}],"collection":[{"href":"https:\/\/etnyre.com\/es\/wp-json\/wp\/v2\/pages"}],"about":[{"href":"https:\/\/etnyre.com\/es\/wp-json\/wp\/v2\/types\/page"}],"author":[{"embeddable":true,"href":"https:\/\/etnyre.com\/es\/wp-json\/wp\/v2\/users\/1"}],"replies":[{"embeddable":true,"href":"https:\/\/etnyre.com\/es\/wp-json\/wp\/v2\/comments?post=6404"}],"version-history":[{"count":3,"href":"https:\/\/etnyre.com\/es\/wp-json\/wp\/v2\/pages\/6404\/revisions"}],"predecessor-version":[{"id":14429,"href":"https:\/\/etnyre.com\/es\/wp-json\/wp\/v2\/pages\/6404\/revisions\/14429"}],"wp:featuredmedia":[{"embeddable":true,"href":"https:\/\/etnyre.com\/es\/wp-json\/wp\/v2\/media\/6400"}],"wp:attachment":[{"href":"https:\/\/etnyre.com\/es\/wp-json\/wp\/v2\/media?parent=6404"}],"curies":[{"name":"wp","href":"https:\/\/api.w.org\/{rel}","templated":true}]}}