{"id":6413,"date":"2022-10-14T06:59:12","date_gmt":"2022-10-14T06:59:12","guid":{"rendered":"https:\/\/etnyre.com\/equipo-de-construccion-de-carreteras\/"},"modified":"2025-05-28T06:10:33","modified_gmt":"2025-05-28T06:10:33","slug":"equipo-de-construccion-de-carreteras","status":"publish","type":"page","link":"https:\/\/etnyre.com\/es\/equipo-de-construccion-de-carreteras\/","title":{"rendered":"Equipo de construcci\u00f3n de carreteras"},"content":{"rendered":"<h3>\u00a1Suministra a tu empresa de asfalto la maquinaria de construcci\u00f3n de carreteras que se merece!<\/h3>\n<p>\u00bfTu empresa de asfalto carece actualmente de capacidad para prestar servicios a algo m\u00e1s grande que una parcela privada o un camino de entrada? Como contratista de asfalto de \u00e9xito, tu empresa debe tener capacidad para realizar todo tipo de trabajos, comerciales y residenciales. Se necesita el equipo de construcci\u00f3n de carreteras adecuado para hacer bien el trabajo. Afortunadamente, cuando se trata de la <a href=\"https:\/\/etnyre.com\/es\/las-mejores-maquinas-de-asfalto\/\">mejor maquinaria de asfalto<\/a> de <a href=\"https:\/\/etnyre.com\/es\/los-mejores-selladores-de-grietas-arizona\/\">Arizona<\/a>, <a href=\"https:\/\/etnyre.com\/es\/el-mejor-equipo-de-asfaltado-de-texas\/\">Texas<\/a>, <a href=\"https:\/\/etnyre.com\/es\/mejor-equipo-de-asfalto-de-tennessee\/\">Tennessee<\/a>, <a href=\"https:\/\/etnyre.com\/asphalt-equipment-illinois\/\">Illinois<\/a> y de todo Estados Unidos, los contratistas saben que pueden contar con E.D. Etnyre &amp; Co. Ya sea para la reparaci\u00f3n de carreteras o la conservaci\u00f3n del asfalto, Etnyre puede proporcionar a su empresa las herramientas que necesita para tener \u00e9xito.<\/p>\n<h3>Por qu\u00e9 es esencial una maquinaria de construcci\u00f3n de carreteras de calidad<\/h3>\n<p>Incluso con empleados experimentados y materiales de calidad, los trabajos de extendido de asfalto m\u00e1s extensos requieren equipos de construcci\u00f3n de carreteras de calidad. Por ello, es importante seleccionar maquinaria que se adapte a tus servicios de asfalto, sea f\u00e1cil de manejar y mantener, y se ajuste a tu presupuesto. Con el <a href=\"https:\/\/etnyre.com\/asphalt-equipment\">equipo de asfaltado<\/a> adecuado, puedes esperar:<\/p>\n<ul>\n<li><strong>Capacidades de servicio ampliadas<\/strong>\n<ul>\n<li>Muchos proyectos comerciales de gran envergadura, como la construcci\u00f3n de carreteras y la repavimentaci\u00f3n de pavimentos comerciales, no son f\u00e1ciles de gestionar sin un equipo capaz de manejar una importante producci\u00f3n de asfalto. La maquinaria de Etnyre est\u00e1 dise\u00f1ada para afrontar los mayores trabajos comerciales.<\/li>\n<\/ul>\n<\/li>\n<li><strong>Menos necesidad de mano de obra<\/strong>\n<ul>\n<li>Gracias a los equipos industriales de Etnyre, trabajos que pod\u00edan requerir una docena o m\u00e1s de miembros de la cuadrilla ahora pueden hacerse con una fracci\u00f3n de la mano de obra. Las m\u00e1quinas Etnyre simplifican el extendido de asfalto, permitiendo a los contratistas hacer m\u00e1s con menos.<\/li>\n<\/ul>\n<\/li>\n<li><strong>Aumento de la calidad de los servicios de asfaltado<\/strong>\n<ul>\n<li>Por desgracia, confiar en el trabajo manual para un trabajo de asfaltado puede dar lugar a incoherencias en la calidad del pavimento. Por el contrario, confiar en una maquinaria que extienda uniformemente el asfalto o el \u00e1rido al mismo ritmo y en la misma cantidad garantiza que el pavimento sea siempre plano y sin imperfecciones.<\/li>\n<\/ul>\n<\/li>\n<\/ul>\n<h3>\u00a1Lo mejor siempre est\u00e1 disponible con Etnyre!<\/h3>\n<p>En Etnyre, nos sentimos muy orgullosos de los equipos de construcci\u00f3n de carreteras que proporcionamos a nuestros clientes. Desde 1898, hemos establecido el est\u00e1ndar de la industria en cuanto a rendimiento y fiabilidad de la maquinaria de asfalto. Nuestros productos combinan m\u00e1s de 100 a\u00f1os de experiencia y proporcionan a los clientes los medios para producir servicios de pavimentaci\u00f3n asf\u00e1ltica de la m\u00e1s alta calidad. Por ello, nuestra oferta de equipos incluye<\/p>\n<ul class=\"col-3\">\n<li><a href=\"https:\/\/etnyre.com\/es\/distribuidores-de-asfalto\/\">Distribuidores de asfalto<\/a><\/li>\n<li><a href=\"https:\/\/etnyre.com\/es\/esparcidores-de-virutas\/\">Esparcidores de virutas<\/a><\/li>\n<li><a href=\"https:\/\/etnyre.com\/es\/caja-de-escobas-scrub-seal\/\">Cajas para escobas Scrub Seal<\/a><\/li>\n<li><a href=\"https:\/\/etnyre.com\/lowboy-trailers\/\">Remolques Lowboy<\/a><\/li>\n<li><a href=\"https:\/\/etnyre.com\/sales\/live-bottom-trailers\/\">Remolques inferiores vivos<\/a><\/li>\n<li><a href=\"https:\/\/etnyre.com\/es\/selladores-de-grietas-mejor-valorados\/\">Selladores de grietas<\/a><\/li>\n<li><a href=\"https:\/\/etnyre.com\/es\/selladoras-de-lodos\/\">Selladoras de lodos<\/a><\/li>\n<li><a href=\"https:\/\/etnyre.com\/es\/equipos-de-revestimiento-de-asfalto\/\">Equipos de sellado<\/a><\/li>\n<li>Y m\u00e1s<\/li>\n<\/ul>\n<div class=\"left-img\"><img loading=\"lazy\" decoding=\"async\" class=\"alignnone\" src=\"https:\/\/etnyre.com\/wp-content\/uploads\/2022\/10\/Road-Construction-Equipment-2.jpg\" alt=\"Un sellador de grietas Etnyre, uno de sus equipos de construcci\u00f3n de carreteras mejor valorados\" width=\"500\" height=\"350\" title=\"\"><\/div>\n<h3>Discute las necesidades de equipamiento de tu empresa con Etnyre<\/h3>\n<p>No pierdas incre\u00edbles trabajos y oportunidades de pavimentaci\u00f3n de asfalto porque tu empresa carezca del equipo de construcci\u00f3n de carreteras adecuado. Encuentra todo lo que tu empresa necesita para prestar servicios excepcionales de asfaltado con E.D. Etnyre &amp; Co. Para obtener m\u00e1s informaci\u00f3n sobre nuestros productos, <a href=\"https:\/\/etnyre.com\/es\/encontrar-un-distribuidor\/\">encontrar un distribuidor local<\/a>, ver nuestras <a href=\"https:\/\/ridgestonecap.com\/apply-now\/etnyre\/\" rel=\"nofollow noopener\" target=\"_blank\">opciones de financiaci\u00f3n<\/a> y mucho m\u00e1s, ponte en contacto con nosotros hoy mismo en el <a href=\"tel:8157322166\">815-732-2166<\/a>. La oficina principal de Etnyre se encuentra en 1333 Daysville Rd, Oregon, IL 61061, y atiende a clientes de Illinois, Arizona, Tennessee, Texas y Estados Unidos.<\/p>\n","protected":false},"excerpt":{"rendered":"<p>\u00a1Suministra a tu empresa de asfalto la maquinaria de construcci\u00f3n de carreteras que se merece! \u00bfTu empresa de asfalto carece actualmente de capacidad para prestar servicios a algo m\u00e1s grande que una parcela privada o un camino de entrada? Como contratista de asfalto de \u00e9xito, tu empresa debe tener capacidad para realizar todo tipo de &hellip; <a href=\"https:\/\/etnyre.com\/es\/equipo-de-construccion-de-carreteras\/\" class=\"more-link\">Continue reading <span class=\"screen-reader-text\">Equipo de construcci\u00f3n de carreteras<\/span><\/a><\/p>\n","protected":false},"author":1,"featured_media":6409,"parent":0,"menu_order":0,"comment_status":"closed","ping_status":"closed","template":"","meta":{"_acf_changed":false,"footnotes":""},"class_list":["post-6413","page","type-page","status-publish","has-post-thumbnail","hentry"],"acf":[],"_links":{"self":[{"href":"https:\/\/etnyre.com\/es\/wp-json\/wp\/v2\/pages\/6413","targetHints":{"allow":["GET"]}}],"collection":[{"href":"https:\/\/etnyre.com\/es\/wp-json\/wp\/v2\/pages"}],"about":[{"href":"https:\/\/etnyre.com\/es\/wp-json\/wp\/v2\/types\/page"}],"author":[{"embeddable":true,"href":"https:\/\/etnyre.com\/es\/wp-json\/wp\/v2\/users\/1"}],"replies":[{"embeddable":true,"href":"https:\/\/etnyre.com\/es\/wp-json\/wp\/v2\/comments?post=6413"}],"version-history":[{"count":2,"href":"https:\/\/etnyre.com\/es\/wp-json\/wp\/v2\/pages\/6413\/revisions"}],"predecessor-version":[{"id":12212,"href":"https:\/\/etnyre.com\/es\/wp-json\/wp\/v2\/pages\/6413\/revisions\/12212"}],"wp:featuredmedia":[{"embeddable":true,"href":"https:\/\/etnyre.com\/es\/wp-json\/wp\/v2\/media\/6409"}],"wp:attachment":[{"href":"https:\/\/etnyre.com\/es\/wp-json\/wp\/v2\/media?parent=6413"}],"curies":[{"name":"wp","href":"https:\/\/api.w.org\/{rel}","templated":true}]}}