{"id":6603,"date":"2022-12-12T08:06:07","date_gmt":"2022-12-12T08:06:07","guid":{"rendered":"https:\/\/etnyre.com\/asfaltado\/"},"modified":"2023-03-30T11:05:10","modified_gmt":"2023-03-30T11:05:10","slug":"asfaltado","status":"publish","type":"page","link":"https:\/\/etnyre.com\/es\/asfaltado\/","title":{"rendered":"Asfaltado"},"content":{"rendered":"<h3>La maquinaria adecuada para su servicio de pavimentaci\u00f3n de asfalto<\/h3>\n<p>Las carreteras de Estados Unidos se encuentran constantemente en distintos ciclos de restauraci\u00f3n y reparaci\u00f3n. El tr\u00e1fico continuo, las inclemencias meteorol\u00f3gicas y las temperaturas extremas pasan factura a las calles y carreteras asfaltadas. Por lo tanto, es esencial que los contratistas de asfalto presten servicios de <a href=\"https:\/\/etnyre.com\/asphalt-repair\/\">reparaci\u00f3n<\/a> y <a href=\"https:\/\/etnyre.com\/asphalt-maintenance\/\">mantenimiento<\/a> <a href=\"https:\/\/etnyre.com\/asphalt-repair\/\">del asfalto<\/a>. Su empresa puede ofrecer una pavimentaci\u00f3n de aglomerado r\u00e1pida y eficaz para cualquier superficie con el equipo adecuado. \u00a1Vea qu\u00e9 maquinaria necesita con Etnyre hoy mismo!<\/p>\n<h3>\u00bfPor qu\u00e9 deber\u00eda ofrecer el sellado de grietas?<\/h3>\n<p>Como contratista de asfalto, si no ofrece pavimentaci\u00f3n de asfalto a sus clientes, est\u00e1 perdiendo una importante fuente de ingresos para su negocio. El asfaltado es uno de los m\u00e9todos m\u00e1s populares y pr\u00e1cticos para reparar y mantener las carreteras de asfalto. Mediante el sellado de virutas, puede ofrecer a sus clientes:<\/p>\n<ul>\n<li><strong>Asfalto duradero<\/strong>\n<ul>\n<li>Como ya se ha mencionado, el tr\u00e1fico, el clima y la temperatura pueden tener un efecto duradero en su asfalto. Con el tiempo, la exposici\u00f3n continuada a estos factores puede causar grietas y deterioro en la superficie del asfalto. Sin embargo, usted refuerza y protege sus calzadas con un sellado l\u00edquido y de agregados asf\u00e1lticos. Con la distribuci\u00f3n uniforme del sellado de virutas, la vida \u00fatil del asfalto puede aumentar hasta 12 a\u00f1os.<\/li>\n<\/ul>\n<\/li>\n<li><strong>Mayor seguridad<\/strong>\n<ul>\n<li>Adem\u00e1s de aumentar la longevidad, el sellado de gravilla tambi\u00e9n incrementa la seguridad de cualquier calzada. Una carretera de asfalto normal puede tener problemas con el hielo y el deslumbramiento, seg\u00fan la hora del d\u00eda y las condiciones meteorol\u00f3gicas. El sellado de gravilla alivia estas preocupaciones, haciendo que el asfalto sea antideslizante y disminuyendo el deslumbramiento de la carretera causado por los rayos del sol.<\/li>\n<\/ul>\n<\/li>\n<li><strong>Instalaci\u00f3n f\u00e1cil y asequible<\/strong>\n<ul>\n<li>Para beneficio de los contratistas de asfalto y sus clientes, <a href=\"https:\/\/etnyre.com\/chip-and-seal\/\">los servicios de asfaltado y sellado<\/a> son f\u00e1ciles y asequibles de implementar. Con la maquinaria Etnyre, los contratistas pueden mantener bajos los costes de mano de obra. Adem\u00e1s, el material necesario para el sellado de virutas se recicla parcialmente, por lo que resulta rentable. Entre la mano de obra y los materiales, los contratistas pueden mantener sus costes bajos, lo que tambi\u00e9n reduce los costes para los clientes.<\/li>\n<\/ul>\n<\/li>\n<\/ul>\n<h3>El equipo que necesita<\/h3>\n<p>Para asegurarse de ofrecer siempre la mejor pavimentaci\u00f3n de asfalto, necesita el <a href=\"https:\/\/etnyre.com\/chip-seal-equipment\/\">equipo<\/a> adecuado para el trabajo. Deje que Etnyre le suministre la <a href=\"https:\/\/etnyre.com\/chip-seal-machines\/\">maquinaria<\/a> que necesita. Nuestros <a href=\"https:\/\/etnyre.com\/chip-spreaders\/\">esparcidores de gravilla<\/a>, <a href=\"https:\/\/etnyre.com\/asphalt-distributors\/\">distribuidores de asfalto<\/a> y <a href=\"https:\/\/etnyre.com\/asphalt-transport\/\">transportes de asfalto<\/a> garantizan la sencillez y comodidad de cualquier trabajo de sellado de gravilla.<\/p>\n<ul>\n<li><strong>Distribuidores<\/strong> de asfalto &#8211; Esparcir uniformemente el asfalto l\u00edquido en las superficies de las carreteras es posible con <a href=\"https:\/\/etnyre.com\/best-asphalt-distributors\/\">los distribuidores de asfalto de Etnyre<\/a>. Nuestros camiones distribuidores pueden transportar entre 1.000 y 4.500 galones de l\u00edquido asf\u00e1ltico, utilizando barras pulverizadoras ajustables para aplicarlo f\u00e1cilmente sobre el asfalto existente.<\/li>\n<li><strong>Chip Spreader<\/strong> &#8211; El <a href=\"https:\/\/etnyre.com\/chipspreaders\/\">Etnyre ChipSpreader<\/a> es uno de los productos estrella de Etnyre. Nuestro esparcidor de gravilla utiliza tolvas de esparcido frontal de 10 a 15 pies, cintas transportadoras de accionamiento hidrost\u00e1tico de 24 pulgadas de ancho y tasas de aplicaci\u00f3n controladas por ordenador para una aplicaci\u00f3n de \u00e1ridos sencilla.<\/li>\n<li>Transportes de <strong>asfalto\/remolques<\/strong> <a href=\"https:\/\/etnyre.com\/best-live-bottom-trailers\/\">de fondo<\/a> vivo &#8211; Transportar grandes cantidades de asfalto l\u00edquido y virutas de \u00e1ridos es posible gracias a los transportes de asfalto y los <a href=\"https:\/\/etnyre.com\/best-live-bottom-trailers\/\">remolques de fondo<\/a> vivo de Etnyre. Ambos productos est\u00e1n equipados para transportar con seguridad sus respectivos materiales, garantizando un f\u00e1cil acceso en cualquier lugar.<\/li>\n<\/ul>\n<div class=\"left-img\"><img loading=\"lazy\" decoding=\"async\" class=\"alignnone\" src=\"https:\/\/etnyre.com\/wp-content\/uploads\/2022\/12\/Best-Live-Bottom-Trailers-2.jpg\" alt=\"Remolque de fondo m\u00f3vil utilizado para transportar materiales para la pavimentaci\u00f3n de asfalto.\" width=\"500\" height=\"350\" title=\"\"><\/div>\n<h3>Llame hoy mismo<\/h3>\n<p>La pavimentaci\u00f3n de asfalto es un servicio necesario que todo contratista de asfalto debe ofrecer. Si le falta el equipo adecuado para los servicios de asfaltado, \u00a1encuentre la maquinaria que necesita con Etnyre! Para obtener m\u00e1s informaci\u00f3n sobre nuestros equipos de asfalto de primera categor\u00eda, p\u00f3ngase en contacto con Etnyre hoy mismo en el <a href=\"tel:8157322166\">815-732-2166<\/a>. Estamos ubicados en 1333 Daysville Rd, Oregon, IL 61061. Etnyre tiene su sede en Illinois y atiende a clientes de todo Estados Unidos.<\/p>\n","protected":false},"excerpt":{"rendered":"<p>La maquinaria adecuada para su servicio de pavimentaci\u00f3n de asfalto Las carreteras de Estados Unidos se encuentran constantemente en distintos ciclos de restauraci\u00f3n y reparaci\u00f3n. El tr\u00e1fico continuo, las inclemencias meteorol\u00f3gicas y las temperaturas extremas pasan factura a las calles y carreteras asfaltadas. Por lo tanto, es esencial que los contratistas de asfalto presten servicios &hellip; <a href=\"https:\/\/etnyre.com\/es\/asfaltado\/\" class=\"more-link\">Continue reading <span class=\"screen-reader-text\">Asfaltado<\/span><\/a><\/p>\n","protected":false},"author":1,"featured_media":6601,"parent":0,"menu_order":0,"comment_status":"closed","ping_status":"closed","template":"","meta":{"_acf_changed":false,"footnotes":""},"class_list":["post-6603","page","type-page","status-publish","has-post-thumbnail","hentry"],"acf":[],"_links":{"self":[{"href":"https:\/\/etnyre.com\/es\/wp-json\/wp\/v2\/pages\/6603","targetHints":{"allow":["GET"]}}],"collection":[{"href":"https:\/\/etnyre.com\/es\/wp-json\/wp\/v2\/pages"}],"about":[{"href":"https:\/\/etnyre.com\/es\/wp-json\/wp\/v2\/types\/page"}],"author":[{"embeddable":true,"href":"https:\/\/etnyre.com\/es\/wp-json\/wp\/v2\/users\/1"}],"replies":[{"embeddable":true,"href":"https:\/\/etnyre.com\/es\/wp-json\/wp\/v2\/comments?post=6603"}],"version-history":[{"count":2,"href":"https:\/\/etnyre.com\/es\/wp-json\/wp\/v2\/pages\/6603\/revisions"}],"predecessor-version":[{"id":7011,"href":"https:\/\/etnyre.com\/es\/wp-json\/wp\/v2\/pages\/6603\/revisions\/7011"}],"wp:featuredmedia":[{"embeddable":true,"href":"https:\/\/etnyre.com\/es\/wp-json\/wp\/v2\/media\/6601"}],"wp:attachment":[{"href":"https:\/\/etnyre.com\/es\/wp-json\/wp\/v2\/media?parent=6603"}],"curies":[{"name":"wp","href":"https:\/\/api.w.org\/{rel}","templated":true}]}}