{"id":6606,"date":"2022-12-12T08:20:40","date_gmt":"2022-12-12T08:20:40","guid":{"rendered":"https:\/\/etnyre.com\/equipos-de-mantenimiento-de-carreteras\/"},"modified":"2023-03-30T11:05:09","modified_gmt":"2023-03-30T11:05:09","slug":"equipos-de-mantenimiento-de-carreteras","status":"publish","type":"page","link":"https:\/\/etnyre.com\/es\/equipos-de-mantenimiento-de-carreteras\/","title":{"rendered":"Equipos de mantenimiento de carreteras"},"content":{"rendered":"<h3>Mantenga el asfalto en buen estado con el equipo de mantenimiento de carreteras adecuado<\/h3>\n<p>Garantizar la resistencia y longevidad del asfalto puede ser un reto sin el equipo adecuado. El asfalto puede agrietarse y deteriorarse bajo una mayor tensi\u00f3n sin <a href=\"https:\/\/etnyre.com\/chip-seal-paving\/\">un sellado adecuado<\/a> o <a href=\"https:\/\/etnyre.com\/asphalt-repair\/\">reparaciones<\/a> constantes. Afortunadamente, siempre que se disponga del equipo de mantenimiento de carreteras adecuado para realizar las reparaciones oportunas, las carreteras de asfalto pueden durar toda la vida. Si usted es un contratista de asfalto que necesita equipos de mantenimiento de carreteras, \u00a1no busque m\u00e1s all\u00e1 de Etnyre!<\/p>\n<h3>Las mejores m\u00e1quinas para el trabajo<\/h3>\n<p>Etnyre suministra una l\u00ednea de productos asf\u00e1lticos para reparar carreteras, conservar el pavimento y transportar asfalto y otros materiales. Todo lo que fabricamos es de primera calidad y est\u00e1 construido pensando en la longevidad y la comodidad.<\/p>\n<ul>\n<li><strong>Para reparaci\u00f3n y mantenimiento<\/strong>\n<ul>\n<li>Unas labores de reparaci\u00f3n y mantenimiento constantes del asfalto pueden ayudar a mantener las carreteras en buenas condiciones durante mucho m\u00e1s tiempo del previsto. Nuestros <a href=\"https:\/\/etnyre.com\/asphalt-distributors\/\">distribuidores de asfalto<\/a> y <a href=\"https:\/\/etnyre.com\/aggregate-chip-spreaders\/\">esparcidores de gravilla<\/a> son muy \u00fatiles para el sellado de gravilla, uno de los principales servicios de <a href=\"https:\/\/etnyre.com\/asphalt-maintenance\/\">mantenimiento del asfalto<\/a>. El asfaltado ayuda a proteger el asfalto, a mantener la seguridad de las carreteras y es rentable para contratistas y clientes.<\/li>\n<\/ul>\n<\/li>\n<li><strong>Para la conservaci\u00f3n<\/strong>\n<ul>\n<li>Antes del sellado de gravilla, los contratistas disponen de otros m\u00e9todos para reparar y conservar el asfalto. Por ejemplo, <a href=\"https:\/\/etnyre.com\/asphalt-crack-repair\/\">el sellado de grietas<\/a> repara las fisuras y ayuda a prevenir nuevas grietas y el deterioro. Con Etnyre, los contratistas pueden invertir en nuestros remolques de sellado de grietas f\u00e1ciles de usar. Sin los selladores de grietas de asfalto, los contratistas pierden un servicio pr\u00e1ctico y f\u00e1cil de proporcionar a los clientes.<\/li>\n<\/ul>\n<\/li>\n<li><strong>Para el transporte<\/strong>\n<ul>\n<li>Independientemente del tama\u00f1o del trabajo de pavimentaci\u00f3n, los contratistas de asfalto necesitan el equipo adecuado para acarrear y transportar materiales al lugar de trabajo. Afortunadamente, Etnyre dispone del equipo de mantenimiento de carreteras adecuado. Nuestros <a href=\"https:\/\/etnyre.com\/asphalt-transport\/\">transportes de asfalto<\/a> y <a href=\"https:\/\/etnyre.com\/live-bottom-trailers-for-sale\/\">remolques de fondo<\/a> vivo permiten transportar y acceder f\u00e1cilmente al asfalto l\u00edquido y a los \u00e1ridos asf\u00e1lticos, respectivamente. Los transportes de asfalto mantienen el asfalto l\u00edquido caliente desde la empresa hasta el lugar de trabajo, y los fondos vivos ofrecen la misma funci\u00f3n que los volquetes, pero son m\u00e1s seguros y precisos.<\/li>\n<\/ul>\n<\/li>\n<\/ul>\n<h3>M\u00e1s informaci\u00f3n sobre Etnyre<\/h3>\n<p>Desde 1898, Etnyre ha fabricado algunos de los mejores equipos de mantenimiento de carreteras para contratistas de asfalto de todo Estados Unidos. Nuestra l\u00ednea de <a href=\"https:\/\/etnyre.com\/asphalt-machines\/\">maquinaria de asfalto<\/a> se ha convertido en el est\u00e1ndar del sector por su incre\u00edble rendimiento, fiabilidad y comodidad. Adem\u00e1s, si necesita ayuda con su nuevo equipo o necesita piezas y servicios adicionales, nuestro amable servicio de atenci\u00f3n al cliente estar\u00e1 encantado de ayudarle.<\/p>\n<div class=\"left-img\"><img loading=\"lazy\" decoding=\"async\" class=\"alignnone\" src=\"https:\/\/etnyre.com\/wp-content\/uploads\/2022\/10\/Chip-Seal-Equipment-1.jpg\" alt=\"Los principales equipos de mantenimiento de carreteras de Etnyre, el distribuidor de asfalto y el esparcidor de gravilla\" width=\"500\" height=\"350\" title=\"\"><\/div>\n<h3>Cont\u00e1ctenos<\/h3>\n<p>En ning\u00fan lugar puede encontrar equipos de construcci\u00f3n de carreteras m\u00e1s fiables, duraderos y eficaces que con los expertos en maquinaria de asfalto de Etnyre. Para obtener m\u00e1s informaci\u00f3n sobre nuestros productos de asfalto de primera calidad, p\u00f3ngase en contacto con nosotros hoy mismo en el <a href=\"tel:8157322166\">815-732-2166<\/a>. Estamos ubicados en 1333 Daysville Rd, Oregon, IL 61061. Etnyre tiene su sede en Illinois y atiende a clientes de todo Estados Unidos.<\/p>\n","protected":false},"excerpt":{"rendered":"<p>Mantenga el asfalto en buen estado con el equipo de mantenimiento de carreteras adecuado Garantizar la resistencia y longevidad del asfalto puede ser un reto sin el equipo adecuado. El asfalto puede agrietarse y deteriorarse bajo una mayor tensi\u00f3n sin un sellado adecuado o reparaciones constantes. Afortunadamente, siempre que se disponga del equipo de mantenimiento &hellip; <a href=\"https:\/\/etnyre.com\/es\/equipos-de-mantenimiento-de-carreteras\/\" class=\"more-link\">Continue reading <span class=\"screen-reader-text\">Equipos de mantenimiento de carreteras<\/span><\/a><\/p>\n","protected":false},"author":1,"featured_media":6385,"parent":0,"menu_order":0,"comment_status":"closed","ping_status":"closed","template":"","meta":{"_acf_changed":false,"footnotes":""},"class_list":["post-6606","page","type-page","status-publish","has-post-thumbnail","hentry"],"acf":[],"_links":{"self":[{"href":"https:\/\/etnyre.com\/es\/wp-json\/wp\/v2\/pages\/6606","targetHints":{"allow":["GET"]}}],"collection":[{"href":"https:\/\/etnyre.com\/es\/wp-json\/wp\/v2\/pages"}],"about":[{"href":"https:\/\/etnyre.com\/es\/wp-json\/wp\/v2\/types\/page"}],"author":[{"embeddable":true,"href":"https:\/\/etnyre.com\/es\/wp-json\/wp\/v2\/users\/1"}],"replies":[{"embeddable":true,"href":"https:\/\/etnyre.com\/es\/wp-json\/wp\/v2\/comments?post=6606"}],"version-history":[{"count":2,"href":"https:\/\/etnyre.com\/es\/wp-json\/wp\/v2\/pages\/6606\/revisions"}],"predecessor-version":[{"id":7010,"href":"https:\/\/etnyre.com\/es\/wp-json\/wp\/v2\/pages\/6606\/revisions\/7010"}],"wp:featuredmedia":[{"embeddable":true,"href":"https:\/\/etnyre.com\/es\/wp-json\/wp\/v2\/media\/6385"}],"wp:attachment":[{"href":"https:\/\/etnyre.com\/es\/wp-json\/wp\/v2\/media?parent=6606"}],"curies":[{"name":"wp","href":"https:\/\/api.w.org\/{rel}","templated":true}]}}