{"id":6609,"date":"2022-12-12T08:27:05","date_gmt":"2022-12-12T08:27:05","guid":{"rendered":"https:\/\/etnyre.com\/venta-de-remolques-de-fondo-vivo\/"},"modified":"2024-05-31T11:35:11","modified_gmt":"2024-05-31T11:35:11","slug":"venta-de-remolques-de-fondo-vivo","status":"publish","type":"page","link":"https:\/\/etnyre.com\/es\/venta-de-remolques-de-fondo-vivo\/","title":{"rendered":"Venta de remolques de fondo vivo"},"content":{"rendered":"<h3>Carga y descarga m\u00e1s f\u00e1ciles con los remolques de fondo m\u00f3vil de Etnyre<\/h3>\n<p>El transporte de materias primas y materiales pesados de un lugar a otro requiere equipos pesados para hacer bien el trabajo. Aunque muchos contratistas conf\u00edan en los camiones volquete para este trabajo, los <a href=\"https:\/\/etnyre.com\/best-live-bottom-trailers\/\">remolques de fondo<\/a> vivo han ido ocupando cada vez m\u00e1s el lugar de los camiones volquete. Debido a la comodidad y seguridad de los fondos vivos, los contratistas de asfalto han llegado a confiar m\u00e1s en esta pieza de equipo. Si est\u00e1 interesado en remolques de fondo vivo en venta, hable con el equipo de Etnyre.<\/p>\n<h3>Las ventajas de los fondos vivos<\/h3>\n<p>Hay buenas razones por las que los remolques de fondo vivo se han hecho m\u00e1s populares en comparaci\u00f3n con los volquetes. La precisi\u00f3n en la descarga, la seguridad y la eficacia de los equipos son s\u00f3lo algunas de las caracter\u00edsticas que han llevado a los remolques con fondo m\u00f3vil a la vanguardia de la industria de la construcci\u00f3n.<\/p>\n<ul>\n<li><strong>Descarga precisa<\/strong>\n<ul>\n<li>Antes de los fondos vivos, <a href=\"https:\/\/etnyre.com\/live-bottom-trailers-versus-dump-trucks\/\">los volquetes<\/a> s\u00f3lo pod\u00edan descargar su contenido en un punto, lo que obligaba a utilizar otros equipos para separar y mover los materiales tras la descarga. Por el contrario, los remolques con fondo vivo no dependen de la gravedad para la descarga. Mediante cintas transportadoras, los fondos vivos empujan el material hacia fuera, lo que permite a los operarios descargar el contenido de un fondo vivo por fases, no todo a la vez.<\/li>\n<\/ul>\n<\/li>\n<li><strong>Transporte m\u00e1s seguro<\/strong>\n<ul>\n<li>A diferencia de los volquetes, <a href=\"https:\/\/etnyre.com\/live-bottom-trailers\/\">los remolques con fondo m\u00f3vil<\/a> est\u00e1n dise\u00f1ados con un centro de gravedad bajo. Llenar al m\u00e1ximo un remolque de fondo vivo no contribuye a evitar vuelcos y accidentes por exceso de peso en la parte superior. Por otra parte, el dise\u00f1o de los volquetes los hace m\u00e1s propensos a sufrir accidentes, ya que la forma en que transportan los materiales no puede distribuirse uniformemente en su plataforma.<\/li>\n<\/ul>\n<\/li>\n<li><strong>Mayor funci\u00f3n<\/strong>\n<ul>\n<li>Los remolques de fondo vivo son f\u00e1ciles de usar para todo tipo de materiales s\u00f3lidos. Ya sea para transportar tierra, arena, grava o \u00e1ridos asf\u00e1lticos, un sistema de cinta transportadora expulsa r\u00e1pida y f\u00e1cilmente el contenido de un fondo vivo. Este sistema tambi\u00e9n garantiza que los fondos vivos se vac\u00eden limpios, lo que significa que se requiere poco trabajo para evitar la contaminaci\u00f3n cruzada entre cargas.<\/li>\n<\/ul>\n<\/li>\n<\/ul>\n<h3>Caracter\u00edsticas de nuestro remolque Live Bottom<\/h3>\n<p>Etnyre se esfuerza por ofrecer los mejores remolques de fondo vivo para la venta, destac\u00e1ndose de lo que nuestros competidores pueden ofrecer. Construimos nuestros remolques Falcon\u00ae Live Bottom para que sean ligeros y r\u00e1pidos, lo que permite transportar f\u00e1cilmente la mayor\u00eda de las materias primas. Los remolques de Etnyre garantizan velocidades \u00f3ptimas de carga y descarga para cualquier tama\u00f1o de trabajo de construcci\u00f3n o pavimentaci\u00f3n de asfalto. Algunas de las mejores caracter\u00edsticas de nuestros fondos vivos son:<\/p>\n<ul>\n<li>El fiable sistema de transporte patentado minimiza el mantenimiento y el tiempo de inactividad para ahorrar dinero<\/li>\n<li>La cinta de 106 cm (42 pulgadas) de ancho elimina los listones y minimiza los puentes de material<\/li>\n<li>Entre los m\u00e1s ligeros del sector para un consumo m\u00ednimo de combustible y una mayor carga \u00fatil<\/li>\n<li>Variedad de puertas traseras, incluidas las dobles, de hormig\u00f3n, de gran elevaci\u00f3n y abatibles de gran elevaci\u00f3n, para proporcionar una descarga eficaz para cualquier material y aplicaci\u00f3n<\/li>\n<li>Las paredes laterales empinadas evitan la formaci\u00f3n de puentes y descargan f\u00e1cilmente una amplia gama de materiales, como mezclas bituminosas en caliente, \u00e1ridos peque\u00f1os y grandes, arena, grava, materiales de reciclaje y hormig\u00f3n de bajo asentamiento<\/li>\n<li>Media revoluci\u00f3n de la cinta descarga el material de forma r\u00e1pida y eficaz<\/li>\n<\/ul>\n<div class=\"left-img\"><img loading=\"lazy\" decoding=\"async\" class=\"alignnone\" src=\"https:\/\/etnyre.com\/wp-content\/uploads\/2022\/09\/Live-Bottom-1.jpg\" alt=\"Se vende una fila de remolques de fondo vivo de Etnyre\" width=\"500\" height=\"350\" title=\"\"><\/div>\n<h3>Contacta con nuestra oficina<\/h3>\n<p>Tenga la seguridad, en la b\u00fasqueda de remolques de fondo vivo para la venta en los Estados Unidos, puede garantizar lo mejor de la industria cuando se selecciona de la l\u00ednea de remolques de Etnyre. Para obtener m\u00e1s informaci\u00f3n sobre los fondos vivos de Etnyre u otros equipos de mantenimiento de carreteras, ponte en contacto con nosotros hoy mismo en el <a href=\"tel:8157322116\">815-732-2116<\/a>. Estamos ubicados en 1333 Daysville Rd, Oregon, IL 61061. Etnyre tiene su sede en Illinois y atiende a clientes de todo Estados Unidos.<\/p>\n","protected":false},"excerpt":{"rendered":"<p>Carga y descarga m\u00e1s f\u00e1ciles con los remolques de fondo m\u00f3vil de Etnyre El transporte de materias primas y materiales pesados de un lugar a otro requiere equipos pesados para hacer bien el trabajo. Aunque muchos contratistas conf\u00edan en los camiones volquete para este trabajo, los remolques de fondo vivo han ido ocupando cada vez &hellip; <a href=\"https:\/\/etnyre.com\/es\/venta-de-remolques-de-fondo-vivo\/\" class=\"more-link\">Continue reading <span class=\"screen-reader-text\">Venta de remolques de fondo vivo<\/span><\/a><\/p>\n","protected":false},"author":1,"featured_media":6377,"parent":0,"menu_order":0,"comment_status":"closed","ping_status":"closed","template":"","meta":{"_acf_changed":false,"footnotes":""},"class_list":["post-6609","page","type-page","status-publish","has-post-thumbnail","hentry"],"acf":[],"_links":{"self":[{"href":"https:\/\/etnyre.com\/es\/wp-json\/wp\/v2\/pages\/6609","targetHints":{"allow":["GET"]}}],"collection":[{"href":"https:\/\/etnyre.com\/es\/wp-json\/wp\/v2\/pages"}],"about":[{"href":"https:\/\/etnyre.com\/es\/wp-json\/wp\/v2\/types\/page"}],"author":[{"embeddable":true,"href":"https:\/\/etnyre.com\/es\/wp-json\/wp\/v2\/users\/1"}],"replies":[{"embeddable":true,"href":"https:\/\/etnyre.com\/es\/wp-json\/wp\/v2\/comments?post=6609"}],"version-history":[{"count":4,"href":"https:\/\/etnyre.com\/es\/wp-json\/wp\/v2\/pages\/6609\/revisions"}],"predecessor-version":[{"id":12209,"href":"https:\/\/etnyre.com\/es\/wp-json\/wp\/v2\/pages\/6609\/revisions\/12209"}],"wp:featuredmedia":[{"embeddable":true,"href":"https:\/\/etnyre.com\/es\/wp-json\/wp\/v2\/media\/6377"}],"wp:attachment":[{"href":"https:\/\/etnyre.com\/es\/wp-json\/wp\/v2\/media?parent=6609"}],"curies":[{"name":"wp","href":"https:\/\/api.w.org\/{rel}","templated":true}]}}