{"id":6620,"date":"2022-12-12T08:31:46","date_gmt":"2022-12-12T08:31:46","guid":{"rendered":"https:\/\/etnyre.com\/camion-distribuidor-de-asfalto\/"},"modified":"2025-07-16T09:25:36","modified_gmt":"2025-07-16T09:25:36","slug":"camion-distribuidor-de-asfalto","status":"publish","type":"page","link":"https:\/\/etnyre.com\/es\/camion-distribuidor-de-asfalto\/","title":{"rendered":"Cami\u00f3n distribuidor de asfalto"},"content":{"rendered":"<h3>Todo contratista de asfalto necesita un cami\u00f3n distribuidor de asfalto<\/h3>\n<p>Los contratistas de asfalto actualizan y mantienen continuamente las infraestructuras de Estados Unidos. Como contratista de asfalto, necesitas equipos de alto rendimiento y larga duraci\u00f3n que puedan seguir el ritmo de las exigencias de <a href=\"https:\/\/etnyre.com\/es\/mantenimiento-del-asfalto\/\">mantenimiento<\/a> y <a href=\"https:\/\/etnyre.com\/es\/reparacion-del-asfalto\/\">reparaci\u00f3n<\/a> del asfalto de tu comunidad. Uno de estos equipos, el cami\u00f3n distribuidor de asfalto, es necesario para todo contratista. Si busca distribuidores de asfalto fiables para su empresa, encuentre lo que necesita con Etnyre.<\/p>\n<h3>C\u00f3mo ayudan los distribuidores de asfalto<\/h3>\n<p>Antes de la introducci\u00f3n de los distribuidores de asfalto en la industria de la pavimentaci\u00f3n, aplicar asfalto l\u00edquido a una superficie era un proceso m\u00e1s largo y complicado. Ahora, los distribuidores de asfalto son casi indispensables para los contratistas. Ayuda de los distribuidores:<\/p>\n<ul>\n<li><strong>Aplicaci\u00f3n uniforme del asfalto<\/strong>\n<ul>\n<li>Aplicar manualmente asfalto l\u00edquido a una superficie de pavimento no s\u00f3lo lleva mucho tiempo, sino que es menos fiable y preciso. Cuando los trabajos de pavimentaci\u00f3n requieren repavimentar largos tramos de carretera, se necesitan equipos que puedan aplicar asfalto l\u00edquido de forma r\u00e1pida y uniforme. Afortunadamente, nuestros camiones distribuidores de asfalto transportan entre 1.000 y 4.500 galones de asfalto l\u00edquido y utilizan barras pulverizadoras ajustables para rociar capas de asfalto uniformemente.<\/li>\n<\/ul>\n<\/li>\n<li><strong>Reducir la mano de obra<\/strong>\n<ul>\n<li>La aplicaci\u00f3n manual de asfalto requiere una cuadrilla bastante grande en un plazo corto, lo que significa que se necesita m\u00e1s tiempo y mano de obra para completar el trabajo. Por el contrario, los <a href=\"https:\/\/etnyre.com\/es\/los-mejores-distribuidores-de-asfalto\/\">distribuidores de asfalto<\/a> s\u00f3lo necesitan unos pocos operarios para su gesti\u00f3n. Un cami\u00f3n distribuidor de asfalto s\u00f3lo necesita un conductor y, a veces, otro operario para utilizar los mandos del distribuidor.<\/li>\n<\/ul>\n<\/li>\n<li><strong>Finalizaci\u00f3n m\u00e1s r\u00e1pida de los proyectos<\/strong>\n<ul>\n<li>Sin un distribuidor de asfalto, es probable que la finalizaci\u00f3n de un proyecto lleve mucho m\u00e1s tiempo. Sin embargo, en la industria del extendido de asfalto, la velocidad es crucial. Si las carreteras se cierran demasiado tiempo para su mantenimiento, la congesti\u00f3n del tr\u00e1fico puede convertirse en un grave problema. As\u00ed, con los distribuidores de asfalto, los contratistas pueden completar r\u00e1pidamente los proyectos de pavimentaci\u00f3n con asfalto, lo que les permite llegar r\u00e1pidamente a su siguiente trabajo.<\/li>\n<\/ul>\n<\/li>\n<\/ul>\n<h3>Caracter\u00edsticas del distribuidor de asfalto Black-Topper<\/h3>\n<p>Etnyre trabaja para ofrecer un producto asf\u00e1ltico superior al que fabrican nuestros competidores. La alta calidad y confiabilidad de nuestra maquinaria de pavimentaci\u00f3n de asfalto han hecho de Etnyre uno de los fabricantes de equipos de pavimentaci\u00f3n m\u00e1s confiables en los Estados Unidos, \u00a1y nuestro Distribuidor de Asfalto Black-Topper no es la excepci\u00f3n! Algunas de las caracter\u00edsticas de nuestro cami\u00f3n distribuidor incluyen:<\/p>\n<ul>\n<li>Controles electr\u00f3nicos de velocidad de la bomba de asfalto para un control preciso<\/li>\n<li>Manejo por una sola persona con controles desde la cabina del cami\u00f3n o cerca de la parte trasera del distribuidor<\/li>\n<li>Tama\u00f1os de tanques personalizados con opciones de capacidad entre 1.000 y 4.500 galones<\/li>\n<li>Flujo de asfalto equilibrado de doble alimentaci\u00f3n para una aplicaci\u00f3n uniforme en toda la barra<\/li>\n<li>Barra de pulverizaci\u00f3n de 12 pies de circulaci\u00f3n completa con alas plegables y cambio electrohidr\u00e1ulico<\/li>\n<li>Cumple todas las normativas federales sobre productos calientes<\/li>\n<\/ul>\n<div class=\"left-img\"><img loading=\"lazy\" decoding=\"async\" class=\"alignnone\" src=\"https:\/\/etnyre.com\/wp-content\/uploads\/2022\/12\/Asphalt-Distributor-Truck-seo-1.jpg\" alt=\"Un cami\u00f3n distribuidor de asfalto rojo de Etnyre\" width=\"500\" height=\"350\" title=\"\"><\/div>\n<h3>Habla con nuestro equipo<\/h3>\n<p>Aseg\u00farese de que su empresa puede suministrar todos los servicios de pavimentaci\u00f3n de asfalto que sus clientes necesitan con un cami\u00f3n distribuidor de asfalto de Etnyre. Para obtener m\u00e1s informaci\u00f3n sobre nuestros distribuidores u otros <a href=\"https:\/\/etnyre.com\/es\/equipos-de-mantenimiento-de-carreteras\/\">equipos de mantenimiento de carreteras<\/a>, p\u00f3ngase en contacto con Etnyre hoy mismo en el <a href=\"tel:8157322166\">815-732-2166<\/a>. Estamos ubicados en 1333 Daysville Rd, Oregon, IL 61061. Etnyre tiene su sede en Illinois y atiende a clientes de todo Estados Unidos.<\/p>\n","protected":false},"excerpt":{"rendered":"<p>Todo contratista de asfalto necesita un cami\u00f3n distribuidor de asfalto Los contratistas de asfalto actualizan y mantienen continuamente las infraestructuras de Estados Unidos. Como contratista de asfalto, necesitas equipos de alto rendimiento y larga duraci\u00f3n que puedan seguir el ritmo de las exigencias de mantenimiento y reparaci\u00f3n del asfalto de tu comunidad. Uno de estos &hellip; <a href=\"https:\/\/etnyre.com\/es\/camion-distribuidor-de-asfalto\/\" class=\"more-link\">Continue reading <span class=\"screen-reader-text\">Cami\u00f3n distribuidor de asfalto<\/span><\/a><\/p>\n","protected":false},"author":1,"featured_media":6618,"parent":0,"menu_order":0,"comment_status":"closed","ping_status":"closed","template":"","meta":{"_acf_changed":false,"footnotes":""},"class_list":["post-6620","page","type-page","status-publish","has-post-thumbnail","hentry"],"acf":[],"_links":{"self":[{"href":"https:\/\/etnyre.com\/es\/wp-json\/wp\/v2\/pages\/6620","targetHints":{"allow":["GET"]}}],"collection":[{"href":"https:\/\/etnyre.com\/es\/wp-json\/wp\/v2\/pages"}],"about":[{"href":"https:\/\/etnyre.com\/es\/wp-json\/wp\/v2\/types\/page"}],"author":[{"embeddable":true,"href":"https:\/\/etnyre.com\/es\/wp-json\/wp\/v2\/users\/1"}],"replies":[{"embeddable":true,"href":"https:\/\/etnyre.com\/es\/wp-json\/wp\/v2\/comments?post=6620"}],"version-history":[{"count":3,"href":"https:\/\/etnyre.com\/es\/wp-json\/wp\/v2\/pages\/6620\/revisions"}],"predecessor-version":[{"id":14432,"href":"https:\/\/etnyre.com\/es\/wp-json\/wp\/v2\/pages\/6620\/revisions\/14432"}],"wp:featuredmedia":[{"embeddable":true,"href":"https:\/\/etnyre.com\/es\/wp-json\/wp\/v2\/media\/6618"}],"wp:attachment":[{"href":"https:\/\/etnyre.com\/es\/wp-json\/wp\/v2\/media?parent=6620"}],"curies":[{"name":"wp","href":"https:\/\/api.w.org\/{rel}","templated":true}]}}