{"id":6627,"date":"2022-12-12T08:39:19","date_gmt":"2022-12-12T08:39:19","guid":{"rendered":"https:\/\/etnyre.com\/remolque-distribuidor-de-asfalto\/"},"modified":"2023-03-30T11:05:11","modified_gmt":"2023-03-30T11:05:11","slug":"remolque-distribuidor-de-asfalto","status":"publish","type":"page","link":"https:\/\/etnyre.com\/es\/remolque-distribuidor-de-asfalto\/","title":{"rendered":"Remolque distribuidor de asfalto"},"content":{"rendered":"<h3>Necesita un remolque distribuidor de asfalto para su empresa de pavimentaci\u00f3n<\/h3>\n<p>Para ofrecer servicios de pavimentaci\u00f3n de asfalto de alta calidad a sus clientes, necesita el equipo y la maquinaria adecuados para su empresa. Como contratista de asfalto, las numerosas opciones de equipamiento pueden reforzar el funcionamiento de su empresa y garantizar que pueda suministrar a los clientes lo que necesitan. Sin embargo, ning\u00fan equipo es m\u00e1s crucial que el remolque distribuidor de asfalto. Si busca los <a href=\"https:\/\/etnyre.com\/best-asphalt-distributors\/\">mejores distribuidores de asfalto<\/a>, p\u00f3ngase en contacto hoy mismo con los profesionales de mantenimiento de carreteras de Etnyre.<\/p>\n<h3>Ventajas del distribuidor<\/h3>\n<p>Sin un distribuidor de asfalto, su empresa depender\u00e1 en gran medida de la aplicaci\u00f3n manual del asfalto. Y si desea ofrecer un grado aceptable de servicio a clientes comerciales, la aplicaci\u00f3n manual de asfalto no ser\u00e1 suficiente. He aqu\u00ed por qu\u00e9:<\/p>\n<ul>\n<li><strong>Velocidad<\/strong>\n<ul>\n<li>Extender asfalto sin distribuidor es un proceso que lleva mucho tiempo. Para peque\u00f1as parcelas o calzadas, tiene m\u00e1s sentido aplicar el asfalto manualmente. Sin embargo, las calzadas de asfalto m\u00e1s largas y las grandes parcelas no pueden completarse r\u00e1pidamente sin un distribuidor. Los remolques distribuidores de Etnyre transportan grandes cantidades de asfalto l\u00edquido al lugar de trabajo, lo que permite una aplicaci\u00f3n r\u00e1pida y uniforme mediante las barras pulverizadoras ajustables de un distribuidor.<\/li>\n<\/ul>\n<\/li>\n<li><strong>Eficacia<\/strong>\n<ul>\n<li>Aunque los profesionales se encarguen de la aplicaci\u00f3n manual del asfalto, no se puede conseguir la misma aplicaci\u00f3n uniforme que con un remolque distribuidor de asfalto. Si varias personas aplican el asfalto con diferentes consistencias, la superficie de la calzada puede quedar irregular si no se corrige. Por el contrario, un distribuidor de asfalto puede proyectar asfalto a la misma velocidad y consistencia, garantizando una capa uniforme sobre cualquier superficie.<\/li>\n<\/ul>\n<\/li>\n<li><strong>Trabajo<\/strong>\n<ul>\n<li>Disponer de suficiente personal para un trabajo de pavimentaci\u00f3n de asfalto es siempre una preocupaci\u00f3n para los contratistas. Sin embargo, la colocaci\u00f3n manual de asfalto ya requiere una cuadrilla de tama\u00f1o decente para su gesti\u00f3n. Especialmente en proyectos de gran envergadura, el \u00e9xito depende de la mano de obra presente. Afortunadamente, los distribuidores de asfalto no tienen tantas preocupaciones laborales. S\u00f3lo se necesitan uno o dos operarios para utilizar eficazmente un distribuidor de asfalto.<\/li>\n<\/ul>\n<\/li>\n<\/ul>\n<h3>Distribuidor de asfalto Etnyre&#8217;s<\/h3>\n<p>El <a href=\"https:\/\/etnyre.com\/asphalt-distributors\/\">distribuidor de asfalto Black-Topper<\/a>, la l\u00ednea de distribuidores de Etnyre, \u00a1es uno de los mejores del sector! Los contratistas conf\u00edan en nuestros distribuidores y equipos de asfalto adicionales por su incre\u00edble fiabilidad, longevidad, comodidad y funcionalidad. Como tal, nuestro Black-Topper incluye caracter\u00edsticas como:<\/p>\n<ul>\n<li>Controles electr\u00f3nicos de velocidad de la bomba de asfalto para un control preciso<\/li>\n<li>Operaci\u00f3n de una persona con controles desde la cabina del cami\u00f3n o cerca de la parte trasera del distribuidor<\/li>\n<li>Tama\u00f1os de tanques personalizados con opciones de capacidad entre 1.000 y 4.500 galones<\/li>\n<li>Flujo de asfalto equilibrado de doble alimentaci\u00f3n para una aplicaci\u00f3n uniforme en toda la barra<\/li>\n<li>Barra de pulverizaci\u00f3n de 12 pies de circulaci\u00f3n completa con alas plegables y cambio electrohidr\u00e1ulico<\/li>\n<li>Cumple todas las normativas federales sobre productos calientes<\/li>\n<\/ul>\n<div class=\"left-img\"><img loading=\"lazy\" decoding=\"async\" class=\"alignnone\" src=\"https:\/\/etnyre.com\/wp-content\/uploads\/2022\/12\/Asphalt-Distributor-Trailer-seo.jpg\" alt=\"Un remolque distribuidor de asfalto de Etnrye\" width=\"500\" height=\"350\" title=\"\"><\/div>\n<h3>Llame hoy mismo<\/h3>\n<p>Aseg\u00farese de que puede satisfacer las necesidades de pavimentaci\u00f3n asf\u00e1ltica de sus clientes con los mejores equipos de la industria del asfalto. El \u00e9xito de su negocio comienza con el remolque distribuidor de asfalto de Etnyre y nuestros <a href=\"https:\/\/etnyre.com\/road-maintenance-equipment\/\">equipos de mantenimiento de carreteras<\/a> de primera categor\u00eda. Para obtener m\u00e1s informaci\u00f3n sobre nuestros productos, p\u00f3ngase en contacto con Etnyre hoy mismo en <a href=\"tel:8157322166\">el 815-732-2166<\/a>. Estamos ubicados en 1333 Daysville Rd, Oregon, IL 61061. Etnyre tiene su sede en Illinois y atiende a clientes de todo Estados Unidos.<\/p>\n","protected":false},"excerpt":{"rendered":"<p>Necesita un remolque distribuidor de asfalto para su empresa de pavimentaci\u00f3n Para ofrecer servicios de pavimentaci\u00f3n de asfalto de alta calidad a sus clientes, necesita el equipo y la maquinaria adecuados para su empresa. Como contratista de asfalto, las numerosas opciones de equipamiento pueden reforzar el funcionamiento de su empresa y garantizar que pueda suministrar &hellip; <a href=\"https:\/\/etnyre.com\/es\/remolque-distribuidor-de-asfalto\/\" class=\"more-link\">Continue reading <span class=\"screen-reader-text\">Remolque distribuidor de asfalto<\/span><\/a><\/p>\n","protected":false},"author":1,"featured_media":1033,"parent":0,"menu_order":0,"comment_status":"closed","ping_status":"closed","template":"","meta":{"_acf_changed":false,"footnotes":""},"class_list":["post-6627","page","type-page","status-publish","has-post-thumbnail","hentry"],"acf":[],"_links":{"self":[{"href":"https:\/\/etnyre.com\/es\/wp-json\/wp\/v2\/pages\/6627","targetHints":{"allow":["GET"]}}],"collection":[{"href":"https:\/\/etnyre.com\/es\/wp-json\/wp\/v2\/pages"}],"about":[{"href":"https:\/\/etnyre.com\/es\/wp-json\/wp\/v2\/types\/page"}],"author":[{"embeddable":true,"href":"https:\/\/etnyre.com\/es\/wp-json\/wp\/v2\/users\/1"}],"replies":[{"embeddable":true,"href":"https:\/\/etnyre.com\/es\/wp-json\/wp\/v2\/comments?post=6627"}],"version-history":[{"count":2,"href":"https:\/\/etnyre.com\/es\/wp-json\/wp\/v2\/pages\/6627\/revisions"}],"predecessor-version":[{"id":7014,"href":"https:\/\/etnyre.com\/es\/wp-json\/wp\/v2\/pages\/6627\/revisions\/7014"}],"wp:featuredmedia":[{"embeddable":true,"href":"https:\/\/etnyre.com\/es\/wp-json\/wp\/v2\/media\/1033"}],"wp:attachment":[{"href":"https:\/\/etnyre.com\/es\/wp-json\/wp\/v2\/media?parent=6627"}],"curies":[{"name":"wp","href":"https:\/\/api.w.org\/{rel}","templated":true}]}}