{"id":6632,"date":"2022-12-12T08:42:58","date_gmt":"2022-12-12T08:42:58","guid":{"rendered":"https:\/\/etnyre.com\/maquinas-de-asfaltado\/"},"modified":"2023-03-30T11:05:12","modified_gmt":"2023-03-30T11:05:12","slug":"maquinas-de-asfaltado","status":"publish","type":"page","link":"https:\/\/etnyre.com\/es\/maquinas-de-asfaltado\/","title":{"rendered":"M\u00e1quinas de asfaltado"},"content":{"rendered":"<h3>Ayude a su empresa a destacar con las mejores m\u00e1quinas de sellado de virutas<\/h3>\n<p>Como contratista de asfalto, \u00bfest\u00e1 buscando una ventaja sobre sus competidores? Aunque los servicios de pavimentaci\u00f3n de asfalto son numerosos, contar con el equipo adecuado marca la diferencia. Por ejemplo, Etnyre suministra m\u00e1quinas de asfaltado que perfeccionan el proceso de asfaltado, garantizando una reparaci\u00f3n y conservaci\u00f3n de carreteras altamente eficaz. Para asegurarse de que dispone de las <a href=\"https:\/\/etnyre.com\/asphalt-machines\/\">m\u00e1quinas de asfalto<\/a> adecuadas para cualquier proyecto de pavimentaci\u00f3n, p\u00f3ngase en contacto con los profesionales de Etnyre hoy mismo.<\/p>\n<h3>\u00bfQu\u00e9 equipo necesita?<\/h3>\n<p>El equipo principal de todo contratista de asfalto para el servicio de gravilla y sellado incluye <a href=\"https:\/\/etnyre.com\/asphalt-distributors\/\">distribuidores de asfalto<\/a> y <a href=\"https:\/\/etnyre.com\/chip-spreaders\/\">esparcidores de gravilla<\/a>. Adem\u00e1s, los remolques de fondo vivo y los transportes de asfalto ayudan a transportar el material necesario para prestar el servicio de sellado de gravilla. Afortunadamente, con Etnyre, tenemos cubiertas las m\u00e1quinas esenciales de sellado de virutas.<\/p>\n<ul>\n<li><strong>Distribuidores de asfalto<\/strong>\n<ul>\n<li>El distribuidor de asfalto Black-Topper es el <a href=\"https:\/\/etnyre.com\/asphalt-distributor-truck\/\">cami\u00f3n de distribuci\u00f3n de asfalto<\/a> al que recurren la mayor\u00eda de los contratistas de todo Estados Unidos. Como primer paso para el sellado de virutas, los distribuidores de asfalto aplican una capa uniforme de asfalto l\u00edquido sobre la superficie de una carretera. Los camiones de Etnyre pueden aplicar asfalto l\u00edquido de manera uniforme y a una velocidad constante mediante barras de pulverizaci\u00f3n ajustables.<\/li>\n<\/ul>\n<\/li>\n<li><strong>Esparcidores de virutas<\/strong>\n<ul>\n<li>Tras la primera capa de asfalto l\u00edquido, se aplican virutas de asfalto a la superficie de la calzada. En el sellado de virutas, esto se hace utilizando esparcidores de virutas. El <a href=\"https:\/\/etnyre.com\/chipspreaders\/\">esparcidor de virutas Etnyre ChipSpreader<\/a> ayuda a crear una superficie antideslizante y antideslumbrante esparciendo virutas de \u00e1ridos mediante tolvas de esparcimiento frontal de 10 a 15 pies, cintas transportadoras de 24 pulgadas de ancho y aplicaci\u00f3n controlada por ordenador.<\/li>\n<\/ul>\n<\/li>\n<li><strong>Unidades de mantenimiento de asfalto<\/strong>\n<ul>\n<li>Tambi\u00e9n conocidas como <a href=\"https:\/\/etnyre.com\/asphalt-transport\/\">transporte de asfalto<\/a>, nuestras unidades de mantenimiento de asfalto facilitan el transporte de asfalto l\u00edquido. Cada unidad puede transportar entre 1.000 y 4.500 galones de asfalto l\u00edquido (al igual que nuestras m\u00e1quinas distribuidoras). Adem\u00e1s, cada unidad cuenta con controles de temperatura precisos, lo que garantiza que el material se mantenga caliente y fresco durante su transporte al lugar de trabajo y a lo largo de todo el proyecto.<\/li>\n<\/ul>\n<\/li>\n<li><strong>Remolques inferiores vivos<\/strong>\n<ul>\n<li>Los remolques de <a href=\"https:\/\/etnyre.com\/best-live-bottom-trailers\/\">fondo<\/a> m\u00f3vil Falcon\u00ae de Etnyre son los <a href=\"https:\/\/etnyre.com\/best-live-bottom-trailers\/\">remolques de fondo<\/a> m\u00f3vil m\u00e1s r\u00e1pidos y ligeros del sector de la construcci\u00f3n. Los fondos m\u00f3viles <a href=\"https:\/\/etnyre.com\/live-bottom-trailers-versus-dump-trucks\/\">superan con creces a los volquetes<\/a> en la carga y descarga r\u00e1pidas y seguras de materias primas en una obra. Nuestros remolques de fondo m\u00f3vil pueden expulsar su contenido de forma completa y precisa mediante un sistema de cinta transportadora.<\/li>\n<\/ul>\n<\/li>\n<\/ul>\n<div class=\"left-img\"><img loading=\"lazy\" decoding=\"async\" class=\"alignnone\" src=\"https:\/\/etnyre.com\/wp-content\/uploads\/2022\/10\/Road-Construction-Equipment-1.jpg\" alt=\"Un esparcidor de gravilla y distribuidor de asfalto, dos Chip Seal Machines de Etnyre\" width=\"500\" height=\"350\" title=\"\"><\/div>\n<h3>Sobre Etnyre<\/h3>\n<p>Etnyre lleva un siglo fabricando equipos de asfalto. Nuestros 100 a\u00f1os de experiencia en la fabricaci\u00f3n de <a href=\"https:\/\/etnyre.com\/chip-seal-machines\/\">m\u00e1quinas pavimentadoras de asfalto<\/a> de alta calidad nos han llevado a ser uno de los fabricantes de referencia en la industria de la pavimentaci\u00f3n de asfalto. Nos esforzamos por ofrecer m\u00e1quinas de primera categor\u00eda, innovando continuamente con las \u00faltimas piezas y tecnolog\u00edas. Adem\u00e1s de los equipos ya mencionados, Etnyre suministra a los contratistas <a href=\"https:\/\/etnyre.com\/crack-sealers\/\">selladores de grietas<\/a>, <a href=\"https:\/\/etnyre.com\/lowboy-trailers\/\">remolques de plataforma baja<\/a>, <a href=\"https:\/\/etnyre.com\/flushers-sprinklers\/\">rociadores<\/a>, <a href=\"https:\/\/etnyre.com\/storage-tanks\/\">tanques de almacenamiento<\/a> y mucho m\u00e1s.<\/p>\n<h3 class=\"clr\">Hable con nuestro equipo<\/h3>\n<p>Las mejores m\u00e1quinas de asfaltado est\u00e1n a s\u00f3lo una llamada de distancia. Seleccione la maquinaria de asfalto que puede llevar su negocio al \u00e9xito con la ayuda de Etnyre. Para obtener m\u00e1s informaci\u00f3n sobre nuestros equipos de mantenimiento de carreteras, p\u00f3ngase en contacto con nosotros hoy mismo en el <a href=\"tel:8157322166\">815-732-2166<\/a>. Estamos ubicados en 1333 Daysville Rd, Oregon, IL 61061. Etnyre tiene su sede en Illinois y atiende a clientes de todo Estados Unidos.<\/p>\n","protected":false},"excerpt":{"rendered":"<p>Ayude a su empresa a destacar con las mejores m\u00e1quinas de sellado de virutas Como contratista de asfalto, \u00bfest\u00e1 buscando una ventaja sobre sus competidores? Aunque los servicios de pavimentaci\u00f3n de asfalto son numerosos, contar con el equipo adecuado marca la diferencia. Por ejemplo, Etnyre suministra m\u00e1quinas de asfaltado que perfeccionan el proceso de asfaltado, &hellip; <a href=\"https:\/\/etnyre.com\/es\/maquinas-de-asfaltado\/\" class=\"more-link\">Continue reading <span class=\"screen-reader-text\">M\u00e1quinas de asfaltado<\/span><\/a><\/p>\n","protected":false},"author":1,"featured_media":6630,"parent":0,"menu_order":0,"comment_status":"closed","ping_status":"closed","template":"","meta":{"_acf_changed":false,"footnotes":""},"class_list":["post-6632","page","type-page","status-publish","has-post-thumbnail","hentry"],"acf":[],"_links":{"self":[{"href":"https:\/\/etnyre.com\/es\/wp-json\/wp\/v2\/pages\/6632","targetHints":{"allow":["GET"]}}],"collection":[{"href":"https:\/\/etnyre.com\/es\/wp-json\/wp\/v2\/pages"}],"about":[{"href":"https:\/\/etnyre.com\/es\/wp-json\/wp\/v2\/types\/page"}],"author":[{"embeddable":true,"href":"https:\/\/etnyre.com\/es\/wp-json\/wp\/v2\/users\/1"}],"replies":[{"embeddable":true,"href":"https:\/\/etnyre.com\/es\/wp-json\/wp\/v2\/comments?post=6632"}],"version-history":[{"count":3,"href":"https:\/\/etnyre.com\/es\/wp-json\/wp\/v2\/pages\/6632\/revisions"}],"predecessor-version":[{"id":7016,"href":"https:\/\/etnyre.com\/es\/wp-json\/wp\/v2\/pages\/6632\/revisions\/7016"}],"wp:featuredmedia":[{"embeddable":true,"href":"https:\/\/etnyre.com\/es\/wp-json\/wp\/v2\/media\/6630"}],"wp:attachment":[{"href":"https:\/\/etnyre.com\/es\/wp-json\/wp\/v2\/media?parent=6632"}],"curies":[{"name":"wp","href":"https:\/\/api.w.org\/{rel}","templated":true}]}}