{"id":6641,"date":"2022-12-12T08:46:06","date_gmt":"2022-12-12T08:46:06","guid":{"rendered":"https:\/\/etnyre.com\/reparacion-de-grietas\/"},"modified":"2023-03-30T11:05:12","modified_gmt":"2023-03-30T11:05:12","slug":"reparacion-de-grietas","status":"publish","type":"page","link":"https:\/\/etnyre.com\/es\/reparacion-de-grietas\/","title":{"rendered":"Reparaci\u00f3n de grietas"},"content":{"rendered":"<h3>Ofrezca reparaci\u00f3n de grietas con el equipo de sellado de grietas de Etnyre<\/h3>\n<p>No importa lo que hagamos, nuestros lotes de asfalto y calzadas comenzar\u00e1n a desarrollar grietas. Ya sea debido a la tensi\u00f3n, la edad o los ciclos extremos de clima\/temperatura, el asfalto empezar\u00e1 a deteriorarse hasta cierto punto. Por lo tanto, como contratista de asfalto, su trabajo consiste en ofrecer a sus clientes servicios r\u00e1pidos y eficaces de reparaci\u00f3n de grietas. Y si necesita el equipo adecuado para llevar a cabo la reparaci\u00f3n de grietas, no busque m\u00e1s all\u00e1 de la l\u00ednea de <a href=\"https:\/\/etnyre.com\/crack-sealers\/\">selladores de grietas industriales<\/a> de Etnyre.<\/p>\n<h3>Razones para ofrecer reparaci\u00f3n de grietas<\/h3>\n<p>La reparaci\u00f3n de grietas es un servicio bastante sencillo de ofrecer a sus clientes y se gestiona f\u00e1cilmente con el equipo adecuado. Con Etnyre, puede ayudar a los clientes a reparar sus parcelas, carreteras y calzadas, lo que dar\u00e1 lugar a <a href=\"https:\/\/etnyre.com\/asphalt-repair\/\">servicios adicionales de<\/a> conservaci\u00f3n y <a href=\"https:\/\/etnyre.com\/asphalt-repair\/\">reparaci\u00f3n<\/a> del asfalto. Algunas de las ventajas de la reparaci\u00f3n de grietas son<\/p>\n<ul>\n<li><strong>Conservaci\u00f3n del asfalto<\/strong>\n<ul>\n<li>Aunque existen m\u00e9todos m\u00e1s eficaces para sellar y proteger el asfalto, la reparaci\u00f3n de grietas es un m\u00e9todo m\u00e1s rentable para mantener el asfalto en buen estado. El sellado\/relleno de grietas evita que la humedad y los productos qu\u00edmicos penetren en el pavimento, lo que puede provocar grietas y deterioro. Junto con el sellado del asfalto, la reparaci\u00f3n de grietas puede proteger y conservar a\u00fan m\u00e1s su pavimento.<\/li>\n<\/ul>\n<\/li>\n<li><strong>Aspecto profesional<\/strong>\n<ul>\n<li>Para las empresas, los lotes y las calzadas de asfalto suelen ser lo primero que ve un cliente. Sin embargo, si ese asfalto est\u00e1 lleno de grietas y deterioros, puede dejar una primera impresi\u00f3n negativa en los posibles nuevos clientes. Afortunadamente, la reparaci\u00f3n de grietas puede restaurar la superficie de su pavimento y ayudar a que tenga un aspecto m\u00e1s atractivo para los visitantes de su establecimiento comercial. El pavimento agrietado tambi\u00e9n puede afectar al atractivo de las propiedades residenciales.<\/li>\n<\/ul>\n<\/li>\n<li><strong>Servicio asequible<\/strong>\n<ul>\n<li>La reparaci\u00f3n de grietas es un servicio relativamente asequible tanto para los contratistas como para los clientes. Los materiales y la mano de obra necesarios para reparar las grietas son m\u00ednimos, y los contratistas pueden completar la mayor\u00eda de los trabajos en unas pocas horas. El ahorro en mano de obra y material se traduce en un mayor ahorro para los clientes. Adem\u00e1s, el precio asequible de la reparaci\u00f3n de grietas hace que sea m\u00e1s probable que se convierta en un servicio repetido para clientes con proyectos de pavimentaci\u00f3n m\u00e1s peque\u00f1os.<\/li>\n<\/ul>\n<\/li>\n<\/ul>\n<h3>La mejor m\u00e1quina para el trabajo<\/h3>\n<p>El sellador de grietas de Etnyre es un equipo incre\u00edblemente vers\u00e1til y duradero. Una combinaci\u00f3n de sistemas de calentamiento y circulaci\u00f3n r\u00e1pidos permite a los equipos de reparaci\u00f3n ofrecer un servicio m\u00e1s r\u00e1pido, una mayor producci\u00f3n y un menor coste por turno en cada trabajo. Algunas de las mejores caracter\u00edsticas de nuestra selladora de grietas son:<\/p>\n<ul class=\"col-2\">\n<li>Controles vers\u00e1tiles que permiten el funcionamiento autom\u00e1tico o manual<\/li>\n<li>Dos puertas de carga de sellantes para facilitar el acceso<\/li>\n<li>Quemador cerrado de gas\u00f3leo de alta presi\u00f3n con encendido autom\u00e1tico<\/li>\n<li>Sistema de calefacci\u00f3n de aceite caliente de circuito cerrado y con control de caudal<\/li>\n<li>Sistema ecol\u00f3gico sin descarga<\/li>\n<li>Capacidad del tanque de sellado de 250 o 400 galones<\/li>\n<\/ul>\n<div class=\"left-img\"><img loading=\"lazy\" decoding=\"async\" class=\"alignnone\" src=\"https:\/\/etnyre.com\/wp-content\/uploads\/2022\/12\/Crack-Repair-seo1.jpg\" alt=\"Un sellador de grietas Etnyre utilizado para la reparaci\u00f3n de grietas\" width=\"500\" height=\"350\" title=\"\"><\/div>\n<h3>Hable con nuestro equipo<\/h3>\n<p>La reparaci\u00f3n de grietas es un servicio f\u00e1cil de gestionar que todo contratista de asfalto deber\u00eda ofrecer a sus clientes. Para conseguir el mejor equipo para este servicio, hable con los expertos en asfalto de Etnyre. Obtenga m\u00e1s informaci\u00f3n sobre nuestros <a href=\"https:\/\/etnyre.com\/chip-seal-paving\/\">productos de pavimentaci\u00f3n de asfalto<\/a> llamando hoy mismo al <a href=\"tel:8157322166\">815-732-2166<\/a>. Adem\u00e1s, estamos ubicados en 1333 Daysville Rd, Oregon, IL 61061. Etnyre tiene su sede en Illinois y atiende a clientes de todo Estados Unidos.<\/p>\n","protected":false},"excerpt":{"rendered":"<p>Ofrezca reparaci\u00f3n de grietas con el equipo de sellado de grietas de Etnyre No importa lo que hagamos, nuestros lotes de asfalto y calzadas comenzar\u00e1n a desarrollar grietas. Ya sea debido a la tensi\u00f3n, la edad o los ciclos extremos de clima\/temperatura, el asfalto empezar\u00e1 a deteriorarse hasta cierto punto. Por lo tanto, como contratista &hellip; <a href=\"https:\/\/etnyre.com\/es\/reparacion-de-grietas\/\" class=\"more-link\">Continue reading <span class=\"screen-reader-text\">Reparaci\u00f3n de grietas<\/span><\/a><\/p>\n","protected":false},"author":1,"featured_media":6639,"parent":0,"menu_order":0,"comment_status":"closed","ping_status":"closed","template":"","meta":{"_acf_changed":false,"footnotes":""},"class_list":["post-6641","page","type-page","status-publish","has-post-thumbnail","hentry"],"acf":[],"_links":{"self":[{"href":"https:\/\/etnyre.com\/es\/wp-json\/wp\/v2\/pages\/6641","targetHints":{"allow":["GET"]}}],"collection":[{"href":"https:\/\/etnyre.com\/es\/wp-json\/wp\/v2\/pages"}],"about":[{"href":"https:\/\/etnyre.com\/es\/wp-json\/wp\/v2\/types\/page"}],"author":[{"embeddable":true,"href":"https:\/\/etnyre.com\/es\/wp-json\/wp\/v2\/users\/1"}],"replies":[{"embeddable":true,"href":"https:\/\/etnyre.com\/es\/wp-json\/wp\/v2\/comments?post=6641"}],"version-history":[{"count":3,"href":"https:\/\/etnyre.com\/es\/wp-json\/wp\/v2\/pages\/6641\/revisions"}],"predecessor-version":[{"id":7015,"href":"https:\/\/etnyre.com\/es\/wp-json\/wp\/v2\/pages\/6641\/revisions\/7015"}],"wp:featuredmedia":[{"embeddable":true,"href":"https:\/\/etnyre.com\/es\/wp-json\/wp\/v2\/media\/6639"}],"wp:attachment":[{"href":"https:\/\/etnyre.com\/es\/wp-json\/wp\/v2\/media?parent=6641"}],"curies":[{"name":"wp","href":"https:\/\/api.w.org\/{rel}","templated":true}]}}