{"id":6650,"date":"2022-12-12T08:55:16","date_gmt":"2022-12-12T08:55:16","guid":{"rendered":"https:\/\/etnyre.com\/reparacion-de-grietas-en-el-asfalto\/"},"modified":"2025-07-16T09:23:48","modified_gmt":"2025-07-16T09:23:48","slug":"reparacion-de-grietas-en-el-asfalto","status":"publish","type":"page","link":"https:\/\/etnyre.com\/es\/reparacion-de-grietas-en-el-asfalto\/","title":{"rendered":"Reparaci\u00f3n de grietas en el asfalto"},"content":{"rendered":"<h3>Mantente al d\u00eda en la reparaci\u00f3n de grietas del asfalto con los selladores de grietas Etnyre<\/h3>\n<p>El cuidado y el mantenimiento de las carreteras son las principales preocupaciones de todo contratista de asfalto. M\u00e1s que la instalaci\u00f3n y la protecci\u00f3n, la reparaci\u00f3n del asfalto y la repavimentaci\u00f3n son algunos de los servicios m\u00e1s solicitados por las empresas de asfalto. La cuesti\u00f3n es que si careces de la maquinaria necesaria para ofrecer una reparaci\u00f3n de grietas en el asfalto constante, fiable y eficaz, perder\u00e1s una parte importante de tu negocio. Afortunadamente, los contratistas pueden encontrar los <a href=\"https:\/\/etnyre.com\/es\/los-mejores-selladores-de-grietas\/\">mejores selladores de grietas<\/a> del mercado a trav\u00e9s de E.D. Etnyre &amp; Co. Deja que Etnyre te ayude a empezar con nuestra excepcional maquinaria de sellado de grietas.<\/p>\n<h3>C\u00f3mo se benefician los clientes y t\u00fa de la reparaci\u00f3n de grietas<\/h3>\n<p>La <a href=\"https:\/\/etnyre.com\/es\/reparacion-de-grietas\/\">reparaci\u00f3n de grietas<\/a> no s\u00f3lo es esencial para el cuidado est\u00e1ndar del asfalto, sino que puede ser un servicio relativamente sencillo y asequible para ofrecer a tus clientes. Y lo mejor de todo, \u00a1es un servicio que buscan todo tipo de clientes! Desde peque\u00f1os trabajos residenciales hasta la restauraci\u00f3n del asfalto comercial, la reparaci\u00f3n de grietas ofrece resultados.<\/p>\n<ul>\n<li><strong>Reparar grietas es sencillo<\/strong>\n<ul>\n<li>No hace falta una cuadrilla entera para reparar eficazmente las grietas. Con unos pocos operarios y un sellador de grietas de Etnyre, la mayor\u00eda de los trabajos de reparaci\u00f3n de grietas pueden realizarse r\u00e1pida y f\u00e1cilmente. No s\u00f3lo los clientes prefieren esta facilidad y sencillez de la reparaci\u00f3n de grietas, sino que los contratistas no tienen que invertir mucha mano de obra en un trabajo, liberando a los miembros de la cuadrilla para proyectos de pavimentaci\u00f3n de asfalto en otros lugares.<\/li>\n<\/ul>\n<\/li>\n<li><strong>La reparaci\u00f3n de grietas es asequible<\/strong>\n<ul>\n<li>Tanto los propietarios como los contratistas de asfalto pueden aprovechar la asequibilidad del sellado de grietas. Como la mano de obra y los materiales que intervienen en la reparaci\u00f3n de grietas son m\u00ednimos, los costes asociados se mantienen m\u00e1s bajos. A su vez, los contratistas de asfalto no tienen que gastar tanto para ofrecer servicios de reparaci\u00f3n y el ahorro de costes se traslada a los clientes, manteniendo la reparaci\u00f3n del pavimento dentro del presupuesto de una empresa.<\/li>\n<\/ul>\n<\/li>\n<li><strong>La reparaci\u00f3n de grietas preserva el asfalto<\/strong>\n<ul>\n<li>Adem\u00e1s de la sencillez y asequibilidad de la reparaci\u00f3n de grietas, unos servicios adecuados de sellado de grietas tienen la ventaja a\u00f1adida de prolongar la vida \u00fatil del asfalto. De las opciones de mantenimiento y reparaci\u00f3n del asfalto disponibles para los propietarios, el relleno de grietas es siempre consistente y fiable. Gracias a la reparaci\u00f3n de grietas y a tus selladores de grietas, los clientes pueden evitar los futuros gastos de reparaci\u00f3n que el desarrollo de grietas puede exasperar.<\/li>\n<\/ul>\n<\/li>\n<\/ul>\n<h3>\u00bfQu\u00e9 ofrecen los selladores de grietas Etnyre?<\/h3>\n<p>Si tu empresa contratista quiere invertir m\u00e1s en la reparaci\u00f3n de grietas en el asfalto, \u00bfpor qu\u00e9 no te aseguras de tener el <a href=\"https:\/\/etnyre.com\/es\/mejor-equipo-de-asfalto\/\">mejor equipo para el trabajo<\/a>? Pocas selladoras de grietas ofrecen la misma velocidad y durabilidad que la l\u00ednea de selladoras de grietas de Etnyre. Dise\u00f1amos nuestros equipos para acelerar el calentamiento y la circulaci\u00f3n del sellante, garantizando una mayor producci\u00f3n y un menor coste por turno en cada trabajo de sellado de grietas. Los contratistas pueden beneficiarse a\u00fan m\u00e1s de caracter\u00edsticas del sellador de grietas como:<\/p>\n<ul class=\"col-2\">\n<li>Controles vers\u00e1tiles que permiten el funcionamiento autom\u00e1tico o manual<\/li>\n<li>Dos puertas de carga selladas para facilitar el acceso<\/li>\n<li>Quemador de gas\u00f3leo de alta presi\u00f3n cerrado con encendido autom\u00e1tico<\/li>\n<li>Sistema de calefacci\u00f3n de aceite caliente de circuito cerrado y caudal controlado<\/li>\n<li>Sistema ecol\u00f3gico sin descarga<\/li>\n<li>Capacidad del dep\u00f3sito de sellante de 250 \u00f3 400 galones<\/li>\n<\/ul>\n<div class=\"left-img\"><img loading=\"lazy\" decoding=\"async\" class=\"alignnone\" src=\"https:\/\/etnyre.com\/wp-content\/uploads\/2022\/12\/Asphalt-Crack-Repair-seo.jpg\" alt=\"Un sellador de grietas Etnyre utilizado para la reparaci\u00f3n de grietas en el asfalto\" width=\"500\" height=\"350\" title=\"\"><\/div>\n<h3>Habla con nuestro equipo<\/h3>\n<p>La clave del \u00e9xito de un negocio de contrataci\u00f3n de asfalto es tener el <a href=\"https:\/\/etnyre.com\/es\/los-mejores-equipos-de-asfaltado-en-venta\/\">mejor equipo para cada trabajo<\/a>. Por eso, cuando buscan selladores de grietas de alta calidad para servicios de reparaci\u00f3n de grietas de asfalto, los contratistas conf\u00edan en E.D. Etnyre &amp; Co. para obtener lo mejor. Para obtener m\u00e1s informaci\u00f3n sobre los equipos de mantenimiento de carreteras de Etnyre, ponte en contacto con nosotros en <a href=\"tel:8157322166\">el 815-732-2166<\/a>. La oficina principal de Etnyre se encuentra en 1333 Daysville Rd, Oregon, IL 61061, y atiende a clientes de <a href=\"https:\/\/etnyre.com\/es\/los-mejores-selladores-de-grietas-de-illinois\/\">Illinois<\/a>, <a href=\"https:\/\/etnyre.com\/es\/los-mejores-selladores-de-grietas-arizona\/\">Arizona<\/a>, <a href=\"https:\/\/etnyre.com\/es\/los-mejores-selladores-de-grietas-de-tennessee\/\">Tennessee<\/a>, <a href=\"https:\/\/etnyre.com\/es\/los-mejores-selladores-de-grietas-de-texas\/\">Texas<\/a> y Estados Unidos.<\/p>\n","protected":false},"excerpt":{"rendered":"<p>Mantente al d\u00eda en la reparaci\u00f3n de grietas del asfalto con los selladores de grietas Etnyre El cuidado y el mantenimiento de las carreteras son las principales preocupaciones de todo contratista de asfalto. M\u00e1s que la instalaci\u00f3n y la protecci\u00f3n, la reparaci\u00f3n del asfalto y la repavimentaci\u00f3n son algunos de los servicios m\u00e1s solicitados por &hellip; <a href=\"https:\/\/etnyre.com\/es\/reparacion-de-grietas-en-el-asfalto\/\" class=\"more-link\">Continue reading <span class=\"screen-reader-text\">Reparaci\u00f3n de grietas en el asfalto<\/span><\/a><\/p>\n","protected":false},"author":1,"featured_media":6648,"parent":0,"menu_order":0,"comment_status":"closed","ping_status":"closed","template":"","meta":{"_acf_changed":false,"footnotes":""},"class_list":["post-6650","page","type-page","status-publish","has-post-thumbnail","hentry"],"acf":[],"_links":{"self":[{"href":"https:\/\/etnyre.com\/es\/wp-json\/wp\/v2\/pages\/6650","targetHints":{"allow":["GET"]}}],"collection":[{"href":"https:\/\/etnyre.com\/es\/wp-json\/wp\/v2\/pages"}],"about":[{"href":"https:\/\/etnyre.com\/es\/wp-json\/wp\/v2\/types\/page"}],"author":[{"embeddable":true,"href":"https:\/\/etnyre.com\/es\/wp-json\/wp\/v2\/users\/1"}],"replies":[{"embeddable":true,"href":"https:\/\/etnyre.com\/es\/wp-json\/wp\/v2\/comments?post=6650"}],"version-history":[{"count":4,"href":"https:\/\/etnyre.com\/es\/wp-json\/wp\/v2\/pages\/6650\/revisions"}],"predecessor-version":[{"id":14275,"href":"https:\/\/etnyre.com\/es\/wp-json\/wp\/v2\/pages\/6650\/revisions\/14275"}],"wp:featuredmedia":[{"embeddable":true,"href":"https:\/\/etnyre.com\/es\/wp-json\/wp\/v2\/media\/6648"}],"wp:attachment":[{"href":"https:\/\/etnyre.com\/es\/wp-json\/wp\/v2\/media?parent=6650"}],"curies":[{"name":"wp","href":"https:\/\/api.w.org\/{rel}","templated":true}]}}