{"id":6657,"date":"2022-12-12T08:58:29","date_gmt":"2022-12-12T08:58:29","guid":{"rendered":"https:\/\/etnyre.com\/reparacion-del-asfalto\/"},"modified":"2023-03-30T11:05:14","modified_gmt":"2023-03-30T11:05:14","slug":"reparacion-del-asfalto","status":"publish","type":"page","link":"https:\/\/etnyre.com\/es\/reparacion-del-asfalto\/","title":{"rendered":"Reparaci\u00f3n del asfalto"},"content":{"rendered":"<h3>El mejor equipo para la reparaci\u00f3n del asfalto<\/h3>\n<p>M\u00e1s que instalar pavimento nuevo, los contratistas de asfalto reparan y mantienen continuamente lotes de asfalto, calles y carreteras. Por lo tanto, disponer del equipo adecuado para apoyar la reparaci\u00f3n del asfalto es esencial para todo contratista de asfalto. Con la ayuda de Etnyre, los contratistas pueden ofrecer excelentes servicios de reparaci\u00f3n y <a href=\"https:\/\/etnyre.com\/asphalt-maintenance\/\">mantenimiento<\/a> utilizando equipos de alta calidad. Etnyre fabrica y suministra diversa <a href=\"https:\/\/etnyre.com\/asphalt-maintenance\/\">maquinaria de asfalto<\/a>, la mejor para el mantenimiento de carreteras en todo Estados Unidos.<\/p>\n<h3>Satisfacer las necesidades de asfalto de sus clientes<\/h3>\n<p>Las superficies de asfalto pueden agrietarse y deteriorarse sin un mantenimiento adecuado, lo que puede requerir su sustituci\u00f3n completa. Sin embargo, antes de que sea necesaria la sustituci\u00f3n, pueden tomarse algunas medidas para conservar el pavimento de asfalto. Como contratista de asfalto, debe disponer de todas las herramientas necesarias para ayudar a sus clientes en el mantenimiento del asfalto. La reparaci\u00f3n del asfalto es un servicio necesario debido a:<\/p>\n<ul>\n<li><strong>Atractivo<\/strong>\n<ul>\n<li>Los baches, el pavimento agrietado y el asfalto resquebrajado no dan un aspecto profesional a la parcela ni a la calzada. Para propiedades privadas o empresas que desean mantener las apariencias, el deterioro del asfalto puede dejar una mala impresi\u00f3n a hu\u00e9spedes y clientes. Afortunadamente, con una reparaci\u00f3n y un mantenimiento constantes, el asfalto puede mantenerse \u00aben su sitio\u00bb y parecer nuevo, lo que dar\u00e1 a su casa o negocio un atractivo adicional.<\/li>\n<\/ul>\n<\/li>\n<li><strong>Valor de seguridad<\/strong>\n<ul>\n<li>El pavimento en mal estado no s\u00f3lo es poco atractivo visualmente, sino tambi\u00e9n peligroso. Un asfalto deteriorado puede da\u00f1ar la suspensi\u00f3n y los bajos del veh\u00edculo, adem\u00e1s de aumentar la posibilidad de accidentes por baches y derrapes. As\u00ed pues, un simple mantenimiento del pavimento mantiene la seguridad de las carreteras tanto para los conductores como para los peatones. El sellado de virutas, en particular, ayuda a crear una superficie de asfalto antideslumbrante y antideslizante.<\/li>\n<\/ul>\n<\/li>\n<li><strong>Relaci\u00f3n coste-eficacia<\/strong>\n<ul>\n<li>En lugar de sustituir continuamente el pavimento viejo, la reparaci\u00f3n del asfalto es mucho m\u00e1s f\u00e1cil y asequible. La reparaci\u00f3n de grietas es un servicio especialmente asequible que puede evitar que las grietas empeoren. Adem\u00e1s, el sellado de virutas, que proporciona una capa protectora de agregado asf\u00e1ltico a las carreteras, es rentable e incre\u00edblemente beneficioso a la hora de ampliar la vida \u00fatil del pavimento.<\/li>\n<\/ul>\n<\/li>\n<\/ul>\n<h3>Invertir en Etnyre<\/h3>\n<p>Desde 1898, Etnyre ha invertido fuertemente en la industria del extendido de asfalto, dise\u00f1ando y fabricando los equipos industriales m\u00e1s seguros, c\u00f3modos y duraderos. Como tal, los contratistas de asfalto han invertido en Etnyre para encontrar el mejor equipo para proporcionar servicios de pavimentaci\u00f3n de asfalto de alta calidad. Algunos de los mejores productos de Etnyre son:<\/p>\n<ul class=\"col-3\">\n<li><a href=\"https:\/\/etnyre.com\/chipspreaders\/\">Esparcidores de virutas<\/a><\/li>\n<li><a href=\"https:\/\/etnyre.com\/asphalt-distributors\/\">Distribuidores de asfalto<\/a><\/li>\n<li><a href=\"https:\/\/etnyre.com\/lowboy-trailers\/\">Remolques Lowboy<\/a><\/li>\n<li><a href=\"https:\/\/etnyre.com\/asphalt-transport\/\">Transportes de asfalto<\/a><\/li>\n<li><a href=\"https:\/\/etnyre.com\/live-bottom-trailers\/\">Remolques inferiores vivos<\/a><\/li>\n<li><a href=\"https:\/\/etnyre.com\/crack-sealers\/\">Selladores de grietas<\/a><\/li>\n<li><a href=\"https:\/\/etnyre.com\/flushers-sprinklers\/\">Lavadores \/ aspersores<\/a><\/li>\n<li><a href=\"https:\/\/etnyre.com\/storage-tanks\/\">Tanques de almacenamiento<\/a><\/li>\n<\/ul>\n<div class=\"left-img\"><img loading=\"lazy\" decoding=\"async\" class=\"alignnone\" src=\"https:\/\/etnyre.com\/wp-content\/uploads\/2022\/12\/Asphalt-Repair-seo.jpg\" alt=\"Un sellador de grietas Etnyre utilizado para la reparaci\u00f3n de asfalto\" width=\"500\" height=\"350\" title=\"\"><\/div>\n<h3 class=\"\">Llame hoy mismo<\/h3>\n<p>Aseg\u00farese de que su empresa pueda ofrecer nada menos que los mejores servicios de reparaci\u00f3n de asfalto al utilizar la l\u00ednea de equipos de mantenimiento de carreteras de alta calidad y m\u00e1xima calificaci\u00f3n de Etnyre. Para obtener m\u00e1s informaci\u00f3n sobre nuestros productos de asfalto, p\u00f3ngase en contacto con nosotros hoy mismo en el <a href=\"tel:8157322166\">815-732-2166<\/a>. Estamos ubicados en 1333 Daysville Rd, Oregon, IL 61061. Etnyre tiene su sede en Illinois y atiende a clientes de todo Estados Unidos.<\/p>\n","protected":false},"excerpt":{"rendered":"<p>El mejor equipo para la reparaci\u00f3n del asfalto M\u00e1s que instalar pavimento nuevo, los contratistas de asfalto reparan y mantienen continuamente lotes de asfalto, calles y carreteras. Por lo tanto, disponer del equipo adecuado para apoyar la reparaci\u00f3n del asfalto es esencial para todo contratista de asfalto. Con la ayuda de Etnyre, los contratistas pueden &hellip; <a href=\"https:\/\/etnyre.com\/es\/reparacion-del-asfalto\/\" class=\"more-link\">Continue reading <span class=\"screen-reader-text\">Reparaci\u00f3n del asfalto<\/span><\/a><\/p>\n","protected":false},"author":1,"featured_media":6655,"parent":0,"menu_order":0,"comment_status":"closed","ping_status":"closed","template":"","meta":{"_acf_changed":false,"footnotes":""},"class_list":["post-6657","page","type-page","status-publish","has-post-thumbnail","hentry"],"acf":[],"_links":{"self":[{"href":"https:\/\/etnyre.com\/es\/wp-json\/wp\/v2\/pages\/6657","targetHints":{"allow":["GET"]}}],"collection":[{"href":"https:\/\/etnyre.com\/es\/wp-json\/wp\/v2\/pages"}],"about":[{"href":"https:\/\/etnyre.com\/es\/wp-json\/wp\/v2\/types\/page"}],"author":[{"embeddable":true,"href":"https:\/\/etnyre.com\/es\/wp-json\/wp\/v2\/users\/1"}],"replies":[{"embeddable":true,"href":"https:\/\/etnyre.com\/es\/wp-json\/wp\/v2\/comments?post=6657"}],"version-history":[{"count":4,"href":"https:\/\/etnyre.com\/es\/wp-json\/wp\/v2\/pages\/6657\/revisions"}],"predecessor-version":[{"id":7018,"href":"https:\/\/etnyre.com\/es\/wp-json\/wp\/v2\/pages\/6657\/revisions\/7018"}],"wp:featuredmedia":[{"embeddable":true,"href":"https:\/\/etnyre.com\/es\/wp-json\/wp\/v2\/media\/6655"}],"wp:attachment":[{"href":"https:\/\/etnyre.com\/es\/wp-json\/wp\/v2\/media?parent=6657"}],"curies":[{"name":"wp","href":"https:\/\/api.w.org\/{rel}","templated":true}]}}