{"id":6666,"date":"2022-12-12T09:01:30","date_gmt":"2022-12-12T09:01:30","guid":{"rendered":"https:\/\/etnyre.com\/mantenimiento-del-asfalto\/"},"modified":"2023-03-30T11:05:15","modified_gmt":"2023-03-30T11:05:15","slug":"mantenimiento-del-asfalto","status":"publish","type":"page","link":"https:\/\/etnyre.com\/es\/mantenimiento-del-asfalto\/","title":{"rendered":"Mantenimiento del asfalto"},"content":{"rendered":"<h3>Convi\u00e9rtase en el contratista de referencia para el mantenimiento y la reparaci\u00f3n del asfalto<\/h3>\n<p>Para destacar en el sector de la pavimentaci\u00f3n de asfalto, debe ofrecer servicios que superen a sus competidores. Una forma de hacerlo es apoyando sus servicios de pavimentaci\u00f3n de asfalto con el mejor equipo disponible. Afortunadamente, Etnyre le tiene cubierto. Nuestros <a href=\"https:\/\/etnyre.com\/road-maintenance-equipment\/\">equipos<\/a> industriales de <a href=\"https:\/\/etnyre.com\/road-maintenance-equipment\/\">mantenimiento de<\/a> carreteras de primera categor\u00eda han ayudado a contratistas de asfalto de todo EE.UU. a proporcionar un mantenimiento y <a href=\"https:\/\/etnyre.com\/asphalt-repair\/\">reparaci\u00f3n de<\/a> asfalto de calidad superior. Obtenga m\u00e1s informaci\u00f3n sobre nuestra <a href=\"https:\/\/etnyre.com\/asphalt-machines\/\">maquinaria de asfalto<\/a> llamando a Etnyre hoy mismo.<\/p>\n<h3>La necesidad de un mantenimiento eficaz del asfalto<\/h3>\n<p>Aunque la pavimentaci\u00f3n de asfalto es un servicio esencial para los contratistas, es m\u00e1s probable que preste servicios de mantenimiento y reparaci\u00f3n de lotes y calzadas existentes. El mantenimiento del asfalto es m\u00e1s beneficioso para los propietarios de viviendas o las empresas que buscan mantener los costes bajos y, al mismo tiempo, evitar que el asfalto se deteriore.<\/p>\n<ul>\n<li><strong>Prolonga la vida \u00fatil del pavimento<\/strong>\n<ul>\n<li>Aunque el pavimento de asfalto est\u00e1 pensado para durar m\u00e1s de una d\u00e9cada, los elementos externos pueden reducir esa vida \u00fatil a la mitad. Las temperaturas extremas y la tensi\u00f3n que soporta el pavimento pueden agrietarlo y deteriorarlo sin un mantenimiento adecuado. Afortunadamente, no hace falta mucho para evitar el deterioro. Los servicios de reparaci\u00f3n de grietas y sellado de astillas pueden prolongar la vida \u00fatil de su pavimento y evitar la necesidad de sustituirlo por completo.<\/li>\n<\/ul>\n<\/li>\n<li><strong>Carreteras m\u00e1s seguras<\/strong>\n<ul>\n<li>Las superficies de asfalto deterioradas, con grietas y baches, pueden ser peligrosas para conductores y peatones. Especialmente para los conductores, una calzada deteriorada puede da\u00f1ar los bajos del veh\u00edculo y aumentar el riesgo de accidente. Sin embargo, con servicios como el sellado de virutas, la superficie del pavimento puede renovarse con una capa protectora antideslizante y antideslumbrante.<\/li>\n<\/ul>\n<\/li>\n<li><strong>Ahorra dinero<\/strong>\n<ul>\n<li>Tanto para los contratistas de asfalto como para sus clientes, el mantenimiento del asfalto es un servicio incre\u00edblemente rentable. En lugar de dedicar tiempo y mano de obra adicionales a la sustituci\u00f3n del asfalto, la mayor\u00eda de los servicios de reparaci\u00f3n y mantenimiento son sencillos de ejecutar y requieren una cuadrilla m\u00e1s reducida. Y lo que un contratista puede ahorrarse en costes de material y mano de obra, el cliente se lo ahorrar\u00e1 en el coste real del servicio.<\/li>\n<\/ul>\n<\/li>\n<\/ul>\n<h3>\u00bfQu\u00e9 equipo necesita?<\/h3>\n<p>Si carece del equipo adecuado para realizar servicios eficaces de mantenimiento del asfalto, Etnyre puede ayudarle. Desde 1898, Etnyre ha producido equipos de pavimentaci\u00f3n estelares, de alta calidad e incre\u00edblemente duraderos para las industrias del asfalto y la construcci\u00f3n. Ya sea transportando asfalto o reparando carreteras, tenemos el equipo que su empresa necesita para convertirse en un \u00e9xito. Nuestros principales productos de asfalto incluyen:<\/p>\n<ul class=\"col-3\">\n<li><a href=\"https:\/\/etnyre.com\/chip-spreaders\/\">Esparcidores de virutas<\/a><\/li>\n<li><a href=\"https:\/\/etnyre.com\/asphalt-distributors\/\">Distribuidores de asfalto<\/a><\/li>\n<li><a href=\"https:\/\/etnyre.com\/lowboy-trailers\/\">Remolques Lowboy<\/a><\/li>\n<li><a href=\"https:\/\/etnyre.com\/asphalt-transport\/\">Transportes de asfalto<\/a><\/li>\n<li><a href=\"https:\/\/etnyre.com\/live-bottom-trailers\/\">Remolques inferiores vivos<\/a><\/li>\n<li><a href=\"https:\/\/etnyre.com\/crack-sealers\/\">Selladores de grietas<\/a><\/li>\n<li><a href=\"https:\/\/etnyre.com\/flushers-sprinklers\/\">Lavadores \/ aspersores<\/a><\/li>\n<li><a href=\"https:\/\/etnyre.com\/storage-tanks\/\">Tanques de almacenamiento<\/a><\/li>\n<\/ul>\n<div class=\"left-img\"><img loading=\"lazy\" decoding=\"async\" class=\"alignnone\" src=\"https:\/\/etnyre.com\/wp-content\/uploads\/2022\/12\/Asphalt-Maintenance-seo.jpg\" alt=\"Camiones distribuidores de asfalto utilizados para el mantenimiento del asfalto\" width=\"500\" height=\"350\" title=\"\"><\/div>\n<h3>Hable con nuestro equipo<\/h3>\n<p>Etnyre se esfuerza por ofrecer la mejor maquinaria de asfalto para contratistas de asfalto aspirantes y bien establecidos en todo Estados Unidos. Si su empresa necesita el equipo adecuado para el mantenimiento y la reparaci\u00f3n del asfalto, hable hoy mismo con el equipo de Etnyre. Obtenga m\u00e1s informaci\u00f3n sobre nuestros equipos de mantenimiento de carreteras llamando al <a href=\"tel:8157322166\">815-732-2166<\/a>. Estamos ubicados en 1333 Daysville Rd, Oregon, IL 61061. Etnyre tiene su sede en Illinois y atiende a clientes de todo Estados Unidos.<\/p>\n","protected":false},"excerpt":{"rendered":"<p>Convi\u00e9rtase en el contratista de referencia para el mantenimiento y la reparaci\u00f3n del asfalto Para destacar en el sector de la pavimentaci\u00f3n de asfalto, debe ofrecer servicios que superen a sus competidores. Una forma de hacerlo es apoyando sus servicios de pavimentaci\u00f3n de asfalto con el mejor equipo disponible. Afortunadamente, Etnyre le tiene cubierto. Nuestros &hellip; <a href=\"https:\/\/etnyre.com\/es\/mantenimiento-del-asfalto\/\" class=\"more-link\">Continue reading <span class=\"screen-reader-text\">Mantenimiento del asfalto<\/span><\/a><\/p>\n","protected":false},"author":1,"featured_media":6664,"parent":0,"menu_order":0,"comment_status":"closed","ping_status":"closed","template":"","meta":{"_acf_changed":false,"footnotes":""},"class_list":["post-6666","page","type-page","status-publish","has-post-thumbnail","hentry"],"acf":[],"_links":{"self":[{"href":"https:\/\/etnyre.com\/es\/wp-json\/wp\/v2\/pages\/6666","targetHints":{"allow":["GET"]}}],"collection":[{"href":"https:\/\/etnyre.com\/es\/wp-json\/wp\/v2\/pages"}],"about":[{"href":"https:\/\/etnyre.com\/es\/wp-json\/wp\/v2\/types\/page"}],"author":[{"embeddable":true,"href":"https:\/\/etnyre.com\/es\/wp-json\/wp\/v2\/users\/1"}],"replies":[{"embeddable":true,"href":"https:\/\/etnyre.com\/es\/wp-json\/wp\/v2\/comments?post=6666"}],"version-history":[{"count":2,"href":"https:\/\/etnyre.com\/es\/wp-json\/wp\/v2\/pages\/6666\/revisions"}],"predecessor-version":[{"id":7019,"href":"https:\/\/etnyre.com\/es\/wp-json\/wp\/v2\/pages\/6666\/revisions\/7019"}],"wp:featuredmedia":[{"embeddable":true,"href":"https:\/\/etnyre.com\/es\/wp-json\/wp\/v2\/media\/6664"}],"wp:attachment":[{"href":"https:\/\/etnyre.com\/es\/wp-json\/wp\/v2\/media?parent=6666"}],"curies":[{"name":"wp","href":"https:\/\/api.w.org\/{rel}","templated":true}]}}