{"id":6713,"date":"2023-01-05T08:32:20","date_gmt":"2023-01-05T08:32:20","guid":{"rendered":"https:\/\/etnyre.com\/especificaciones-de-la-licitacion-municipal\/remolques-inferiores-vivos\/"},"modified":"2025-05-28T06:10:36","modified_gmt":"2025-05-28T06:10:36","slug":"remolques-inferiores-vivos","status":"publish","type":"page","link":"https:\/\/etnyre.com\/es\/remolques-inferiores-vivos\/","title":{"rendered":"Remolques inferiores vivos"},"content":{"rendered":"<h3>Olv\u00eddese de los volquetes e invierta en los remolques de fondo m\u00f3vil de Etnyre.<\/h3>\n<p>\u00bfBusca una forma mejor de transportar mezclas bituminosas en caliente, grava, tierra, arena y otras materias primas? \u00bfPor qu\u00e9 no considerar los remolques de fondo vivo Falcon\u00ae de Etnyre? Aunque los contratistas de todo el pa\u00eds han confiado en los camiones volquete para el transporte de materias primas durante a\u00f1os, los remolques de fondo vivo han crecido en popularidad. Y con todas las <a href=\"https:\/\/etnyre.com\/es\/remolques-de-fondo-vivo-frente-a-volquetes\/\">ventajas que tienen los fondos vivos sobre los volquetes<\/a>, no es dif\u00edcil ver por qu\u00e9.<\/p>\n<h3>\u00bfPor qu\u00e9 elegir fondos vivos?<\/h3>\n<p>Los contratistas de asfalto, mantenimiento de carreteras y construcci\u00f3n necesitan equipos para transportar, cargar y descargar materias primas. Durante a\u00f1os, los camiones volquete (remolques volquete extremos) fueron los \u00fanicos equipos que pod\u00edan satisfacer las necesidades de los contratistas. Ahora, con la introducci\u00f3n de los remolques de fondo vivo, <a href=\"https:\/\/etnyre.com\/es\/remolques-de-fondo-vivo-frente-a-volquetes\/\">los remolques basculantes finales no se pueden comparar<\/a>. Los remolques de fondo vivo ofrecen ventajas como:<\/p>\n<ul>\n<li><strong>Estabilidad mejorada<\/strong>\n<ul>\n<li>Los volquetes tienen un centro de gravedad alto, lo que aumenta el riesgo de vuelco durante la descarga. En cambio, los fondos vivos tienen un centro de gravedad bajo, lo que facilita la descarga y reduce el riesgo de vuelco.<\/li>\n<\/ul>\n<\/li>\n<li><strong>M\u00e1s precisi\u00f3n<\/strong>\n<ul>\n<li>Con un cami\u00f3n volquete, la descarga precisa es m\u00e1s dif\u00edcil, ya que la gravedad hace la mayor parte del trabajo. Por el contrario, los fondos vivos disponen de un sistema de cinta transportadora que permite descargar las materias primas en una o varias cargas medidas.<\/li>\n<\/ul>\n<\/li>\n<li><strong>Descarga limpia<\/strong>\n<ul>\n<li>Los remolques basculantes en su descarga pueden dejar tras de s\u00ed porciones significativas de materias primas, lo que obliga a los operarios a limpiar a fondo las plataformas de los camiones entre los distintos tipos de carga. Los fondos vivos se diferencian en que se descargan limpios, lo que significa menos trabajo para los contratistas entre un trabajo y otro.<\/li>\n<\/ul>\n<\/li>\n<\/ul>\n<h3>Remolques Falcon\u00ae de fondo vivo<\/h3>\n<p>Etnyre est\u00e1 revolucionando el transporte de materias primas con nuestra nueva generaci\u00f3n de remolques Falcon\u00ae Live Bottom. Nuestros fondos vivos son unas de las unidades m\u00e1s r\u00e1pidas y duraderas del sector. Cada remolque incorpora nuestro fiable sistema de cinta transportadora con velocidades \u00f3ptimas de carga y descarga, que descarga los materiales por la parte trasera sin necesidad de levantar la carrocer\u00eda para volcarlos. Algunas de las mejores caracter\u00edsticas de los remolques Falcon\u00ae Live Bottom son:<\/p>\n<ul>\n<li>El sistema de transporte patentado y fiable minimiza el mantenimiento y el tiempo de inactividad para ahorrar dinero<\/li>\n<li>La cinta de 106 cm (42 pulgadas) de ancho elimina los listones y minimiza los puentes de material<\/li>\n<li>Entre los m\u00e1s ligeros del sector para un consumo m\u00ednimo de combustible y una mayor carga \u00fatil<\/li>\n<li>Variedad de puertas traseras, incluidas las dobles, de hormig\u00f3n, de gran elevaci\u00f3n y abatibles de gran elevaci\u00f3n, para proporcionar una descarga eficaz para cualquier material y aplicaci\u00f3n<\/li>\n<li>Las paredes laterales empinadas evitan la formaci\u00f3n de puentes y descargan f\u00e1cilmente una amplia gama de materiales, como mezclas bituminosas en caliente, \u00e1ridos peque\u00f1os y grandes, arena, grava, materiales de reciclaje y hormig\u00f3n de bajo asentamiento<\/li>\n<li>Media revoluci\u00f3n de la cinta descarga el material de forma r\u00e1pida y eficaz<\/li>\n<\/ul>\n<div class=\"about_right\"><iframe loading=\"lazy\" src=\"https:\/\/player.vimeo.com\/video\/743522173?autoplay=1\" width=\"500\" height=\"350\" frameborder=\"0\" allowfullscreen=\"allowfullscreen\"><\/iframe><\/div>\n<h3>Hable con un comercial de Etnyre<\/h3>\n<p>Si est\u00e1 buscando una mejor inversi\u00f3n en el transporte de materias primas para su empresa, \u00a1vea lo que pueden ofrecerle los remolques Falcon\u00ae Live Bottom de Etnyre! Para saber m\u00e1s sobre nuestros remolques de fondo vivo o hablar con un representante de ventas, ponte en contacto con nosotros en el <a href=\"tel:8157322116\">815-732-2116<\/a>. O rellene nuestro formulario en l\u00ednea y en breve nos pondremos en contacto con usted.<\/p>\n","protected":false},"excerpt":{"rendered":"<p>Olv\u00eddese de los volquetes e invierta en los remolques de fondo m\u00f3vil de Etnyre. \u00bfBusca una forma mejor de transportar mezclas bituminosas en caliente, grava, tierra, arena y otras materias primas? \u00bfPor qu\u00e9 no considerar los remolques de fondo vivo Falcon\u00ae de Etnyre? Aunque los contratistas de todo el pa\u00eds han confiado en los camiones &hellip; <a href=\"https:\/\/etnyre.com\/es\/remolques-inferiores-vivos\/\" class=\"more-link\">Continue reading <span class=\"screen-reader-text\">Remolques inferiores vivos<\/span><\/a><\/p>\n","protected":false},"author":1,"featured_media":1642,"parent":0,"menu_order":0,"comment_status":"closed","ping_status":"closed","template":"template\/sale-bottom-page.php","meta":{"_acf_changed":false,"footnotes":""},"class_list":["post-6713","page","type-page","status-publish","has-post-thumbnail","hentry"],"acf":[],"_links":{"self":[{"href":"https:\/\/etnyre.com\/es\/wp-json\/wp\/v2\/pages\/6713","targetHints":{"allow":["GET"]}}],"collection":[{"href":"https:\/\/etnyre.com\/es\/wp-json\/wp\/v2\/pages"}],"about":[{"href":"https:\/\/etnyre.com\/es\/wp-json\/wp\/v2\/types\/page"}],"author":[{"embeddable":true,"href":"https:\/\/etnyre.com\/es\/wp-json\/wp\/v2\/users\/1"}],"replies":[{"embeddable":true,"href":"https:\/\/etnyre.com\/es\/wp-json\/wp\/v2\/comments?post=6713"}],"version-history":[{"count":10,"href":"https:\/\/etnyre.com\/es\/wp-json\/wp\/v2\/pages\/6713\/revisions"}],"predecessor-version":[{"id":14241,"href":"https:\/\/etnyre.com\/es\/wp-json\/wp\/v2\/pages\/6713\/revisions\/14241"}],"wp:featuredmedia":[{"embeddable":true,"href":"https:\/\/etnyre.com\/es\/wp-json\/wp\/v2\/media\/1642"}],"wp:attachment":[{"href":"https:\/\/etnyre.com\/es\/wp-json\/wp\/v2\/media?parent=6713"}],"curies":[{"name":"wp","href":"https:\/\/api.w.org\/{rel}","templated":true}]}}