{"id":6744,"date":"2023-01-17T07:05:16","date_gmt":"2023-01-17T07:05:16","guid":{"rendered":"https:\/\/etnyre.com\/reasfaltado\/"},"modified":"2023-03-30T11:05:18","modified_gmt":"2023-03-30T11:05:18","slug":"reasfaltado","status":"publish","type":"page","link":"https:\/\/etnyre.com\/es\/reasfaltado\/","title":{"rendered":"Reasfaltado"},"content":{"rendered":"<h3>Consiga un reasfaltado de alta calidad con los equipos Etnyre<\/h3>\n<p>No importa el cuidado y mantenimiento que pongamos en nuestras superficies de asfalto y pavimento, el tiempo y otras condiciones pasar\u00e1n factura a su asfalto. Sin embargo, en lugar de sustituir directamente el asfalto, los contratistas ofrecen servicios de reasfaltado. Como contratista de asfalto, contar con el <a href=\"https:\/\/etnyre.com\/road-maintenance-equipment\/\">equipo adecuado<\/a> para el reasfaltado es esencial para satisfacer las necesidades de sus clientes. Hable con Etnyre hoy mismo para ver c\u00f3mo podemos ayudarle.<\/p>\n<h3>\u00bfPor qu\u00e9 ofrecer servicios de reasfaltado?<\/h3>\n<p>La repavimentaci\u00f3n del asfalto es una excelente opci\u00f3n de tratamiento del pavimento y un servicio f\u00e1cil de gestionar para los contratistas con el equipo adecuado. Por suerte, Etnyre le tiene cubierto. Los contratistas de asfalto y sus clientes prefieren el reasfaltado sobre otros tratamientos del pavimento debido a:<\/p>\n<ul>\n<li><strong>Mayor longevidad<\/strong>\n<ul>\n<li>Reasfaltar el pavimento es una de las mejores maneras de restaurar la vida de su asfalto. Cuando la superficie de una carretera empieza a agrietarse y desvanecerse, los m\u00e9todos de repavimentaci\u00f3n como el <a href=\"https:\/\/etnyre.com\/chip-seal-paving\/\">sellado de virutas<\/a> pueden rellenar las grietas y volver a unir el asfalto, renovando la resistencia y durabilidad de su pavimento. A su vez, esta restauraci\u00f3n de su calzada prolongar\u00e1 su vida \u00fatil, eliminando la necesidad de costosas reparaciones o sustituciones.<\/li>\n<\/ul>\n<\/li>\n<li><strong>Mayor seguridad<\/strong>\n<ul>\n<li>Cuando una calzada de asfalto se deteriora, puede volverse insegura para los conductores. El tr\u00e1fico puede levantar el pavimento y da\u00f1ar los bajos del veh\u00edculo. Adem\u00e1s, en determinadas condiciones meteorol\u00f3gicas, el deterioro de las carreteras aumenta el riesgo de deslizamiento y derrape de los veh\u00edculos. El reasfaltado de la superficie de una carretera mediante el sellado de virutas puede corregir las irregularidades del pavimento y proporcionar resistencia al deslizamiento y protecci\u00f3n antideslumbrante para el asfalto.<\/li>\n<\/ul>\n<\/li>\n<li><strong>Mayor atractivo<\/strong>\n<ul>\n<li>Aunque el aspecto de sus lotes de asfalto y calzadas no sea la principal de sus preocupaciones, puede afectar a los lugare\u00f1os y a las empresas m\u00e1s de lo que espera. El asfalto descolorido y deteriorado tiene un aspecto poco profesional y puede ahuyentar a los clientes potenciales que buscan establecimientos de confianza. Como tal, la repavimentaci\u00f3n restaura la calidad y el color de su pavimento, aumentando as\u00ed el atractivo de una propiedad.<\/li>\n<\/ul>\n<\/li>\n<\/ul>\n<h3>El mejor equipo para el reasfaltado<\/h3>\n<p>Para poder ofrecer a sus clientes servicios de recapado de asfalto r\u00e1pidos y de calidad, necesita los mejores equipos del sector. Afortunadamente, Etnyre tiene precisamente lo que necesita. Seleccione entre nuestros <a href=\"https:\/\/etnyre.com\/chip-spreaders\/\">esparcidores de gravilla<\/a>, <a href=\"https:\/\/etnyre.com\/best-asphalt-distributors\/\">distribuidores de asfalto<\/a> y otra <a href=\"https:\/\/etnyre.com\/asphalt-machines\/\">maquinaria<\/a> industrial <a href=\"https:\/\/etnyre.com\/asphalt-machines\/\">para asfalto<\/a>.<\/p>\n<ul>\n<li><strong>Esparcidores de gravilla<\/strong> &#8211; Etnyre establece el est\u00e1ndar para el equipo de sellado de gravilla m\u00e1s eficiente de la industria de pavimentaci\u00f3n de asfalto. Nuestras <a href=\"https:\/\/etnyre.com\/chipspreaders\/\">esparcidoras de gravilla<\/a> son m\u00e1quinas altamente personalizables capaces de aplicar grandes cantidades de gravilla a cualquier superficie de asfalto.<\/li>\n<li>Distribuidores de <strong>asfalto<\/strong> &#8211; La aplicaci\u00f3n de asfalto l\u00edquido caliente a las superficies de las carreteras se facilita con los <a href=\"https:\/\/etnyre.com\/asphalt-distributor-truck\/\">camiones distribuidores de asfalto<\/a> de Etnyre. Nuestros distribuidores pueden contener entre 1.000 y 4.500 galones de asfalto y son perfectos para sellado, sellado de virutas, pulverizaci\u00f3n de emulsiones y mucho m\u00e1s.<\/li>\n<li><strong>Remolques y transportes<\/strong> &#8211; El transporte de grandes vol\u00famenes de asfalto y materias primas es importante para los grandes trabajos de pavimentaci\u00f3n o repavimentaci\u00f3n. Como tal, Etnyre puede apoyar su negocio con camiones y remolques de gran capacidad. Ofrecemos remolques <a href=\"https:\/\/etnyre.com\/lowboy-trailers\/\">de plataforma baja<\/a> para el transporte de equipos, <a href=\"https:\/\/etnyre.com\/asphalt-transport\/\">transportes de as<\/a> falto para el transporte de asfalto y <a href=\"https:\/\/etnyre.com\/live-bottom-trailers\/\">remolques de fondo m\u00f3vil<\/a> para el transporte de materias primas.<\/li>\n<\/ul>\n<div class=\"left-img\"><img loading=\"lazy\" decoding=\"async\" class=\"alignnone\" src=\"https:\/\/etnyre.com\/wp-content\/uploads\/2023\/01\/Asphalt-Resurfacing-2.jpg\" alt=\"Un ChipSpreader de Etnyre utilizado en la repavimentaci\u00f3n asf\u00e1ltica\" width=\"500\" height=\"350\" title=\"\"><\/div>\n<h3>Llame hoy mismo<\/h3>\n<p>Para ofrecer servicios de reasfaltado r\u00e1pidos, eficaces y de alta calidad, aseg\u00farese de que su empresa cuenta con el mejor equipo para el trabajo. Llame hoy mismo a los expertos en maquinaria de asfalto de Etnyre. Puede ponerse en contacto con nosotros en <a href=\"tel:8157322116\">el 815-732-2116<\/a> para solicitar un presupuesto. Adem\u00e1s, estamos ubicados en 1333 Daysville Rd, Oregon, IL 61061. Etnyre tiene su sede en Illinois y atiende a clientes de todo Estados Unidos.<\/p>\n","protected":false},"excerpt":{"rendered":"<p>Consiga un reasfaltado de alta calidad con los equipos Etnyre No importa el cuidado y mantenimiento que pongamos en nuestras superficies de asfalto y pavimento, el tiempo y otras condiciones pasar\u00e1n factura a su asfalto. Sin embargo, en lugar de sustituir directamente el asfalto, los contratistas ofrecen servicios de reasfaltado. Como contratista de asfalto, contar &hellip; <a href=\"https:\/\/etnyre.com\/es\/reasfaltado\/\" class=\"more-link\">Continue reading <span class=\"screen-reader-text\">Reasfaltado<\/span><\/a><\/p>\n","protected":false},"author":1,"featured_media":6740,"parent":0,"menu_order":0,"comment_status":"closed","ping_status":"closed","template":"","meta":{"_acf_changed":false,"footnotes":""},"class_list":["post-6744","page","type-page","status-publish","has-post-thumbnail","hentry"],"acf":[],"_links":{"self":[{"href":"https:\/\/etnyre.com\/es\/wp-json\/wp\/v2\/pages\/6744","targetHints":{"allow":["GET"]}}],"collection":[{"href":"https:\/\/etnyre.com\/es\/wp-json\/wp\/v2\/pages"}],"about":[{"href":"https:\/\/etnyre.com\/es\/wp-json\/wp\/v2\/types\/page"}],"author":[{"embeddable":true,"href":"https:\/\/etnyre.com\/es\/wp-json\/wp\/v2\/users\/1"}],"replies":[{"embeddable":true,"href":"https:\/\/etnyre.com\/es\/wp-json\/wp\/v2\/comments?post=6744"}],"version-history":[{"count":3,"href":"https:\/\/etnyre.com\/es\/wp-json\/wp\/v2\/pages\/6744\/revisions"}],"predecessor-version":[{"id":7020,"href":"https:\/\/etnyre.com\/es\/wp-json\/wp\/v2\/pages\/6744\/revisions\/7020"}],"wp:featuredmedia":[{"embeddable":true,"href":"https:\/\/etnyre.com\/es\/wp-json\/wp\/v2\/media\/6740"}],"wp:attachment":[{"href":"https:\/\/etnyre.com\/es\/wp-json\/wp\/v2\/media?parent=6744"}],"curies":[{"name":"wp","href":"https:\/\/api.w.org\/{rel}","templated":true}]}}