{"id":6752,"date":"2023-01-17T07:08:20","date_gmt":"2023-01-17T07:08:20","guid":{"rendered":"https:\/\/etnyre.com\/sellado-de-grietas-en-el-asfalto\/"},"modified":"2025-07-16T09:23:46","modified_gmt":"2025-07-16T09:23:46","slug":"sellado-de-grietas-en-el-asfalto","status":"publish","type":"page","link":"https:\/\/etnyre.com\/es\/sellado-de-grietas-en-el-asfalto\/","title":{"rendered":"Sellado de grietas en el asfalto"},"content":{"rendered":"<h3>Garantiza un correcto sellado de grietas en el asfalto con los equipos Etnyre<\/h3>\n<p>Mantener las carreteras, los solares y las calzadas de asfalto en excelentes condiciones requiere una reparaci\u00f3n, un mantenimiento y una protecci\u00f3n constantes por parte de los contratistas de asfalto. De lo contrario, puedes esperar que tu asfalto se estropee r\u00e1pidamente sin los cuidados adecuados. Sin embargo, los servicios de tratamiento del asfalto, como el sellado de grietas, s\u00f3lo son posibles con el equipo adecuado. Si eres un contratista o un equipo de mantenimiento de carreteras que quiere ofrecer servicios ampliados de cuidado del asfalto a sus clientes, invierte en los <a href=\"https:\/\/etnyre.com\/es\/maquinas-de-asfalto\/\">equipos industriales de asfalto<\/a> de Etnyre.   <\/p>\n<h3>Ventajas del sellado de grietas<\/h3>\n<p>Aunque el sellado de grietas puede parecer un servicio menor, es uno que tus clientes siempre necesitar\u00e1n. El sellado y <a href=\"https:\/\/etnyre.com\/es\/reparacion-de-grietas-en-el-asfalto\/\">reparaci\u00f3n de<\/a> grietas puede ofrecerse antes de que sean necesarias reparaciones m\u00e1s caras. Adem\u00e1s, la reparaci\u00f3n de grietas puede renovar la resistencia y durabilidad del asfalto. He aqu\u00ed algunas razones adicionales por las que deber\u00edas ofrecer el sellado de grietas como servicio principal:   <\/p>\n<ul>\n<li><strong>Simplicidad<\/strong>\n<ul>\n<li>En definitiva, el sellado de grietas no requiere mucho trabajo. Puedes aplicar r\u00e1pida y f\u00e1cilmente la reparaci\u00f3n de grietas a cualquier superficie de asfalto con un cami\u00f3n, un remolque sellador de grietas Etnyre y uno o dos operarios. El sellado de grietas s\u00f3lo tarda unas horas en completarse, y se puede circular por la calzada poco despu\u00e9s de terminar el proceso de reparaci\u00f3n.  <\/li>\n<\/ul>\n<\/li>\n<li><strong>Ahorro de costes<\/strong>\n<ul>\n<li>Entre la mano de obra, los materiales y el equipo, la mayor parte de los costes del sellado de grietas se destinan a la compra y el mantenimiento del remolque. Sin embargo, la inversi\u00f3n en un remolque con sellado de grietas se amortiza r\u00e1pidamente, ya que <a href=\"https:\/\/etnyre.com\/es\/reparacion-de-grietas\/\">la reparaci\u00f3n de grietas<\/a> es incre\u00edblemente rentable. El sellado de grietas requiere una mano de obra y unos materiales m\u00ednimos, lo que significa que los contratistas pueden obtener importantes beneficios y los clientes reciben un servicio asequible.  <\/li>\n<\/ul>\n<\/li>\n<li><strong>Aplicable a los Servicios Adicionales de Asfaltado<\/strong>\n<ul>\n<li>El sellado de grietas puede ofrecerse solo o junto con otras opciones de tratamiento del pavimento de asfalto. Por ejemplo, <a href=\"https:\/\/etnyre.com\/es\/asfaltado\/\">el sellado de grietas<\/a> y la <a href=\"https:\/\/etnyre.com\/es\/reasfaltado\/\">repavimentaci\u00f3n<\/a> del pavimento son m\u00e1s eficaces tras reparar previamente las peores grietas del asfalto. En general, el sellado de grietas y otros servicios de pavimentaci\u00f3n preservan el pavimento, aumentando su resistencia, durabilidad y longevidad.  <\/li>\n<\/ul>\n<\/li>\n<\/ul>\n<h3>Selladores de grietas Etnyre<\/h3>\n<p>La l\u00ednea de remolques de sellado de grietas de Etnyre es una de las mejores de la industria del asfalto. Gracias a los r\u00e1pidos sistemas de calefacci\u00f3n y circulaci\u00f3n de nuestros remolques, los contratistas pueden ofrecer reparaciones r\u00e1pidas y plazos de entrega cortos para todos los servicios de reparaci\u00f3n de grietas, lo que se traduce en una mayor producci\u00f3n y menores costes. Las mejores caracter\u00edsticas <a href=\"https:\/\/etnyre.com\/es\/selladores-de-grietas\/\">de nuestro sellador de grietas<\/a> incluyen:<\/p>\n<ul class=\"col-2\">\n<li>Controles vers\u00e1tiles que permiten el funcionamiento autom\u00e1tico o manual<\/li>\n<li>Dos puertas de carga selladas para facilitar el acceso<\/li>\n<li>Quemador cerrado de gasoil de alta presi\u00f3n con encendido autom\u00e1tico<\/li>\n<li>Sistema de calefacci\u00f3n de aceite caliente de circuito cerrado y caudal controlado<\/li>\n<li>Sistema ecol\u00f3gico sin descarga<\/li>\n<li>Capacidad del dep\u00f3sito de sellante de 250 \u00f3 400 galones<\/li>\n<\/ul>\n<div class=\"left-img\"><img loading=\"lazy\" decoding=\"async\" class=\"alignnone\" src=\"https:\/\/etnyre.com\/wp-content\/uploads\/2023\/01\/Asphalt-Crack-Sealing-2.jpg\" alt=\"Un sellador de grietas etnyre utilizado para el Sellado de Grietas en el Asfalto\" width=\"500\" height=\"350\" title=\"\"><\/div>\n<h3>Contacta con nosotros<\/h3>\n<p>Por muy crucial que sea el mantenimiento del asfalto, aseg\u00farate de que tu empresa dispone del mejor equipo para un servicio r\u00e1pido y eficaz de sellado de grietas en el asfalto. Si te interesan los remolques de sellado de grietas de Etnyre u otros productos de pavimentaci\u00f3n asf\u00e1ltica, ponte en contacto con nosotros en el <a href=\"tel:8157322116\">815-732-2116<\/a> para solicitar un presupuesto. Adem\u00e1s, estamos en 1333 Daysville Rd, Oregon, IL 61061. Etnyre tiene su sede en Illinois y atiende a clientes de todo Estados Unidos.   <\/p>\n","protected":false},"excerpt":{"rendered":"<p>Garantiza un correcto sellado de grietas en el asfalto con los equipos Etnyre Mantener las carreteras, los solares y las calzadas de asfalto en excelentes condiciones requiere una reparaci\u00f3n, un mantenimiento y una protecci\u00f3n constantes por parte de los contratistas de asfalto. De lo contrario, puedes esperar que tu asfalto se estropee r\u00e1pidamente sin los &hellip; <a href=\"https:\/\/etnyre.com\/es\/sellado-de-grietas-en-el-asfalto\/\" class=\"more-link\">Continue reading <span class=\"screen-reader-text\">Sellado de grietas en el asfalto<\/span><\/a><\/p>\n","protected":false},"author":1,"featured_media":6750,"parent":0,"menu_order":0,"comment_status":"closed","ping_status":"closed","template":"","meta":{"_acf_changed":false,"footnotes":""},"class_list":["post-6752","page","type-page","status-publish","has-post-thumbnail","hentry"],"acf":[],"_links":{"self":[{"href":"https:\/\/etnyre.com\/es\/wp-json\/wp\/v2\/pages\/6752","targetHints":{"allow":["GET"]}}],"collection":[{"href":"https:\/\/etnyre.com\/es\/wp-json\/wp\/v2\/pages"}],"about":[{"href":"https:\/\/etnyre.com\/es\/wp-json\/wp\/v2\/types\/page"}],"author":[{"embeddable":true,"href":"https:\/\/etnyre.com\/es\/wp-json\/wp\/v2\/users\/1"}],"replies":[{"embeddable":true,"href":"https:\/\/etnyre.com\/es\/wp-json\/wp\/v2\/comments?post=6752"}],"version-history":[{"count":6,"href":"https:\/\/etnyre.com\/es\/wp-json\/wp\/v2\/pages\/6752\/revisions"}],"predecessor-version":[{"id":14431,"href":"https:\/\/etnyre.com\/es\/wp-json\/wp\/v2\/pages\/6752\/revisions\/14431"}],"wp:featuredmedia":[{"embeddable":true,"href":"https:\/\/etnyre.com\/es\/wp-json\/wp\/v2\/media\/6750"}],"wp:attachment":[{"href":"https:\/\/etnyre.com\/es\/wp-json\/wp\/v2\/media?parent=6752"}],"curies":[{"name":"wp","href":"https:\/\/api.w.org\/{rel}","templated":true}]}}