{"id":6762,"date":"2023-01-17T07:12:51","date_gmt":"2023-01-17T07:12:51","guid":{"rendered":"https:\/\/etnyre.com\/maquinas-de-asfalto-2\/"},"modified":"2023-03-30T11:05:20","modified_gmt":"2023-03-30T11:05:20","slug":"maquinas-de-asfalto-2","status":"publish","type":"page","link":"https:\/\/etnyre.com\/es\/maquinas-de-asfalto-2\/","title":{"rendered":"Equipos de asfalto"},"content":{"rendered":"<h3>Maximice la productividad de su empresa con los mejores equipos de asfalto<\/h3>\n<p>Como demuestran las docenas de proyectos de carreteras que se ven cada primavera y verano, \u00a1los contratistas de asfalto se mantienen ocupados! Sin embargo, los proyectos no pueden alargarse eternamente; disponer del equipo adecuado garantiza la finalizaci\u00f3n r\u00e1pida y precisa de cada trabajo de pavimentaci\u00f3n. Con los equipos de asfalto suministrados por Etnyre, su negocio estar\u00e1 a la altura de las demandas de los clientes y proporcionar\u00e1 servicios de pavimentaci\u00f3n de alta calidad inigualables por sus competidores. Llame hoy a Etnyre para saber m\u00e1s.<\/p>\n<h3>Equipos de reparaci\u00f3n, repavimentaci\u00f3n y transporte<\/h3>\n<p>Si desea ampliar sus servicios de asfalto o est\u00e1 buscando nuevas m\u00e1quinas y equipos para a\u00f1adir a su flota, Etnyre lo tiene cubierto. Nuestra selecci\u00f3n de <a href=\"https:\/\/etnyre.com\/asphalt-machines\/\">m\u00e1quinas asfaltadoras<\/a> de primera categor\u00eda satisface y supera las necesidades de los contratistas de asfalto en cuanto a <a href=\"https:\/\/etnyre.com\/asphalt-repair\/\">reparaci\u00f3n<\/a>, <a href=\"https:\/\/etnyre.com\/asphalt-resurfacing\/\">repavimentaci\u00f3n<\/a> y transporte de <a href=\"https:\/\/etnyre.com\/asphalt-repair\/\">asfalto<\/a>.<\/p>\n<ul>\n<li><strong>Repare<\/strong>\n<ul>\n<li>Al reparar lotes de asfalto y calzadas, los contratistas necesitan equipos precisos para ofrecer servicios de reparaci\u00f3n lo m\u00e1s eficientes posible. Por esta raz\u00f3n, los equipos de mantenimiento de carreteras conf\u00edan en <a href=\"https:\/\/etnyre.com\/crack-sealers\/\">los selladores de grietas<\/a> de Etnyre. Nuestros remolques de sellado de grietas son r\u00e1pidos de arrancar y calentar, con una capacidad de dep\u00f3sito que permite realizar proyectos de cualquier tama\u00f1o. Con nuestros selladores de grietas, puede hacer que las carreteras sean m\u00e1s seguras, prolongar la vida \u00fatil del pavimento y mantener los costes bajos para usted y sus clientes.<\/li>\n<\/ul>\n<\/li>\n<li><strong>Repavimentaci\u00f3n<\/strong>\n<ul>\n<li>La restauraci\u00f3n y repavimentaci\u00f3n del pavimento puede realizarse mediante procedimientos de pavimentaci\u00f3n \u00fanicos que s\u00f3lo son posibles con la maquinaria adecuada. Por ello, Etnyre puede suministrar a su empresa dichos equipos. Nuestros <a href=\"https:\/\/etnyre.com\/chipspreaders\/\">esparcidores de<\/a> <a href=\"https:\/\/etnyre.com\/chip-seal-paving\/\">gravilla<\/a> y <a href=\"https:\/\/etnyre.com\/asphalt-distributors\/\">distribuidores de asfalto<\/a> permiten a los contratistas ofrecer servicios de <a href=\"https:\/\/etnyre.com\/chip-seal-paving\/\">sellado de gravilla<\/a>, \u00a1uno de los mejores m\u00e9todos para repavimentar el asfalto! Nuestros ChipSpreaders tienen un alto rendimiento, y nuestros distribuidores de asfalto pueden transportar entre 1.000 y 4.500 galones de asfalto l\u00edquido.<\/li>\n<\/ul>\n<\/li>\n<li><strong>Transporte<\/strong>\n<ul>\n<li>Transportar equipos y materiales a cada obra significa disponer de los remolques adecuados. Afortunadamente, los remolques de asfalto de Etnyre son todo lo que necesita para un transporte r\u00e1pido y sencillo. Nuestros remolques <a href=\"https:\/\/etnyre.com\/lowboy-trailers\/\">bajos<\/a> permiten a los contratistas transportar sus equipos m\u00e1s grandes a cualquier lugar de trabajo, y nuestros <a href=\"https:\/\/etnyre.com\/best-live-bottom-trailers\/\">remolques de fondo<\/a> vivo permiten transportar \u00e1ridos asf\u00e1lticos y materias primas. Por \u00faltimo, nuestros <a href=\"https:\/\/etnyre.com\/asphalt-transport\/\">transportes de asfalto<\/a> son perfectos para transportar asfalto caliente largas distancias.<\/li>\n<\/ul>\n<\/li>\n<\/ul>\n<h3>La ventaja Etnyre<\/h3>\n<p>ED Etnyre &amp; Co. ha fabricado con orgullo una amplia gama de equipos para atender las necesidades de los contratistas de asfalto y los equipos de mantenimiento de carreteras en todo el pa\u00eds. Desde 1898, Etnyre ha establecido continuamente el est\u00e1ndar de rendimiento y fiabilidad en nuestros productos. Fabricamos nuestros equipos de asfalto utilizando componentes de alta calidad y las \u00faltimas ventajas tecnol\u00f3gicas, lo que confiere a nuestros equipos una ventaja sobre todo lo que pueden ofrecer nuestros competidores.<\/p>\n<div class=\"left-img\"><img loading=\"lazy\" decoding=\"async\" class=\"alignnone\" src=\"https:\/\/etnyre.com\/wp-content\/uploads\/2023\/01\/Asphalt-Machines-2.jpg\" alt=\"Un Etnyre ChipSpreader, uno de los principales equipos de asfalto de Etnyre.\" width=\"500\" height=\"350\" title=\"\"><\/div>\n<h3>Llame hoy mismo<\/h3>\n<p>Cuando est\u00e9 listo para invertir en el equipo de asfalto de su empresa, llame hoy mismo a los expertos en asfalto de Etnyre. Para obtener m\u00e1s informaci\u00f3n sobre nuestros productos o recibir un presupuesto, p\u00f3ngase en contacto con nosotros hoy mismo en <a href=\"tel:8157322116\">el 815-732-2116<\/a>. Adem\u00e1s, estamos ubicados en 1333 Daysville Rd, Oregon, IL 61061. Etnyre tiene su sede en Illinois y atiende a clientes de todo Estados Unidos.<\/p>\n","protected":false},"excerpt":{"rendered":"<p>Maximice la productividad de su empresa con los mejores equipos de asfalto Como demuestran las docenas de proyectos de carreteras que se ven cada primavera y verano, \u00a1los contratistas de asfalto se mantienen ocupados! Sin embargo, los proyectos no pueden alargarse eternamente; disponer del equipo adecuado garantiza la finalizaci\u00f3n r\u00e1pida y precisa de cada trabajo &hellip; <a href=\"https:\/\/etnyre.com\/es\/maquinas-de-asfalto-2\/\" class=\"more-link\">Continue reading <span class=\"screen-reader-text\">Equipos de asfalto<\/span><\/a><\/p>\n","protected":false},"author":1,"featured_media":6760,"parent":0,"menu_order":0,"comment_status":"closed","ping_status":"closed","template":"","meta":{"_acf_changed":false,"footnotes":""},"class_list":["post-6762","page","type-page","status-publish","has-post-thumbnail","hentry"],"acf":[],"_links":{"self":[{"href":"https:\/\/etnyre.com\/es\/wp-json\/wp\/v2\/pages\/6762","targetHints":{"allow":["GET"]}}],"collection":[{"href":"https:\/\/etnyre.com\/es\/wp-json\/wp\/v2\/pages"}],"about":[{"href":"https:\/\/etnyre.com\/es\/wp-json\/wp\/v2\/types\/page"}],"author":[{"embeddable":true,"href":"https:\/\/etnyre.com\/es\/wp-json\/wp\/v2\/users\/1"}],"replies":[{"embeddable":true,"href":"https:\/\/etnyre.com\/es\/wp-json\/wp\/v2\/comments?post=6762"}],"version-history":[{"count":4,"href":"https:\/\/etnyre.com\/es\/wp-json\/wp\/v2\/pages\/6762\/revisions"}],"predecessor-version":[{"id":7022,"href":"https:\/\/etnyre.com\/es\/wp-json\/wp\/v2\/pages\/6762\/revisions\/7022"}],"wp:featuredmedia":[{"embeddable":true,"href":"https:\/\/etnyre.com\/es\/wp-json\/wp\/v2\/media\/6760"}],"wp:attachment":[{"href":"https:\/\/etnyre.com\/es\/wp-json\/wp\/v2\/media?parent=6762"}],"curies":[{"name":"wp","href":"https:\/\/api.w.org\/{rel}","templated":true}]}}