{"id":6770,"date":"2023-01-17T07:15:22","date_gmt":"2023-01-17T07:15:22","guid":{"rendered":"https:\/\/etnyre.com\/remolques-de-asfalto\/"},"modified":"2023-03-30T11:05:20","modified_gmt":"2023-03-30T11:05:20","slug":"remolques-de-asfalto","status":"publish","type":"page","link":"https:\/\/etnyre.com\/es\/remolques-de-asfalto\/","title":{"rendered":"Remolques de asfalto"},"content":{"rendered":"<h3>Traslade equipos y materias primas con facilidad utilizando los remolques para asfalto de Etnyre<\/h3>\n<p>Igual de importantes que los equipos y materiales que los contratistas utilizan para el mantenimiento de las carreteras son los remolques y transportes utilizados para trasladar dichos equipos y materiales. Afortunadamente, con Etnyre, los contratistas pueden encontrar tanto remolques de asfalto como <a href=\"https:\/\/etnyre.com\/asphalt-equipment\">equipos<\/a> para maximizar la productividad de sus negocios. Etnyre puede proporcionarle la <a href=\"https:\/\/etnyre.com\/asphalt-machines\/\">maquinaria<\/a> que necesita para convertirse en un contratista de asfalto de \u00e9xito en su comunidad.<\/p>\n<h3>Nuestros remolques<\/h3>\n<p>Desde lowboys hasta <a href=\"https:\/\/etnyre.com\/live-bottom-trailers-for-sale\/\">fondos vivos<\/a>, Etnyre puede suministrar a su empresa remolques que satisfagan las necesidades de su empresa. Nuestros remolques son los mejores para transportar materias primas y equipos de gran tama\u00f1o. Adem\u00e1s, algunos de nuestros otros remolques tienen funciones m\u00e1s exclusivas.<\/p>\n<ul>\n<li><strong>Remolques Lowboy<\/strong>\n<ul>\n<li>Los contratistas de asfalto, los equipos de construcci\u00f3n y otras empresas industriales utilizan grandes veh\u00edculos y equipos para la mayor\u00eda de los proyectos. Esto significa disponer de remolques adecuados para trasladar los equipos de una obra a otra. La l\u00ednea de <a href=\"https:\/\/etnyre.com\/lowboy-trailers\/\">remolques de plataforma baja<\/a> de Etnyre puede satisfacer las necesidades de traslado de equipos de su empresa. Ofrecemos a nuestros clientes opciones de remolque personalizadas, como cuellos de cisne hidr\u00e1ulicos, plataformas rodantes para jeeps, espacio de cubierta ampliado, etc.<\/li>\n<\/ul>\n<\/li>\n<li><strong>Fondos Vivos y Transportes Asf\u00e1lticos<\/strong>\n<ul>\n<li>El transporte de materias primas y asfalto l\u00edquido puede ser complicado y llevar mucho tiempo si no se cuenta con los camiones y remolques adecuados. Afortunadamente, los mejores <a href=\"https:\/\/etnyre.com\/sales\/live-bottom-trailers\/\">remolques de fondo vivo<\/a> y <a href=\"https:\/\/etnyre.com\/asphalt-transport\/\">transportes de asfalto<\/a> de Etnyre mueven cualquier material de forma r\u00e1pida y eficiente. Nuestros <a href=\"https:\/\/etnyre.com\/best-live-bottom-trailers\/\">fondos vivos<\/a> son seguros y eficaces, ya que utilizan un sistema de cinta transportadora para una descarga precisa. Adem\u00e1s, nuestros transportes de asfalto pueden mantener calientes hasta 7.000 galones de asfalto l\u00edquido a trav\u00e9s de cualquier distancia.<\/li>\n<\/ul>\n<\/li>\n<li><strong>Selladores de grietas<\/strong>\n<ul>\n<li>Aunque no son para mover materiales y equipos, los <a href=\"https:\/\/etnyre.com\/crack-sealers\/\">selladores de grietas<\/a> de Etnyre son un remolque de asfalto imprescindible para todos los aspirantes a contratistas de asfalto. La reparaci\u00f3n de grietas en el asfalto siempre tiene una gran demanda debido a su asequibilidad y facilidad de ejecuci\u00f3n. Los remolques de sellado de grietas de Etnyre garantizan que su empresa pueda ofrecer <a href=\"https:\/\/etnyre.com\/asphalt-crack-repair\/\">servicios de reparaci\u00f3n de grietas<\/a> r\u00e1pidos y de alta calidad, independientemente de la ubicaci\u00f3n o el tama\u00f1o del proyecto.<\/li>\n<\/ul>\n<\/li>\n<\/ul>\n<h3>Los mejores del sector<\/h3>\n<p>ED Etnyre &amp; Co. es desde hace d\u00e9cadas uno de los principales fabricantes de equipos de asfalto industrial. Desde 1898, hemos establecido el est\u00e1ndar para los equipos modernos de pavimentaci\u00f3n de asfalto utilizando dise\u00f1os inteligentes, componentes de alta calidad y las \u00faltimas innovaciones tecnol\u00f3gicas. Adem\u00e1s, a trav\u00e9s de Etnyre, siempre puede esperar una atenci\u00f3n al cliente detallada y de calidad; ofrecemos un apoyo inigualable a los contratistas, desde la selecci\u00f3n de productos hasta las piezas y los servicios.<\/p>\n<div class=\"left-img\"><img loading=\"lazy\" decoding=\"async\" class=\"alignnone\" src=\"https:\/\/etnyre.com\/wp-content\/uploads\/2023\/01\/Asphalt-Trailers-2.jpg\" alt=\"Grandes remolques de asfalto fabricados por Etnyre\" width=\"500\" height=\"350\" title=\"\"><\/div>\n<h3>Hable con el equipo Etnyre<\/h3>\n<p>D\u00e9 a su negocio de asfalto una ventaja con una inversi\u00f3n en los mejores equipos y remolques de asfalto de la industria. Llame hoy mismo a los expertos en maquinaria industrial de Etnyre para obtener m\u00e1s informaci\u00f3n. Puede ponerse en contacto con nosotros en <a href=\"tel:8157322116\">el 815-732-2116<\/a> para solicitar un presupuesto. Adem\u00e1s, estamos ubicados en 1333 Daysville Rd, Oregon, IL 61061. Etnyre tiene su sede en Illinois y atiende a clientes de todo Estados Unidos.<\/p>\n","protected":false},"excerpt":{"rendered":"<p>Traslade equipos y materias primas con facilidad utilizando los remolques para asfalto de Etnyre Igual de importantes que los equipos y materiales que los contratistas utilizan para el mantenimiento de las carreteras son los remolques y transportes utilizados para trasladar dichos equipos y materiales. Afortunadamente, con Etnyre, los contratistas pueden encontrar tanto remolques de asfalto &hellip; <a href=\"https:\/\/etnyre.com\/es\/remolques-de-asfalto\/\" class=\"more-link\">Continue reading <span class=\"screen-reader-text\">Remolques de asfalto<\/span><\/a><\/p>\n","protected":false},"author":1,"featured_media":6768,"parent":0,"menu_order":0,"comment_status":"closed","ping_status":"closed","template":"","meta":{"_acf_changed":false,"footnotes":""},"class_list":["post-6770","page","type-page","status-publish","has-post-thumbnail","hentry"],"acf":[],"_links":{"self":[{"href":"https:\/\/etnyre.com\/es\/wp-json\/wp\/v2\/pages\/6770","targetHints":{"allow":["GET"]}}],"collection":[{"href":"https:\/\/etnyre.com\/es\/wp-json\/wp\/v2\/pages"}],"about":[{"href":"https:\/\/etnyre.com\/es\/wp-json\/wp\/v2\/types\/page"}],"author":[{"embeddable":true,"href":"https:\/\/etnyre.com\/es\/wp-json\/wp\/v2\/users\/1"}],"replies":[{"embeddable":true,"href":"https:\/\/etnyre.com\/es\/wp-json\/wp\/v2\/comments?post=6770"}],"version-history":[{"count":2,"href":"https:\/\/etnyre.com\/es\/wp-json\/wp\/v2\/pages\/6770\/revisions"}],"predecessor-version":[{"id":7023,"href":"https:\/\/etnyre.com\/es\/wp-json\/wp\/v2\/pages\/6770\/revisions\/7023"}],"wp:featuredmedia":[{"embeddable":true,"href":"https:\/\/etnyre.com\/es\/wp-json\/wp\/v2\/media\/6768"}],"wp:attachment":[{"href":"https:\/\/etnyre.com\/es\/wp-json\/wp\/v2\/media?parent=6770"}],"curies":[{"name":"wp","href":"https:\/\/api.w.org\/{rel}","templated":true}]}}