{"id":6803,"date":"2023-02-21T09:20:20","date_gmt":"2023-02-21T09:20:20","guid":{"rendered":"https:\/\/etnyre.com\/venta-de-selladoras-de-grietas\/"},"modified":"2023-03-30T11:05:21","modified_gmt":"2023-03-30T11:05:21","slug":"venta-de-selladoras-de-grietas","status":"publish","type":"page","link":"https:\/\/etnyre.com\/es\/venta-de-selladoras-de-grietas\/","title":{"rendered":"Venta de selladoras de grietas"},"content":{"rendered":"<h3>Encuentre selladores de grietas asequibles y duraderos en venta<\/h3>\n<p>En E.D. Etnyre &amp; Co. nos esforzamos continuamente por producir los mejores equipos de mantenimiento de carreteras, los m\u00e1s asequibles y los m\u00e1s eficientes del sector. Por ello, ofrecemos una gama de productos dise\u00f1ados para simplificar y acortar muchos de los procesos de <a href=\"https:\/\/etnyre.com\/asphalt-crack-repair\/\">reparaci\u00f3n<\/a> y mantenimiento de <a href=\"https:\/\/etnyre.com\/asphalt-crack-repair\/\">carreteras de asfalto<\/a>. Por ejemplo, nuestras selladoras de grietas son unas de las mejores disponibles, con funciones que permiten a los operarios reparar grietas en las calzadas con facilidad. Si est\u00e1 interesado en nuestros selladores de grietas en venta, \u00a1llame a Etnyre hoy mismo!<\/p>\n<h3 class=\"clr\">\u00bfNecesita selladoras de grietas para su negocio?<\/h3>\n<p>La respuesta corta: \u00a1s\u00ed! Los selladores de grietas proporcionan un servicio casi esencial solicitado a la mayor\u00eda de los equipos de mantenimiento de carreteras. Gracias a los selladores de grietas y sus capacidades de reparaci\u00f3n de grietas, los contratistas y propietarios pueden esperar beneficios como:<\/p>\n<ul>\n<li><strong>Traves\u00eda m\u00e1s segura<\/strong>\n<ul>\n<li>Una calzada de asfalto en mal estado puede deteriorarse a\u00fan m\u00e1s, creando una superficie \u00e1spera y peligrosa para el tr\u00e1nsito de veh\u00edculos y peatones. Sin embargo, antes de que se produzcan desprendimientos y baches, puede reparar el agrietamiento prematuro del asfalto que da lugar a estos problemas. Un <a href=\"https:\/\/etnyre.com\/crack-sealers\/\">sellado de grietas<\/a> adecuado evita que el pavimento se rompa y cause da\u00f1os a los veh\u00edculos o cree condiciones de conducci\u00f3n inseguras.<\/li>\n<\/ul>\n<\/li>\n<li><strong>Mayor vida \u00fatil del asfalto<\/strong>\n<ul>\n<li>Prevenir el deterioro de su asfalto aumenta la seguridad de sus carreteras y prolonga su vida \u00fatil. Aunque las carreteras de asfalto ya tienen una vida \u00fatil considerable, el tr\u00e1fico constante, los vertidos qu\u00edmicos, la humedad y las heladas pueden hacer que el asfalto se desplace y empiece a agrietarse. Afortunadamente, con una m\u00e1quina de sellado de grietas, puede parchear las grietas antes de que empeoren y comprometan la longevidad de sus calzadas.<\/li>\n<\/ul>\n<\/li>\n<li><strong>Mayor ahorro de costes<\/strong>\n<ul>\n<li>De la gran cantidad de servicios de mantenimiento de carreteras que puede ofrecer su empresa, el sellado de grietas es uno de los m\u00e1s f\u00e1ciles y rentables. Los materiales y la mano de obra necesarios para la reparaci\u00f3n de grietas son m\u00ednimos, lo que significa que no hace falta mucho m\u00e1s que disponer del equipo adecuado para prestar un servicio correcto. Esto no s\u00f3lo ahorra costes de servicio a los contratistas, sino que ese ahorro tambi\u00e9n puede repercutirse en los clientes.<\/li>\n<\/ul>\n<\/li>\n<\/ul>\n<h3>Nuestra selladora de grietas<\/h3>\n<p>Las selladoras de grietas Etnyre en venta son una de las <a href=\"https:\/\/etnyre.com\/best-crack-sealers\/\">m\u00e1quinas de sellado de grietas<\/a> m\u00e1s eficientes disponibles en el mercado. Nuestras m\u00e1quinas utilizan sistemas de calentamiento y circulaci\u00f3n r\u00e1pidos para minimizar el tiempo de inactividad entre trabajos de sellado y maximizar el potencial de productividad de sus contratistas. Adem\u00e1s de estos sistemas de acci\u00f3n r\u00e1pida, el sellador de grietas Etnyre cuenta con caracter\u00edsticas como:<\/p>\n<ul class=\"col-2\">\n<li>Sistema de calefacci\u00f3n de aceite caliente de circuito cerrado y con control de caudal<\/li>\n<li>Controles vers\u00e1tiles que permiten el funcionamiento autom\u00e1tico o manual<\/li>\n<li>Dos puertas de carga de sellantes para facilitar el acceso<\/li>\n<li>Capacidad del dep\u00f3sito de sellante de 250 \u00f3 400 galones<\/li>\n<li>Sistema ecol\u00f3gico sin descarga<\/li>\n<li>Quemador cerrado de gas\u00f3leo de alta presi\u00f3n con encendido autom\u00e1tico<\/li>\n<\/ul>\n<div class=\"left-img\"><img loading=\"lazy\" decoding=\"async\" class=\"alignnone\" src=\"https:\/\/etnyre.com\/wp-content\/uploads\/2023\/02\/hot-tar-asphalt-road-crack-repair.jpg\" alt=\"Un hombre utiliza selladores de grietas en venta para reparar la calzada\" width=\"500\" height=\"350\" title=\"\"><\/div>\n<h3>Llame hoy mismo<\/h3>\n<p>\u00a1Aseg\u00farese de que su empresa puede ofrecer los servicios de reparaci\u00f3n de asfalto m\u00e1s solicitados con los selladores de grietas Etnyre en venta! Para aprender m\u00e1s sobre nuestros <a href=\"https:\/\/etnyre.com\/best-crack-sealers\/\">selladores de grietas<\/a> u otros <a href=\"https:\/\/etnyre.com\/best-asphalt-equipment\/\">equipos de asfalto<\/a>, llame Etnyre hoy al 815-732-2116. Estamos ubicados en 1333 Daysville Rd, Oregon, IL 61061. Etnyre tiene su sede en Illinois y atiende a clientes de todo Estados Unidos.<\/p>\n","protected":false},"excerpt":{"rendered":"<p>Encuentre selladores de grietas asequibles y duraderos en venta En E.D. Etnyre &amp; Co. nos esforzamos continuamente por producir los mejores equipos de mantenimiento de carreteras, los m\u00e1s asequibles y los m\u00e1s eficientes del sector. Por ello, ofrecemos una gama de productos dise\u00f1ados para simplificar y acortar muchos de los procesos de reparaci\u00f3n y mantenimiento &hellip; <a href=\"https:\/\/etnyre.com\/es\/venta-de-selladoras-de-grietas\/\" class=\"more-link\">Continue reading <span class=\"screen-reader-text\">Venta de selladoras de grietas<\/span><\/a><\/p>\n","protected":false},"author":1,"featured_media":6801,"parent":0,"menu_order":0,"comment_status":"closed","ping_status":"closed","template":"","meta":{"_acf_changed":false,"footnotes":""},"class_list":["post-6803","page","type-page","status-publish","has-post-thumbnail","hentry"],"acf":[],"_links":{"self":[{"href":"https:\/\/etnyre.com\/es\/wp-json\/wp\/v2\/pages\/6803","targetHints":{"allow":["GET"]}}],"collection":[{"href":"https:\/\/etnyre.com\/es\/wp-json\/wp\/v2\/pages"}],"about":[{"href":"https:\/\/etnyre.com\/es\/wp-json\/wp\/v2\/types\/page"}],"author":[{"embeddable":true,"href":"https:\/\/etnyre.com\/es\/wp-json\/wp\/v2\/users\/1"}],"replies":[{"embeddable":true,"href":"https:\/\/etnyre.com\/es\/wp-json\/wp\/v2\/comments?post=6803"}],"version-history":[{"count":5,"href":"https:\/\/etnyre.com\/es\/wp-json\/wp\/v2\/pages\/6803\/revisions"}],"predecessor-version":[{"id":7024,"href":"https:\/\/etnyre.com\/es\/wp-json\/wp\/v2\/pages\/6803\/revisions\/7024"}],"wp:featuredmedia":[{"embeddable":true,"href":"https:\/\/etnyre.com\/es\/wp-json\/wp\/v2\/media\/6801"}],"wp:attachment":[{"href":"https:\/\/etnyre.com\/es\/wp-json\/wp\/v2\/media?parent=6803"}],"curies":[{"name":"wp","href":"https:\/\/api.w.org\/{rel}","templated":true}]}}