{"id":6815,"date":"2023-02-21T09:23:46","date_gmt":"2023-02-21T09:23:46","guid":{"rendered":"https:\/\/etnyre.com\/mejor-equipo-de-asfalto\/"},"modified":"2023-03-30T11:05:23","modified_gmt":"2023-03-30T11:05:23","slug":"mejor-equipo-de-asfalto","status":"publish","type":"page","link":"https:\/\/etnyre.com\/es\/mejor-equipo-de-asfalto\/","title":{"rendered":"Mejor equipo de asfalto"},"content":{"rendered":"<h3>\u00bfD\u00f3nde puede encontrar el mejor equipo de asfalto? \u00a1Con Etnyre!<\/h3>\n<p>\u00a1As\u00ed es! E.D. Etnyre &amp; Co ha fabricado la <a href=\"https:\/\/etnyre.com\/best-asphalt-machines\/\">maquinaria de asfalto<\/a> m\u00e1s duradera, eficaz y f\u00e1cil de manejar del siglo pasado. Los contratistas de todo Estados Unidos siempre conf\u00edan en los mejores equipos de asfalto dise\u00f1ados y fabricados por el equipo de Etnyre. Si desea actualizar la parte de m\u00e1quinas de asfalto de su flota, vale la pena considerar las ventajas de la maquinaria Etnyre. Llame hoy mismo para obtener m\u00e1s informaci\u00f3n sobre nuestros productos de asfalto.<\/p>\n<h3>\u00bfQu\u00e9 puede hacer nuestro equipo de asfalto?<\/h3>\n<p>Ofrecer los mejores <a href=\"https:\/\/etnyre.com\/road-maintenance-equipment\/\">servicios de mantenimiento de carreteras<\/a> significa que necesita el equipo adecuado para el trabajo. Aqu\u00ed es donde Etnyre puede ayudar. Nuestros productos principales se centran en la reparaci\u00f3n, el revestimiento y el transporte de asfalto, todos ellos componentes esenciales de un negocio de contrataci\u00f3n de asfalto. Con los equipos Etnyre, puede simplificar muchas partes del proceso de pavimentaci\u00f3n de asfalto.<\/p>\n<ul>\n<li><strong>Equipos para reparaci\u00f3n<\/strong>\n<ul>\n<li>Cuando el pavimento empiece a agrietarse, querr\u00e1 actuar con rapidez. El agrietamiento del pavimento puede provocar desprendimientos, baches, desmoronamiento y deterioro del asfalto. Afortunadamente, con <a href=\"https:\/\/etnyre.com\/best-crack-sealers\/\">los selladores de grietas<\/a> Etnyre, puede sellar r\u00e1pida y eficazmente cualquier grieta del asfalto. Nuestros remolques de sellado de grietas ayudan a los contratistas a <a href=\"https:\/\/etnyre.com\/crack-repair\/\">reparar las carreteras<\/a> de forma m\u00e1s asequible, manteniendo bajos los costes operativos y garantizando servicios asequibles para los clientes.<\/li>\n<\/ul>\n<\/li>\n<li><strong>Equipamiento para reasfaltado<\/strong>\n<ul>\n<li>Cuando reparar no es suficiente pero sustituir es demasiado, la <a href=\"https:\/\/etnyre.com\/asphalt-resurfacing\/\">repavimentaci\u00f3n de asfalto<\/a> es la mejor opci\u00f3n para solares y calzadas deteriorados. Con los ChipSpreaders y distribuidores de asfalto de Etnyre, puede proporcionar el sellado de virutas, un m\u00e9todo de repavimentaci\u00f3n popular y eficaz, para cualquier superficie de pavimento. Cuente con nuestro equipo especializado en asfalto, con una incre\u00edble capacidad de asfalto para nuestros distribuidores y altos \u00edndices de producci\u00f3n de virutas para nuestros <a href=\"https:\/\/etnyre.com\/chipspreaders\/\">ChipSpreaders<\/a>.<\/li>\n<\/ul>\n<\/li>\n<li><strong>Equipos de transporte<\/strong>\n<ul>\n<li>Los remolques y camiones cisterna utilizados para transportar asfalto y equipos son tan importantes como lo que hay que transportar. Afortunadamente, Etnyre tiene contratistas cubiertos con nuestros lowboys expertamente dise\u00f1ados, remolques de fondo vivo, y <a href=\"https:\/\/etnyre.com\/asphalt-transport\/\">transportes de asfalto<\/a>. Nuestros equipos de transporte permiten a los contratistas transportar maquinaria y materias primas con facilidad y a cualquier distancia.<\/li>\n<\/ul>\n<\/li>\n<\/ul>\n<h3>La m\u00e1xima calidad y durabilidad<\/h3>\n<p>Etnyre produce con orgullo los mejores equipos de asfalto para contratistas de todo el pa\u00eds. Nos esforzamos por establecer continuamente el est\u00e1ndar de rendimiento y fiabilidad en todo lo que fabricamos. Con componentes de alta calidad y tecnolog\u00eda avanzada, nuestras m\u00e1quinas son f\u00e1ciles de manejar y mantener. Por no mencionar, Etnyre trabaja con los contratistas para personalizar a\u00fan m\u00e1s el equipo basado en las necesidades \u00fanicas de su negocio y clientes.<\/p>\n<div class=\"left-img\"><img loading=\"lazy\" decoding=\"async\" class=\"alignnone\" src=\"https:\/\/etnyre.com\/wp-content\/uploads\/2023\/02\/Best-Asphalt-Equipment-seo1.jpg\" alt=\"El mejor equipo de asfalto que realiza servicios de sellado de virutas  \" width=\"500\" height=\"350\" title=\"\"><\/div>\n<h3>Ll\u00e1menos<\/h3>\n<p>\u00a1El mejor <a href=\"https:\/\/etnyre.com\/asphalt-equipment\">equipo de asfalto<\/a> para su negocio est\u00e1 a s\u00f3lo una llamada de distancia! P\u00f3ngase en contacto con los expertos en maquinaria de mantenimiento de carreteras de Etnyre hoy mismo para obtener m\u00e1s informaci\u00f3n sobre nuestros productos y sus ventajas. P\u00f3ngase en contacto con nosotros hoy mismo en <a href=\"tel:8157322116\">el 815-732-2116<\/a> para solicitar un presupuesto. Estamos ubicados en 1333 Daysville Rd, Oregon, IL 61061. Etnyre tiene su sede en Illinois y atiende a clientes de todo Estados Unidos.<\/p>\n","protected":false},"excerpt":{"rendered":"<p>\u00bfD\u00f3nde puede encontrar el mejor equipo de asfalto? \u00a1Con Etnyre! \u00a1As\u00ed es! E.D. Etnyre &amp; Co ha fabricado la maquinaria de asfalto m\u00e1s duradera, eficaz y f\u00e1cil de manejar del siglo pasado. Los contratistas de todo Estados Unidos siempre conf\u00edan en los mejores equipos de asfalto dise\u00f1ados y fabricados por el equipo de Etnyre. Si &hellip; <a href=\"https:\/\/etnyre.com\/es\/mejor-equipo-de-asfalto\/\" class=\"more-link\">Continue reading <span class=\"screen-reader-text\">Mejor equipo de asfalto<\/span><\/a><\/p>\n","protected":false},"author":1,"featured_media":6813,"parent":0,"menu_order":0,"comment_status":"closed","ping_status":"closed","template":"","meta":{"_acf_changed":false,"footnotes":""},"class_list":["post-6815","page","type-page","status-publish","has-post-thumbnail","hentry"],"acf":[],"_links":{"self":[{"href":"https:\/\/etnyre.com\/es\/wp-json\/wp\/v2\/pages\/6815","targetHints":{"allow":["GET"]}}],"collection":[{"href":"https:\/\/etnyre.com\/es\/wp-json\/wp\/v2\/pages"}],"about":[{"href":"https:\/\/etnyre.com\/es\/wp-json\/wp\/v2\/types\/page"}],"author":[{"embeddable":true,"href":"https:\/\/etnyre.com\/es\/wp-json\/wp\/v2\/users\/1"}],"replies":[{"embeddable":true,"href":"https:\/\/etnyre.com\/es\/wp-json\/wp\/v2\/comments?post=6815"}],"version-history":[{"count":2,"href":"https:\/\/etnyre.com\/es\/wp-json\/wp\/v2\/pages\/6815\/revisions"}],"predecessor-version":[{"id":7025,"href":"https:\/\/etnyre.com\/es\/wp-json\/wp\/v2\/pages\/6815\/revisions\/7025"}],"wp:featuredmedia":[{"embeddable":true,"href":"https:\/\/etnyre.com\/es\/wp-json\/wp\/v2\/media\/6813"}],"wp:attachment":[{"href":"https:\/\/etnyre.com\/es\/wp-json\/wp\/v2\/media?parent=6815"}],"curies":[{"name":"wp","href":"https:\/\/api.w.org\/{rel}","templated":true}]}}