{"id":6822,"date":"2023-02-21T09:26:11","date_gmt":"2023-02-21T09:26:11","guid":{"rendered":"https:\/\/etnyre.com\/los-mejores-esparcidores-de-virutas\/"},"modified":"2023-04-11T19:12:35","modified_gmt":"2023-04-11T19:12:35","slug":"los-mejores-esparcidores-de-virutas","status":"publish","type":"page","link":"https:\/\/etnyre.com\/es\/los-mejores-esparcidores-de-virutas\/","title":{"rendered":"Los mejores esparcidores de virutas"},"content":{"rendered":"<h3>Mejore sus servicios de recapado de asfalto con las mejores esparcidoras de gravilla<\/h3>\n<p>La renovaci\u00f3n del asfalto es un servicio esencial para cualquier contratista de asfalto. El reasfaltado ayuda a restaurar el asfalto deteriorado y a evitar la costosa sustituci\u00f3n del pavimento. Entre las opciones de reasfaltado que ofrecen los contratistas, la mayor\u00eda prefiere el sellado de virutas: un m\u00e9todo de reasfaltado incre\u00edblemente eficaz. Sin embargo, s\u00f3lo puede garantizar unos <a href=\"https:\/\/etnyre.com\/chip-seal-paving\/\">servicios de sellado de virutas<\/a> de alta calidad con los mejores esparcidores de virutas y equipos de asfalto. P\u00f3ngase en contacto con Etnyre para descubrir c\u00f3mo es la mejor maquinaria para la renovaci\u00f3n del asfalto.<\/p>\n<h3>\u00bfPor qu\u00e9 necesita esparcidores de virutas de alta calidad?<\/h3>\n<p>Aunque existen otras opciones de esparcidores de gravilla a disposici\u00f3n de los contratistas, s\u00f3lo <a href=\"https:\/\/etnyre.com\/chipspreaders\/\">los ChipSpreaders<\/a> de Etnyre garantizan la precisi\u00f3n, el volumen y la velocidad que usted necesita para lograr los mejores servicios de sellado de gravilla. Entendemos las necesidades de los operadores de m\u00e1quinas mejor que nadie y dise\u00f1amos nuestros equipos pensando en el m\u00e1ximo rendimiento y la alta producci\u00f3n. Con nuestros esparcidores de virutas, puede esperar:<\/p>\n<ul>\n<li><strong>Proyectos de mayor envergadura<\/strong>\n<ul>\n<li>Por muy popular que sea el sellado de gravilla, los ayuntamientos y los propietarios conf\u00edan en \u00e9l para restaurar parcelas y calzadas muy transitadas. Sin embargo, estos proyectos no son trabajos peque\u00f1os. Afortunadamente, el tama\u00f1o y la capacidad de asfaltado de nuestros esparcidores de gravilla les permiten hacerse cargo de los proyectos de asfaltado de mayor envergadura. Sin un Etnyre ChipSpreader, estos excelentes trabajos remunerados est\u00e1n fuera de su alcance.<\/li>\n<\/ul>\n<\/li>\n<li><strong>Control preciso<\/strong>\n<ul>\n<li>La calidad de sus servicios de sellado de gravilla se reduce a la tasa de aplicaci\u00f3n y al tama\u00f1o de la gravilla. Y cuando las superficies de la calzada son absorbentes, est\u00e1n erosionadas o enrojecidas, la aplicaci\u00f3n precisa de la gravilla es crucial para garantizar un sellado eficaz. Como tal, el ChipSpreader de Etnyre utiliza controles informatizados para garantizar un control preciso sobre la aplicaci\u00f3n, el tama\u00f1o y la cobertura de las virutas.<\/li>\n<\/ul>\n<\/li>\n<li><strong>Finalizaci\u00f3n m\u00e1s r\u00e1pida del trabajo<\/strong>\n<ul>\n<li>Cuando llega la temporada de mantenimiento de carreteras, la atenci\u00f3n y el cuidado de las calzadas de su zona es la prioridad de toda ciudad, empresa y propietario. Para mantener el ritmo de la demanda, necesita equipos que puedan ofrecer servicios de calidad, plazos de ejecuci\u00f3n de proyectos r\u00e1pidos y plazos de entrega r\u00e1pidos entre trabajos. Los esparcidores de gravilla de Etnyre encajan a la perfecci\u00f3n, agilizando los pasos m\u00e1s importantes del proceso de sellado de gravilla.<\/li>\n<\/ul>\n<\/li>\n<\/ul>\n<h3>Caracter\u00edsticas adicionales de nuestros ChipSpreaders<\/h3>\n<p>Cuando Etnyre dice que ofrecemos los mejores <a href=\"https:\/\/etnyre.com\/aggregate-chip-spreaders\/\">esparcidores de gravilla<\/a> de la industria del asfalto, \u00a1no estamos bromeando! Nuestros ChipSpreaders son los mejores en cuanto a seguridad, durabilidad y eficacia. Nuestras m\u00e1quinas pueden lograr una aplicaci\u00f3n precisa y eficaz de los \u00e1ridos mediante un sistema de transmisi\u00f3n hidrost\u00e1tica y una tolva de distribuci\u00f3n de anchura variable, entre otras caracter\u00edsticas:<\/p>\n<p><img loading=\"lazy\" decoding=\"async\" class=\"alignnone\" src=\"https:\/\/etnyre.com\/wp-content\/uploads\/2023\/02\/Best-Chip-Spreaders-seo.jpg\" alt=\"Los mejores esparcidores de patatas fritas de Etnyre\" width=\"500\" height=\"350\" title=\"\"><\/p>\n<ul>\n<li>Motor diesel turboalimentado de 260 CV<\/li>\n<li>Cintas transportadoras hidrost\u00e1ticas de 24 pulgadas de ancho<\/li>\n<li>Control de velocidad y caudal de aplicaci\u00f3n por ordenador<\/li>\n<li>Aletas plegables para un mejor aprovechamiento del material<\/li>\n<li>Calibres individuales para esquinas de radio sin esfuerzo<\/li>\n<\/ul>\n<h3>Ll\u00e1menos<\/h3>\n<p>No hay duda de los incre\u00edbles servicios de asfaltado que puede ofrecer con los mejores esparcidores de gravilla de Etnyre. Si usted est\u00e1 interesado en nuestro <a href=\"https:\/\/etnyre.com\/chip-seal-equipment-for-sale\/\">equipo de sello de viruta<\/a> o <a href=\"https:\/\/etnyre.com\/best-asphalt-machines\/\">maquinaria de asfalto<\/a> adicional para la reparaci\u00f3n de pavimentos, repavimentaci\u00f3n y el transporte, p\u00f3ngase en contacto con Etnyre en <a href=\"tel:8157322116\">815-732-2116<\/a>. Estamos ubicados en 1333 Daysville Rd, Oregon, IL 61061. Etnyre tiene su sede en Illinois y atiende a clientes de todo Estados Unidos.<\/p>\n","protected":false},"excerpt":{"rendered":"<p>Mejore sus servicios de recapado de asfalto con las mejores esparcidoras de gravilla La renovaci\u00f3n del asfalto es un servicio esencial para cualquier contratista de asfalto. El reasfaltado ayuda a restaurar el asfalto deteriorado y a evitar la costosa sustituci\u00f3n del pavimento. Entre las opciones de reasfaltado que ofrecen los contratistas, la mayor\u00eda prefiere el &hellip; <a href=\"https:\/\/etnyre.com\/es\/los-mejores-esparcidores-de-virutas\/\" class=\"more-link\">Continue reading <span class=\"screen-reader-text\">Los mejores esparcidores de virutas<\/span><\/a><\/p>\n","protected":false},"author":1,"featured_media":6820,"parent":0,"menu_order":0,"comment_status":"closed","ping_status":"closed","template":"","meta":{"_acf_changed":false,"footnotes":""},"class_list":["post-6822","page","type-page","status-publish","has-post-thumbnail","hentry"],"acf":[],"_links":{"self":[{"href":"https:\/\/etnyre.com\/es\/wp-json\/wp\/v2\/pages\/6822","targetHints":{"allow":["GET"]}}],"collection":[{"href":"https:\/\/etnyre.com\/es\/wp-json\/wp\/v2\/pages"}],"about":[{"href":"https:\/\/etnyre.com\/es\/wp-json\/wp\/v2\/types\/page"}],"author":[{"embeddable":true,"href":"https:\/\/etnyre.com\/es\/wp-json\/wp\/v2\/users\/1"}],"replies":[{"embeddable":true,"href":"https:\/\/etnyre.com\/es\/wp-json\/wp\/v2\/comments?post=6822"}],"version-history":[{"count":3,"href":"https:\/\/etnyre.com\/es\/wp-json\/wp\/v2\/pages\/6822\/revisions"}],"predecessor-version":[{"id":7164,"href":"https:\/\/etnyre.com\/es\/wp-json\/wp\/v2\/pages\/6822\/revisions\/7164"}],"wp:featuredmedia":[{"embeddable":true,"href":"https:\/\/etnyre.com\/es\/wp-json\/wp\/v2\/media\/6820"}],"wp:attachment":[{"href":"https:\/\/etnyre.com\/es\/wp-json\/wp\/v2\/media?parent=6822"}],"curies":[{"name":"wp","href":"https:\/\/api.w.org\/{rel}","templated":true}]}}