{"id":6829,"date":"2023-02-21T09:29:41","date_gmt":"2023-02-21T09:29:41","guid":{"rendered":"https:\/\/etnyre.com\/los-mejores-selladores-de-grietas\/"},"modified":"2023-03-30T11:05:23","modified_gmt":"2023-03-30T11:05:23","slug":"los-mejores-selladores-de-grietas","status":"publish","type":"page","link":"https:\/\/etnyre.com\/es\/los-mejores-selladores-de-grietas\/","title":{"rendered":"Los mejores selladores de grietas"},"content":{"rendered":"<h3>Ofrezca reparaciones de grietas de alta calidad con los mejores selladores de grietas<\/h3>\n<p>Las condiciones de las calzadas de nuestras ciudades son esenciales para el funcionamiento del sistema de infraestructuras de nuestro pa\u00eds. Por ello, el mantenimiento y la reparaci\u00f3n de los lotes de asfalto y las carreteras garantizan la seguridad de los conductores, la fluidez del tr\u00e1fico y la rapidez del transporte. Y para conseguir reparaciones eficaces de las superficies de asfalto, necesita los mejores selladores de grietas y <a href=\"https:\/\/etnyre.com\/road-maintenance-equipment\/\">equipos de mantenimiento de<\/a> carreteras disponibles. Afortunadamente, Etnyre ha suministrado a contratistas de todo EE.UU. maquinaria duradera, de alta calidad y eficiente durante el \u00faltimo siglo.<\/p>\n<h3>\u00bfQu\u00e9 hace la reparaci\u00f3n de grietas?<\/h3>\n<p>Si no se controlan, las grietas en las superficies de los pavimentos pueden provocar muchos otros problemas. La <a href=\"https:\/\/etnyre.com\/asphalt-crack-repair\/\">reparaci\u00f3n de grietas<\/a> es la soluci\u00f3n para evitar el fallo del pavimento y un costoso proceso de sustituci\u00f3n. Y con las selladoras de grietas de Etnyre, tiene todo lo que necesita para proporcionar servicios de sellado de grietas precisos y de calidad. Por ello, la reparaci\u00f3n de grietas garantiza:<\/p>\n<ul>\n<li><strong>Mayor vida \u00fatil del pavimento<\/strong>\n<ul>\n<li>El tiempo, el tr\u00e1fico, los rayos UV y los productos qu\u00edmicos pasan factura al asfalto. Si el asfalto no est\u00e1 protegido por una capa de sellado, todos estos factores har\u00e1n que su pavimento se deteriore m\u00e1s r\u00e1pidamente que la vida \u00fatil prevista de su asfalto. Afortunadamente, el sellado de grietas para evitar el deterioro prematuro puede ayudar a mantener la carretera en buen estado. Aunque <a href=\"https:\/\/etnyre.com\/asphalt-crack-sealing\/\">el sellado de grietas<\/a> no es una soluci\u00f3n \u00abpara siempre\u00bb, puede a\u00f1adir a\u00f1os a la vida de su pavimento.<\/li>\n<\/ul>\n<\/li>\n<li><strong>Mayor seguridad para los conductores<\/strong>\n<ul>\n<li>Como es de esperar, una calzada agrietada y en mal estado es una de las peores cosas por las que puede pasar un veh\u00edculo. El desmoronamiento del pavimento disminuye la tracci\u00f3n de la superficie, y el asfalto suelto puede da\u00f1ar los bajos del veh\u00edculo. Mediante los servicios de reparaci\u00f3n de grietas, evitar\u00e1 que el asfalto se deteriore hasta el punto de desmoronarse, garantizando unas condiciones de conducci\u00f3n seguras para sus carreteras.<\/li>\n<\/ul>\n<\/li>\n<li><strong>Mayor ahorro de costes<\/strong>\n<ul>\n<li>De los servicios adicionales de pavimentaci\u00f3n de asfalto que ofrece su empresa, la reparaci\u00f3n de grietas es probablemente el m\u00e1s asequible. Todo lo que se necesita para la reparaci\u00f3n de grietas es el equipo adecuado (suministrado por Etnyre), sellador de asfalto y algunos operarios. La mano de obra y los materiales m\u00ednimos necesarios para la reparaci\u00f3n de grietas mantienen bajos los costes de la empresa. A su vez, el ahorro de costes de los contratistas puede dar lugar a servicios de reparaci\u00f3n asequibles para los clientes.<\/li>\n<\/ul>\n<\/li>\n<\/ul>\n<h3>\u00bfQu\u00e9 caracter\u00edsticas tiene el sellador de grietas Etnyre?<\/h3>\n<p>Producir las mejores selladoras de grietas significa equipar nuestras m\u00e1quinas con las mejores caracter\u00edsticas. Por ejemplo, los sistemas de calefacci\u00f3n y circulaci\u00f3n de nuestros remolques de sellado de grietas son inigualables, lo que garantiza un menor tiempo de inactividad entre trabajos y una mayor velocidad de producci\u00f3n para los operarios de las m\u00e1quinas. Entre las caracter\u00edsticas adicionales de nuestros <a href=\"https:\/\/etnyre.com\/crack-sealers\/\">selladores de grietas<\/a> se incluyen:<\/p>\n<ul class=\"col-2\">\n<li>Sistema de calefacci\u00f3n de aceite caliente de circuito cerrado y con control de caudal<\/li>\n<li>Controles vers\u00e1tiles que permiten el funcionamiento autom\u00e1tico o manual<\/li>\n<li>Dos puertas de carga de sellantes para facilitar el acceso<\/li>\n<li>Capacidad del dep\u00f3sito de sellante de 250 \u00f3 400 galones<\/li>\n<li>Sistema ecol\u00f3gico sin descarga<\/li>\n<li>Quemador cerrado de gas\u00f3leo de alta presi\u00f3n con encendido autom\u00e1tico<\/li>\n<\/ul>\n<div class=\"left-img\"><img loading=\"lazy\" decoding=\"async\" class=\"alignnone\" src=\"https:\/\/etnyre.com\/wp-content\/uploads\/2023\/02\/black-asphalt-floor-background-with-crack.jpg\" alt=\"Pavimento agrietado que necesita reparaci\u00f3n por los mejores selladores de grietas\" width=\"500\" height=\"350\" title=\"\"><\/div>\n<h3>Hable con nuestro equipo<\/h3>\n<p>Su empresa necesita los mejores selladores de grietas para ofrecer los mejores servicios de reparaci\u00f3n de grietas. Y para los mejores selladores de grietas en la industria de pavimentaci\u00f3n de asfalto, no busque m\u00e1s que Etnyre. Para obtener m\u00e1s informaci\u00f3n sobre nuestros equipos de asfalto y otros productos de mantenimiento de carreteras, p\u00f3ngase en contacto con nosotros hoy mismo en el <a href=\"tel:8157322116\">815-732-2116<\/a>. Estamos ubicados en 1333 Daysville Rd, Oregon, IL 61061. Etnyre tiene su sede en Illinois y atiende a clientes de todo Estados Unidos.<\/p>\n","protected":false},"excerpt":{"rendered":"<p>Ofrezca reparaciones de grietas de alta calidad con los mejores selladores de grietas Las condiciones de las calzadas de nuestras ciudades son esenciales para el funcionamiento del sistema de infraestructuras de nuestro pa\u00eds. Por ello, el mantenimiento y la reparaci\u00f3n de los lotes de asfalto y las carreteras garantizan la seguridad de los conductores, la &hellip; <a href=\"https:\/\/etnyre.com\/es\/los-mejores-selladores-de-grietas\/\" class=\"more-link\">Continue reading <span class=\"screen-reader-text\">Los mejores selladores de grietas<\/span><\/a><\/p>\n","protected":false},"author":1,"featured_media":6827,"parent":0,"menu_order":0,"comment_status":"closed","ping_status":"closed","template":"","meta":{"_acf_changed":false,"footnotes":""},"class_list":["post-6829","page","type-page","status-publish","has-post-thumbnail","hentry"],"acf":[],"_links":{"self":[{"href":"https:\/\/etnyre.com\/es\/wp-json\/wp\/v2\/pages\/6829","targetHints":{"allow":["GET"]}}],"collection":[{"href":"https:\/\/etnyre.com\/es\/wp-json\/wp\/v2\/pages"}],"about":[{"href":"https:\/\/etnyre.com\/es\/wp-json\/wp\/v2\/types\/page"}],"author":[{"embeddable":true,"href":"https:\/\/etnyre.com\/es\/wp-json\/wp\/v2\/users\/1"}],"replies":[{"embeddable":true,"href":"https:\/\/etnyre.com\/es\/wp-json\/wp\/v2\/comments?post=6829"}],"version-history":[{"count":2,"href":"https:\/\/etnyre.com\/es\/wp-json\/wp\/v2\/pages\/6829\/revisions"}],"predecessor-version":[{"id":7026,"href":"https:\/\/etnyre.com\/es\/wp-json\/wp\/v2\/pages\/6829\/revisions\/7026"}],"wp:featuredmedia":[{"embeddable":true,"href":"https:\/\/etnyre.com\/es\/wp-json\/wp\/v2\/media\/6827"}],"wp:attachment":[{"href":"https:\/\/etnyre.com\/es\/wp-json\/wp\/v2\/media?parent=6829"}],"curies":[{"name":"wp","href":"https:\/\/api.w.org\/{rel}","templated":true}]}}