{"id":6836,"date":"2023-02-21T09:32:06","date_gmt":"2023-02-21T09:32:06","guid":{"rendered":"https:\/\/etnyre.com\/las-mejores-maquinas-de-asfalto\/"},"modified":"2023-03-30T11:05:25","modified_gmt":"2023-03-30T11:05:25","slug":"las-mejores-maquinas-de-asfalto","status":"publish","type":"page","link":"https:\/\/etnyre.com\/es\/las-mejores-maquinas-de-asfalto\/","title":{"rendered":"Las mejores m\u00e1quinas de asfalto"},"content":{"rendered":"<h3>Simplifique la pavimentaci\u00f3n de asfalto con las mejores m\u00e1quinas asfaltadoras<\/h3>\n<p>\u00bfPuede su empresa de asfalto satisfacer las demandas de sus clientes? \u00bfSu equipo se aver\u00eda constantemente y requiere reparaciones? \u00bfNo ofrece la misma calidad de servicio que otros contratistas locales? \u00bfPor qu\u00e9 no considerar una actualizaci\u00f3n de su equipo de mantenimiento de carreteras? Puede ofrecer servicios de pavimentaci\u00f3n de asfalto r\u00e1pidos, eficaces y de alta calidad con el equipo de asfalto adecuado. Afortunadamente, las mejores <a href=\"https:\/\/etnyre.com\/asphalt-machines\/\">m\u00e1quinas de asfalto<\/a> est\u00e1n f\u00e1cilmente disponibles con E.D. Etnyre &amp; Co.<\/p>\n<h3>\u00bfQu\u00e9 son las m\u00e1quinas asfaltadoras de Etnyre?<\/h3>\n<p>Desde la reparaci\u00f3n hasta la repavimentaci\u00f3n y el transporte, la l\u00ednea de maquinaria de primera categor\u00eda de Etnyre satisface y supera las necesidades de los contratistas de asfalto y sus clientes. Su empresa estar\u00e1 preparada de por vida con la incorporaci\u00f3n de los distribuidores, <a href=\"https:\/\/etnyre.com\/best-chip-spreaders\/\">esparcidores de gravilla<\/a>, <a href=\"https:\/\/etnyre.com\/best-crack-sealers\/\">selladores de grietas<\/a>, <a href=\"https:\/\/etnyre.com\/asphalt-trailers\/\">remolques<\/a> y <a href=\"https:\/\/etnyre.com\/asphalt-transport\/\">transportes<\/a> de Etnyre.<\/p>\n<ul>\n<li><strong>Distribuidores de asfalto<\/strong>\n<ul>\n<li>La repavimentaci\u00f3n de asfalto, como el servicio de sellado de virutas, comienza con la aplicaci\u00f3n de asfalto l\u00edquido a la superficie de un pavimento. Necesita distribuidores de asfalto que le garanticen que no desperdiciar\u00e1 incontables horas y mucha mano de obra aplicando asfalto l\u00edquido a una calzada. Los distribuidores de asfalto Black-Topper de Etnyre utilizan controles precisos, barras de pulverizaci\u00f3n ajustables y dep\u00f3sitos de gran capacidad para producir capas uniformemente pulverizadas de asfalto l\u00edquido sobre cualquier superficie.<\/li>\n<\/ul>\n<\/li>\n<li><strong>Esparcidores de virutas<\/strong>\n<ul>\n<li>Despu\u00e9s de rociar asfalto l\u00edquido, el siguiente paso en el <a href=\"https:\/\/etnyre.com\/chip-seal-paving\/\">proceso de sellado de virutas<\/a> es esparcir virutas de asfalto. Este paso s\u00f3lo puede realizarse con el uso de los ChipSpreaders de Etnyre. Con nuestros esparcidores de gravilla, los operadores pueden controlar el tama\u00f1o de la gravilla, el caudal de aplicaci\u00f3n, la velocidad de esparcimiento y otras caracter\u00edsticas que ajustan la calidad de su servicio de sellado de gravilla.<\/li>\n<\/ul>\n<\/li>\n<li><strong>Selladores de grietas<\/strong>\n<ul>\n<li>Antes de repavimentar o sustituir el pavimento, sus calzadas de asfalto se pueden mantener utilizando remolques de sellado de grietas. Etnyre fabrica selladoras de grietas que utilizan sistemas de arranque r\u00e1pido para el calentamiento y la circulaci\u00f3n. Esto permite que nuestras selladoras de grietas funcionen con mayor rapidez y eficacia que las m\u00e1quinas de nuestros competidores. Adem\u00e1s, nuestras selladoras de grietas son duraderas, requieren poco mantenimiento y son f\u00e1ciles de manejar, lo que reduce los costes operativos de los propietarios.<\/li>\n<\/ul>\n<\/li>\n<li><strong>Fondos Vivos, Lowboys y Transportes de Asfalto<\/strong>\n<ul>\n<li>Ahora que dispone de las m\u00e1quinas y los materiales necesarios para realizar servicios de asfaltado de alta calidad, \u00bfc\u00f3mo lo llevar\u00e1 todo al lugar de trabajo? Afortunadamente, Etnyre le tiene cubierto: nuestros remolques de fondo vivo, lowboys y transportes de asfalto son los mejores de la industria del asfalto. Las plataformas bajas permiten transportar con seguridad m\u00e1quinas y equipos de gran tama\u00f1o. Por el contrario, los fondos vivos y los transportes de asfalto se utilizan mejor para transportar materias primas (asfalto l\u00edquido, agregados asf\u00e1lticos, etc.).<\/li>\n<\/ul>\n<\/li>\n<\/ul>\n<div class=\"left-img\"><img loading=\"lazy\" decoding=\"async\" class=\"alignnone\" src=\"https:\/\/etnyre.com\/wp-content\/uploads\/2023\/02\/Best-Asphalt-Machines-seo.jpg\" alt=\"Un distribuidor de Etnyre, una de sus mejores asfaltadoras\" width=\"500\" height=\"350\" title=\"\"><\/div>\n<h3>\u00bfLe interesan las mejores m\u00e1quinas asfaltadoras? \u00a1Llama a Etnyre!<\/h3>\n<p>En ning\u00fan lugar puede encontrar equipos de pavimentaci\u00f3n de asfalto de mayor calidad y m\u00e1s duraderos que con los expertos en mantenimiento de carreteras de E.D. Etnyre &amp; Co. Si desea invertir en las mejores m\u00e1quinas de asfalto para su negocio, llame hoy a Etnyre al <a href=\"tel:8157322116\">815-732-2116<\/a> para solicitar un presupuesto. Estamos ubicados en 1333 Daysville Rd, Oregon, IL 61061. Etnyre tiene su sede en Illinois y atiende a clientes de todo Estados Unidos.<\/p>\n","protected":false},"excerpt":{"rendered":"<p>Simplifique la pavimentaci\u00f3n de asfalto con las mejores m\u00e1quinas asfaltadoras \u00bfPuede su empresa de asfalto satisfacer las demandas de sus clientes? \u00bfSu equipo se aver\u00eda constantemente y requiere reparaciones? \u00bfNo ofrece la misma calidad de servicio que otros contratistas locales? \u00bfPor qu\u00e9 no considerar una actualizaci\u00f3n de su equipo de mantenimiento de carreteras? Puede ofrecer &hellip; <a href=\"https:\/\/etnyre.com\/es\/las-mejores-maquinas-de-asfalto\/\" class=\"more-link\">Continue reading <span class=\"screen-reader-text\">Las mejores m\u00e1quinas de asfalto<\/span><\/a><\/p>\n","protected":false},"author":1,"featured_media":6834,"parent":0,"menu_order":0,"comment_status":"closed","ping_status":"closed","template":"","meta":{"_acf_changed":false,"footnotes":""},"class_list":["post-6836","page","type-page","status-publish","has-post-thumbnail","hentry"],"acf":[],"_links":{"self":[{"href":"https:\/\/etnyre.com\/es\/wp-json\/wp\/v2\/pages\/6836","targetHints":{"allow":["GET"]}}],"collection":[{"href":"https:\/\/etnyre.com\/es\/wp-json\/wp\/v2\/pages"}],"about":[{"href":"https:\/\/etnyre.com\/es\/wp-json\/wp\/v2\/types\/page"}],"author":[{"embeddable":true,"href":"https:\/\/etnyre.com\/es\/wp-json\/wp\/v2\/users\/1"}],"replies":[{"embeddable":true,"href":"https:\/\/etnyre.com\/es\/wp-json\/wp\/v2\/comments?post=6836"}],"version-history":[{"count":3,"href":"https:\/\/etnyre.com\/es\/wp-json\/wp\/v2\/pages\/6836\/revisions"}],"predecessor-version":[{"id":7027,"href":"https:\/\/etnyre.com\/es\/wp-json\/wp\/v2\/pages\/6836\/revisions\/7027"}],"wp:featuredmedia":[{"embeddable":true,"href":"https:\/\/etnyre.com\/es\/wp-json\/wp\/v2\/media\/6834"}],"wp:attachment":[{"href":"https:\/\/etnyre.com\/es\/wp-json\/wp\/v2\/media?parent=6836"}],"curies":[{"name":"wp","href":"https:\/\/api.w.org\/{rel}","templated":true}]}}